{"id":3496,"date":"2022-12-08T10:40:33","date_gmt":"2022-12-08T10:40:33","guid":{"rendered":"https:\/\/leergeld-lelystad.nl\/ortak\/"},"modified":"2025-02-19T11:11:02","modified_gmt":"2025-02-19T11:11:02","slug":"ortak","status":"publish","type":"page","link":"https:\/\/leergeld-lelystad.nl\/tr\/ortak\/","title":{"rendered":"Ortak"},"content":{"rendered":"<p>[et_pb_section fb_built=&#8221;1&#8243; _builder_version=&#8221;4.19.1&#8243; _module_preset=&#8221;default&#8221; global_colors_info=&#8221;{}&#8221;][et_pb_row column_structure=&#8221;1_4,3_4&#8243; _builder_version=&#8221;4.19.2&#8243; _module_preset=&#8221;default&#8221; custom_margin=&#8221;||||false|false&#8221; custom_padding=&#8221;31px||4px|||&#8221; global_colors_info=&#8221;{}&#8221;][et_pb_column type=&#8221;1_4&#8243; _builder_version=&#8221;4.19.1&#8243; _module_preset=&#8221;default&#8221; global_colors_info=&#8221;{}&#8221;][et_pb_image src=&#8221;https:\/\/leergeld-lelystad.nl\/wp-content\/uploads\/2022\/12\/partner-icon.png&#8221; title_text=&#8221;ortak-ikon&#8221; _builder_version=&#8221;4.19.4&#8243; _module_preset=&#8221;default&#8221; custom_padding=&#8221;0px|||||&#8221; global_colors_info=&#8221;{}&#8221;][\/et_pb_image][\/et_pb_column][et_pb_column type=&#8221;3_4&#8243; _builder_version=&#8221;4.19.2&#8243; _module_preset=&#8221;default&#8221; global_colors_info=&#8221;{}&#8221;][et_pb_text _builder_version=&#8221;4.19.2&#8243; _module_preset=&#8221;default&#8221; custom_margin=&#8221;||2px|||&#8221; global_colors_info=&#8221;{}&#8221;]<\/p>\n<h1>Ortak<\/h1>\n<p>[\/et_pb_text][et_pb_divider color=&#8221;#7CDA24&#8243; divider_weight=&#8221;10px&#8221; _builder_version=&#8221;4.19.2&#8243; _module_preset=&#8221;default&#8221; width=&#8221;30%&#8221; custom_margin=&#8221;||2px|||&#8221; global_colors_info=&#8221;{}&#8221;][\/et_pb_divider][et_pb_text _builder_version=&#8221;4.19.4&#8243; _module_preset=&#8221;default&#8221; text_line_height=&#8221;1.9em&#8221; global_colors_info=&#8221;{}&#8221;]<\/p>\n<p>M\u00fcmk\u00fcn oldu\u011funca \u00e7ok say\u0131da \u00e7ocu\u011fun kat\u0131l\u0131m\u0131n\u0131 sa\u011flamak i\u00e7in Leergeld&#8217;in \u00e7ok fazla deste\u011fe ihtiyac\u0131 var!<br \/>A\u015fa\u011f\u0131daki ortaklara kat\u0131l\u0131n ve Lelystad&#8217;daki \u00e7ocuklar i\u00e7in bir fark yarat\u0131n.<\/p>\n<p><strong><\/strong><\/p>\n<p><strong>Bir \u015firket olarak<\/strong><\/p>\n<p>\u015eirketiniz de sosyal olarak dahil olmay\u0131 seviyor mu? Leergeld Lelystad&#8217;a yapt\u0131\u011f\u0131n\u0131z ba\u011f\u0131\u015fla, kurulu\u015funuz m\u00fcmk\u00fcn oldu\u011funca \u00e7ok \u00e7ocu\u011fun kat\u0131lmas\u0131na yard\u0131mc\u0131 olur! <\/p>\n<p>\u00d6rne\u011fin, bir y\u0131ld\u00f6n\u00fcm\u00fc\/\u015fenlik, personel partisi veya bir etkinlik vesilesiyle.<\/p>\n<p><strong><\/strong><\/p>\n<p><strong>Bir kul\u00fcp veya dernek olarak<\/strong><\/p>\n<p>Kul\u00fcb\u00fcn\u00fcz veya derne\u011finiz harika bir sponsorluk hedefi ar\u0131yorsa, sizden haber almak isteriz!<\/p>\n<p>Kul\u00fcb\u00fcn\u00fcz\u00fcn ve derne\u011finizin eylemi, Leergeld&#8217;in \u00e7al\u0131\u015fmalar\u0131na ve ayn\u0131 zamanda u\u011fruna \u00e7al\u0131\u015ft\u0131\u011f\u0131m\u0131z soruna dikkat \u00e7ekecektir.<\/p>\n<p>&nbsp;<\/p>\n<p>Ne yapabilirsiniz ve ne yapacaks\u0131n\u0131z? L\u00fctfen koordinat\u00f6rle \u015fu adresten ileti\u015fime ge\u00e7in <a href=\"mailto:info@leergeldlelystad.nl\"><em><strong>info@leergeldlelystad.nl<\/strong><\/em><\/a> <\/p>\n<p>[\/et_pb_text][\/et_pb_column][\/et_pb_row][et_pb_row _builder_version=&#8221;4.19.1&#8243; _module_preset=&#8221;default&#8221; custom_padding=&#8221;34px|||||&#8221; global_colors_info=&#8221;{}&#8221;][et_pb_column type=&#8221;4_4&#8243; _builder_version=&#8221;4.19.1&#8243; _module_preset=&#8221;default&#8221; global_colors_info=&#8221;{}&#8221;][et_pb_text _builder_version=&#8221;4.19.2&#8243; _module_preset=&#8221;default&#8221; custom_padding=&#8221;32px|||||&#8221; global_colors_info=&#8221;{}&#8221;]<\/p>\n<h1 style=\"text-align: center;\">Leergeld Lelystad Ortaklar\u0131<\/h1>\n<p>[\/et_pb_text][\/et_pb_column][\/et_pb_row][et_pb_row column_structure=&#8221;1_3,1_3,1_3&#8243; _builder_version=&#8221;4.19.2&#8243; _module_preset=&#8221;default&#8221; global_colors_info=&#8221;{}&#8221;][et_pb_column type=&#8221;1_3&#8243; _builder_version=&#8221;4.19.2&#8243; _module_preset=&#8221;default&#8221; global_colors_info=&#8221;{}&#8221;][et_pb_image src=&#8221;https:\/\/leergeld-lelystad.nl\/wp-content\/uploads\/2022\/12\/Gemeente-Lelystad-logo-1.jpg&#8221; title_text=&#8221;Lelystad Belediyesi logosu&#8221; _builder_version=&#8221;4.27.0&#8243; _module_preset=&#8221;default&#8221; hover_enabled=&#8221;0&#8243; global_colors_info=&#8221;{}&#8221; url=&#8221;https:\/\/www.lelystad.nl\/zorg&#8221; url_new_window=&#8221;on&#8221; sticky_enabled=&#8221;0&#8243;][\/et_pb_image][\/et_pb_column][et_pb_column type=&#8221;1_3&#8243; _builder_version=&#8221;4.19.2&#8243; _module_preset=&#8221;default&#8221; global_colors_info=&#8221;{}&#8221;][et_pb_image src=&#8221;https:\/\/leergeld-lelystad.nl\/wp-content\/uploads\/2022\/12\/De-Groene-Sluis-logo.jpg&#8221; title_text=&#8221;Ye\u015fil Kilit logosu&#8221; _builder_version=&#8221;4.27.0&#8243; _module_preset=&#8221;default&#8221; hover_enabled=&#8221;0&#8243; global_colors_info=&#8221;{}&#8221; url=&#8221;https:\/\/degroenesluis.nl\/&#8221; url_new_window=&#8221;on&#8221; sticky_enabled=&#8221;0&#8243;][\/et_pb_image][\/et_pb_column][et_pb_column type=&#8221;1_3&#8243; _builder_version=&#8221;4.19.2&#8243; _module_preset=&#8221;default&#8221; global_colors_info=&#8221;{}&#8221;][et_pb_image src=&#8221;https:\/\/leergeld-lelystad.nl\/wp-content\/uploads\/2024\/08\/More-MKW.jpg&#8221; title_text=&#8221;Daha fazla-MKW&#8221; _builder_version=&#8221;4.27.0&#8243; _module_preset=&#8221;default&#8221; hover_enabled=&#8221;0&#8243; global_colors_info=&#8221;{}&#8221; url=&#8221;https:\/\/moore-mkw.nl\/contact\/lelystad&#8221; url_new_window=&#8221;on&#8221; sticky_enabled=&#8221;0&#8243; alt=&#8221;MOORE MKW&#8221;][\/et_pb_image][\/et_pb_column][\/et_pb_row][et_pb_row column_structure=&#8221;1_3,1_3,1_3&#8243; _builder_version=&#8221;4.19.2&#8243; _module_preset=&#8221;default&#8221; global_colors_info=&#8221;{}&#8221;][et_pb_column type=&#8221;1_3&#8243; _builder_version=&#8221;4.19.2&#8243; _module_preset=&#8221;default&#8221; global_colors_info=&#8221;{}&#8221;][et_pb_image src=&#8221;https:\/\/leergeld-lelystad.nl\/wp-content\/uploads\/2022\/12\/Provincie-Flevoland-logo-e1670490871620.jpg&#8221; title_text=&#8221;Flevoland Eyaleti logosu&#8221; _builder_version=&#8221;4.27.0&#8243; _module_preset=&#8221;default&#8221; hover_enabled=&#8221;0&#8243; global_colors_info=&#8221;{}&#8221; url=&#8221;https:\/\/www.flevoland.nl\/home&#8221; url_new_window=&#8221;on&#8221; sticky_enabled=&#8221;0&#8243;][\/et_pb_image][\/et_pb_column][et_pb_column type=&#8221;1_3&#8243; _builder_version=&#8221;4.19.2&#8243; _module_preset=&#8221;default&#8221; global_colors_info=&#8221;{}&#8221;][et_pb_image src=&#8221;https:\/\/leergeld-lelystad.nl\/wp-content\/uploads\/2022\/12\/Odd-Fellows-logo-1.jpg&#8221; title_text=&#8221;Odd-Fellows logosu&#8221; _builder_version=&#8221;4.27.0&#8243; _module_preset=&#8221;default&#8221; hover_enabled=&#8221;0&#8243; global_colors_info=&#8221;{}&#8221; url=&#8221;https:\/\/dronten.oddfellows.nl\/&#8221; url_new_window=&#8221;on&#8221; sticky_enabled=&#8221;0&#8243;][\/et_pb_image][\/et_pb_column][et_pb_column type=&#8221;1_3&#8243; _builder_version=&#8221;4.19.2&#8243; _module_preset=&#8221;default&#8221; global_colors_info=&#8221;{}&#8221;][et_pb_image src=&#8221;https:\/\/leergeld-lelystad.nl\/wp-content\/uploads\/2022\/12\/Armoedefonds-logo-1.jpg&#8221; title_text=&#8221;Yoksulluk Fonu logosu&#8221; _builder_version=&#8221;4.27.0&#8243; _module_preset=&#8221;default&#8221; hover_enabled=&#8221;0&#8243; global_colors_info=&#8221;{}&#8221; url=&#8221;https:\/\/www.armoedefonds.nl\/&#8221; url_new_window=&#8221;on&#8221; sticky_enabled=&#8221;0&#8243;][\/et_pb_image][\/et_pb_column][\/et_pb_row][et_pb_row column_structure=&#8221;1_3,1_3,1_3&#8243; _builder_version=&#8221;4.27.0&#8243; _module_preset=&#8221;default&#8221; global_colors_info=&#8221;{}&#8221;][et_pb_column type=&#8221;1_3&#8243; _builder_version=&#8221;4.27.0&#8243; _module_preset=&#8221;default&#8221; global_colors_info=&#8221;{}&#8221;][et_pb_image src=&#8221;https:\/\/leergeld-lelystad.nl\/wp-content\/uploads\/2022\/12\/Hak-Rein-Vos-Notarissen-logo.jpg&#8221; title_text=&#8221;Hak-Rein-Vos-Notarissen logosu&#8221; _builder_version=&#8221;4.27.0&#8243; _module_preset=&#8221;default&#8221; hover_enabled=&#8221;0&#8243; global_colors_info=&#8221;{}&#8221; url=&#8221;https:\/\/netwerknotarissen.nl\/kantoren\/hak-rein-vos-notarissen&#8221; url_new_window=&#8221;on&#8221; sticky_enabled=&#8221;0&#8243;][\/et_pb_image][\/et_pb_column][et_pb_column type=&#8221;1_3&#8243; _builder_version=&#8221;4.27.0&#8243; _module_preset=&#8221;default&#8221; global_colors_info=&#8221;{}&#8221;][et_pb_image src=&#8221;https:\/\/leergeld-lelystad.nl\/wp-content\/uploads\/2022\/12\/Centrada-logo-e1670490887348.jpg&#8221; title_text=&#8221;Centrada logosu&#8221; _builder_version=&#8221;4.27.0&#8243; _module_preset=&#8221;default&#8221; hover_enabled=&#8221;0&#8243; global_colors_info=&#8221;{}&#8221; url=&#8221;https:\/\/www.centrada.nl\/&#8221; url_new_window=&#8221;on&#8221; sticky_enabled=&#8221;0&#8243;][\/et_pb_image][\/et_pb_column][et_pb_column type=&#8221;1_3&#8243; _builder_version=&#8221;4.27.0&#8243; _module_preset=&#8221;default&#8221; global_colors_info=&#8221;{}&#8221;][et_pb_image src=&#8221;https:\/\/leergeld-lelystad.nl\/wp-content\/uploads\/2024\/08\/Hardware.jpg&#8221; alt=&#8221;Donan\u0131m Uzmanlar\u0131&#8221; title_text=&#8221;Donan\u0131m&#8221; url=&#8221;https:\/\/www.hardware-experts.nl\/&#8221; url_new_window=&#8221;on&#8221; _builder_version=&#8221;4.27.0&#8243; _module_preset=&#8221;default&#8221; global_colors_info=&#8221;{}&#8221;][\/et_pb_image][\/et_pb_column][\/et_pb_row][\/et_pb_section]<\/p>\n","protected":false},"excerpt":{"rendered":"<p>OrtakM\u00fcmk\u00fcn oldu\u011funca \u00e7ok say\u0131da \u00e7ocu\u011fun kat\u0131l\u0131m\u0131n\u0131 sa\u011flamak i\u00e7in Leergeld&#8217;in \u00e7ok fazla deste\u011fe ihtiyac\u0131 var!A\u015fa\u011f\u0131daki ortaklara kat\u0131l\u0131n ve Lelystad&#8217;daki \u00e7ocuklar i\u00e7in bir fark yarat\u0131n. Bir \u015firket olarak \u015eirketiniz de sosyal olarak dahil olmay\u0131 seviyor mu? Leergeld Lelystad&#8217;a yapt\u0131\u011f\u0131n\u0131z ba\u011f\u0131\u015fla, kurulu\u015funuz m\u00fcmk\u00fcn oldu\u011funca \u00e7ok \u00e7ocu\u011fun kat\u0131lmas\u0131na yard\u0131mc\u0131 olur! \u00d6rne\u011fin, bir y\u0131ld\u00f6n\u00fcm\u00fc\/\u015fenlik, personel partisi veya bir etkinlik vesilesiyle. [&hellip;]<\/p>\n","protected":false},"author":1,"featured_media":0,"parent":0,"menu_order":0,"comment_status":"closed","ping_status":"closed","template":"","meta":{"_et_pb_use_builder":"on","_et_pb_old_content":"","_et_gb_content_width":"","footnotes":""},"class_list":["post-3496","page","type-page","status-publish","hentry"],"yoast_head":"<!-- This site is optimized with the Yoast SEO plugin v27.4 - https:\/\/yoast.com\/product\/yoast-seo-wordpress\/ -->\n<title>Ortak - Leergeld Lelystad<\/title>\n<meta name=\"description\" content=\"Siz de Leergeld Lelystad&#039;\u0131n bir orta\u011f\u0131 olun. M\u00fcmk\u00fcn oldu\u011funca \u00e7ok say\u0131da \u00e7ocu\u011fun kat\u0131l\u0131m\u0131n\u0131 sa\u011flamak i\u00e7in Leergeld&#039;in \u00e7ok fazla deste\u011fe ihtiyac\u0131 var!\" \/>\n<meta name=\"robots\" content=\"index, follow, max-snippet:-1, max-image-preview:large, max-video-preview:-1\" \/>\n<link rel=\"canonical\" href=\"https:\/\/leergeld-lelystad.nl\/tr\/ortak\/\" \/>\n<meta property=\"og:locale\" content=\"tr_TR\" \/>\n<meta property=\"og:type\" content=\"article\" \/>\n<meta property=\"og:title\" content=\"Ortak - Leergeld Lelystad\" \/>\n<meta property=\"og:description\" content=\"Siz de Leergeld Lelystad&#039;\u0131n bir orta\u011f\u0131 olun. M\u00fcmk\u00fcn oldu\u011funca \u00e7ok say\u0131da \u00e7ocu\u011fun kat\u0131l\u0131m\u0131n\u0131 sa\u011flamak i\u00e7in Leergeld&#039;in \u00e7ok fazla deste\u011fe ihtiyac\u0131 var!\" \/>\n<meta property=\"og:url\" content=\"https:\/\/leergeld-lelystad.nl\/tr\/ortak\/\" \/>\n<meta property=\"og:site_name\" content=\"Leergeld Lelystad\" \/>\n<meta property=\"article:modified_time\" content=\"2025-02-19T11:11:02+00:00\" \/>\n<meta name=\"twitter:card\" content=\"summary_large_image\" \/>\n<meta name=\"twitter:label1\" content=\"Tahmini okuma s\u00fcresi\" \/>\n\t<meta name=\"twitter:data1\" content=\"5 dakika\" \/>\n<script type=\"application\/ld+json\" class=\"yoast-schema-graph\">{\"@context\":\"https:\\\/\\\/schema.org\",\"@graph\":[{\"@type\":\"WebPage\",\"@id\":\"https:\\\/\\\/leergeld-lelystad.nl\\\/tr\\\/ortak\\\/\",\"url\":\"https:\\\/\\\/leergeld-lelystad.nl\\\/tr\\\/ortak\\\/\",\"name\":\"Ortak - Leergeld Lelystad\",\"isPartOf\":{\"@id\":\"https:\\\/\\\/leergeld-lelystad.nl\\\/tr\\\/#website\"},\"datePublished\":\"2022-12-08T10:40:33+00:00\",\"dateModified\":\"2025-02-19T11:11:02+00:00\",\"description\":\"Siz de Leergeld Lelystad'\u0131n bir orta\u011f\u0131 olun. M\u00fcmk\u00fcn oldu\u011funca \u00e7ok say\u0131da \u00e7ocu\u011fun kat\u0131l\u0131m\u0131n\u0131 sa\u011flamak i\u00e7in Leergeld'in \u00e7ok fazla deste\u011fe ihtiyac\u0131 var!\",\"breadcrumb\":{\"@id\":\"https:\\\/\\\/leergeld-lelystad.nl\\\/tr\\\/ortak\\\/#breadcrumb\"},\"inLanguage\":\"tr\",\"potentialAction\":[{\"@type\":\"ReadAction\",\"target\":[\"https:\\\/\\\/leergeld-lelystad.nl\\\/tr\\\/ortak\\\/\"]}]},{\"@type\":\"BreadcrumbList\",\"@id\":\"https:\\\/\\\/leergeld-lelystad.nl\\\/tr\\\/ortak\\\/#breadcrumb\",\"itemListElement\":[{\"@type\":\"ListItem\",\"position\":1,\"name\":\"Home\",\"item\":\"https:\\\/\\\/leergeld-lelystad.nl\\\/tr\\\/\"},{\"@type\":\"ListItem\",\"position\":2,\"name\":\"Ortak\"}]},{\"@type\":\"WebSite\",\"@id\":\"https:\\\/\\\/leergeld-lelystad.nl\\\/tr\\\/#website\",\"url\":\"https:\\\/\\\/leergeld-lelystad.nl\\\/tr\\\/\",\"name\":\"Leergeld Lelystad\",\"description\":\"Nu meedoen is straks meetellen\",\"publisher\":{\"@id\":\"https:\\\/\\\/leergeld-lelystad.nl\\\/tr\\\/#organization\"},\"potentialAction\":[{\"@type\":\"SearchAction\",\"target\":{\"@type\":\"EntryPoint\",\"urlTemplate\":\"https:\\\/\\\/leergeld-lelystad.nl\\\/tr\\\/?s={search_term_string}\"},\"query-input\":{\"@type\":\"PropertyValueSpecification\",\"valueRequired\":true,\"valueName\":\"search_term_string\"}}],\"inLanguage\":\"tr\"},{\"@type\":\"Organization\",\"@id\":\"https:\\\/\\\/leergeld-lelystad.nl\\\/tr\\\/#organization\",\"name\":\"Stichting Leergeld Lelystad\",\"url\":\"https:\\\/\\\/leergeld-lelystad.nl\\\/tr\\\/\",\"logo\":{\"@type\":\"ImageObject\",\"inLanguage\":\"tr\",\"@id\":\"https:\\\/\\\/leergeld-lelystad.nl\\\/tr\\\/#\\\/schema\\\/logo\\\/image\\\/\",\"url\":\"http:\\\/\\\/leergeld-lelystad.nl\\\/wp-content\\\/uploads\\\/2022\\\/11\\\/Leergeld-Lelystad-logo.png\",\"contentUrl\":\"http:\\\/\\\/leergeld-lelystad.nl\\\/wp-content\\\/uploads\\\/2022\\\/11\\\/Leergeld-Lelystad-logo.png\",\"width\":300,\"height\":300,\"caption\":\"Stichting Leergeld Lelystad\"},\"image\":{\"@id\":\"https:\\\/\\\/leergeld-lelystad.nl\\\/tr\\\/#\\\/schema\\\/logo\\\/image\\\/\"}}]}<\/script>\n<!-- \/ Yoast SEO plugin. -->","yoast_head_json":{"title":"Ortak - Leergeld Lelystad","description":"Siz de Leergeld Lelystad'\u0131n bir orta\u011f\u0131 olun. M\u00fcmk\u00fcn oldu\u011funca \u00e7ok say\u0131da \u00e7ocu\u011fun kat\u0131l\u0131m\u0131n\u0131 sa\u011flamak i\u00e7in Leergeld'in \u00e7ok fazla deste\u011fe ihtiyac\u0131 var!","robots":{"index":"index","follow":"follow","max-snippet":"max-snippet:-1","max-image-preview":"max-image-preview:large","max-video-preview":"max-video-preview:-1"},"canonical":"https:\/\/leergeld-lelystad.nl\/tr\/ortak\/","og_locale":"tr_TR","og_type":"article","og_title":"Ortak - Leergeld Lelystad","og_description":"Siz de Leergeld Lelystad'\u0131n bir orta\u011f\u0131 olun. M\u00fcmk\u00fcn oldu\u011funca \u00e7ok say\u0131da \u00e7ocu\u011fun kat\u0131l\u0131m\u0131n\u0131 sa\u011flamak i\u00e7in Leergeld'in \u00e7ok fazla deste\u011fe ihtiyac\u0131 var!","og_url":"https:\/\/leergeld-lelystad.nl\/tr\/ortak\/","og_site_name":"Leergeld Lelystad","article_modified_time":"2025-02-19T11:11:02+00:00","twitter_card":"summary_large_image","twitter_misc":{"Tahmini okuma s\u00fcresi":"5 dakika"},"schema":{"@context":"https:\/\/schema.org","@graph":[{"@type":"WebPage","@id":"https:\/\/leergeld-lelystad.nl\/tr\/ortak\/","url":"https:\/\/leergeld-lelystad.nl\/tr\/ortak\/","name":"Ortak - Leergeld Lelystad","isPartOf":{"@id":"https:\/\/leergeld-lelystad.nl\/tr\/#website"},"datePublished":"2022-12-08T10:40:33+00:00","dateModified":"2025-02-19T11:11:02+00:00","description":"Siz de Leergeld Lelystad'\u0131n bir orta\u011f\u0131 olun. M\u00fcmk\u00fcn oldu\u011funca \u00e7ok say\u0131da \u00e7ocu\u011fun kat\u0131l\u0131m\u0131n\u0131 sa\u011flamak i\u00e7in Leergeld'in \u00e7ok fazla deste\u011fe ihtiyac\u0131 var!","breadcrumb":{"@id":"https:\/\/leergeld-lelystad.nl\/tr\/ortak\/#breadcrumb"},"inLanguage":"tr","potentialAction":[{"@type":"ReadAction","target":["https:\/\/leergeld-lelystad.nl\/tr\/ortak\/"]}]},{"@type":"BreadcrumbList","@id":"https:\/\/leergeld-lelystad.nl\/tr\/ortak\/#breadcrumb","itemListElement":[{"@type":"ListItem","position":1,"name":"Home","item":"https:\/\/leergeld-lelystad.nl\/tr\/"},{"@type":"ListItem","position":2,"name":"Ortak"}]},{"@type":"WebSite","@id":"https:\/\/leergeld-lelystad.nl\/tr\/#website","url":"https:\/\/leergeld-lelystad.nl\/tr\/","name":"Leergeld Lelystad","description":"Nu meedoen is straks meetellen","publisher":{"@id":"https:\/\/leergeld-lelystad.nl\/tr\/#organization"},"potentialAction":[{"@type":"SearchAction","target":{"@type":"EntryPoint","urlTemplate":"https:\/\/leergeld-lelystad.nl\/tr\/?s={search_term_string}"},"query-input":{"@type":"PropertyValueSpecification","valueRequired":true,"valueName":"search_term_string"}}],"inLanguage":"tr"},{"@type":"Organization","@id":"https:\/\/leergeld-lelystad.nl\/tr\/#organization","name":"Stichting Leergeld Lelystad","url":"https:\/\/leergeld-lelystad.nl\/tr\/","logo":{"@type":"ImageObject","inLanguage":"tr","@id":"https:\/\/leergeld-lelystad.nl\/tr\/#\/schema\/logo\/image\/","url":"http:\/\/leergeld-lelystad.nl\/wp-content\/uploads\/2022\/11\/Leergeld-Lelystad-logo.png","contentUrl":"http:\/\/leergeld-lelystad.nl\/wp-content\/uploads\/2022\/11\/Leergeld-Lelystad-logo.png","width":300,"height":300,"caption":"Stichting Leergeld Lelystad"},"image":{"@id":"https:\/\/leergeld-lelystad.nl\/tr\/#\/schema\/logo\/image\/"}}]}},"_links":{"self":[{"href":"https:\/\/leergeld-lelystad.nl\/tr\/wp-json\/wp\/v2\/pages\/3496","targetHints":{"allow":["GET"]}}],"collection":[{"href":"https:\/\/leergeld-lelystad.nl\/tr\/wp-json\/wp\/v2\/pages"}],"about":[{"href":"https:\/\/leergeld-lelystad.nl\/tr\/wp-json\/wp\/v2\/types\/page"}],"author":[{"embeddable":true,"href":"https:\/\/leergeld-lelystad.nl\/tr\/wp-json\/wp\/v2\/users\/1"}],"replies":[{"embeddable":true,"href":"https:\/\/leergeld-lelystad.nl\/tr\/wp-json\/wp\/v2\/comments?post=3496"}],"version-history":[{"count":1,"href":"https:\/\/leergeld-lelystad.nl\/tr\/wp-json\/wp\/v2\/pages\/3496\/revisions"}],"predecessor-version":[{"id":3506,"href":"https:\/\/leergeld-lelystad.nl\/tr\/wp-json\/wp\/v2\/pages\/3496\/revisions\/3506"}],"wp:attachment":[{"href":"https:\/\/leergeld-lelystad.nl\/tr\/wp-json\/wp\/v2\/media?parent=3496"}],"curies":[{"name":"wp","href":"https:\/\/api.w.org\/{rel}","templated":true}]}}