{"id":3448,"date":"2022-12-08T10:35:34","date_gmt":"2022-12-08T10:35:34","guid":{"rendered":"https:\/\/leergeld-lelystad.nl\/gonullu\/"},"modified":"2025-02-19T11:11:00","modified_gmt":"2025-02-19T11:11:00","slug":"gonullu","status":"publish","type":"page","link":"https:\/\/leergeld-lelystad.nl\/tr\/gonullu\/","title":{"rendered":"G\u00f6n\u00fcll\u00fc"},"content":{"rendered":"<p>[et_pb_section fb_built=&#8221;1&#8243; _builder_version=&#8221;4.19.1&#8243; _module_preset=&#8221;default&#8221; global_colors_info=&#8221;{}&#8221;][et_pb_row column_structure=&#8221;1_4,3_4&#8243; _builder_version=&#8221;4.19.2&#8243; _module_preset=&#8221;default&#8221; custom_margin=&#8221;||||false|false&#8221; custom_padding=&#8221;29px|||||&#8221; global_colors_info=&#8221;{}&#8221;][et_pb_column type=&#8221;1_4&#8243; _builder_version=&#8221;4.19.1&#8243; _module_preset=&#8221;default&#8221; global_colors_info=&#8221;{}&#8221;][et_pb_image src=&#8221;https:\/\/leergeld-lelystad.nl\/wp-content\/uploads\/2022\/12\/vrijwilliger-icon.png&#8221; title_text=&#8221;g\u00f6n\u00fcll\u00fc simgesi&#8221; _builder_version=&#8221;4.19.4&#8243; _module_preset=&#8221;default&#8221; custom_padding=&#8221;0px|||||&#8221; global_colors_info=&#8221;{}&#8221;][\/et_pb_image][\/et_pb_column][et_pb_column type=&#8221;3_4&#8243; _builder_version=&#8221;4.19.1&#8243; _module_preset=&#8221;default&#8221; global_colors_info=&#8221;{}&#8221;][et_pb_text _builder_version=&#8221;4.19.2&#8243; _module_preset=&#8221;default&#8221; custom_margin=&#8221;||1px|||&#8221; custom_padding=&#8221;6px|||||&#8221; global_colors_info=&#8221;{}&#8221;]<\/p>\n<h1>G\u00f6n\u00fcll\u00fc<\/h1>\n<p>[\/et_pb_text][et_pb_divider color=&#8221;#11A0C4&#8243; divider_weight=&#8221;10px&#8221; _builder_version=&#8221;4.19.2&#8243; _module_preset=&#8221;default&#8221; width=&#8221;30%&#8221; custom_margin=&#8221;||2px|||&#8221; global_colors_info=&#8221;{}&#8221;][\/et_pb_divider][et_pb_text _builder_version=&#8221;4.24.0&#8243; _module_preset=&#8221;default&#8221; text_line_height=&#8221;1.9em&#8221; hover_enabled=&#8221;0&#8243; global_colors_info=&#8221;{}&#8221; sticky_enabled=&#8221;0&#8243;]<strong>\u0130\u015f arkada\u015f\u0131 veya g\u00f6n\u00fcll\u00fc m\u00fc oluyorsunuz?<\/strong><br \/>\nParas\u0131zl\u0131\u011f\u0131n \u00e7ocuklar\u0131 etkinliklerden d\u0131\u015flamak i\u00e7in bir neden olmamas\u0131 gerekti\u011fi konusunda hemfikirseniz, Leergeld sizin i\u00e7in do\u011fru yer! Bizimle, \u00e7ocuklar\u0131n kat\u0131l\u0131m\u0131n\u0131 sa\u011flayabilirsiniz!<br \/>\nLeergeld&#8217;e farkl\u0131 \u015fekillerde kat\u0131labilirsiniz.<\/p>\n<p><strong><\/strong>\u0130lgilenen taraflar yorum g\u00f6nderebilir: <a href=\"mailto:info@leergeld-lelystad.nl\"><em><strong>info@leergeld-lelystad.nl<\/strong><\/em><\/a>[\/et_pb_text][\/et_pb_column][\/et_pb_row][\/et_pb_section]<\/p>\n","protected":false},"excerpt":{"rendered":"<p>G\u00f6n\u00fcll\u00fc\u0130\u015f arkada\u015f\u0131 veya g\u00f6n\u00fcll\u00fc m\u00fc oluyorsunuz? Paras\u0131zl\u0131\u011f\u0131n \u00e7ocuklar\u0131 etkinliklerden d\u0131\u015flamak i\u00e7in bir neden olmamas\u0131 gerekti\u011fi konusunda hemfikirseniz, Leergeld sizin i\u00e7in do\u011fru yer! Bizimle, \u00e7ocuklar\u0131n kat\u0131l\u0131m\u0131n\u0131 sa\u011flayabilirsiniz! Leergeld&#8217;e farkl\u0131 \u015fekillerde kat\u0131labilirsiniz. \u0130lgilenen taraflar yorum g\u00f6nderebilir: info@leergeld-lelystad.nl<\/p>\n","protected":false},"author":1,"featured_media":0,"parent":0,"menu_order":0,"comment_status":"closed","ping_status":"closed","template":"","meta":{"_et_pb_use_builder":"on","_et_pb_old_content":"","_et_gb_content_width":"","footnotes":""},"class_list":["post-3448","page","type-page","status-publish","hentry"],"yoast_head":"<!-- This site is optimized with the Yoast SEO plugin v27.4 - https:\/\/yoast.com\/product\/yoast-seo-wordpress\/ -->\n<title>G\u00f6n\u00fcll\u00fc - Leergeld Lelystad<\/title>\n<meta name=\"description\" content=\"Ayr\u0131ca Leergeld Lelystad&#039;da g\u00f6n\u00fcll\u00fc olun.\" \/>\n<meta name=\"robots\" content=\"index, follow, max-snippet:-1, max-image-preview:large, max-video-preview:-1\" \/>\n<link rel=\"canonical\" href=\"https:\/\/leergeld-lelystad.nl\/tr\/gonullu\/\" \/>\n<meta property=\"og:locale\" content=\"tr_TR\" \/>\n<meta property=\"og:type\" content=\"article\" \/>\n<meta property=\"og:title\" content=\"G\u00f6n\u00fcll\u00fc - Leergeld Lelystad\" \/>\n<meta property=\"og:description\" content=\"Ayr\u0131ca Leergeld Lelystad&#039;da g\u00f6n\u00fcll\u00fc olun.\" \/>\n<meta property=\"og:url\" content=\"https:\/\/leergeld-lelystad.nl\/tr\/gonullu\/\" \/>\n<meta property=\"og:site_name\" content=\"Leergeld Lelystad\" \/>\n<meta property=\"article:modified_time\" content=\"2025-02-19T11:11:00+00:00\" \/>\n<meta name=\"twitter:card\" content=\"summary_large_image\" \/>\n<meta name=\"twitter:label1\" content=\"Tahmini okuma s\u00fcresi\" \/>\n\t<meta name=\"twitter:data1\" content=\"1 dakika\" \/>\n<script type=\"application\/ld+json\" class=\"yoast-schema-graph\">{\"@context\":\"https:\\\/\\\/schema.org\",\"@graph\":[{\"@type\":\"WebPage\",\"@id\":\"https:\\\/\\\/leergeld-lelystad.nl\\\/tr\\\/gonullu\\\/\",\"url\":\"https:\\\/\\\/leergeld-lelystad.nl\\\/tr\\\/gonullu\\\/\",\"name\":\"G\u00f6n\u00fcll\u00fc - Leergeld Lelystad\",\"isPartOf\":{\"@id\":\"https:\\\/\\\/leergeld-lelystad.nl\\\/tr\\\/#website\"},\"datePublished\":\"2022-12-08T10:35:34+00:00\",\"dateModified\":\"2025-02-19T11:11:00+00:00\",\"description\":\"Ayr\u0131ca Leergeld Lelystad'da g\u00f6n\u00fcll\u00fc olun.\",\"breadcrumb\":{\"@id\":\"https:\\\/\\\/leergeld-lelystad.nl\\\/tr\\\/gonullu\\\/#breadcrumb\"},\"inLanguage\":\"tr\",\"potentialAction\":[{\"@type\":\"ReadAction\",\"target\":[\"https:\\\/\\\/leergeld-lelystad.nl\\\/tr\\\/gonullu\\\/\"]}]},{\"@type\":\"BreadcrumbList\",\"@id\":\"https:\\\/\\\/leergeld-lelystad.nl\\\/tr\\\/gonullu\\\/#breadcrumb\",\"itemListElement\":[{\"@type\":\"ListItem\",\"position\":1,\"name\":\"Home\",\"item\":\"https:\\\/\\\/leergeld-lelystad.nl\\\/tr\\\/\"},{\"@type\":\"ListItem\",\"position\":2,\"name\":\"G\u00f6n\u00fcll\u00fc\"}]},{\"@type\":\"WebSite\",\"@id\":\"https:\\\/\\\/leergeld-lelystad.nl\\\/tr\\\/#website\",\"url\":\"https:\\\/\\\/leergeld-lelystad.nl\\\/tr\\\/\",\"name\":\"Leergeld Lelystad\",\"description\":\"Nu meedoen is straks meetellen\",\"publisher\":{\"@id\":\"https:\\\/\\\/leergeld-lelystad.nl\\\/tr\\\/#organization\"},\"potentialAction\":[{\"@type\":\"SearchAction\",\"target\":{\"@type\":\"EntryPoint\",\"urlTemplate\":\"https:\\\/\\\/leergeld-lelystad.nl\\\/tr\\\/?s={search_term_string}\"},\"query-input\":{\"@type\":\"PropertyValueSpecification\",\"valueRequired\":true,\"valueName\":\"search_term_string\"}}],\"inLanguage\":\"tr\"},{\"@type\":\"Organization\",\"@id\":\"https:\\\/\\\/leergeld-lelystad.nl\\\/tr\\\/#organization\",\"name\":\"Stichting Leergeld Lelystad\",\"url\":\"https:\\\/\\\/leergeld-lelystad.nl\\\/tr\\\/\",\"logo\":{\"@type\":\"ImageObject\",\"inLanguage\":\"tr\",\"@id\":\"https:\\\/\\\/leergeld-lelystad.nl\\\/tr\\\/#\\\/schema\\\/logo\\\/image\\\/\",\"url\":\"http:\\\/\\\/leergeld-lelystad.nl\\\/wp-content\\\/uploads\\\/2022\\\/11\\\/Leergeld-Lelystad-logo.png\",\"contentUrl\":\"http:\\\/\\\/leergeld-lelystad.nl\\\/wp-content\\\/uploads\\\/2022\\\/11\\\/Leergeld-Lelystad-logo.png\",\"width\":300,\"height\":300,\"caption\":\"Stichting Leergeld Lelystad\"},\"image\":{\"@id\":\"https:\\\/\\\/leergeld-lelystad.nl\\\/tr\\\/#\\\/schema\\\/logo\\\/image\\\/\"}}]}<\/script>\n<!-- \/ Yoast SEO plugin. -->","yoast_head_json":{"title":"G\u00f6n\u00fcll\u00fc - Leergeld Lelystad","description":"Ayr\u0131ca Leergeld Lelystad'da g\u00f6n\u00fcll\u00fc olun.","robots":{"index":"index","follow":"follow","max-snippet":"max-snippet:-1","max-image-preview":"max-image-preview:large","max-video-preview":"max-video-preview:-1"},"canonical":"https:\/\/leergeld-lelystad.nl\/tr\/gonullu\/","og_locale":"tr_TR","og_type":"article","og_title":"G\u00f6n\u00fcll\u00fc - Leergeld Lelystad","og_description":"Ayr\u0131ca Leergeld Lelystad'da g\u00f6n\u00fcll\u00fc olun.","og_url":"https:\/\/leergeld-lelystad.nl\/tr\/gonullu\/","og_site_name":"Leergeld Lelystad","article_modified_time":"2025-02-19T11:11:00+00:00","twitter_card":"summary_large_image","twitter_misc":{"Tahmini okuma s\u00fcresi":"1 dakika"},"schema":{"@context":"https:\/\/schema.org","@graph":[{"@type":"WebPage","@id":"https:\/\/leergeld-lelystad.nl\/tr\/gonullu\/","url":"https:\/\/leergeld-lelystad.nl\/tr\/gonullu\/","name":"G\u00f6n\u00fcll\u00fc - Leergeld Lelystad","isPartOf":{"@id":"https:\/\/leergeld-lelystad.nl\/tr\/#website"},"datePublished":"2022-12-08T10:35:34+00:00","dateModified":"2025-02-19T11:11:00+00:00","description":"Ayr\u0131ca Leergeld Lelystad'da g\u00f6n\u00fcll\u00fc olun.","breadcrumb":{"@id":"https:\/\/leergeld-lelystad.nl\/tr\/gonullu\/#breadcrumb"},"inLanguage":"tr","potentialAction":[{"@type":"ReadAction","target":["https:\/\/leergeld-lelystad.nl\/tr\/gonullu\/"]}]},{"@type":"BreadcrumbList","@id":"https:\/\/leergeld-lelystad.nl\/tr\/gonullu\/#breadcrumb","itemListElement":[{"@type":"ListItem","position":1,"name":"Home","item":"https:\/\/leergeld-lelystad.nl\/tr\/"},{"@type":"ListItem","position":2,"name":"G\u00f6n\u00fcll\u00fc"}]},{"@type":"WebSite","@id":"https:\/\/leergeld-lelystad.nl\/tr\/#website","url":"https:\/\/leergeld-lelystad.nl\/tr\/","name":"Leergeld Lelystad","description":"Nu meedoen is straks meetellen","publisher":{"@id":"https:\/\/leergeld-lelystad.nl\/tr\/#organization"},"potentialAction":[{"@type":"SearchAction","target":{"@type":"EntryPoint","urlTemplate":"https:\/\/leergeld-lelystad.nl\/tr\/?s={search_term_string}"},"query-input":{"@type":"PropertyValueSpecification","valueRequired":true,"valueName":"search_term_string"}}],"inLanguage":"tr"},{"@type":"Organization","@id":"https:\/\/leergeld-lelystad.nl\/tr\/#organization","name":"Stichting Leergeld Lelystad","url":"https:\/\/leergeld-lelystad.nl\/tr\/","logo":{"@type":"ImageObject","inLanguage":"tr","@id":"https:\/\/leergeld-lelystad.nl\/tr\/#\/schema\/logo\/image\/","url":"http:\/\/leergeld-lelystad.nl\/wp-content\/uploads\/2022\/11\/Leergeld-Lelystad-logo.png","contentUrl":"http:\/\/leergeld-lelystad.nl\/wp-content\/uploads\/2022\/11\/Leergeld-Lelystad-logo.png","width":300,"height":300,"caption":"Stichting Leergeld Lelystad"},"image":{"@id":"https:\/\/leergeld-lelystad.nl\/tr\/#\/schema\/logo\/image\/"}}]}},"_links":{"self":[{"href":"https:\/\/leergeld-lelystad.nl\/tr\/wp-json\/wp\/v2\/pages\/3448","targetHints":{"allow":["GET"]}}],"collection":[{"href":"https:\/\/leergeld-lelystad.nl\/tr\/wp-json\/wp\/v2\/pages"}],"about":[{"href":"https:\/\/leergeld-lelystad.nl\/tr\/wp-json\/wp\/v2\/types\/page"}],"author":[{"embeddable":true,"href":"https:\/\/leergeld-lelystad.nl\/tr\/wp-json\/wp\/v2\/users\/1"}],"replies":[{"embeddable":true,"href":"https:\/\/leergeld-lelystad.nl\/tr\/wp-json\/wp\/v2\/comments?post=3448"}],"version-history":[{"count":8,"href":"https:\/\/leergeld-lelystad.nl\/tr\/wp-json\/wp\/v2\/pages\/3448\/revisions"}],"predecessor-version":[{"id":3495,"href":"https:\/\/leergeld-lelystad.nl\/tr\/wp-json\/wp\/v2\/pages\/3448\/revisions\/3495"}],"wp:attachment":[{"href":"https:\/\/leergeld-lelystad.nl\/tr\/wp-json\/wp\/v2\/media?parent=3448"}],"curies":[{"name":"wp","href":"https:\/\/api.w.org\/{rel}","templated":true}]}}