{"id":3411,"date":"2022-12-08T10:33:33","date_gmt":"2022-12-08T10:33:33","guid":{"rendered":"https:\/\/leergeld-lelystad.nl\/bagis\/"},"modified":"2026-01-12T10:39:51","modified_gmt":"2026-01-12T10:39:51","slug":"bagis","status":"publish","type":"page","link":"https:\/\/leergeld-lelystad.nl\/tr\/bagis\/","title":{"rendered":"Ba\u011f\u0131\u015f"},"content":{"rendered":"<p>[et_pb_section fb_built=&#8221;1&#8243; _builder_version=&#8221;4.21.0&#8243; _module_preset=&#8221;default&#8221; min_height=&#8221;1000px&#8221; global_colors_info=&#8221;{}&#8221;][et_pb_row column_structure=&#8221;1_4,3_4&#8243; _builder_version=&#8221;4.19.2&#8243; _module_preset=&#8221;default&#8221; custom_margin=&#8221;||||false|false&#8221; custom_padding=&#8221;24px|||||&#8221; global_colors_info=&#8221;{}&#8221;][et_pb_column type=&#8221;1_4&#8243; _builder_version=&#8221;4.19.1&#8243; _module_preset=&#8221;default&#8221; global_colors_info=&#8221;{}&#8221;][et_pb_image src=&#8221;https:\/\/leergeld-lelystad.nl\/wp-content\/uploads\/2022\/12\/donatie-icon.png&#8221; title_text=&#8221;ba\u011f\u0131\u015f simgesi&#8221; _builder_version=&#8221;4.19.3&#8243; _module_preset=&#8221;default&#8221; global_colors_info=&#8221;{}&#8221;][\/et_pb_image][\/et_pb_column][et_pb_column type=&#8221;3_4&#8243; _builder_version=&#8221;4.19.2&#8243; _module_preset=&#8221;default&#8221; global_colors_info=&#8221;{}&#8221;][et_pb_text _builder_version=&#8221;4.19.2&#8243; _module_preset=&#8221;default&#8221; custom_margin=&#8221;||1px|||&#8221; global_colors_info=&#8221;{}&#8221;]<\/p>\n<h1>Ba\u011f\u0131\u015f<\/h1>\n<p>[\/et_pb_text][et_pb_divider color=&#8221;#e28736&#8243; divider_weight=&#8221;10px&#8221; _builder_version=&#8221;4.19.2&#8243; _module_preset=&#8221;default&#8221; width=&#8221;30%&#8221; custom_margin=&#8221;||2px|||&#8221; global_colors_info=&#8221;{}&#8221;][\/et_pb_divider][et_pb_text _builder_version=&#8221;4.19.3&#8243; _module_preset=&#8221;default&#8221; text_line_height=&#8221;1.9em&#8221; global_colors_info=&#8221;{}&#8221;]<\/p>\n<h3>Leergeld&#8217;e yard\u0131m edin!  <\/h3>\n<p>Leergeld, d\u00fc\u015f\u00fck gelirli ailelerin \u00e7ocuklar\u0131na okul gezisi, ba\u015flang\u0131\u00e7 paketi veya diz\u00fcst\u00fc bilgisayar ya da okula gidebilmeleri i\u00e7in bisiklet deste\u011fi sa\u011flamaktad\u0131r. Deste\u011finizi bekliyoruz! Her katk\u0131, \u00e7ocuklara gerekli okul malzemelerinin sa\u011flanmas\u0131na yard\u0131mc\u0131 olur. Katk\u0131da bulunmak istiyorsan\u0131z, buradan yapabilirsiniz.   <\/p>\n<p><strong><\/strong><\/p>\n<p>[\/et_pb_text][et_pb_code _builder_version=&#8221;4.27.4&#8243; _module_preset=&#8221;default&#8221; custom_padding=&#8221;|1px||||&#8221; hover_enabled=&#8221;0&#8243; global_colors_info=&#8221;{}&#8221; sticky_enabled=&#8221;0&#8243;]<p><span id='kudos-i10d0atfpt' class='kudos-form' data-options='{\"button_label\":\"Doneer nu\",\"campaign_id\":\"3879\",\"type\":\"button\",\"alignment\":\"left\"}'><\/span><\/p>[\/et_pb_code][\/et_pb_column][\/et_pb_row][\/et_pb_section]<\/p>\n","protected":false},"excerpt":{"rendered":"<p>Ba\u011f\u0131\u015fLeergeld&#8217;e yard\u0131m edin! Leergeld, d\u00fc\u015f\u00fck gelirli ailelerin \u00e7ocuklar\u0131na okul gezisi, ba\u015flang\u0131\u00e7 paketi veya diz\u00fcst\u00fc bilgisayar ya da okula gidebilmeleri i\u00e7in bisiklet deste\u011fi sa\u011flamaktad\u0131r. Deste\u011finizi bekliyoruz! Her katk\u0131, \u00e7ocuklara gerekli okul malzemelerinin sa\u011flanmas\u0131na yard\u0131mc\u0131 olur. Katk\u0131da bulunmak istiyorsan\u0131z, buradan yapabilirsiniz. <p><span id='kudos-2ej5nsc61c' class='kudos-form' data-options='{\"button_label\":\"Doneer nu\",\"campaign_id\":\"3879\",\"type\":\"button\",\"alignment\":\"left\"}'><\/span><\/p><\/p>\n","protected":false},"author":1,"featured_media":0,"parent":0,"menu_order":0,"comment_status":"closed","ping_status":"closed","template":"","meta":{"_et_pb_use_builder":"on","_et_pb_old_content":"","_et_gb_content_width":"","footnotes":""},"class_list":["post-3411","page","type-page","status-publish","hentry"],"yoast_head":"<!-- This site is optimized with the Yoast SEO plugin v27.4 - https:\/\/yoast.com\/product\/yoast-seo-wordpress\/ -->\n<title>Ba\u011f\u0131\u015f - Leergeld Lelystad<\/title>\n<meta name=\"description\" content=\"Ba\u011f\u0131\u015f yap\u0131n ve Leergeld Lelystad Vakf\u0131&#039;n\u0131 destekleyin.\" \/>\n<meta name=\"robots\" content=\"index, follow, max-snippet:-1, max-image-preview:large, max-video-preview:-1\" \/>\n<link rel=\"canonical\" href=\"https:\/\/leergeld-lelystad.nl\/tr\/bagis\/\" \/>\n<meta property=\"og:locale\" content=\"tr_TR\" \/>\n<meta property=\"og:type\" content=\"article\" \/>\n<meta property=\"og:title\" content=\"Ba\u011f\u0131\u015f - Leergeld Lelystad\" \/>\n<meta property=\"og:description\" content=\"Ba\u011f\u0131\u015f yap\u0131n ve Leergeld Lelystad Vakf\u0131&#039;n\u0131 destekleyin.\" \/>\n<meta property=\"og:url\" content=\"https:\/\/leergeld-lelystad.nl\/tr\/bagis\/\" \/>\n<meta property=\"og:site_name\" content=\"Leergeld Lelystad\" \/>\n<meta property=\"article:modified_time\" content=\"2026-01-12T10:39:51+00:00\" \/>\n<meta name=\"twitter:card\" content=\"summary_large_image\" \/>\n<meta name=\"twitter:label1\" content=\"Tahmini okuma s\u00fcresi\" \/>\n\t<meta name=\"twitter:data1\" content=\"1 dakika\" \/>\n<script type=\"application\/ld+json\" class=\"yoast-schema-graph\">{\"@context\":\"https:\\\/\\\/schema.org\",\"@graph\":[{\"@type\":\"WebPage\",\"@id\":\"https:\\\/\\\/leergeld-lelystad.nl\\\/tr\\\/bagis\\\/\",\"url\":\"https:\\\/\\\/leergeld-lelystad.nl\\\/tr\\\/bagis\\\/\",\"name\":\"Ba\u011f\u0131\u015f - Leergeld Lelystad\",\"isPartOf\":{\"@id\":\"https:\\\/\\\/leergeld-lelystad.nl\\\/tr\\\/#website\"},\"datePublished\":\"2022-12-08T10:33:33+00:00\",\"dateModified\":\"2026-01-12T10:39:51+00:00\",\"description\":\"Ba\u011f\u0131\u015f yap\u0131n ve Leergeld Lelystad Vakf\u0131'n\u0131 destekleyin.\",\"breadcrumb\":{\"@id\":\"https:\\\/\\\/leergeld-lelystad.nl\\\/tr\\\/bagis\\\/#breadcrumb\"},\"inLanguage\":\"tr\",\"potentialAction\":[{\"@type\":\"ReadAction\",\"target\":[\"https:\\\/\\\/leergeld-lelystad.nl\\\/tr\\\/bagis\\\/\"]}]},{\"@type\":\"BreadcrumbList\",\"@id\":\"https:\\\/\\\/leergeld-lelystad.nl\\\/tr\\\/bagis\\\/#breadcrumb\",\"itemListElement\":[{\"@type\":\"ListItem\",\"position\":1,\"name\":\"Home\",\"item\":\"https:\\\/\\\/leergeld-lelystad.nl\\\/tr\\\/\"},{\"@type\":\"ListItem\",\"position\":2,\"name\":\"Ba\u011f\u0131\u015f\"}]},{\"@type\":\"WebSite\",\"@id\":\"https:\\\/\\\/leergeld-lelystad.nl\\\/tr\\\/#website\",\"url\":\"https:\\\/\\\/leergeld-lelystad.nl\\\/tr\\\/\",\"name\":\"Leergeld Lelystad\",\"description\":\"Nu meedoen is straks meetellen\",\"publisher\":{\"@id\":\"https:\\\/\\\/leergeld-lelystad.nl\\\/tr\\\/#organization\"},\"potentialAction\":[{\"@type\":\"SearchAction\",\"target\":{\"@type\":\"EntryPoint\",\"urlTemplate\":\"https:\\\/\\\/leergeld-lelystad.nl\\\/tr\\\/?s={search_term_string}\"},\"query-input\":{\"@type\":\"PropertyValueSpecification\",\"valueRequired\":true,\"valueName\":\"search_term_string\"}}],\"inLanguage\":\"tr\"},{\"@type\":\"Organization\",\"@id\":\"https:\\\/\\\/leergeld-lelystad.nl\\\/tr\\\/#organization\",\"name\":\"Stichting Leergeld Lelystad\",\"url\":\"https:\\\/\\\/leergeld-lelystad.nl\\\/tr\\\/\",\"logo\":{\"@type\":\"ImageObject\",\"inLanguage\":\"tr\",\"@id\":\"https:\\\/\\\/leergeld-lelystad.nl\\\/tr\\\/#\\\/schema\\\/logo\\\/image\\\/\",\"url\":\"http:\\\/\\\/leergeld-lelystad.nl\\\/wp-content\\\/uploads\\\/2022\\\/11\\\/Leergeld-Lelystad-logo.png\",\"contentUrl\":\"http:\\\/\\\/leergeld-lelystad.nl\\\/wp-content\\\/uploads\\\/2022\\\/11\\\/Leergeld-Lelystad-logo.png\",\"width\":300,\"height\":300,\"caption\":\"Stichting Leergeld Lelystad\"},\"image\":{\"@id\":\"https:\\\/\\\/leergeld-lelystad.nl\\\/tr\\\/#\\\/schema\\\/logo\\\/image\\\/\"}}]}<\/script>\n<!-- \/ Yoast SEO plugin. -->","yoast_head_json":{"title":"Ba\u011f\u0131\u015f - Leergeld Lelystad","description":"Ba\u011f\u0131\u015f yap\u0131n ve Leergeld Lelystad Vakf\u0131'n\u0131 destekleyin.","robots":{"index":"index","follow":"follow","max-snippet":"max-snippet:-1","max-image-preview":"max-image-preview:large","max-video-preview":"max-video-preview:-1"},"canonical":"https:\/\/leergeld-lelystad.nl\/tr\/bagis\/","og_locale":"tr_TR","og_type":"article","og_title":"Ba\u011f\u0131\u015f - Leergeld Lelystad","og_description":"Ba\u011f\u0131\u015f yap\u0131n ve Leergeld Lelystad Vakf\u0131'n\u0131 destekleyin.","og_url":"https:\/\/leergeld-lelystad.nl\/tr\/bagis\/","og_site_name":"Leergeld Lelystad","article_modified_time":"2026-01-12T10:39:51+00:00","twitter_card":"summary_large_image","twitter_misc":{"Tahmini okuma s\u00fcresi":"1 dakika"},"schema":{"@context":"https:\/\/schema.org","@graph":[{"@type":"WebPage","@id":"https:\/\/leergeld-lelystad.nl\/tr\/bagis\/","url":"https:\/\/leergeld-lelystad.nl\/tr\/bagis\/","name":"Ba\u011f\u0131\u015f - Leergeld Lelystad","isPartOf":{"@id":"https:\/\/leergeld-lelystad.nl\/tr\/#website"},"datePublished":"2022-12-08T10:33:33+00:00","dateModified":"2026-01-12T10:39:51+00:00","description":"Ba\u011f\u0131\u015f yap\u0131n ve Leergeld Lelystad Vakf\u0131'n\u0131 destekleyin.","breadcrumb":{"@id":"https:\/\/leergeld-lelystad.nl\/tr\/bagis\/#breadcrumb"},"inLanguage":"tr","potentialAction":[{"@type":"ReadAction","target":["https:\/\/leergeld-lelystad.nl\/tr\/bagis\/"]}]},{"@type":"BreadcrumbList","@id":"https:\/\/leergeld-lelystad.nl\/tr\/bagis\/#breadcrumb","itemListElement":[{"@type":"ListItem","position":1,"name":"Home","item":"https:\/\/leergeld-lelystad.nl\/tr\/"},{"@type":"ListItem","position":2,"name":"Ba\u011f\u0131\u015f"}]},{"@type":"WebSite","@id":"https:\/\/leergeld-lelystad.nl\/tr\/#website","url":"https:\/\/leergeld-lelystad.nl\/tr\/","name":"Leergeld Lelystad","description":"Nu meedoen is straks meetellen","publisher":{"@id":"https:\/\/leergeld-lelystad.nl\/tr\/#organization"},"potentialAction":[{"@type":"SearchAction","target":{"@type":"EntryPoint","urlTemplate":"https:\/\/leergeld-lelystad.nl\/tr\/?s={search_term_string}"},"query-input":{"@type":"PropertyValueSpecification","valueRequired":true,"valueName":"search_term_string"}}],"inLanguage":"tr"},{"@type":"Organization","@id":"https:\/\/leergeld-lelystad.nl\/tr\/#organization","name":"Stichting Leergeld Lelystad","url":"https:\/\/leergeld-lelystad.nl\/tr\/","logo":{"@type":"ImageObject","inLanguage":"tr","@id":"https:\/\/leergeld-lelystad.nl\/tr\/#\/schema\/logo\/image\/","url":"http:\/\/leergeld-lelystad.nl\/wp-content\/uploads\/2022\/11\/Leergeld-Lelystad-logo.png","contentUrl":"http:\/\/leergeld-lelystad.nl\/wp-content\/uploads\/2022\/11\/Leergeld-Lelystad-logo.png","width":300,"height":300,"caption":"Stichting Leergeld Lelystad"},"image":{"@id":"https:\/\/leergeld-lelystad.nl\/tr\/#\/schema\/logo\/image\/"}}]}},"_links":{"self":[{"href":"https:\/\/leergeld-lelystad.nl\/tr\/wp-json\/wp\/v2\/pages\/3411","targetHints":{"allow":["GET"]}}],"collection":[{"href":"https:\/\/leergeld-lelystad.nl\/tr\/wp-json\/wp\/v2\/pages"}],"about":[{"href":"https:\/\/leergeld-lelystad.nl\/tr\/wp-json\/wp\/v2\/types\/page"}],"author":[{"embeddable":true,"href":"https:\/\/leergeld-lelystad.nl\/tr\/wp-json\/wp\/v2\/users\/1"}],"replies":[{"embeddable":true,"href":"https:\/\/leergeld-lelystad.nl\/tr\/wp-json\/wp\/v2\/comments?post=3411"}],"version-history":[{"count":3,"href":"https:\/\/leergeld-lelystad.nl\/tr\/wp-json\/wp\/v2\/pages\/3411\/revisions"}],"predecessor-version":[{"id":4881,"href":"https:\/\/leergeld-lelystad.nl\/tr\/wp-json\/wp\/v2\/pages\/3411\/revisions\/4881"}],"wp:attachment":[{"href":"https:\/\/leergeld-lelystad.nl\/tr\/wp-json\/wp\/v2\/media?parent=3411"}],"curies":[{"name":"wp","href":"https:\/\/api.w.org\/{rel}","templated":true}]}}