{"id":3299,"date":"2022-12-05T14:13:34","date_gmt":"2022-12-05T14:13:34","guid":{"rendered":"https:\/\/leergeld-lelystad.nl\/gizlilik-duzenlemeleri\/"},"modified":"2025-02-19T11:09:59","modified_gmt":"2025-02-19T11:09:59","slug":"gizlilik-duzenlemeleri","status":"publish","type":"page","link":"https:\/\/leergeld-lelystad.nl\/tr\/gizlilik-duzenlemeleri\/","title":{"rendered":"Gizlilik d\u00fczenlemeleri"},"content":{"rendered":"<p>[et_pb_section fb_built=&#8221;1&#8243; _builder_version=&#8221;4.19.1&#8243; _module_preset=&#8221;default&#8221; global_colors_info=&#8221;{}&#8221;][et_pb_row _builder_version=&#8221;4.19.2&#8243; _module_preset=&#8221;default&#8221; custom_margin=&#8221;||||false|false&#8221; custom_padding=&#8221;57px|||||&#8221; global_colors_info=&#8221;{}&#8221;][et_pb_column type=&#8221;4_4&#8243; _builder_version=&#8221;4.19.1&#8243; _module_preset=&#8221;default&#8221; global_colors_info=&#8221;{}&#8221;][et_pb_divider color=&#8221;#E31622&#8243; divider_weight=&#8221;10px&#8221; _builder_version=&#8221;4.19.2&#8243; _module_preset=&#8221;default&#8221; width=&#8221;30%&#8221; custom_margin=&#8221;||2px|||&#8221; global_colors_info=&#8221;{}&#8221;][\/et_pb_divider][et_pb_text _builder_version=&#8221;4.19.2&#8243; _module_preset=&#8221;default&#8221; global_colors_info=&#8221;{}&#8221;]<\/p>\n<h1>GI\u0307ZLI\u0307LI\u0307K D\u00dcZENLEMELERI\u0307<\/h1>\n<p>[\/et_pb_text][\/et_pb_column][\/et_pb_row][et_pb_row column_structure=&#8221;2_3,1_3&#8243; _builder_version=&#8221;4.19.2&#8243; _module_preset=&#8221;default&#8221; custom_margin=&#8221;||||false|false&#8221; global_colors_info=&#8221;{}&#8221;][et_pb_column type=&#8221;2_3&#8243; _builder_version=&#8221;4.19.1&#8243; _module_preset=&#8221;default&#8221; global_colors_info=&#8221;{}&#8221;][et_pb_text _builder_version=&#8221;4.19.4&#8243; _module_preset=&#8221;default&#8221; text_line_height=&#8221;1.9em&#8221; global_colors_info=&#8221;{}&#8221;]<\/p>\n<p>PO Box 587, 8200 AN Lelystad adresinde bulunan Stichting Leergeld Lelystad,<br \/>ki\u015fisel verilerin bu gizlilik bildiriminde yans\u0131t\u0131ld\u0131\u011f\u0131 \u015fekilde i\u015flenmesinden sorumludur.<\/p>\n<p><strong>\u0130leti\u015fim bilgileri:<\/strong><br \/>Web sitesi: https:\/\/leergeld-lelystad.nl<br \/>e-posta: <a href=\"mailto:info@leergeld-lelystad.nl\">info@leergeld-lelystad.nl<\/a><\/p>\n<p><strong>\u0130\u015fledi\u011fimiz ki\u015fisel veriler:<\/strong><br \/>Stichting Leergeld Lelystad, hizmetlerimizi kulland\u0131\u011f\u0131n\u0131z ve bu verileri bize kendiniz sa\u011flad\u0131\u011f\u0131n\u0131z i\u00e7in ki\u015fisel verilerinizi i\u015fler. \u0130\u015fledi\u011fimiz ki\u015fisel veriler \u015funlarla ilgilidir:<br \/>&#8211; Ba\u015f harfler, isim, adres, posta kodu, \u015fehir, telefon, cep telefonu, e-posta adresi, ayl\u0131k net gelir, do\u011fum tarihi. <\/p>\n<p><strong>\u0130\u015fledi\u011fimiz \u00f6zel ve\/veya hassas ki\u015fisel veriler:<\/strong><br \/>Web sitemiz ve\/veya hizmetimiz 16 ya\u015f\u0131ndan k\u00fc\u00e7\u00fck web sitesi ziyaret\u00e7ileri hakk\u0131nda veri toplama niyetinde de\u011fildir. Ebeveynlerinden veya vasilerinden izin almad\u0131klar\u0131 s\u00fcrece. Ancak, bir ziyaret\u00e7inin 16 ya\u015f\u0131ndan b\u00fcy\u00fck olup olmad\u0131\u011f\u0131n\u0131 do\u011frulayamay\u0131z. Bu nedenle, ebeveyn izni olmadan \u00e7ocuklar hakk\u0131nda veri toplanmas\u0131n\u0131 \u00f6nlemek i\u00e7in ebeveynlere \u00e7ocuklar\u0131n\u0131n \u00e7evrimi\u00e7i etkinliklerine dahil olmalar\u0131n\u0131 tavsiye ederiz. Re\u015fit olmayan bir ki\u015fi hakk\u0131nda b\u00f6yle bir izin olmadan ki\u015fisel veri toplad\u0131\u011f\u0131m\u0131za ikna olursan\u0131z, l\u00fctfen info@leergeld-lelystad.nl adresinden bizimle ileti\u015fime ge\u00e7in ve bu bilgileri silelim.    <\/p>\n<p><strong>Ki\u015fisel verileri hangi ama\u00e7la ve neye dayanarak i\u015fliyoruz:<\/strong><br \/>Stichting Leergeld Lelystad ki\u015fisel verilerinizi a\u015fa\u011f\u0131daki ama\u00e7larla i\u015fler:<br \/>&#8211; Hizmetlerimizi yerine getirmek i\u00e7in gerekli olmas\u0131 halinde size e-posta g\u00f6nderebilmek i\u00e7in;<\/p>\n<p><strong>Otomatik karar verme:<\/strong><br \/>Stichting Leergeld Lelystad, otomatik i\u015fleme temelinde bireyleri (\u00f6nemli \u00f6l\u00e7\u00fcde) etkileyebilecek konular hakk\u0131nda kararlar almaz. Bunlar, herhangi bir insan (\u00f6rne\u011fin Stichting Leergeld Lelystad&#8217;\u0131n bir \u00e7al\u0131\u015fan\u0131) dahil olmaks\u0131z\u0131n bilgisayar programlar\u0131 veya sistemleri taraf\u0131ndan al\u0131nan kararlard\u0131r. <\/p>\n<p><strong>Ki\u015fisel verileri ne kadar s\u00fcreyle sakl\u0131yoruz:<\/strong><br \/>Stichting Leergeld Lelystad, ba\u015fvuru sahibinin verilerini ailedeki en k\u00fc\u00e7\u00fck \u00e7ocuk 18 ya\u015f\u0131na gelene kadar saklar.<br \/>Ba\u015f harfler, isim, adres, posta kodu, \u015fehir, telefon, cep telefonu, e-posta adresi, ayl\u0131k net gelir, do\u011fum tarihi.<\/p>\n<p><strong>Ki\u015fisel verilerin \u00fc\u00e7\u00fcnc\u00fc taraflarla payla\u015f\u0131lmas\u0131:<\/strong><br \/>Stichting Leergeld Lelystad, \u00fc\u00e7\u00fcnc\u00fc taraflara yaln\u0131zca sizinle olan s\u00f6zle\u015fmemizin yerine getirilmesi veya yasal bir y\u00fck\u00fcml\u00fcl\u00fc\u011fe uyulmas\u0131 i\u00e7in gerekli oldu\u011funda veri sa\u011flar.<\/p>\n<p><strong>Kulland\u0131\u011f\u0131m\u0131z \u00e7erezler veya benzer teknikler:<\/strong><br \/>Stichting Leergeld Lelystad \u00e7erez veya benzer teknikler kullanmaz.<\/p>\n<p><strong>Ki\u015fisel verileri nas\u0131l g\u00fcvence alt\u0131na al\u0131yoruz:<\/strong><br \/>Stichting Leergeld Lelystad verilerinizin korunmas\u0131n\u0131 ciddiye al\u0131r ve k\u00f6t\u00fcye kullan\u0131m, kay\u0131p, yetkisiz eri\u015fim, istenmeyen if\u015fa ve yetkisiz de\u011fi\u015fiklikleri \u00f6nlemek i\u00e7in uygun \u00f6nlemleri al\u0131r. Verilerinizin uygun \u015fekilde g\u00fcvence alt\u0131na al\u0131nmad\u0131\u011f\u0131n\u0131 d\u00fc\u015f\u00fcn\u00fcyorsan\u0131z veya k\u00f6t\u00fcye kullan\u0131m belirtileri varsa, l\u00fctfen <a href=\"mailto:info@leergeld-lelystad.nl\">info@leergeld-lelystad.nl<\/a> ile ileti\u015fime ge\u00e7in. <\/p>\n<p>[\/et_pb_text][\/et_pb_column][et_pb_column type=&#8221;1_3&#8243; _builder_version=&#8221;4.19.1&#8243; _module_preset=&#8221;default&#8221; global_colors_info=&#8221;{}&#8221;][et_pb_image src=&#8221;https:\/\/leergeld-lelystad.nl\/wp-content\/uploads\/2022\/11\/jeugd-met-fiets.jpg&#8221; alt=&#8221;Bisikletli Gen\u00e7lik&#8221; title_text=&#8221;gen\u00e7-bisikletli&#8221; module_class=&#8221;circular&#8221; _builder_version=&#8221;4.19.2&#8243; _module_preset=&#8221;default&#8221; global_colors_info=&#8221;{}&#8221;][\/et_pb_image][\/et_pb_column][\/et_pb_row][\/et_pb_section]<\/p>\n","protected":false},"excerpt":{"rendered":"<p>GI\u0307ZLI\u0307LI\u0307K D\u00dcZENLEMELERI\u0307PO Box 587, 8200 AN Lelystad adresinde bulunan Stichting Leergeld Lelystad,ki\u015fisel verilerin bu gizlilik bildiriminde yans\u0131t\u0131ld\u0131\u011f\u0131 \u015fekilde i\u015flenmesinden sorumludur. \u0130leti\u015fim bilgileri:Web sitesi: https:\/\/leergeld-lelystad.nle-posta: info@leergeld-lelystad.nl \u0130\u015fledi\u011fimiz ki\u015fisel veriler:Stichting Leergeld Lelystad, hizmetlerimizi kulland\u0131\u011f\u0131n\u0131z ve bu verileri bize kendiniz sa\u011flad\u0131\u011f\u0131n\u0131z i\u00e7in ki\u015fisel verilerinizi i\u015fler. \u0130\u015fledi\u011fimiz ki\u015fisel veriler \u015funlarla ilgilidir:- Ba\u015f harfler, isim, adres, posta kodu, \u015fehir, telefon, [&hellip;]<\/p>\n","protected":false},"author":1,"featured_media":0,"parent":0,"menu_order":0,"comment_status":"closed","ping_status":"closed","template":"","meta":{"_et_pb_use_builder":"on","_et_pb_old_content":"","_et_gb_content_width":"","footnotes":""},"class_list":["post-3299","page","type-page","status-publish","hentry"],"yoast_head":"<!-- This site is optimized with the Yoast SEO plugin v27.4 - https:\/\/yoast.com\/product\/yoast-seo-wordpress\/ -->\n<title>Gizlilik d\u00fczenlemeleri - Leergeld Lelystad<\/title>\n<meta name=\"description\" content=\"Gizlilik y\u00f6netmeli\u011fi. PO Box 587, 8200 AN Lelystad adresinde bulunan Stichting Leergeld Lelystad, ki\u015fisel verilerin bu gizlilik bildiriminde yans\u0131t\u0131ld\u0131\u011f\u0131 \u015fekilde i\u015flenmesinden sorumludur.\" \/>\n<meta name=\"robots\" content=\"index, follow, max-snippet:-1, max-image-preview:large, max-video-preview:-1\" \/>\n<link rel=\"canonical\" href=\"https:\/\/leergeld-lelystad.nl\/tr\/gizlilik-duzenlemeleri\/\" \/>\n<meta property=\"og:locale\" content=\"tr_TR\" \/>\n<meta property=\"og:type\" content=\"article\" \/>\n<meta property=\"og:title\" content=\"Gizlilik d\u00fczenlemeleri - Leergeld Lelystad\" \/>\n<meta property=\"og:description\" content=\"Gizlilik y\u00f6netmeli\u011fi. PO Box 587, 8200 AN Lelystad adresinde bulunan Stichting Leergeld Lelystad, ki\u015fisel verilerin bu gizlilik bildiriminde yans\u0131t\u0131ld\u0131\u011f\u0131 \u015fekilde i\u015flenmesinden sorumludur.\" \/>\n<meta property=\"og:url\" content=\"https:\/\/leergeld-lelystad.nl\/tr\/gizlilik-duzenlemeleri\/\" \/>\n<meta property=\"og:site_name\" content=\"Leergeld Lelystad\" \/>\n<meta property=\"article:modified_time\" content=\"2025-02-19T11:09:59+00:00\" \/>\n<meta name=\"twitter:card\" content=\"summary_large_image\" \/>\n<meta name=\"twitter:label1\" content=\"Tahmini okuma s\u00fcresi\" \/>\n\t<meta name=\"twitter:data1\" content=\"3 dakika\" \/>\n<script type=\"application\/ld+json\" class=\"yoast-schema-graph\">{\"@context\":\"https:\\\/\\\/schema.org\",\"@graph\":[{\"@type\":\"WebPage\",\"@id\":\"https:\\\/\\\/leergeld-lelystad.nl\\\/tr\\\/gizlilik-duzenlemeleri\\\/\",\"url\":\"https:\\\/\\\/leergeld-lelystad.nl\\\/tr\\\/gizlilik-duzenlemeleri\\\/\",\"name\":\"Gizlilik d\u00fczenlemeleri - Leergeld Lelystad\",\"isPartOf\":{\"@id\":\"https:\\\/\\\/leergeld-lelystad.nl\\\/tr\\\/#website\"},\"datePublished\":\"2022-12-05T14:13:34+00:00\",\"dateModified\":\"2025-02-19T11:09:59+00:00\",\"description\":\"Gizlilik y\u00f6netmeli\u011fi. PO Box 587, 8200 AN Lelystad adresinde bulunan Stichting Leergeld Lelystad, ki\u015fisel verilerin bu gizlilik bildiriminde yans\u0131t\u0131ld\u0131\u011f\u0131 \u015fekilde i\u015flenmesinden sorumludur.\",\"breadcrumb\":{\"@id\":\"https:\\\/\\\/leergeld-lelystad.nl\\\/tr\\\/gizlilik-duzenlemeleri\\\/#breadcrumb\"},\"inLanguage\":\"tr\",\"potentialAction\":[{\"@type\":\"ReadAction\",\"target\":[\"https:\\\/\\\/leergeld-lelystad.nl\\\/tr\\\/gizlilik-duzenlemeleri\\\/\"]}]},{\"@type\":\"BreadcrumbList\",\"@id\":\"https:\\\/\\\/leergeld-lelystad.nl\\\/tr\\\/gizlilik-duzenlemeleri\\\/#breadcrumb\",\"itemListElement\":[{\"@type\":\"ListItem\",\"position\":1,\"name\":\"Home\",\"item\":\"https:\\\/\\\/leergeld-lelystad.nl\\\/tr\\\/\"},{\"@type\":\"ListItem\",\"position\":2,\"name\":\"Gizlilik d\u00fczenlemeleri\"}]},{\"@type\":\"WebSite\",\"@id\":\"https:\\\/\\\/leergeld-lelystad.nl\\\/tr\\\/#website\",\"url\":\"https:\\\/\\\/leergeld-lelystad.nl\\\/tr\\\/\",\"name\":\"Leergeld Lelystad\",\"description\":\"Nu meedoen is straks meetellen\",\"publisher\":{\"@id\":\"https:\\\/\\\/leergeld-lelystad.nl\\\/tr\\\/#organization\"},\"potentialAction\":[{\"@type\":\"SearchAction\",\"target\":{\"@type\":\"EntryPoint\",\"urlTemplate\":\"https:\\\/\\\/leergeld-lelystad.nl\\\/tr\\\/?s={search_term_string}\"},\"query-input\":{\"@type\":\"PropertyValueSpecification\",\"valueRequired\":true,\"valueName\":\"search_term_string\"}}],\"inLanguage\":\"tr\"},{\"@type\":\"Organization\",\"@id\":\"https:\\\/\\\/leergeld-lelystad.nl\\\/tr\\\/#organization\",\"name\":\"Stichting Leergeld Lelystad\",\"url\":\"https:\\\/\\\/leergeld-lelystad.nl\\\/tr\\\/\",\"logo\":{\"@type\":\"ImageObject\",\"inLanguage\":\"tr\",\"@id\":\"https:\\\/\\\/leergeld-lelystad.nl\\\/tr\\\/#\\\/schema\\\/logo\\\/image\\\/\",\"url\":\"http:\\\/\\\/leergeld-lelystad.nl\\\/wp-content\\\/uploads\\\/2022\\\/11\\\/Leergeld-Lelystad-logo.png\",\"contentUrl\":\"http:\\\/\\\/leergeld-lelystad.nl\\\/wp-content\\\/uploads\\\/2022\\\/11\\\/Leergeld-Lelystad-logo.png\",\"width\":300,\"height\":300,\"caption\":\"Stichting Leergeld Lelystad\"},\"image\":{\"@id\":\"https:\\\/\\\/leergeld-lelystad.nl\\\/tr\\\/#\\\/schema\\\/logo\\\/image\\\/\"}}]}<\/script>\n<!-- \/ Yoast SEO plugin. -->","yoast_head_json":{"title":"Gizlilik d\u00fczenlemeleri - Leergeld Lelystad","description":"Gizlilik y\u00f6netmeli\u011fi. PO Box 587, 8200 AN Lelystad adresinde bulunan Stichting Leergeld Lelystad, ki\u015fisel verilerin bu gizlilik bildiriminde yans\u0131t\u0131ld\u0131\u011f\u0131 \u015fekilde i\u015flenmesinden sorumludur.","robots":{"index":"index","follow":"follow","max-snippet":"max-snippet:-1","max-image-preview":"max-image-preview:large","max-video-preview":"max-video-preview:-1"},"canonical":"https:\/\/leergeld-lelystad.nl\/tr\/gizlilik-duzenlemeleri\/","og_locale":"tr_TR","og_type":"article","og_title":"Gizlilik d\u00fczenlemeleri - Leergeld Lelystad","og_description":"Gizlilik y\u00f6netmeli\u011fi. PO Box 587, 8200 AN Lelystad adresinde bulunan Stichting Leergeld Lelystad, ki\u015fisel verilerin bu gizlilik bildiriminde yans\u0131t\u0131ld\u0131\u011f\u0131 \u015fekilde i\u015flenmesinden sorumludur.","og_url":"https:\/\/leergeld-lelystad.nl\/tr\/gizlilik-duzenlemeleri\/","og_site_name":"Leergeld Lelystad","article_modified_time":"2025-02-19T11:09:59+00:00","twitter_card":"summary_large_image","twitter_misc":{"Tahmini okuma s\u00fcresi":"3 dakika"},"schema":{"@context":"https:\/\/schema.org","@graph":[{"@type":"WebPage","@id":"https:\/\/leergeld-lelystad.nl\/tr\/gizlilik-duzenlemeleri\/","url":"https:\/\/leergeld-lelystad.nl\/tr\/gizlilik-duzenlemeleri\/","name":"Gizlilik d\u00fczenlemeleri - Leergeld Lelystad","isPartOf":{"@id":"https:\/\/leergeld-lelystad.nl\/tr\/#website"},"datePublished":"2022-12-05T14:13:34+00:00","dateModified":"2025-02-19T11:09:59+00:00","description":"Gizlilik y\u00f6netmeli\u011fi. PO Box 587, 8200 AN Lelystad adresinde bulunan Stichting Leergeld Lelystad, ki\u015fisel verilerin bu gizlilik bildiriminde yans\u0131t\u0131ld\u0131\u011f\u0131 \u015fekilde i\u015flenmesinden sorumludur.","breadcrumb":{"@id":"https:\/\/leergeld-lelystad.nl\/tr\/gizlilik-duzenlemeleri\/#breadcrumb"},"inLanguage":"tr","potentialAction":[{"@type":"ReadAction","target":["https:\/\/leergeld-lelystad.nl\/tr\/gizlilik-duzenlemeleri\/"]}]},{"@type":"BreadcrumbList","@id":"https:\/\/leergeld-lelystad.nl\/tr\/gizlilik-duzenlemeleri\/#breadcrumb","itemListElement":[{"@type":"ListItem","position":1,"name":"Home","item":"https:\/\/leergeld-lelystad.nl\/tr\/"},{"@type":"ListItem","position":2,"name":"Gizlilik d\u00fczenlemeleri"}]},{"@type":"WebSite","@id":"https:\/\/leergeld-lelystad.nl\/tr\/#website","url":"https:\/\/leergeld-lelystad.nl\/tr\/","name":"Leergeld Lelystad","description":"Nu meedoen is straks meetellen","publisher":{"@id":"https:\/\/leergeld-lelystad.nl\/tr\/#organization"},"potentialAction":[{"@type":"SearchAction","target":{"@type":"EntryPoint","urlTemplate":"https:\/\/leergeld-lelystad.nl\/tr\/?s={search_term_string}"},"query-input":{"@type":"PropertyValueSpecification","valueRequired":true,"valueName":"search_term_string"}}],"inLanguage":"tr"},{"@type":"Organization","@id":"https:\/\/leergeld-lelystad.nl\/tr\/#organization","name":"Stichting Leergeld Lelystad","url":"https:\/\/leergeld-lelystad.nl\/tr\/","logo":{"@type":"ImageObject","inLanguage":"tr","@id":"https:\/\/leergeld-lelystad.nl\/tr\/#\/schema\/logo\/image\/","url":"http:\/\/leergeld-lelystad.nl\/wp-content\/uploads\/2022\/11\/Leergeld-Lelystad-logo.png","contentUrl":"http:\/\/leergeld-lelystad.nl\/wp-content\/uploads\/2022\/11\/Leergeld-Lelystad-logo.png","width":300,"height":300,"caption":"Stichting Leergeld Lelystad"},"image":{"@id":"https:\/\/leergeld-lelystad.nl\/tr\/#\/schema\/logo\/image\/"}}]}},"_links":{"self":[{"href":"https:\/\/leergeld-lelystad.nl\/tr\/wp-json\/wp\/v2\/pages\/3299","targetHints":{"allow":["GET"]}}],"collection":[{"href":"https:\/\/leergeld-lelystad.nl\/tr\/wp-json\/wp\/v2\/pages"}],"about":[{"href":"https:\/\/leergeld-lelystad.nl\/tr\/wp-json\/wp\/v2\/types\/page"}],"author":[{"embeddable":true,"href":"https:\/\/leergeld-lelystad.nl\/tr\/wp-json\/wp\/v2\/users\/1"}],"replies":[{"embeddable":true,"href":"https:\/\/leergeld-lelystad.nl\/tr\/wp-json\/wp\/v2\/comments?post=3299"}],"version-history":[{"count":1,"href":"https:\/\/leergeld-lelystad.nl\/tr\/wp-json\/wp\/v2\/pages\/3299\/revisions"}],"predecessor-version":[{"id":3304,"href":"https:\/\/leergeld-lelystad.nl\/tr\/wp-json\/wp\/v2\/pages\/3299\/revisions\/3304"}],"wp:attachment":[{"href":"https:\/\/leergeld-lelystad.nl\/tr\/wp-json\/wp\/v2\/media?parent=3299"}],"curies":[{"name":"wp","href":"https:\/\/api.w.org\/{rel}","templated":true}]}}