{"id":3078,"date":"2022-11-30T12:13:26","date_gmt":"2022-11-30T12:13:26","guid":{"rendered":"https:\/\/leergeld-lelystad.nl\/kimin-icin\/"},"modified":"2025-02-19T11:09:15","modified_gmt":"2025-02-19T11:09:15","slug":"kimin-icin","status":"publish","type":"page","link":"https:\/\/leergeld-lelystad.nl\/tr\/kimin-icin\/","title":{"rendered":"Kimin i\u00e7in?"},"content":{"rendered":"<p>[et_pb_section fb_built=&#8221;1&#8243; _builder_version=&#8221;4.19.1&#8243; _module_preset=&#8221;default&#8221; global_colors_info=&#8221;{}&#8221;][et_pb_row _builder_version=&#8221;4.19.2&#8243; _module_preset=&#8221;default&#8221; custom_padding=&#8221;31px||3px|||&#8221; global_colors_info=&#8221;{}&#8221;][et_pb_column type=&#8221;4_4&#8243; _builder_version=&#8221;4.19.2&#8243; _module_preset=&#8221;default&#8221; global_colors_info=&#8221;{}&#8221;][et_pb_text _builder_version=&#8221;4.19.2&#8243; _module_preset=&#8221;default&#8221; global_colors_info=&#8221;{}&#8221;]<\/p>\n<h1>Kimin i\u00e7in?<\/h1>\n<p>[\/et_pb_text][et_pb_divider color=&#8221;#7CDA24&#8243; divider_weight=&#8221;10px&#8221; _builder_version=&#8221;4.19.2&#8243; _module_preset=&#8221;default&#8221; width=&#8221;30%&#8221; custom_margin=&#8221;||2px|||&#8221; global_colors_info=&#8221;{}&#8221;][\/et_pb_divider][\/et_pb_column][\/et_pb_row][et_pb_row column_structure=&#8221;2_3,1_3&#8243; _builder_version=&#8221;4.19.2&#8243; _module_preset=&#8221;default&#8221; custom_margin=&#8221;||||false|false&#8221; custom_padding=&#8221;0px|||||&#8221; global_colors_info=&#8221;{}&#8221;][et_pb_column type=&#8221;2_3&#8243; _builder_version=&#8221;4.19.1&#8243; _module_preset=&#8221;default&#8221; global_colors_info=&#8221;{}&#8221;][et_pb_text _builder_version=&#8221;4.24.2&#8243; _module_preset=&#8221;default&#8221; text_line_height=&#8221;1.9em&#8221; global_colors_info=&#8221;{}&#8221;]<\/p>\n<p>Leergeld Lelystad taraf\u0131ndan sa\u011flanan destek, Lelystad belediyesinde ya\u015fayan ve ebeveynleri s\u0131n\u0131rl\u0131 gelire sahip olan 4 ila 18 ya\u015f aras\u0131 \u00e7ocuklara y\u00f6neliktir.<br \/>Leergeld Lelystad taraf\u0131ndan bu ama\u00e7la kullan\u0131lan standart, <strong>sosyal yard\u0131m standard\u0131n\u0131n %150&#8217;sidir:<\/strong> <br \/>&#8211; maksimum gelir bekar: 1925 \u20ac, <br \/>&#8211; veya evli\/birlikte ya\u015fayan: 2751 \u20ac.<\/p>\n<p>Bor\u00e7lar\u0131n yeniden yap\u0131land\u0131r\u0131lmas\u0131 konusunda yard\u0131m alan ya da \u00e7ocuk bak\u0131m paras\u0131 ma\u011fduru olan \u00e7ocuklar\u0131n ebeveynleri de bize ba\u015fvurabilir.<\/p>\n<p>Di\u011fer \u015feylerin yan\u0131 s\u0131ra ne i\u00e7in ba\u015fvurabilirsiniz?<\/p>\n<ul>\n<li>6 ya\u015f ve \u00fczeri \u00e7ocuklar i\u00e7in iyi ikinci el bisiklet<\/li>\n<li>yenilenmi\u015f bilgisayar 11 ya\u015f ve \u00fczeri \u00e7ocuklar i\u00e7in<\/li>\n<li>okul gezi\u0307si\u0307, kamp ve gezi\u0307ler<\/li>\n<li>MBO e\u011fitimi i\u00e7in \u00f6zel maliyetler: zorunlu k\u0131yafetler\/ara\u00e7lar<\/li>\n<\/ul>\n<p>Ba\u015fvurunun amac\u0131 a\u00e7\u0131k olmal\u0131d\u0131r. Ki\u015fi ne almak istiyor? Maliyetler nelerdir? Ailedeki di\u011fer \u00e7ocuklar i\u00e7in daha fazlas\u0131na ihtiya\u00e7 var m\u0131? Bu sorular\u0131n hepsi ev ziyareti s\u0131ras\u0131nda ele al\u0131n\u0131r.<br \/>Arac\u0131 ev ziyaretine geldi\u011finde bu bilgileri zaten toplam\u0131\u015f olman\u0131z yard\u0131mc\u0131 olur. Leergeld taraf\u0131ndan sa\u011flanan mali destek do\u011frudan \u00fcr\u00fcn\u00fcn sa\u011flay\u0131c\u0131s\u0131 ile kararla\u015ft\u0131r\u0131l\u0131r.<br \/>Bir ailede onaylanan ba\u015fvurular, di\u011fer durumlarda size bir \u00f6d\u00fcl hakk\u0131 vermez.     <strong><\/strong><\/p>\n<p><strong><br \/>Net gelir ne kadar y\u00fcksek olabilir?<\/strong><br \/>Gelirinizin veya yard\u0131m\u0131n\u0131z\u0131n miktar\u0131 ya\u015f\u0131n\u0131za ve ya\u015fam durumunuza ba\u011fl\u0131d\u0131r.<\/p>\n<p>Her y\u0131l 1 Ocak ve 1 Temmuz tarihlerinde yard\u0131m standartlar\u0131 yeniden belirlenmektedir. Leergeld Lelystad&#8217;dan destek alabilmek i\u00e7in net gelirin sosyal yard\u0131m standard\u0131n\u0131n %150&#8217;sini a\u015fmamas\u0131 gerekmektedir.<br \/>Leergeld Lelystad&#8217;da destek alabilmek i\u00e7in ge\u00e7erli olan gelir d\u00fczeyini (tatil \u00f6dene\u011fi dahil standart tutar) a\u015fa\u011f\u0131daki web sitesinden \u00f6\u011frenebilirsiniz <a href=\"https:\/\/www.rijksoverheid.nl\/onderwerpen\/bijstand\/vraag-en-antwoord\/hoe-hoog-is-mijn-bijstandsuitkering\" target=\"_blank\" rel=\"noopener\"><em><strong>ulusal h\u00fck\u00fcmet.<\/strong><\/em><\/a> <\/p>\n<p>[\/et_pb_text][\/et_pb_column][et_pb_column type=&#8221;1_3&#8243; _builder_version=&#8221;4.19.1&#8243; _module_preset=&#8221;default&#8221; global_colors_info=&#8221;{}&#8221;][et_pb_image src=&#8221;https:\/\/leergeld-lelystad.nl\/wp-content\/uploads\/2022\/11\/Wie-komt-in-aanmerking-voor-Leergeld.jpg&#8221; alt=&#8221;Bisikletli Gen\u00e7lik&#8221; title_text=&#8221;Krediler i\u00e7in kimler uygundur&#8221; module_class=&#8221;circular&#8221; _builder_version=&#8221;4.19.2&#8243; _module_preset=&#8221;default&#8221; global_colors_info=&#8221;{}&#8221;][\/et_pb_image][\/et_pb_column][\/et_pb_row][et_pb_row column_structure=&#8221;1_2,1_2&#8243; make_equal=&#8221;on&#8221; _builder_version=&#8221;4.19.2&#8243; _module_preset=&#8221;default&#8221; custom_margin=&#8221;106px|auto||auto||&#8221; custom_padding=&#8221;6px|||||&#8221; border_radii=&#8221;on|10px|10px|10px|10px&#8221; global_colors_info=&#8221;{}&#8221;][et_pb_column type=&#8221;1_2&#8243; _builder_version=&#8221;4.19.2&#8243; _module_preset=&#8221;default&#8221; background_color=&#8221;rgba(135,186,37,0.25)&#8221; custom_padding=&#8221;20px|10px|20px|10px|true|true&#8221; border_radii=&#8221;on|10px|10px|10px|10px&#8221; global_colors_info=&#8221;{}&#8221;][et_pb_text _builder_version=&#8221;4.19.2&#8243; _module_preset=&#8221;default&#8221; global_colors_info=&#8221;{}&#8221;]<\/p>\n<h2 style=\"text-align: center;\">Hangi masraflar geri \u00f6denir?<\/h2>\n<p>[\/et_pb_text][et_pb_blurb use_icon=&#8221;on&#8221; font_icon=&#8221;&#x4e;||divi||400&#8243; icon_color=&#8221;#87BA25&#8243; icon_placement=&#8221;left&#8221; _builder_version=&#8221;4.24.2&#8243; _module_preset=&#8221;default&#8221; body_text_align=&#8221;left&#8221; body_font_size=&#8221;20px&#8221; hover_enabled=&#8221;0&#8243; global_colors_info=&#8221;{}&#8221; sticky_enabled=&#8221;0&#8243;]<\/p>\n<p>Bisiklet 6 ya\u015f ve \u00fczeri \u00e7ocuklar i\u00e7in<\/p>\n<p>[\/et_pb_blurb][et_pb_blurb use_icon=&#8221;on&#8221; font_icon=&#8221;&#x4e;||divi||400&#8243; icon_color=&#8221;#87BA25&#8243; icon_placement=&#8221;left&#8221; _builder_version=&#8221;4.19.2&#8243; _module_preset=&#8221;default&#8221; body_text_align=&#8221;left&#8221; body_font_size=&#8221;20px&#8221; custom_margin=&#8221;-19px|||||&#8221; global_colors_info=&#8221;{}&#8221;]<\/p>\n<p>Diz\u00fcst\u00fc bilgisayarlar 11 ya\u015f ve \u00fczeri \u00e7ocuklar i\u00e7in<\/p>\n<p>[\/et_pb_blurb][et_pb_blurb use_icon=&#8221;on&#8221; font_icon=&#8221;&#x4e;||divi||400&#8243; icon_color=&#8221;#87BA25&#8243; icon_placement=&#8221;left&#8221; _builder_version=&#8221;4.19.4&#8243; _module_preset=&#8221;default&#8221; body_text_align=&#8221;left&#8221; body_font_size=&#8221;20px&#8221; custom_margin=&#8221;-19px|||||&#8221; global_colors_info=&#8221;{}&#8221;]<\/p>\n<p>Ortaokul 1. s\u0131n\u0131f \u00f6\u011frencileri i\u00e7in okula ba\u015flang\u0131\u00e7 paketi sa\u011flanmas\u0131<\/p>\n<p>[\/et_pb_blurb][et_pb_blurb use_icon=&#8221;on&#8221; font_icon=&#8221;&#x4e;||divi||400&#8243; icon_color=&#8221;#87BA25&#8243; icon_placement=&#8221;left&#8221; _builder_version=&#8221;4.19.4&#8243; _module_preset=&#8221;default&#8221; body_text_align=&#8221;left&#8221; body_font_size=&#8221;20px&#8221; custom_margin=&#8221;-19px|||||&#8221; global_colors_info=&#8221;{}&#8221;]<\/p>\n<p>Okul gezisi ve gezi masraflar\u0131 i\u00e7in mali yard\u0131m.<\/p>\n<p>[\/et_pb_blurb][\/et_pb_column][et_pb_column type=&#8221;1_2&#8243; _builder_version=&#8221;4.19.2&#8243; _module_preset=&#8221;default&#8221; background_color=&#8221;rgba(227,22,34,0.18)&#8221; custom_padding=&#8221;20px|10px|20px|10px|true|true&#8221; border_radii=&#8221;on|10px|10px|10px|10px&#8221; global_colors_info=&#8221;{}&#8221;][et_pb_text _builder_version=&#8221;4.19.2&#8243; _module_preset=&#8221;default&#8221; global_colors_info=&#8221;{}&#8221;]<\/p>\n<h2 style=\"text-align: center;\">Hangi masraflar geri \u00f6denmez?<\/h2>\n<p>[\/et_pb_text][et_pb_blurb use_icon=&#8221;on&#8221; font_icon=&#8221;&#xe051;||divi||400&#8243; icon_color=&#8221;#E31622&#8243; icon_placement=&#8221;left&#8221; _builder_version=&#8221;4.19.2&#8243; _module_preset=&#8221;default&#8221; body_text_align=&#8221;left&#8221; body_font_size=&#8221;21px&#8221; global_colors_info=&#8221;{}&#8221;]<\/p>\n<p>Evden okula seyahat masraflar\u0131<\/p>\n<p>[\/et_pb_blurb][et_pb_blurb use_icon=&#8221;on&#8221; font_icon=&#8221;&#xe051;||divi||400&#8243; icon_color=&#8221;#E31622&#8243; icon_placement=&#8221;left&#8221; _builder_version=&#8221;4.19.2&#8243; _module_preset=&#8221;default&#8221; body_text_align=&#8221;left&#8221; body_font_size=&#8221;20px&#8221; global_colors_info=&#8221;{}&#8221;]<\/p>\n<p>Dini inan\u00e7la ilgili su\u00e7lamalar<\/p>\n<p>[\/et_pb_blurb][et_pb_blurb use_icon=&#8221;on&#8221; font_icon=&#8221;&#xe051;||divi||400&#8243; icon_color=&#8221;#E31622&#8243; icon_placement=&#8221;left&#8221; _builder_version=&#8221;4.19.2&#8243; _module_preset=&#8221;default&#8221; body_text_align=&#8221;left&#8221; body_font_size=&#8221;20px&#8221; global_colors_info=&#8221;{}&#8221;]<\/p>\n<p>G\u00f6n\u00fcll\u00fc veli katk\u0131s\u0131, okul s\u00fct\u00fc, okul foto\u011fraflar\u0131, depozito<\/p>\n<p>[\/et_pb_blurb][et_pb_blurb use_icon=&#8221;on&#8221; font_icon=&#8221;&#xe051;||divi||400&#8243; icon_color=&#8221;#E31622&#8243; icon_placement=&#8221;left&#8221; _builder_version=&#8221;4.19.2&#8243; _module_preset=&#8221;default&#8221; body_text_align=&#8221;left&#8221; body_font_size=&#8221;20px&#8221; global_colors_info=&#8221;{}&#8221;]<\/p>\n<p>Spor k\u0131yafetleri ve okul kitaplar\u0131<\/p>\n<p>[\/et_pb_blurb][et_pb_blurb use_icon=&#8221;on&#8221; font_icon=&#8221;&#xe051;||divi||400&#8243; icon_color=&#8221;#E31622&#8243; icon_placement=&#8221;left&#8221; _builder_version=&#8221;4.19.2&#8243; _module_preset=&#8221;default&#8221; body_text_align=&#8221;left&#8221; body_font_size=&#8221;20px&#8221; global_colors_info=&#8221;{}&#8221;]<\/p>\n<p>Ge\u00e7 \u00f6demeler, icra \u00fccretleri, tahsilat masraflar\u0131<\/p>\n<p>[\/et_pb_blurb][et_pb_blurb use_icon=&#8221;on&#8221; font_icon=&#8221;&#xe051;||divi||400&#8243; icon_color=&#8221;#E31622&#8243; icon_placement=&#8221;left&#8221; _builder_version=&#8221;4.19.2&#8243; _module_preset=&#8221;default&#8221; body_text_align=&#8221;left&#8221; body_font_size=&#8221;20px&#8221; global_colors_info=&#8221;{}&#8221;]<\/p>\n<p>Aile veya akrabalarla d\u00fczenli tatiller<\/p>\n<p>[\/et_pb_blurb][et_pb_blurb use_icon=&#8221;on&#8221; font_icon=&#8221;&#xe051;||divi||400&#8243; icon_color=&#8221;#E31622&#8243; icon_placement=&#8221;left&#8221; _builder_version=&#8221;4.19.2&#8243; _module_preset=&#8221;default&#8221; body_text_align=&#8221;left&#8221; body_font_size=&#8221;20px&#8221; global_colors_info=&#8221;{}&#8221;]<\/p>\n<p>\u00d6zel okul gezileri<\/p>\n<p>[\/et_pb_blurb][et_pb_blurb use_icon=&#8221;on&#8221; font_icon=&#8221;&#xe051;||divi||400&#8243; icon_color=&#8221;#E31622&#8243; icon_placement=&#8221;left&#8221; _builder_version=&#8221;4.19.2&#8243; _module_preset=&#8221;default&#8221; body_text_align=&#8221;left&#8221; body_font_size=&#8221;20px&#8221; global_colors_info=&#8221;{}&#8221;]<\/p>\n<p>Ki\u015fisel hediyeler ve \u00f6zel hayata ili\u015fkin e\u015fyalar<\/p>\n<p>[\/et_pb_blurb][et_pb_blurb use_icon=&#8221;on&#8221; font_icon=&#8221;&#xe051;||divi||400&#8243; icon_color=&#8221;#E31622&#8243; icon_placement=&#8221;left&#8221; _builder_version=&#8221;4.19.2&#8243; _module_preset=&#8221;default&#8221; body_text_align=&#8221;left&#8221; body_font_size=&#8221;20px&#8221; global_colors_info=&#8221;{}&#8221;]<\/p>\n<p>Spor giyim ve spor ayakkab\u0131lar<\/p>\n<p>[\/et_pb_blurb][et_pb_blurb use_icon=&#8221;on&#8221; font_icon=&#8221;&#xe051;||divi||400&#8243; icon_color=&#8221;#E31622&#8243; icon_placement=&#8221;left&#8221; _builder_version=&#8221;4.24.2&#8243; _module_preset=&#8221;default&#8221; body_text_align=&#8221;left&#8221; body_font_size=&#8221;20px&#8221; hover_enabled=&#8221;0&#8243; global_colors_info=&#8221;{}&#8221; sticky_enabled=&#8221;0&#8243;]<\/p>\n<p>\u00c7ocuk bisikletleri 6 ya\u015f\u0131na kadar<\/p>\n<p>[\/et_pb_blurb][\/et_pb_column][\/et_pb_row][\/et_pb_section]<\/p>\n","protected":false},"excerpt":{"rendered":"<p>Kimin i\u00e7in?Leergeld Lelystad taraf\u0131ndan sa\u011flanan destek, Lelystad belediyesinde ya\u015fayan ve ebeveynleri s\u0131n\u0131rl\u0131 gelire sahip olan 4 ila 18 ya\u015f aras\u0131 \u00e7ocuklara y\u00f6neliktir.Leergeld Lelystad taraf\u0131ndan bu ama\u00e7la kullan\u0131lan standart, sosyal yard\u0131m standard\u0131n\u0131n %150&#8217;sidir: &#8211; maksimum gelir bekar: 1925 \u20ac, &#8211; veya evli\/birlikte ya\u015fayan: 2751 \u20ac. Bor\u00e7lar\u0131n yeniden yap\u0131land\u0131r\u0131lmas\u0131 konusunda yard\u0131m alan ya da \u00e7ocuk bak\u0131m paras\u0131 [&hellip;]<\/p>\n","protected":false},"author":1,"featured_media":0,"parent":0,"menu_order":0,"comment_status":"closed","ping_status":"closed","template":"","meta":{"_et_pb_use_builder":"on","_et_pb_old_content":"","_et_gb_content_width":"","footnotes":""},"class_list":["post-3078","page","type-page","status-publish","hentry"],"yoast_head":"<!-- This site is optimized with the Yoast SEO plugin v27.4 - https:\/\/yoast.com\/product\/yoast-seo-wordpress\/ -->\n<title>Kimin i\u00e7in? - Leergeld Lelystad<\/title>\n<meta name=\"description\" content=\"Leergeld Lelystad kimler i\u00e7in tasarlanm\u0131\u015ft\u0131r? Leergeld Lelystad deste\u011fi, Lelystad belediyesinde ya\u015fayan ve ebeveynleri s\u0131n\u0131rl\u0131 gelire sahip olan 4 ila 18 ya\u015f aras\u0131 \u00e7ocuklara y\u00f6neliktir.\" \/>\n<meta name=\"robots\" content=\"index, follow, max-snippet:-1, max-image-preview:large, max-video-preview:-1\" \/>\n<link rel=\"canonical\" href=\"https:\/\/leergeld-lelystad.nl\/tr\/kimin-icin\/\" \/>\n<meta property=\"og:locale\" content=\"tr_TR\" \/>\n<meta property=\"og:type\" content=\"article\" \/>\n<meta property=\"og:title\" content=\"Kimin i\u00e7in? - Leergeld Lelystad\" \/>\n<meta property=\"og:description\" content=\"Leergeld Lelystad kimler i\u00e7in tasarlanm\u0131\u015ft\u0131r? Leergeld Lelystad deste\u011fi, Lelystad belediyesinde ya\u015fayan ve ebeveynleri s\u0131n\u0131rl\u0131 gelire sahip olan 4 ila 18 ya\u015f aras\u0131 \u00e7ocuklara y\u00f6neliktir.\" \/>\n<meta property=\"og:url\" content=\"https:\/\/leergeld-lelystad.nl\/tr\/kimin-icin\/\" \/>\n<meta property=\"og:site_name\" content=\"Leergeld Lelystad\" \/>\n<meta property=\"article:modified_time\" content=\"2025-02-19T11:09:15+00:00\" \/>\n<meta name=\"twitter:card\" content=\"summary_large_image\" \/>\n<meta name=\"twitter:label1\" content=\"Tahmini okuma s\u00fcresi\" \/>\n\t<meta name=\"twitter:data1\" content=\"6 dakika\" \/>\n<script type=\"application\/ld+json\" class=\"yoast-schema-graph\">{\"@context\":\"https:\\\/\\\/schema.org\",\"@graph\":[{\"@type\":\"WebPage\",\"@id\":\"https:\\\/\\\/leergeld-lelystad.nl\\\/tr\\\/kimin-icin\\\/\",\"url\":\"https:\\\/\\\/leergeld-lelystad.nl\\\/tr\\\/kimin-icin\\\/\",\"name\":\"Kimin i\u00e7in? - Leergeld Lelystad\",\"isPartOf\":{\"@id\":\"https:\\\/\\\/leergeld-lelystad.nl\\\/tr\\\/#website\"},\"datePublished\":\"2022-11-30T12:13:26+00:00\",\"dateModified\":\"2025-02-19T11:09:15+00:00\",\"description\":\"Leergeld Lelystad kimler i\u00e7in tasarlanm\u0131\u015ft\u0131r? Leergeld Lelystad deste\u011fi, Lelystad belediyesinde ya\u015fayan ve ebeveynleri s\u0131n\u0131rl\u0131 gelire sahip olan 4 ila 18 ya\u015f aras\u0131 \u00e7ocuklara y\u00f6neliktir.\",\"breadcrumb\":{\"@id\":\"https:\\\/\\\/leergeld-lelystad.nl\\\/tr\\\/kimin-icin\\\/#breadcrumb\"},\"inLanguage\":\"tr\",\"potentialAction\":[{\"@type\":\"ReadAction\",\"target\":[\"https:\\\/\\\/leergeld-lelystad.nl\\\/tr\\\/kimin-icin\\\/\"]}]},{\"@type\":\"BreadcrumbList\",\"@id\":\"https:\\\/\\\/leergeld-lelystad.nl\\\/tr\\\/kimin-icin\\\/#breadcrumb\",\"itemListElement\":[{\"@type\":\"ListItem\",\"position\":1,\"name\":\"Home\",\"item\":\"https:\\\/\\\/leergeld-lelystad.nl\\\/tr\\\/\"},{\"@type\":\"ListItem\",\"position\":2,\"name\":\"Kimin i\u00e7in?\"}]},{\"@type\":\"WebSite\",\"@id\":\"https:\\\/\\\/leergeld-lelystad.nl\\\/tr\\\/#website\",\"url\":\"https:\\\/\\\/leergeld-lelystad.nl\\\/tr\\\/\",\"name\":\"Leergeld Lelystad\",\"description\":\"Nu meedoen is straks meetellen\",\"publisher\":{\"@id\":\"https:\\\/\\\/leergeld-lelystad.nl\\\/tr\\\/#organization\"},\"potentialAction\":[{\"@type\":\"SearchAction\",\"target\":{\"@type\":\"EntryPoint\",\"urlTemplate\":\"https:\\\/\\\/leergeld-lelystad.nl\\\/tr\\\/?s={search_term_string}\"},\"query-input\":{\"@type\":\"PropertyValueSpecification\",\"valueRequired\":true,\"valueName\":\"search_term_string\"}}],\"inLanguage\":\"tr\"},{\"@type\":\"Organization\",\"@id\":\"https:\\\/\\\/leergeld-lelystad.nl\\\/tr\\\/#organization\",\"name\":\"Stichting Leergeld Lelystad\",\"url\":\"https:\\\/\\\/leergeld-lelystad.nl\\\/tr\\\/\",\"logo\":{\"@type\":\"ImageObject\",\"inLanguage\":\"tr\",\"@id\":\"https:\\\/\\\/leergeld-lelystad.nl\\\/tr\\\/#\\\/schema\\\/logo\\\/image\\\/\",\"url\":\"http:\\\/\\\/leergeld-lelystad.nl\\\/wp-content\\\/uploads\\\/2022\\\/11\\\/Leergeld-Lelystad-logo.png\",\"contentUrl\":\"http:\\\/\\\/leergeld-lelystad.nl\\\/wp-content\\\/uploads\\\/2022\\\/11\\\/Leergeld-Lelystad-logo.png\",\"width\":300,\"height\":300,\"caption\":\"Stichting Leergeld Lelystad\"},\"image\":{\"@id\":\"https:\\\/\\\/leergeld-lelystad.nl\\\/tr\\\/#\\\/schema\\\/logo\\\/image\\\/\"}}]}<\/script>\n<!-- \/ Yoast SEO plugin. -->","yoast_head_json":{"title":"Kimin i\u00e7in? - Leergeld Lelystad","description":"Leergeld Lelystad kimler i\u00e7in tasarlanm\u0131\u015ft\u0131r? Leergeld Lelystad deste\u011fi, Lelystad belediyesinde ya\u015fayan ve ebeveynleri s\u0131n\u0131rl\u0131 gelire sahip olan 4 ila 18 ya\u015f aras\u0131 \u00e7ocuklara y\u00f6neliktir.","robots":{"index":"index","follow":"follow","max-snippet":"max-snippet:-1","max-image-preview":"max-image-preview:large","max-video-preview":"max-video-preview:-1"},"canonical":"https:\/\/leergeld-lelystad.nl\/tr\/kimin-icin\/","og_locale":"tr_TR","og_type":"article","og_title":"Kimin i\u00e7in? - Leergeld Lelystad","og_description":"Leergeld Lelystad kimler i\u00e7in tasarlanm\u0131\u015ft\u0131r? Leergeld Lelystad deste\u011fi, Lelystad belediyesinde ya\u015fayan ve ebeveynleri s\u0131n\u0131rl\u0131 gelire sahip olan 4 ila 18 ya\u015f aras\u0131 \u00e7ocuklara y\u00f6neliktir.","og_url":"https:\/\/leergeld-lelystad.nl\/tr\/kimin-icin\/","og_site_name":"Leergeld Lelystad","article_modified_time":"2025-02-19T11:09:15+00:00","twitter_card":"summary_large_image","twitter_misc":{"Tahmini okuma s\u00fcresi":"6 dakika"},"schema":{"@context":"https:\/\/schema.org","@graph":[{"@type":"WebPage","@id":"https:\/\/leergeld-lelystad.nl\/tr\/kimin-icin\/","url":"https:\/\/leergeld-lelystad.nl\/tr\/kimin-icin\/","name":"Kimin i\u00e7in? - Leergeld Lelystad","isPartOf":{"@id":"https:\/\/leergeld-lelystad.nl\/tr\/#website"},"datePublished":"2022-11-30T12:13:26+00:00","dateModified":"2025-02-19T11:09:15+00:00","description":"Leergeld Lelystad kimler i\u00e7in tasarlanm\u0131\u015ft\u0131r? Leergeld Lelystad deste\u011fi, Lelystad belediyesinde ya\u015fayan ve ebeveynleri s\u0131n\u0131rl\u0131 gelire sahip olan 4 ila 18 ya\u015f aras\u0131 \u00e7ocuklara y\u00f6neliktir.","breadcrumb":{"@id":"https:\/\/leergeld-lelystad.nl\/tr\/kimin-icin\/#breadcrumb"},"inLanguage":"tr","potentialAction":[{"@type":"ReadAction","target":["https:\/\/leergeld-lelystad.nl\/tr\/kimin-icin\/"]}]},{"@type":"BreadcrumbList","@id":"https:\/\/leergeld-lelystad.nl\/tr\/kimin-icin\/#breadcrumb","itemListElement":[{"@type":"ListItem","position":1,"name":"Home","item":"https:\/\/leergeld-lelystad.nl\/tr\/"},{"@type":"ListItem","position":2,"name":"Kimin i\u00e7in?"}]},{"@type":"WebSite","@id":"https:\/\/leergeld-lelystad.nl\/tr\/#website","url":"https:\/\/leergeld-lelystad.nl\/tr\/","name":"Leergeld Lelystad","description":"Nu meedoen is straks meetellen","publisher":{"@id":"https:\/\/leergeld-lelystad.nl\/tr\/#organization"},"potentialAction":[{"@type":"SearchAction","target":{"@type":"EntryPoint","urlTemplate":"https:\/\/leergeld-lelystad.nl\/tr\/?s={search_term_string}"},"query-input":{"@type":"PropertyValueSpecification","valueRequired":true,"valueName":"search_term_string"}}],"inLanguage":"tr"},{"@type":"Organization","@id":"https:\/\/leergeld-lelystad.nl\/tr\/#organization","name":"Stichting Leergeld Lelystad","url":"https:\/\/leergeld-lelystad.nl\/tr\/","logo":{"@type":"ImageObject","inLanguage":"tr","@id":"https:\/\/leergeld-lelystad.nl\/tr\/#\/schema\/logo\/image\/","url":"http:\/\/leergeld-lelystad.nl\/wp-content\/uploads\/2022\/11\/Leergeld-Lelystad-logo.png","contentUrl":"http:\/\/leergeld-lelystad.nl\/wp-content\/uploads\/2022\/11\/Leergeld-Lelystad-logo.png","width":300,"height":300,"caption":"Stichting Leergeld Lelystad"},"image":{"@id":"https:\/\/leergeld-lelystad.nl\/tr\/#\/schema\/logo\/image\/"}}]}},"_links":{"self":[{"href":"https:\/\/leergeld-lelystad.nl\/tr\/wp-json\/wp\/v2\/pages\/3078","targetHints":{"allow":["GET"]}}],"collection":[{"href":"https:\/\/leergeld-lelystad.nl\/tr\/wp-json\/wp\/v2\/pages"}],"about":[{"href":"https:\/\/leergeld-lelystad.nl\/tr\/wp-json\/wp\/v2\/types\/page"}],"author":[{"embeddable":true,"href":"https:\/\/leergeld-lelystad.nl\/tr\/wp-json\/wp\/v2\/users\/1"}],"replies":[{"embeddable":true,"href":"https:\/\/leergeld-lelystad.nl\/tr\/wp-json\/wp\/v2\/comments?post=3078"}],"version-history":[{"count":1,"href":"https:\/\/leergeld-lelystad.nl\/tr\/wp-json\/wp\/v2\/pages\/3078\/revisions"}],"predecessor-version":[{"id":3081,"href":"https:\/\/leergeld-lelystad.nl\/tr\/wp-json\/wp\/v2\/pages\/3078\/revisions\/3081"}],"wp:attachment":[{"href":"https:\/\/leergeld-lelystad.nl\/tr\/wp-json\/wp\/v2\/media?parent=3078"}],"curies":[{"name":"wp","href":"https:\/\/api.w.org\/{rel}","templated":true}]}}