{"id":3010,"date":"2022-11-30T11:42:14","date_gmt":"2022-11-30T11:42:14","guid":{"rendered":"https:\/\/leergeld-lelystad.nl\/gorev\/"},"modified":"2025-02-19T11:09:05","modified_gmt":"2025-02-19T11:09:05","slug":"gorev","status":"publish","type":"page","link":"https:\/\/leergeld-lelystad.nl\/tr\/gorev\/","title":{"rendered":"G\u00f6rev"},"content":{"rendered":"<p>[et_pb_section fb_built=&#8221;1&#8243; _builder_version=&#8221;4.19.1&#8243; _module_preset=&#8221;default&#8221; global_colors_info=&#8221;{}&#8221;][et_pb_row _builder_version=&#8221;4.19.2&#8243; _module_preset=&#8221;default&#8221; custom_margin=&#8221;||||false|false&#8221; custom_padding=&#8221;||3px|||&#8221; global_colors_info=&#8221;{}&#8221;][et_pb_column type=&#8221;4_4&#8243; _builder_version=&#8221;4.19.1&#8243; _module_preset=&#8221;default&#8221; global_colors_info=&#8221;{}&#8221;][et_pb_text _builder_version=&#8221;4.19.2&#8243; _module_preset=&#8221;default&#8221; global_colors_info=&#8221;{}&#8221;]<\/p>\n<h1>M\u0130SYON<\/h1>\n<p>[\/et_pb_text][et_pb_divider color=&#8221;#E09900&#8243; divider_weight=&#8221;10px&#8221; _builder_version=&#8221;4.19.2&#8243; _module_preset=&#8221;default&#8221; width=&#8221;30%&#8221; custom_margin=&#8221;||2px|||&#8221; global_colors_info=&#8221;{}&#8221;][\/et_pb_divider][\/et_pb_column][\/et_pb_row][et_pb_row column_structure=&#8221;2_3,1_3&#8243; _builder_version=&#8221;4.19.2&#8243; _module_preset=&#8221;default&#8221; custom_margin=&#8221;||||false|false&#8221; custom_padding=&#8221;3px|||||&#8221; global_colors_info=&#8221;{}&#8221;][et_pb_column type=&#8221;2_3&#8243; _builder_version=&#8221;4.19.1&#8243; _module_preset=&#8221;default&#8221; global_colors_info=&#8221;{}&#8221;][et_pb_text _builder_version=&#8221;4.19.2&#8243; _module_preset=&#8221;default&#8221; text_line_height=&#8221;1.9em&#8221; global_colors_info=&#8221;{}&#8221;]<\/p>\n<p>Leergeld, ekstra destek olmadan toplumun kenarlar\u0131nda kalma tehlikesiyle kar\u015f\u0131 kar\u015f\u0131ya olan \u00e7ocuklar\u0131n kat\u0131l\u0131m\u0131na ve geli\u015fimine s\u00fcrd\u00fcr\u00fclebilir bir \u015fekilde yat\u0131r\u0131m yapmak istemektedir. Leergeld&#8217;in misyonu, asgari mali kaynaklara sahip ailelerden gelen \u00e7ocuklar\u0131n sosyal d\u0131\u015flanmas\u0131n\u0131 \u00f6nlemektir. <\/p>\n<p>Leergeld, 4 ila 18 ya\u015f aras\u0131ndaki \u00e7ocuklar\u0131n okul i\u00e7i ve okul d\u0131\u015f\u0131 faaliyetlere kat\u0131lmalar\u0131 i\u00e7in f\u0131rsatlar sunmaktad\u0131r. Bu sayede \u00e7ocuklar sosyal becerilerini ve bilgilerini m\u00fcmk\u00fcn olan en \u00fcst d\u00fczeyde geli\u015ftirebilmekte, b\u00f6ylece daha sonra birer yeti\u015fkin olarak topluma tam anlam\u0131yla kat\u0131labilmektedirler. <\/p>\n<p>Bu \u00e7ocuklar\u0131n d\u0131\u015flanmamas\u0131, toplumun daha sonra onlar i\u00e7in pahal\u0131 &#8220;\u00f6\u011frenim \u00fccretleri&#8221; \u00f6demesini \u00f6nleyecektir.<\/p>\n<p>Leergeld&#8217;in slogan\u0131 \u015fudur: &#8220;T\u00fcm \u00e7ocuklar kat\u0131labilir, \u00e7\u00fcnk\u00fc \u015fimdi kat\u0131lmak daha sonra saymakt\u0131r&#8221;.<\/p>\n<p>Leergeld&#8217;in uzun vadeli hedefi t\u00fcm \u00e7ocuklar\u0131n kat\u0131labilmesidir.<\/p>\n<p>[\/et_pb_text][\/et_pb_column][et_pb_column type=&#8221;1_3&#8243; _builder_version=&#8221;4.19.1&#8243; _module_preset=&#8221;default&#8221; global_colors_info=&#8221;{}&#8221;][et_pb_image src=&#8221;https:\/\/leergeld-lelystad.nl\/wp-content\/uploads\/2022\/11\/schoolbord-sq.jpg&#8221; title_text=&#8221;karatahta-sq&#8221; module_class=&#8221;circular&#8221; _builder_version=&#8221;4.19.2&#8243; _module_preset=&#8221;default&#8221; global_colors_info=&#8221;{}&#8221;][\/et_pb_image][\/et_pb_column][\/et_pb_row][\/et_pb_section]<\/p>\n","protected":false},"excerpt":{"rendered":"<p>M\u0130SYONLeergeld, ekstra destek olmadan toplumun kenarlar\u0131nda kalma tehlikesiyle kar\u015f\u0131 kar\u015f\u0131ya olan \u00e7ocuklar\u0131n kat\u0131l\u0131m\u0131na ve geli\u015fimine s\u00fcrd\u00fcr\u00fclebilir bir \u015fekilde yat\u0131r\u0131m yapmak istemektedir. Leergeld&#8217;in misyonu, asgari mali kaynaklara sahip ailelerden gelen \u00e7ocuklar\u0131n sosyal d\u0131\u015flanmas\u0131n\u0131 \u00f6nlemektir. Leergeld, 4 ila 18 ya\u015f aras\u0131ndaki \u00e7ocuklar\u0131n okul i\u00e7i ve okul d\u0131\u015f\u0131 faaliyetlere kat\u0131lmalar\u0131 i\u00e7in f\u0131rsatlar sunmaktad\u0131r. Bu sayede \u00e7ocuklar sosyal becerilerini [&hellip;]<\/p>\n","protected":false},"author":1,"featured_media":0,"parent":0,"menu_order":0,"comment_status":"closed","ping_status":"closed","template":"","meta":{"_et_pb_use_builder":"on","_et_pb_old_content":"","_et_gb_content_width":"","footnotes":""},"class_list":["post-3010","page","type-page","status-publish","hentry"],"yoast_head":"<!-- This site is optimized with the Yoast SEO plugin v27.4 - https:\/\/yoast.com\/product\/yoast-seo-wordpress\/ -->\n<title>G\u00f6rev - Leergeld Lelystad<\/title>\n<meta name=\"description\" content=\"Leergeld Lelystad&#039;\u0131n Misyonu. Leergeld, 4 ila 18 ya\u015f aras\u0131 \u00e7ocuklar\u0131n okul i\u00e7i ve okul d\u0131\u015f\u0131 faaliyetlere kat\u0131lmalar\u0131 i\u00e7in f\u0131rsatlar sunmaktad\u0131r.\" \/>\n<meta name=\"robots\" content=\"index, follow, max-snippet:-1, max-image-preview:large, max-video-preview:-1\" \/>\n<link rel=\"canonical\" href=\"https:\/\/leergeld-lelystad.nl\/tr\/gorev\/\" \/>\n<meta property=\"og:locale\" content=\"tr_TR\" \/>\n<meta property=\"og:type\" content=\"article\" \/>\n<meta property=\"og:title\" content=\"G\u00f6rev - Leergeld Lelystad\" \/>\n<meta property=\"og:description\" content=\"Leergeld Lelystad&#039;\u0131n Misyonu. Leergeld, 4 ila 18 ya\u015f aras\u0131 \u00e7ocuklar\u0131n okul i\u00e7i ve okul d\u0131\u015f\u0131 faaliyetlere kat\u0131lmalar\u0131 i\u00e7in f\u0131rsatlar sunmaktad\u0131r.\" \/>\n<meta property=\"og:url\" content=\"https:\/\/leergeld-lelystad.nl\/tr\/gorev\/\" \/>\n<meta property=\"og:site_name\" content=\"Leergeld Lelystad\" \/>\n<meta property=\"article:modified_time\" content=\"2025-02-19T11:09:05+00:00\" \/>\n<meta name=\"twitter:card\" content=\"summary_large_image\" \/>\n<meta name=\"twitter:label1\" content=\"Tahmini okuma s\u00fcresi\" \/>\n\t<meta name=\"twitter:data1\" content=\"2 dakika\" \/>\n<script type=\"application\/ld+json\" class=\"yoast-schema-graph\">{\"@context\":\"https:\\\/\\\/schema.org\",\"@graph\":[{\"@type\":\"WebPage\",\"@id\":\"https:\\\/\\\/leergeld-lelystad.nl\\\/tr\\\/gorev\\\/\",\"url\":\"https:\\\/\\\/leergeld-lelystad.nl\\\/tr\\\/gorev\\\/\",\"name\":\"G\u00f6rev - Leergeld Lelystad\",\"isPartOf\":{\"@id\":\"https:\\\/\\\/leergeld-lelystad.nl\\\/tr\\\/#website\"},\"datePublished\":\"2022-11-30T11:42:14+00:00\",\"dateModified\":\"2025-02-19T11:09:05+00:00\",\"description\":\"Leergeld Lelystad'\u0131n Misyonu. Leergeld, 4 ila 18 ya\u015f aras\u0131 \u00e7ocuklar\u0131n okul i\u00e7i ve okul d\u0131\u015f\u0131 faaliyetlere kat\u0131lmalar\u0131 i\u00e7in f\u0131rsatlar sunmaktad\u0131r.\",\"breadcrumb\":{\"@id\":\"https:\\\/\\\/leergeld-lelystad.nl\\\/tr\\\/gorev\\\/#breadcrumb\"},\"inLanguage\":\"tr\",\"potentialAction\":[{\"@type\":\"ReadAction\",\"target\":[\"https:\\\/\\\/leergeld-lelystad.nl\\\/tr\\\/gorev\\\/\"]}]},{\"@type\":\"BreadcrumbList\",\"@id\":\"https:\\\/\\\/leergeld-lelystad.nl\\\/tr\\\/gorev\\\/#breadcrumb\",\"itemListElement\":[{\"@type\":\"ListItem\",\"position\":1,\"name\":\"Home\",\"item\":\"https:\\\/\\\/leergeld-lelystad.nl\\\/tr\\\/\"},{\"@type\":\"ListItem\",\"position\":2,\"name\":\"G\u00f6rev\"}]},{\"@type\":\"WebSite\",\"@id\":\"https:\\\/\\\/leergeld-lelystad.nl\\\/tr\\\/#website\",\"url\":\"https:\\\/\\\/leergeld-lelystad.nl\\\/tr\\\/\",\"name\":\"Leergeld Lelystad\",\"description\":\"Nu meedoen is straks meetellen\",\"publisher\":{\"@id\":\"https:\\\/\\\/leergeld-lelystad.nl\\\/tr\\\/#organization\"},\"potentialAction\":[{\"@type\":\"SearchAction\",\"target\":{\"@type\":\"EntryPoint\",\"urlTemplate\":\"https:\\\/\\\/leergeld-lelystad.nl\\\/tr\\\/?s={search_term_string}\"},\"query-input\":{\"@type\":\"PropertyValueSpecification\",\"valueRequired\":true,\"valueName\":\"search_term_string\"}}],\"inLanguage\":\"tr\"},{\"@type\":\"Organization\",\"@id\":\"https:\\\/\\\/leergeld-lelystad.nl\\\/tr\\\/#organization\",\"name\":\"Stichting Leergeld Lelystad\",\"url\":\"https:\\\/\\\/leergeld-lelystad.nl\\\/tr\\\/\",\"logo\":{\"@type\":\"ImageObject\",\"inLanguage\":\"tr\",\"@id\":\"https:\\\/\\\/leergeld-lelystad.nl\\\/tr\\\/#\\\/schema\\\/logo\\\/image\\\/\",\"url\":\"http:\\\/\\\/leergeld-lelystad.nl\\\/wp-content\\\/uploads\\\/2022\\\/11\\\/Leergeld-Lelystad-logo.png\",\"contentUrl\":\"http:\\\/\\\/leergeld-lelystad.nl\\\/wp-content\\\/uploads\\\/2022\\\/11\\\/Leergeld-Lelystad-logo.png\",\"width\":300,\"height\":300,\"caption\":\"Stichting Leergeld Lelystad\"},\"image\":{\"@id\":\"https:\\\/\\\/leergeld-lelystad.nl\\\/tr\\\/#\\\/schema\\\/logo\\\/image\\\/\"}}]}<\/script>\n<!-- \/ Yoast SEO plugin. -->","yoast_head_json":{"title":"G\u00f6rev - Leergeld Lelystad","description":"Leergeld Lelystad'\u0131n Misyonu. Leergeld, 4 ila 18 ya\u015f aras\u0131 \u00e7ocuklar\u0131n okul i\u00e7i ve okul d\u0131\u015f\u0131 faaliyetlere kat\u0131lmalar\u0131 i\u00e7in f\u0131rsatlar sunmaktad\u0131r.","robots":{"index":"index","follow":"follow","max-snippet":"max-snippet:-1","max-image-preview":"max-image-preview:large","max-video-preview":"max-video-preview:-1"},"canonical":"https:\/\/leergeld-lelystad.nl\/tr\/gorev\/","og_locale":"tr_TR","og_type":"article","og_title":"G\u00f6rev - Leergeld Lelystad","og_description":"Leergeld Lelystad'\u0131n Misyonu. Leergeld, 4 ila 18 ya\u015f aras\u0131 \u00e7ocuklar\u0131n okul i\u00e7i ve okul d\u0131\u015f\u0131 faaliyetlere kat\u0131lmalar\u0131 i\u00e7in f\u0131rsatlar sunmaktad\u0131r.","og_url":"https:\/\/leergeld-lelystad.nl\/tr\/gorev\/","og_site_name":"Leergeld Lelystad","article_modified_time":"2025-02-19T11:09:05+00:00","twitter_card":"summary_large_image","twitter_misc":{"Tahmini okuma s\u00fcresi":"2 dakika"},"schema":{"@context":"https:\/\/schema.org","@graph":[{"@type":"WebPage","@id":"https:\/\/leergeld-lelystad.nl\/tr\/gorev\/","url":"https:\/\/leergeld-lelystad.nl\/tr\/gorev\/","name":"G\u00f6rev - Leergeld Lelystad","isPartOf":{"@id":"https:\/\/leergeld-lelystad.nl\/tr\/#website"},"datePublished":"2022-11-30T11:42:14+00:00","dateModified":"2025-02-19T11:09:05+00:00","description":"Leergeld Lelystad'\u0131n Misyonu. Leergeld, 4 ila 18 ya\u015f aras\u0131 \u00e7ocuklar\u0131n okul i\u00e7i ve okul d\u0131\u015f\u0131 faaliyetlere kat\u0131lmalar\u0131 i\u00e7in f\u0131rsatlar sunmaktad\u0131r.","breadcrumb":{"@id":"https:\/\/leergeld-lelystad.nl\/tr\/gorev\/#breadcrumb"},"inLanguage":"tr","potentialAction":[{"@type":"ReadAction","target":["https:\/\/leergeld-lelystad.nl\/tr\/gorev\/"]}]},{"@type":"BreadcrumbList","@id":"https:\/\/leergeld-lelystad.nl\/tr\/gorev\/#breadcrumb","itemListElement":[{"@type":"ListItem","position":1,"name":"Home","item":"https:\/\/leergeld-lelystad.nl\/tr\/"},{"@type":"ListItem","position":2,"name":"G\u00f6rev"}]},{"@type":"WebSite","@id":"https:\/\/leergeld-lelystad.nl\/tr\/#website","url":"https:\/\/leergeld-lelystad.nl\/tr\/","name":"Leergeld Lelystad","description":"Nu meedoen is straks meetellen","publisher":{"@id":"https:\/\/leergeld-lelystad.nl\/tr\/#organization"},"potentialAction":[{"@type":"SearchAction","target":{"@type":"EntryPoint","urlTemplate":"https:\/\/leergeld-lelystad.nl\/tr\/?s={search_term_string}"},"query-input":{"@type":"PropertyValueSpecification","valueRequired":true,"valueName":"search_term_string"}}],"inLanguage":"tr"},{"@type":"Organization","@id":"https:\/\/leergeld-lelystad.nl\/tr\/#organization","name":"Stichting Leergeld Lelystad","url":"https:\/\/leergeld-lelystad.nl\/tr\/","logo":{"@type":"ImageObject","inLanguage":"tr","@id":"https:\/\/leergeld-lelystad.nl\/tr\/#\/schema\/logo\/image\/","url":"http:\/\/leergeld-lelystad.nl\/wp-content\/uploads\/2022\/11\/Leergeld-Lelystad-logo.png","contentUrl":"http:\/\/leergeld-lelystad.nl\/wp-content\/uploads\/2022\/11\/Leergeld-Lelystad-logo.png","width":300,"height":300,"caption":"Stichting Leergeld Lelystad"},"image":{"@id":"https:\/\/leergeld-lelystad.nl\/tr\/#\/schema\/logo\/image\/"}}]}},"_links":{"self":[{"href":"https:\/\/leergeld-lelystad.nl\/tr\/wp-json\/wp\/v2\/pages\/3010","targetHints":{"allow":["GET"]}}],"collection":[{"href":"https:\/\/leergeld-lelystad.nl\/tr\/wp-json\/wp\/v2\/pages"}],"about":[{"href":"https:\/\/leergeld-lelystad.nl\/tr\/wp-json\/wp\/v2\/types\/page"}],"author":[{"embeddable":true,"href":"https:\/\/leergeld-lelystad.nl\/tr\/wp-json\/wp\/v2\/users\/1"}],"replies":[{"embeddable":true,"href":"https:\/\/leergeld-lelystad.nl\/tr\/wp-json\/wp\/v2\/comments?post=3010"}],"version-history":[{"count":8,"href":"https:\/\/leergeld-lelystad.nl\/tr\/wp-json\/wp\/v2\/pages\/3010\/revisions"}],"predecessor-version":[{"id":3063,"href":"https:\/\/leergeld-lelystad.nl\/tr\/wp-json\/wp\/v2\/pages\/3010\/revisions\/3063"}],"wp:attachment":[{"href":"https:\/\/leergeld-lelystad.nl\/tr\/wp-json\/wp\/v2\/media?parent=3010"}],"curies":[{"name":"wp","href":"https:\/\/api.w.org\/{rel}","templated":true}]}}