{"id":2997,"date":"2022-11-29T12:37:58","date_gmt":"2022-11-29T12:37:58","guid":{"rendered":"https:\/\/leergeld-lelystad.nl\/metodoloji\/"},"modified":"2022-11-29T12:37:58","modified_gmt":"2022-11-29T12:37:58","slug":"metodoloji","status":"publish","type":"page","link":"https:\/\/leergeld-lelystad.nl\/tr\/metodoloji\/","title":{"rendered":"Metodoloji"},"content":{"rendered":"","protected":false},"excerpt":{"rendered":"","protected":false},"author":1,"featured_media":0,"parent":0,"menu_order":0,"comment_status":"closed","ping_status":"closed","template":"","meta":{"_et_pb_use_builder":"on","_et_pb_old_content":"","_et_gb_content_width":"","footnotes":""},"class_list":["post-2997","page","type-page","status-publish","hentry"],"yoast_head":"<!-- This site is optimized with the Yoast SEO plugin v27.4 - https:\/\/yoast.com\/product\/yoast-seo-wordpress\/ -->\n<title>Metodoloji - Leergeld Lelystad<\/title>\n<meta name=\"description\" content=\"\u00c7al\u0131\u015fma y\u00f6ntemi Leergeld form\u00fcl\u00fc. Leergeld, \u00e7ocuklar\u0131n akranlar\u0131yla birlikte yeniden kat\u0131l\u0131m\u0131n\u0131 sa\u011flamak i\u00e7in \u00f6zel bir \u00e7al\u0131\u015fma y\u00f6ntemi uygular: Leergeld form\u00fcl\u00fc.\" \/>\n<meta name=\"robots\" content=\"index, follow, max-snippet:-1, max-image-preview:large, max-video-preview:-1\" \/>\n<link rel=\"canonical\" href=\"https:\/\/leergeld-lelystad.nl\/tr\/metodoloji\/\" \/>\n<meta property=\"og:locale\" content=\"tr_TR\" \/>\n<meta property=\"og:type\" content=\"article\" \/>\n<meta property=\"og:title\" content=\"Metodoloji - Leergeld Lelystad\" \/>\n<meta property=\"og:description\" content=\"\u00c7al\u0131\u015fma y\u00f6ntemi Leergeld form\u00fcl\u00fc. Leergeld, \u00e7ocuklar\u0131n akranlar\u0131yla birlikte yeniden kat\u0131l\u0131m\u0131n\u0131 sa\u011flamak i\u00e7in \u00f6zel bir \u00e7al\u0131\u015fma y\u00f6ntemi uygular: Leergeld form\u00fcl\u00fc.\" \/>\n<meta property=\"og:url\" content=\"https:\/\/leergeld-lelystad.nl\/tr\/metodoloji\/\" \/>\n<meta property=\"og:site_name\" content=\"Leergeld Lelystad\" \/>\n<meta name=\"twitter:card\" content=\"summary_large_image\" \/>\n<script type=\"application\/ld+json\" class=\"yoast-schema-graph\">{\"@context\":\"https:\\\/\\\/schema.org\",\"@graph\":[{\"@type\":\"WebPage\",\"@id\":\"https:\\\/\\\/leergeld-lelystad.nl\\\/tr\\\/metodoloji\\\/\",\"url\":\"https:\\\/\\\/leergeld-lelystad.nl\\\/tr\\\/metodoloji\\\/\",\"name\":\"Metodoloji - Leergeld Lelystad\",\"isPartOf\":{\"@id\":\"https:\\\/\\\/leergeld-lelystad.nl\\\/tr\\\/#website\"},\"datePublished\":\"2022-11-29T12:37:58+00:00\",\"description\":\"\u00c7al\u0131\u015fma y\u00f6ntemi Leergeld form\u00fcl\u00fc. Leergeld, \u00e7ocuklar\u0131n akranlar\u0131yla birlikte yeniden kat\u0131l\u0131m\u0131n\u0131 sa\u011flamak i\u00e7in \u00f6zel bir \u00e7al\u0131\u015fma y\u00f6ntemi uygular: Leergeld form\u00fcl\u00fc.\",\"breadcrumb\":{\"@id\":\"https:\\\/\\\/leergeld-lelystad.nl\\\/tr\\\/metodoloji\\\/#breadcrumb\"},\"inLanguage\":\"tr\",\"potentialAction\":[{\"@type\":\"ReadAction\",\"target\":[\"https:\\\/\\\/leergeld-lelystad.nl\\\/tr\\\/metodoloji\\\/\"]}]},{\"@type\":\"BreadcrumbList\",\"@id\":\"https:\\\/\\\/leergeld-lelystad.nl\\\/tr\\\/metodoloji\\\/#breadcrumb\",\"itemListElement\":[{\"@type\":\"ListItem\",\"position\":1,\"name\":\"Home\",\"item\":\"https:\\\/\\\/leergeld-lelystad.nl\\\/tr\\\/\"},{\"@type\":\"ListItem\",\"position\":2,\"name\":\"Metodoloji\"}]},{\"@type\":\"WebSite\",\"@id\":\"https:\\\/\\\/leergeld-lelystad.nl\\\/tr\\\/#website\",\"url\":\"https:\\\/\\\/leergeld-lelystad.nl\\\/tr\\\/\",\"name\":\"Leergeld Lelystad\",\"description\":\"Nu meedoen is straks meetellen\",\"publisher\":{\"@id\":\"https:\\\/\\\/leergeld-lelystad.nl\\\/tr\\\/#organization\"},\"potentialAction\":[{\"@type\":\"SearchAction\",\"target\":{\"@type\":\"EntryPoint\",\"urlTemplate\":\"https:\\\/\\\/leergeld-lelystad.nl\\\/tr\\\/?s={search_term_string}\"},\"query-input\":{\"@type\":\"PropertyValueSpecification\",\"valueRequired\":true,\"valueName\":\"search_term_string\"}}],\"inLanguage\":\"tr\"},{\"@type\":\"Organization\",\"@id\":\"https:\\\/\\\/leergeld-lelystad.nl\\\/tr\\\/#organization\",\"name\":\"Stichting Leergeld Lelystad\",\"url\":\"https:\\\/\\\/leergeld-lelystad.nl\\\/tr\\\/\",\"logo\":{\"@type\":\"ImageObject\",\"inLanguage\":\"tr\",\"@id\":\"https:\\\/\\\/leergeld-lelystad.nl\\\/tr\\\/#\\\/schema\\\/logo\\\/image\\\/\",\"url\":\"http:\\\/\\\/leergeld-lelystad.nl\\\/wp-content\\\/uploads\\\/2022\\\/11\\\/Leergeld-Lelystad-logo.png\",\"contentUrl\":\"http:\\\/\\\/leergeld-lelystad.nl\\\/wp-content\\\/uploads\\\/2022\\\/11\\\/Leergeld-Lelystad-logo.png\",\"width\":300,\"height\":300,\"caption\":\"Stichting Leergeld Lelystad\"},\"image\":{\"@id\":\"https:\\\/\\\/leergeld-lelystad.nl\\\/tr\\\/#\\\/schema\\\/logo\\\/image\\\/\"}}]}<\/script>\n<!-- \/ Yoast SEO plugin. -->","yoast_head_json":{"title":"Metodoloji - Leergeld Lelystad","description":"\u00c7al\u0131\u015fma y\u00f6ntemi Leergeld form\u00fcl\u00fc. Leergeld, \u00e7ocuklar\u0131n akranlar\u0131yla birlikte yeniden kat\u0131l\u0131m\u0131n\u0131 sa\u011flamak i\u00e7in \u00f6zel bir \u00e7al\u0131\u015fma y\u00f6ntemi uygular: Leergeld form\u00fcl\u00fc.","robots":{"index":"index","follow":"follow","max-snippet":"max-snippet:-1","max-image-preview":"max-image-preview:large","max-video-preview":"max-video-preview:-1"},"canonical":"https:\/\/leergeld-lelystad.nl\/tr\/metodoloji\/","og_locale":"tr_TR","og_type":"article","og_title":"Metodoloji - Leergeld Lelystad","og_description":"\u00c7al\u0131\u015fma y\u00f6ntemi Leergeld form\u00fcl\u00fc. Leergeld, \u00e7ocuklar\u0131n akranlar\u0131yla birlikte yeniden kat\u0131l\u0131m\u0131n\u0131 sa\u011flamak i\u00e7in \u00f6zel bir \u00e7al\u0131\u015fma y\u00f6ntemi uygular: Leergeld form\u00fcl\u00fc.","og_url":"https:\/\/leergeld-lelystad.nl\/tr\/metodoloji\/","og_site_name":"Leergeld Lelystad","twitter_card":"summary_large_image","schema":{"@context":"https:\/\/schema.org","@graph":[{"@type":"WebPage","@id":"https:\/\/leergeld-lelystad.nl\/tr\/metodoloji\/","url":"https:\/\/leergeld-lelystad.nl\/tr\/metodoloji\/","name":"Metodoloji - Leergeld Lelystad","isPartOf":{"@id":"https:\/\/leergeld-lelystad.nl\/tr\/#website"},"datePublished":"2022-11-29T12:37:58+00:00","description":"\u00c7al\u0131\u015fma y\u00f6ntemi Leergeld form\u00fcl\u00fc. Leergeld, \u00e7ocuklar\u0131n akranlar\u0131yla birlikte yeniden kat\u0131l\u0131m\u0131n\u0131 sa\u011flamak i\u00e7in \u00f6zel bir \u00e7al\u0131\u015fma y\u00f6ntemi uygular: Leergeld form\u00fcl\u00fc.","breadcrumb":{"@id":"https:\/\/leergeld-lelystad.nl\/tr\/metodoloji\/#breadcrumb"},"inLanguage":"tr","potentialAction":[{"@type":"ReadAction","target":["https:\/\/leergeld-lelystad.nl\/tr\/metodoloji\/"]}]},{"@type":"BreadcrumbList","@id":"https:\/\/leergeld-lelystad.nl\/tr\/metodoloji\/#breadcrumb","itemListElement":[{"@type":"ListItem","position":1,"name":"Home","item":"https:\/\/leergeld-lelystad.nl\/tr\/"},{"@type":"ListItem","position":2,"name":"Metodoloji"}]},{"@type":"WebSite","@id":"https:\/\/leergeld-lelystad.nl\/tr\/#website","url":"https:\/\/leergeld-lelystad.nl\/tr\/","name":"Leergeld Lelystad","description":"Nu meedoen is straks meetellen","publisher":{"@id":"https:\/\/leergeld-lelystad.nl\/tr\/#organization"},"potentialAction":[{"@type":"SearchAction","target":{"@type":"EntryPoint","urlTemplate":"https:\/\/leergeld-lelystad.nl\/tr\/?s={search_term_string}"},"query-input":{"@type":"PropertyValueSpecification","valueRequired":true,"valueName":"search_term_string"}}],"inLanguage":"tr"},{"@type":"Organization","@id":"https:\/\/leergeld-lelystad.nl\/tr\/#organization","name":"Stichting Leergeld Lelystad","url":"https:\/\/leergeld-lelystad.nl\/tr\/","logo":{"@type":"ImageObject","inLanguage":"tr","@id":"https:\/\/leergeld-lelystad.nl\/tr\/#\/schema\/logo\/image\/","url":"http:\/\/leergeld-lelystad.nl\/wp-content\/uploads\/2022\/11\/Leergeld-Lelystad-logo.png","contentUrl":"http:\/\/leergeld-lelystad.nl\/wp-content\/uploads\/2022\/11\/Leergeld-Lelystad-logo.png","width":300,"height":300,"caption":"Stichting Leergeld Lelystad"},"image":{"@id":"https:\/\/leergeld-lelystad.nl\/tr\/#\/schema\/logo\/image\/"}}]}},"_links":{"self":[{"href":"https:\/\/leergeld-lelystad.nl\/tr\/wp-json\/wp\/v2\/pages\/2997","targetHints":{"allow":["GET"]}}],"collection":[{"href":"https:\/\/leergeld-lelystad.nl\/tr\/wp-json\/wp\/v2\/pages"}],"about":[{"href":"https:\/\/leergeld-lelystad.nl\/tr\/wp-json\/wp\/v2\/types\/page"}],"author":[{"embeddable":true,"href":"https:\/\/leergeld-lelystad.nl\/tr\/wp-json\/wp\/v2\/users\/1"}],"replies":[{"embeddable":true,"href":"https:\/\/leergeld-lelystad.nl\/tr\/wp-json\/wp\/v2\/comments?post=2997"}],"version-history":[{"count":0,"href":"https:\/\/leergeld-lelystad.nl\/tr\/wp-json\/wp\/v2\/pages\/2997\/revisions"}],"wp:attachment":[{"href":"https:\/\/leergeld-lelystad.nl\/tr\/wp-json\/wp\/v2\/media?parent=2997"}],"curies":[{"name":"wp","href":"https:\/\/api.w.org\/{rel}","templated":true}]}}