{"id":2916,"date":"2023-01-04T08:56:26","date_gmt":"2023-01-04T08:56:26","guid":{"rendered":"https:\/\/leergeld-lelystad.nl\/etki\/"},"modified":"2025-02-19T11:06:33","modified_gmt":"2025-02-19T11:06:33","slug":"etki","status":"publish","type":"page","link":"https:\/\/leergeld-lelystad.nl\/tr\/etki\/","title":{"rendered":"Etki"},"content":{"rendered":"\n\n[et_pb_section fb_built=&#8221;1&#8243; _builder_version=&#8221;4.19.1&#8243; _module_preset=&#8221;default&#8221; global_colors_info=&#8221;{}&#8221;][et_pb_row _builder_version=&#8221;4.19.2&#8243; _module_preset=&#8221;default&#8221; custom_margin=&#8221;||||false|false&#8221; custom_padding=&#8221;||3px|||&#8221; global_colors_info=&#8221;{}&#8221;][et_pb_column type=&#8221;4_4&#8243; _builder_version=&#8221;4.19.1&#8243; _module_preset=&#8221;default&#8221; global_colors_info=&#8221;{}&#8221;][et_pb_text _builder_version=&#8221;4.19.3&#8243; _module_preset=&#8221;default&#8221; hover_enabled=&#8221;0&#8243; global_colors_info=&#8221;{}&#8221; sticky_enabled=&#8221;0&#8243;]<h1>Leergeld&#8217;in sosyal etkisi var<\/h1>[\/et_pb_text][et_pb_divider color=&#8221;#E09900&#8243; divider_weight=&#8221;10px&#8221; _builder_version=&#8221;4.19.2&#8243; _module_preset=&#8221;default&#8221; width=&#8221;30%&#8221; custom_margin=&#8221;||2px|||&#8221; global_colors_info=&#8221;{}&#8221;][\/et_pb_divider][\/et_pb_column][\/et_pb_row][et_pb_row column_structure=&#8221;2_3,1_3&#8243; _builder_version=&#8221;4.19.2&#8243; _module_preset=&#8221;default&#8221; custom_margin=&#8221;||||false|false&#8221; custom_padding=&#8221;3px|||||&#8221; global_colors_info=&#8221;{}&#8221;][et_pb_column type=&#8221;2_3&#8243; _builder_version=&#8221;4.19.1&#8243; _module_preset=&#8221;default&#8221; global_colors_info=&#8221;{}&#8221;][et_pb_text _builder_version=&#8221;4.19.3&#8243; _module_preset=&#8221;default&#8221; text_line_height=&#8221;1.9em&#8221; hover_enabled=&#8221;0&#8243; global_colors_info=&#8221;{}&#8221; sticky_enabled=&#8221;0&#8243;]<p>Leergeld&#8217;in \u00e7al\u0131\u015fmalar\u0131 sadece \u00e7ocuklar \u00fczerinde do\u011frudan bir etkiye sahip olmakla kalm\u0131yor, ayn\u0131 zamanda katma sosyal de\u011fer (etki) de sa\u011fl\u0131yor. Bir sosyal yat\u0131r\u0131m getirisi (SROI) ara\u015ft\u0131rmas\u0131, Leergeld&#8217;e yat\u0131r\u0131lan her Avronun topluma 2,00 ila 8,00 Avro aras\u0131nda getiri sa\u011flad\u0131\u011f\u0131n\u0131 g\u00f6stermi\u015ftir.<\/p>\n<p>Ayr\u0131ca Leergeld, minimabeleid \u00fczerinde tamamlay\u0131c\u0131 bir etkiye sahip oldu\u011fundan (yerel) h\u00fck\u00fcmet i\u00e7in de de\u011fer yaratmaktad\u0131r. Leergeld, mevcut tesis ve kurumlardan daha iyi yararlan\u0131lmas\u0131n\u0131 ve bu kurumlara eri\u015fim sa\u011flanmas\u0131n\u0131 temin eder.<\/p>[\/et_pb_text][\/et_pb_column][et_pb_column type=&#8221;1_3&#8243; _builder_version=&#8221;4.19.1&#8243; _module_preset=&#8221;default&#8221; global_colors_info=&#8221;{}&#8221;][et_pb_image src=&#8221;http:\/\/leergeld-lelystad.nl\/wp-content\/uploads\/2022\/11\/Werkwijze.jpg&#8221; title_text=&#8221;Metodoloji&#8221; module_class=&#8221;circular&#8221; _builder_version=&#8221;4.19.3&#8243; _module_preset=&#8221;default&#8221; hover_enabled=&#8221;0&#8243; global_colors_info=&#8221;{}&#8221; sticky_enabled=&#8221;0&#8243;][\/et_pb_image][\/et_pb_column][\/et_pb_row][\/et_pb_section]\n\n","protected":false},"excerpt":{"rendered":"<p>Leergeld&#8217;in sosyal etkisi varLeergeld&#8217;in \u00e7al\u0131\u015fmalar\u0131 sadece \u00e7ocuklar \u00fczerinde do\u011frudan bir etkiye sahip olmakla kalm\u0131yor, ayn\u0131 zamanda katma sosyal de\u011fer (etki) de sa\u011fl\u0131yor. Bir sosyal yat\u0131r\u0131m getirisi (SROI) ara\u015ft\u0131rmas\u0131, Leergeld&#8217;e yat\u0131r\u0131lan her Avronun topluma 2,00 ila 8,00 Avro aras\u0131nda getiri sa\u011flad\u0131\u011f\u0131n\u0131 g\u00f6stermi\u015ftir. Ayr\u0131ca Leergeld, minimabeleid \u00fczerinde tamamlay\u0131c\u0131 bir etkiye sahip oldu\u011fundan (yerel) h\u00fck\u00fcmet i\u00e7in de de\u011fer [&hellip;]<\/p>\n","protected":false},"author":1,"featured_media":0,"parent":0,"menu_order":0,"comment_status":"closed","ping_status":"closed","template":"","meta":{"_et_pb_use_builder":"on","_et_pb_old_content":"","_et_gb_content_width":"","footnotes":""},"class_list":["post-2916","page","type-page","status-publish","hentry"],"yoast_head":"<!-- This site is optimized with the Yoast SEO plugin v27.4 - https:\/\/yoast.com\/product\/yoast-seo-wordpress\/ -->\n<title>Etki - Leergeld Lelystad<\/title>\n<meta name=\"description\" content=\"Leergeld Lelystad&#039;\u0131n etkisi. Leergeld&#039;in \u00e7al\u0131\u015fmalar\u0131 sadece \u00e7ocuklar \u00fczerinde do\u011frudan bir etkiye sahip olmakla kalm\u0131yor, ayn\u0131 zamanda katma sosyal de\u011fer (etki) de sa\u011fl\u0131yor. Bir sosyal yat\u0131r\u0131m getirisi (SROI) ara\u015ft\u0131rmas\u0131, Leergeld&#039;e yat\u0131r\u0131lan her Avronun topluma 2,00 ila 8,00 Avro aras\u0131nda getiri sa\u011flad\u0131\u011f\u0131n\u0131 g\u00f6stermi\u015ftir.\" \/>\n<meta name=\"robots\" content=\"index, follow, max-snippet:-1, max-image-preview:large, max-video-preview:-1\" \/>\n<link rel=\"canonical\" href=\"https:\/\/leergeld-lelystad.nl\/tr\/etki\/\" \/>\n<meta property=\"og:locale\" content=\"tr_TR\" \/>\n<meta property=\"og:type\" content=\"article\" \/>\n<meta property=\"og:title\" content=\"Etki - Leergeld Lelystad\" \/>\n<meta property=\"og:description\" content=\"Leergeld Lelystad&#039;\u0131n etkisi. Leergeld&#039;in \u00e7al\u0131\u015fmalar\u0131 sadece \u00e7ocuklar \u00fczerinde do\u011frudan bir etkiye sahip olmakla kalm\u0131yor, ayn\u0131 zamanda katma sosyal de\u011fer (etki) de sa\u011fl\u0131yor. Bir sosyal yat\u0131r\u0131m getirisi (SROI) ara\u015ft\u0131rmas\u0131, Leergeld&#039;e yat\u0131r\u0131lan her Avronun topluma 2,00 ila 8,00 Avro aras\u0131nda getiri sa\u011flad\u0131\u011f\u0131n\u0131 g\u00f6stermi\u015ftir.\" \/>\n<meta property=\"og:url\" content=\"https:\/\/leergeld-lelystad.nl\/tr\/etki\/\" \/>\n<meta property=\"og:site_name\" content=\"Leergeld Lelystad\" \/>\n<meta property=\"article:modified_time\" content=\"2025-02-19T11:06:33+00:00\" \/>\n<meta name=\"twitter:card\" content=\"summary_large_image\" \/>\n<meta name=\"twitter:label1\" content=\"Tahmini okuma s\u00fcresi\" \/>\n\t<meta name=\"twitter:data1\" content=\"2 dakika\" \/>\n<script type=\"application\/ld+json\" class=\"yoast-schema-graph\">{\"@context\":\"https:\\\/\\\/schema.org\",\"@graph\":[{\"@type\":\"WebPage\",\"@id\":\"https:\\\/\\\/leergeld-lelystad.nl\\\/tr\\\/etki\\\/\",\"url\":\"https:\\\/\\\/leergeld-lelystad.nl\\\/tr\\\/etki\\\/\",\"name\":\"Etki - Leergeld Lelystad\",\"isPartOf\":{\"@id\":\"https:\\\/\\\/leergeld-lelystad.nl\\\/tr\\\/#website\"},\"datePublished\":\"2023-01-04T08:56:26+00:00\",\"dateModified\":\"2025-02-19T11:06:33+00:00\",\"description\":\"Leergeld Lelystad'\u0131n etkisi. Leergeld'in \u00e7al\u0131\u015fmalar\u0131 sadece \u00e7ocuklar \u00fczerinde do\u011frudan bir etkiye sahip olmakla kalm\u0131yor, ayn\u0131 zamanda katma sosyal de\u011fer (etki) de sa\u011fl\u0131yor. Bir sosyal yat\u0131r\u0131m getirisi (SROI) ara\u015ft\u0131rmas\u0131, Leergeld'e yat\u0131r\u0131lan her Avronun topluma 2,00 ila 8,00 Avro aras\u0131nda getiri sa\u011flad\u0131\u011f\u0131n\u0131 g\u00f6stermi\u015ftir.\",\"breadcrumb\":{\"@id\":\"https:\\\/\\\/leergeld-lelystad.nl\\\/tr\\\/etki\\\/#breadcrumb\"},\"inLanguage\":\"tr\",\"potentialAction\":[{\"@type\":\"ReadAction\",\"target\":[\"https:\\\/\\\/leergeld-lelystad.nl\\\/tr\\\/etki\\\/\"]}]},{\"@type\":\"BreadcrumbList\",\"@id\":\"https:\\\/\\\/leergeld-lelystad.nl\\\/tr\\\/etki\\\/#breadcrumb\",\"itemListElement\":[{\"@type\":\"ListItem\",\"position\":1,\"name\":\"Home\",\"item\":\"https:\\\/\\\/leergeld-lelystad.nl\\\/tr\\\/\"},{\"@type\":\"ListItem\",\"position\":2,\"name\":\"Etki\"}]},{\"@type\":\"WebSite\",\"@id\":\"https:\\\/\\\/leergeld-lelystad.nl\\\/tr\\\/#website\",\"url\":\"https:\\\/\\\/leergeld-lelystad.nl\\\/tr\\\/\",\"name\":\"Leergeld Lelystad\",\"description\":\"Nu meedoen is straks meetellen\",\"publisher\":{\"@id\":\"https:\\\/\\\/leergeld-lelystad.nl\\\/tr\\\/#organization\"},\"potentialAction\":[{\"@type\":\"SearchAction\",\"target\":{\"@type\":\"EntryPoint\",\"urlTemplate\":\"https:\\\/\\\/leergeld-lelystad.nl\\\/tr\\\/?s={search_term_string}\"},\"query-input\":{\"@type\":\"PropertyValueSpecification\",\"valueRequired\":true,\"valueName\":\"search_term_string\"}}],\"inLanguage\":\"tr\"},{\"@type\":\"Organization\",\"@id\":\"https:\\\/\\\/leergeld-lelystad.nl\\\/tr\\\/#organization\",\"name\":\"Stichting Leergeld Lelystad\",\"url\":\"https:\\\/\\\/leergeld-lelystad.nl\\\/tr\\\/\",\"logo\":{\"@type\":\"ImageObject\",\"inLanguage\":\"tr\",\"@id\":\"https:\\\/\\\/leergeld-lelystad.nl\\\/tr\\\/#\\\/schema\\\/logo\\\/image\\\/\",\"url\":\"http:\\\/\\\/leergeld-lelystad.nl\\\/wp-content\\\/uploads\\\/2022\\\/11\\\/Leergeld-Lelystad-logo.png\",\"contentUrl\":\"http:\\\/\\\/leergeld-lelystad.nl\\\/wp-content\\\/uploads\\\/2022\\\/11\\\/Leergeld-Lelystad-logo.png\",\"width\":300,\"height\":300,\"caption\":\"Stichting Leergeld Lelystad\"},\"image\":{\"@id\":\"https:\\\/\\\/leergeld-lelystad.nl\\\/tr\\\/#\\\/schema\\\/logo\\\/image\\\/\"}}]}<\/script>\n<!-- \/ Yoast SEO plugin. -->","yoast_head_json":{"title":"Etki - Leergeld Lelystad","description":"Leergeld Lelystad'\u0131n etkisi. Leergeld'in \u00e7al\u0131\u015fmalar\u0131 sadece \u00e7ocuklar \u00fczerinde do\u011frudan bir etkiye sahip olmakla kalm\u0131yor, ayn\u0131 zamanda katma sosyal de\u011fer (etki) de sa\u011fl\u0131yor. Bir sosyal yat\u0131r\u0131m getirisi (SROI) ara\u015ft\u0131rmas\u0131, Leergeld'e yat\u0131r\u0131lan her Avronun topluma 2,00 ila 8,00 Avro aras\u0131nda getiri sa\u011flad\u0131\u011f\u0131n\u0131 g\u00f6stermi\u015ftir.","robots":{"index":"index","follow":"follow","max-snippet":"max-snippet:-1","max-image-preview":"max-image-preview:large","max-video-preview":"max-video-preview:-1"},"canonical":"https:\/\/leergeld-lelystad.nl\/tr\/etki\/","og_locale":"tr_TR","og_type":"article","og_title":"Etki - Leergeld Lelystad","og_description":"Leergeld Lelystad'\u0131n etkisi. Leergeld'in \u00e7al\u0131\u015fmalar\u0131 sadece \u00e7ocuklar \u00fczerinde do\u011frudan bir etkiye sahip olmakla kalm\u0131yor, ayn\u0131 zamanda katma sosyal de\u011fer (etki) de sa\u011fl\u0131yor. Bir sosyal yat\u0131r\u0131m getirisi (SROI) ara\u015ft\u0131rmas\u0131, Leergeld'e yat\u0131r\u0131lan her Avronun topluma 2,00 ila 8,00 Avro aras\u0131nda getiri sa\u011flad\u0131\u011f\u0131n\u0131 g\u00f6stermi\u015ftir.","og_url":"https:\/\/leergeld-lelystad.nl\/tr\/etki\/","og_site_name":"Leergeld Lelystad","article_modified_time":"2025-02-19T11:06:33+00:00","twitter_card":"summary_large_image","twitter_misc":{"Tahmini okuma s\u00fcresi":"2 dakika"},"schema":{"@context":"https:\/\/schema.org","@graph":[{"@type":"WebPage","@id":"https:\/\/leergeld-lelystad.nl\/tr\/etki\/","url":"https:\/\/leergeld-lelystad.nl\/tr\/etki\/","name":"Etki - Leergeld Lelystad","isPartOf":{"@id":"https:\/\/leergeld-lelystad.nl\/tr\/#website"},"datePublished":"2023-01-04T08:56:26+00:00","dateModified":"2025-02-19T11:06:33+00:00","description":"Leergeld Lelystad'\u0131n etkisi. Leergeld'in \u00e7al\u0131\u015fmalar\u0131 sadece \u00e7ocuklar \u00fczerinde do\u011frudan bir etkiye sahip olmakla kalm\u0131yor, ayn\u0131 zamanda katma sosyal de\u011fer (etki) de sa\u011fl\u0131yor. Bir sosyal yat\u0131r\u0131m getirisi (SROI) ara\u015ft\u0131rmas\u0131, Leergeld'e yat\u0131r\u0131lan her Avronun topluma 2,00 ila 8,00 Avro aras\u0131nda getiri sa\u011flad\u0131\u011f\u0131n\u0131 g\u00f6stermi\u015ftir.","breadcrumb":{"@id":"https:\/\/leergeld-lelystad.nl\/tr\/etki\/#breadcrumb"},"inLanguage":"tr","potentialAction":[{"@type":"ReadAction","target":["https:\/\/leergeld-lelystad.nl\/tr\/etki\/"]}]},{"@type":"BreadcrumbList","@id":"https:\/\/leergeld-lelystad.nl\/tr\/etki\/#breadcrumb","itemListElement":[{"@type":"ListItem","position":1,"name":"Home","item":"https:\/\/leergeld-lelystad.nl\/tr\/"},{"@type":"ListItem","position":2,"name":"Etki"}]},{"@type":"WebSite","@id":"https:\/\/leergeld-lelystad.nl\/tr\/#website","url":"https:\/\/leergeld-lelystad.nl\/tr\/","name":"Leergeld Lelystad","description":"Nu meedoen is straks meetellen","publisher":{"@id":"https:\/\/leergeld-lelystad.nl\/tr\/#organization"},"potentialAction":[{"@type":"SearchAction","target":{"@type":"EntryPoint","urlTemplate":"https:\/\/leergeld-lelystad.nl\/tr\/?s={search_term_string}"},"query-input":{"@type":"PropertyValueSpecification","valueRequired":true,"valueName":"search_term_string"}}],"inLanguage":"tr"},{"@type":"Organization","@id":"https:\/\/leergeld-lelystad.nl\/tr\/#organization","name":"Stichting Leergeld Lelystad","url":"https:\/\/leergeld-lelystad.nl\/tr\/","logo":{"@type":"ImageObject","inLanguage":"tr","@id":"https:\/\/leergeld-lelystad.nl\/tr\/#\/schema\/logo\/image\/","url":"http:\/\/leergeld-lelystad.nl\/wp-content\/uploads\/2022\/11\/Leergeld-Lelystad-logo.png","contentUrl":"http:\/\/leergeld-lelystad.nl\/wp-content\/uploads\/2022\/11\/Leergeld-Lelystad-logo.png","width":300,"height":300,"caption":"Stichting Leergeld Lelystad"},"image":{"@id":"https:\/\/leergeld-lelystad.nl\/tr\/#\/schema\/logo\/image\/"}}]}},"_links":{"self":[{"href":"https:\/\/leergeld-lelystad.nl\/tr\/wp-json\/wp\/v2\/pages\/2916","targetHints":{"allow":["GET"]}}],"collection":[{"href":"https:\/\/leergeld-lelystad.nl\/tr\/wp-json\/wp\/v2\/pages"}],"about":[{"href":"https:\/\/leergeld-lelystad.nl\/tr\/wp-json\/wp\/v2\/types\/page"}],"author":[{"embeddable":true,"href":"https:\/\/leergeld-lelystad.nl\/tr\/wp-json\/wp\/v2\/users\/1"}],"replies":[{"embeddable":true,"href":"https:\/\/leergeld-lelystad.nl\/tr\/wp-json\/wp\/v2\/comments?post=2916"}],"version-history":[{"count":1,"href":"https:\/\/leergeld-lelystad.nl\/tr\/wp-json\/wp\/v2\/pages\/2916\/revisions"}],"predecessor-version":[{"id":2919,"href":"https:\/\/leergeld-lelystad.nl\/tr\/wp-json\/wp\/v2\/pages\/2916\/revisions\/2919"}],"wp:attachment":[{"href":"https:\/\/leergeld-lelystad.nl\/tr\/wp-json\/wp\/v2\/media?parent=2916"}],"curies":[{"name":"wp","href":"https:\/\/api.w.org\/{rel}","templated":true}]}}