{"id":2873,"date":"2023-01-11T14:30:52","date_gmt":"2023-01-11T14:30:52","guid":{"rendered":"https:\/\/leergeld-lelystad.nl\/sorumluluk-reddi\/"},"modified":"2025-02-19T11:06:24","modified_gmt":"2025-02-19T11:06:24","slug":"sorumluluk-reddi","status":"publish","type":"page","link":"https:\/\/leergeld-lelystad.nl\/tr\/sorumluluk-reddi\/","title":{"rendered":"Sorumluluk Reddi"},"content":{"rendered":"<p>[et_pb_section fb_built=&#8221;1&#8243; _builder_version=&#8221;4.19.1&#8243; _module_preset=&#8221;default&#8221; global_colors_info=&#8221;{}&#8221;][et_pb_row _builder_version=&#8221;4.19.2&#8243; _module_preset=&#8221;default&#8221; custom_margin=&#8221;||||false|false&#8221; custom_padding=&#8221;57px|||||&#8221; global_colors_info=&#8221;{}&#8221;][et_pb_column type=&#8221;4_4&#8243; _builder_version=&#8221;4.19.1&#8243; _module_preset=&#8221;default&#8221; global_colors_info=&#8221;{}&#8221;][et_pb_divider color=&#8221;#E31622&#8243; divider_weight=&#8221;10px&#8221; _builder_version=&#8221;4.19.2&#8243; _module_preset=&#8221;default&#8221; width=&#8221;30%&#8221; custom_margin=&#8221;||2px|||&#8221; global_colors_info=&#8221;{}&#8221;][\/et_pb_divider][et_pb_text _builder_version=&#8221;4.19.4&#8243; _module_preset=&#8221;default&#8221; global_colors_info=&#8221;{}&#8221;]<\/p>\n<h1>SORUMLULUK REDD\u0130<\/h1>\n<p>[\/et_pb_text][\/et_pb_column][\/et_pb_row][et_pb_row column_structure=&#8221;2_3,1_3&#8243; _builder_version=&#8221;4.19.2&#8243; _module_preset=&#8221;default&#8221; custom_margin=&#8221;||||false|false&#8221; global_colors_info=&#8221;{}&#8221;][et_pb_column type=&#8221;2_3&#8243; _builder_version=&#8221;4.19.1&#8243; _module_preset=&#8221;default&#8221; global_colors_info=&#8221;{}&#8221;][et_pb_text _builder_version=&#8221;4.19.4&#8243; _module_preset=&#8221;default&#8221; text_line_height=&#8221;1.9em&#8221; global_colors_info=&#8221;{}&#8221;]<\/p>\n<p>A\u015fa\u011f\u0131daki ko\u015fullar stichting Leergeld Lelystad sitesinin web sitesi i\u00e7in ge\u00e7erlidir. Bu siteyi g\u00f6r\u00fcnt\u00fcleyerek ve burada sa\u011flanan bilgileri kullanarak, bu h\u00fck\u00fcm ve ko\u015fullar\u0131 kabul etmi\u015f olursunuz. <\/p>\n<p>Bu internet sitesindeki veriler genel bilgi ama\u00e7l\u0131d\u0131r. Bu veriler \u00f6nceden haber verilmeksizin de\u011fi\u015ftirilebilir. Stichting Leergeld Lelystad, web sitesinin derlenmesi ve bak\u0131m\u0131 konusunda \u00f6zen g\u00f6stermi\u015f ve g\u00fcvenilir oldu\u011fu d\u00fc\u015f\u00fcn\u00fclen kaynaklar\u0131 kullanm\u0131\u015ft\u0131r. Ancak Stichting Leergeld Lelystad, sa\u011flanan bilgilerin do\u011frulu\u011funu, eksiksizli\u011fini ve g\u00fcncelli\u011fini garanti etmez. Stichting Leergeld Lelystad, sa\u011flanan bilgileri g\u00fcncelleme veya herhangi bir hatay\u0131 d\u00fczeltme y\u00fck\u00fcml\u00fcl\u00fc\u011f\u00fcn\u00fc kabul etmez. Stichting Leergeld Lelystad bu konuda herhangi bir sorumlulu\u011fu a\u00e7\u0131k\u00e7a reddeder. Sa\u011flanan bilgilerden herhangi bir hak elde edemezsiniz.      <\/p>\n<p>Stichting Leergeld Lelystad ayr\u0131ca web sitesinin hatas\u0131z veya kesintisiz \u00e7al\u0131\u015faca\u011f\u0131n\u0131 garanti etmez.<\/p>\n<p>Web sitesinde, k\u00f6pr\u00fcler arac\u0131l\u0131\u011f\u0131yla olsun ya da olmas\u0131n, \u00fc\u00e7\u00fcnc\u00fc taraflarca sa\u011flanan bilgilere at\u0131fta bulunulmaktad\u0131r. Bu t\u00fcr bilgiler, Stichting Leergeld Lelystad taraf\u0131ndan makull\u00fc\u011f\u00fc, do\u011frulu\u011fu, eksiksizli\u011fi veya g\u00fcncelli\u011fi a\u00e7\u0131s\u0131ndan ayr\u0131ca de\u011ferlendirilmemi\u015ftir. Stichting Leergeld Lelystad bu konuda herhangi bir sorumlulu\u011fu a\u00e7\u0131k\u00e7a reddeder.  <\/p>\n<p>Sa\u011flanan bilgiler uzman tavsiyesi yerine ge\u00e7mez. Sa\u011flanan bilgileri do\u011frulama veya daha fazla tavsiye almadan kullan\u0131rsan\u0131z, bunu masraflar\u0131 ve riski size ait olmak \u00fczere yapars\u0131n\u0131z. <\/p>\n<p>Stichting Leergeld Lelystad veya s\u0131ras\u0131yla hak sahibi, Stichting Leergeld Lelystad web sitesinde sunulan bilgilerle (metinler, grafik materyaller ve logolar dahil) ilgili t\u00fcm haklar\u0131 (telif haklar\u0131, ticari marka haklar\u0131, patentler dahil) sakl\u0131 tutar. Stichting Leergeld Lelystad web sitesini \u00e7evrimi\u00e7i olarak g\u00f6r\u00fcnt\u00fclemek i\u00e7in kesinlikle gerekli olan kapsam d\u0131\u015f\u0131nda, bu bilgilerle ilgili herhangi bir lisans almazs\u0131n\u0131z. \u00d6zellikle, Stichting Leergeld Lelystad&#8217;\u0131n a\u00e7\u0131k yaz\u0131l\u0131 izni olmaks\u0131z\u0131n, web sitesinin i\u00e7eri\u011finin kopyalanmas\u0131na, \u00e7o\u011falt\u0131lmas\u0131na veya herhangi bir \u015fekilde \u00fc\u00e7\u00fcnc\u00fc taraflar\u0131n kullan\u0131m\u0131na sunulmas\u0131na izin verilmez.  <\/p>\n<p>Stichting Leergeld Lelystad&#8217;\u0131n web sitesi ve bu \u015eartlar &amp; Ko\u015fullar &amp; Feragatname Hollanda yasalar\u0131na tabidir.<\/p>\n<p>[\/et_pb_text][\/et_pb_column][et_pb_column type=&#8221;1_3&#8243; _builder_version=&#8221;4.19.1&#8243; _module_preset=&#8221;default&#8221; global_colors_info=&#8221;{}&#8221;][et_pb_image src=&#8221;http:\/\/leergeld-lelystad.nl\/wp-content\/uploads\/2022\/11\/schoolbord-sq.jpg&#8221; alt=&#8221;Bisikletli Gen\u00e7lik&#8221; title_text=&#8221;karatahta-sq&#8221; module_class=&#8221;circular&#8221; _builder_version=&#8221;4.19.4&#8243; _module_preset=&#8221;default&#8221; global_colors_info=&#8221;{}&#8221;][\/et_pb_image][\/et_pb_column][\/et_pb_row][\/et_pb_section]<\/p>\n","protected":false},"excerpt":{"rendered":"<p>SORUMLULUK REDD\u0130A\u015fa\u011f\u0131daki ko\u015fullar stichting Leergeld Lelystad sitesinin web sitesi i\u00e7in ge\u00e7erlidir. Bu siteyi g\u00f6r\u00fcnt\u00fcleyerek ve burada sa\u011flanan bilgileri kullanarak, bu h\u00fck\u00fcm ve ko\u015fullar\u0131 kabul etmi\u015f olursunuz. Bu internet sitesindeki veriler genel bilgi ama\u00e7l\u0131d\u0131r. Bu veriler \u00f6nceden haber verilmeksizin de\u011fi\u015ftirilebilir. Stichting Leergeld Lelystad, web sitesinin derlenmesi ve bak\u0131m\u0131 konusunda \u00f6zen g\u00f6stermi\u015f ve g\u00fcvenilir oldu\u011fu d\u00fc\u015f\u00fcn\u00fclen kaynaklar\u0131 [&hellip;]<\/p>\n","protected":false},"author":1,"featured_media":0,"parent":0,"menu_order":0,"comment_status":"closed","ping_status":"closed","template":"","meta":{"_et_pb_use_builder":"on","_et_pb_old_content":"","_et_gb_content_width":"","footnotes":""},"class_list":["post-2873","page","type-page","status-publish","hentry"],"yoast_head":"<!-- This site is optimized with the Yoast SEO plugin v27.4 - https:\/\/yoast.com\/product\/yoast-seo-wordpress\/ -->\n<title>Sorumluluk Reddi - Leergeld Lelystad<\/title>\n<meta name=\"description\" content=\"Feragatname. Leergeld Lelystad Vakf\u0131, PO Box 587, 8200 AN Lelystad adresinde bulunmaktad\u0131r.\" \/>\n<meta name=\"robots\" content=\"index, follow, max-snippet:-1, max-image-preview:large, max-video-preview:-1\" \/>\n<link rel=\"canonical\" href=\"https:\/\/leergeld-lelystad.nl\/tr\/sorumluluk-reddi\/\" \/>\n<meta property=\"og:locale\" content=\"tr_TR\" \/>\n<meta property=\"og:type\" content=\"article\" \/>\n<meta property=\"og:title\" content=\"Sorumluluk Reddi - Leergeld Lelystad\" \/>\n<meta property=\"og:description\" content=\"Feragatname. Leergeld Lelystad Vakf\u0131, PO Box 587, 8200 AN Lelystad adresinde bulunmaktad\u0131r.\" \/>\n<meta property=\"og:url\" content=\"https:\/\/leergeld-lelystad.nl\/tr\/sorumluluk-reddi\/\" \/>\n<meta property=\"og:site_name\" content=\"Leergeld Lelystad\" \/>\n<meta property=\"article:modified_time\" content=\"2025-02-19T11:06:24+00:00\" \/>\n<meta name=\"twitter:card\" content=\"summary_large_image\" \/>\n<meta name=\"twitter:label1\" content=\"Tahmini okuma s\u00fcresi\" \/>\n\t<meta name=\"twitter:data1\" content=\"3 dakika\" \/>\n<script type=\"application\/ld+json\" class=\"yoast-schema-graph\">{\"@context\":\"https:\\\/\\\/schema.org\",\"@graph\":[{\"@type\":\"WebPage\",\"@id\":\"https:\\\/\\\/leergeld-lelystad.nl\\\/tr\\\/sorumluluk-reddi\\\/\",\"url\":\"https:\\\/\\\/leergeld-lelystad.nl\\\/tr\\\/sorumluluk-reddi\\\/\",\"name\":\"Sorumluluk Reddi - Leergeld Lelystad\",\"isPartOf\":{\"@id\":\"https:\\\/\\\/leergeld-lelystad.nl\\\/tr\\\/#website\"},\"datePublished\":\"2023-01-11T14:30:52+00:00\",\"dateModified\":\"2025-02-19T11:06:24+00:00\",\"description\":\"Feragatname. Leergeld Lelystad Vakf\u0131, PO Box 587, 8200 AN Lelystad adresinde bulunmaktad\u0131r.\",\"breadcrumb\":{\"@id\":\"https:\\\/\\\/leergeld-lelystad.nl\\\/tr\\\/sorumluluk-reddi\\\/#breadcrumb\"},\"inLanguage\":\"tr\",\"potentialAction\":[{\"@type\":\"ReadAction\",\"target\":[\"https:\\\/\\\/leergeld-lelystad.nl\\\/tr\\\/sorumluluk-reddi\\\/\"]}]},{\"@type\":\"BreadcrumbList\",\"@id\":\"https:\\\/\\\/leergeld-lelystad.nl\\\/tr\\\/sorumluluk-reddi\\\/#breadcrumb\",\"itemListElement\":[{\"@type\":\"ListItem\",\"position\":1,\"name\":\"Home\",\"item\":\"https:\\\/\\\/leergeld-lelystad.nl\\\/tr\\\/\"},{\"@type\":\"ListItem\",\"position\":2,\"name\":\"Sorumluluk Reddi\"}]},{\"@type\":\"WebSite\",\"@id\":\"https:\\\/\\\/leergeld-lelystad.nl\\\/tr\\\/#website\",\"url\":\"https:\\\/\\\/leergeld-lelystad.nl\\\/tr\\\/\",\"name\":\"Leergeld Lelystad\",\"description\":\"Nu meedoen is straks meetellen\",\"publisher\":{\"@id\":\"https:\\\/\\\/leergeld-lelystad.nl\\\/tr\\\/#organization\"},\"potentialAction\":[{\"@type\":\"SearchAction\",\"target\":{\"@type\":\"EntryPoint\",\"urlTemplate\":\"https:\\\/\\\/leergeld-lelystad.nl\\\/tr\\\/?s={search_term_string}\"},\"query-input\":{\"@type\":\"PropertyValueSpecification\",\"valueRequired\":true,\"valueName\":\"search_term_string\"}}],\"inLanguage\":\"tr\"},{\"@type\":\"Organization\",\"@id\":\"https:\\\/\\\/leergeld-lelystad.nl\\\/tr\\\/#organization\",\"name\":\"Stichting Leergeld Lelystad\",\"url\":\"https:\\\/\\\/leergeld-lelystad.nl\\\/tr\\\/\",\"logo\":{\"@type\":\"ImageObject\",\"inLanguage\":\"tr\",\"@id\":\"https:\\\/\\\/leergeld-lelystad.nl\\\/tr\\\/#\\\/schema\\\/logo\\\/image\\\/\",\"url\":\"http:\\\/\\\/leergeld-lelystad.nl\\\/wp-content\\\/uploads\\\/2022\\\/11\\\/Leergeld-Lelystad-logo.png\",\"contentUrl\":\"http:\\\/\\\/leergeld-lelystad.nl\\\/wp-content\\\/uploads\\\/2022\\\/11\\\/Leergeld-Lelystad-logo.png\",\"width\":300,\"height\":300,\"caption\":\"Stichting Leergeld Lelystad\"},\"image\":{\"@id\":\"https:\\\/\\\/leergeld-lelystad.nl\\\/tr\\\/#\\\/schema\\\/logo\\\/image\\\/\"}}]}<\/script>\n<!-- \/ Yoast SEO plugin. -->","yoast_head_json":{"title":"Sorumluluk Reddi - Leergeld Lelystad","description":"Feragatname. Leergeld Lelystad Vakf\u0131, PO Box 587, 8200 AN Lelystad adresinde bulunmaktad\u0131r.","robots":{"index":"index","follow":"follow","max-snippet":"max-snippet:-1","max-image-preview":"max-image-preview:large","max-video-preview":"max-video-preview:-1"},"canonical":"https:\/\/leergeld-lelystad.nl\/tr\/sorumluluk-reddi\/","og_locale":"tr_TR","og_type":"article","og_title":"Sorumluluk Reddi - Leergeld Lelystad","og_description":"Feragatname. Leergeld Lelystad Vakf\u0131, PO Box 587, 8200 AN Lelystad adresinde bulunmaktad\u0131r.","og_url":"https:\/\/leergeld-lelystad.nl\/tr\/sorumluluk-reddi\/","og_site_name":"Leergeld Lelystad","article_modified_time":"2025-02-19T11:06:24+00:00","twitter_card":"summary_large_image","twitter_misc":{"Tahmini okuma s\u00fcresi":"3 dakika"},"schema":{"@context":"https:\/\/schema.org","@graph":[{"@type":"WebPage","@id":"https:\/\/leergeld-lelystad.nl\/tr\/sorumluluk-reddi\/","url":"https:\/\/leergeld-lelystad.nl\/tr\/sorumluluk-reddi\/","name":"Sorumluluk Reddi - Leergeld Lelystad","isPartOf":{"@id":"https:\/\/leergeld-lelystad.nl\/tr\/#website"},"datePublished":"2023-01-11T14:30:52+00:00","dateModified":"2025-02-19T11:06:24+00:00","description":"Feragatname. Leergeld Lelystad Vakf\u0131, PO Box 587, 8200 AN Lelystad adresinde bulunmaktad\u0131r.","breadcrumb":{"@id":"https:\/\/leergeld-lelystad.nl\/tr\/sorumluluk-reddi\/#breadcrumb"},"inLanguage":"tr","potentialAction":[{"@type":"ReadAction","target":["https:\/\/leergeld-lelystad.nl\/tr\/sorumluluk-reddi\/"]}]},{"@type":"BreadcrumbList","@id":"https:\/\/leergeld-lelystad.nl\/tr\/sorumluluk-reddi\/#breadcrumb","itemListElement":[{"@type":"ListItem","position":1,"name":"Home","item":"https:\/\/leergeld-lelystad.nl\/tr\/"},{"@type":"ListItem","position":2,"name":"Sorumluluk Reddi"}]},{"@type":"WebSite","@id":"https:\/\/leergeld-lelystad.nl\/tr\/#website","url":"https:\/\/leergeld-lelystad.nl\/tr\/","name":"Leergeld Lelystad","description":"Nu meedoen is straks meetellen","publisher":{"@id":"https:\/\/leergeld-lelystad.nl\/tr\/#organization"},"potentialAction":[{"@type":"SearchAction","target":{"@type":"EntryPoint","urlTemplate":"https:\/\/leergeld-lelystad.nl\/tr\/?s={search_term_string}"},"query-input":{"@type":"PropertyValueSpecification","valueRequired":true,"valueName":"search_term_string"}}],"inLanguage":"tr"},{"@type":"Organization","@id":"https:\/\/leergeld-lelystad.nl\/tr\/#organization","name":"Stichting Leergeld Lelystad","url":"https:\/\/leergeld-lelystad.nl\/tr\/","logo":{"@type":"ImageObject","inLanguage":"tr","@id":"https:\/\/leergeld-lelystad.nl\/tr\/#\/schema\/logo\/image\/","url":"http:\/\/leergeld-lelystad.nl\/wp-content\/uploads\/2022\/11\/Leergeld-Lelystad-logo.png","contentUrl":"http:\/\/leergeld-lelystad.nl\/wp-content\/uploads\/2022\/11\/Leergeld-Lelystad-logo.png","width":300,"height":300,"caption":"Stichting Leergeld Lelystad"},"image":{"@id":"https:\/\/leergeld-lelystad.nl\/tr\/#\/schema\/logo\/image\/"}}]}},"_links":{"self":[{"href":"https:\/\/leergeld-lelystad.nl\/tr\/wp-json\/wp\/v2\/pages\/2873","targetHints":{"allow":["GET"]}}],"collection":[{"href":"https:\/\/leergeld-lelystad.nl\/tr\/wp-json\/wp\/v2\/pages"}],"about":[{"href":"https:\/\/leergeld-lelystad.nl\/tr\/wp-json\/wp\/v2\/types\/page"}],"author":[{"embeddable":true,"href":"https:\/\/leergeld-lelystad.nl\/tr\/wp-json\/wp\/v2\/users\/1"}],"replies":[{"embeddable":true,"href":"https:\/\/leergeld-lelystad.nl\/tr\/wp-json\/wp\/v2\/comments?post=2873"}],"version-history":[{"count":2,"href":"https:\/\/leergeld-lelystad.nl\/tr\/wp-json\/wp\/v2\/pages\/2873\/revisions"}],"predecessor-version":[{"id":2880,"href":"https:\/\/leergeld-lelystad.nl\/tr\/wp-json\/wp\/v2\/pages\/2873\/revisions\/2880"}],"wp:attachment":[{"href":"https:\/\/leergeld-lelystad.nl\/tr\/wp-json\/wp\/v2\/media?parent=2873"}],"curies":[{"name":"wp","href":"https:\/\/api.w.org\/{rel}","templated":true}]}}