{"id":2832,"date":"2023-06-26T09:14:53","date_gmt":"2023-06-26T09:14:53","guid":{"rendered":"https:\/\/leergeld-lelystad.nl\/bagis-basarisiz-oldu\/"},"modified":"2025-02-19T11:06:16","modified_gmt":"2025-02-19T11:06:16","slug":"bagis-basarisiz-oldu","status":"publish","type":"page","link":"https:\/\/leergeld-lelystad.nl\/tr\/bagis-basarisiz-oldu\/","title":{"rendered":"Ba\u011f\u0131\u015f ba\u015far\u0131s\u0131z oldu"},"content":{"rendered":"<p>[et_pb_section fb_built=&#8221;1&#8243; _builder_version=&#8221;4.19.1&#8243; _module_preset=&#8221;default&#8221; global_colors_info=&#8221;{}&#8221;][et_pb_row _builder_version=&#8221;4.19.2&#8243; _module_preset=&#8221;default&#8221; custom_margin=&#8221;||||false|false&#8221; custom_padding=&#8221;||3px|||&#8221; global_colors_info=&#8221;{}&#8221;][et_pb_column type=&#8221;4_4&#8243; _builder_version=&#8221;4.19.1&#8243; _module_preset=&#8221;default&#8221; global_colors_info=&#8221;{}&#8221;][et_pb_text _builder_version=&#8221;4.21.0&#8243; _module_preset=&#8221;default&#8221; hover_enabled=&#8221;0&#8243; global_colors_info=&#8221;{}&#8221; sticky_enabled=&#8221;0&#8243;]<\/p>\n<h1>Maalesef ba\u011f\u0131\u015f\u0131n\u0131z ba\u015far\u0131s\u0131z oldu<\/h1>\n<p>[\/et_pb_text][et_pb_divider color=&#8221;#E09900&#8243; divider_weight=&#8221;10px&#8221; _builder_version=&#8221;4.19.2&#8243; _module_preset=&#8221;default&#8221; width=&#8221;30%&#8221; custom_margin=&#8221;||2px|||&#8221; global_colors_info=&#8221;{}&#8221;][\/et_pb_divider][\/et_pb_column][\/et_pb_row][et_pb_row column_structure=&#8221;2_3,1_3&#8243; _builder_version=&#8221;4.19.2&#8243; _module_preset=&#8221;default&#8221; custom_margin=&#8221;||||false|false&#8221; custom_padding=&#8221;3px|||||&#8221; global_colors_info=&#8221;{}&#8221;][et_pb_column type=&#8221;2_3&#8243; _builder_version=&#8221;4.19.1&#8243; _module_preset=&#8221;default&#8221; global_colors_info=&#8221;{}&#8221;][et_pb_text _builder_version=&#8221;4.21.0&#8243; _module_preset=&#8221;default&#8221; text_line_height=&#8221;1.9em&#8221; hover_enabled=&#8221;0&#8243; global_colors_info=&#8221;{}&#8221; sticky_enabled=&#8221;0&#8243;]<\/p>\n<p>Bir \u015feyler do\u011fru gitmedi. Ba\u011f\u0131\u015f\u0131n\u0131z hen\u00fcz elimize ula\u015fmad\u0131!<br \/>Tekrar denemek ister misiniz?<\/p>\n<p>&nbsp;<\/p>\n<p>[\/et_pb_text][\/et_pb_column][et_pb_column type=&#8221;1_3&#8243; _builder_version=&#8221;4.19.1&#8243; _module_preset=&#8221;default&#8221; global_colors_info=&#8221;{}&#8221;][\/et_pb_column][\/et_pb_row][\/et_pb_section]<\/p>\n","protected":false},"excerpt":{"rendered":"<p>Maalesef ba\u011f\u0131\u015f\u0131n\u0131z ba\u015far\u0131s\u0131z olduBir \u015feyler do\u011fru gitmedi. Ba\u011f\u0131\u015f\u0131n\u0131z hen\u00fcz elimize ula\u015fmad\u0131!Tekrar denemek ister misiniz? &nbsp;<\/p>\n","protected":false},"author":2,"featured_media":0,"parent":0,"menu_order":0,"comment_status":"closed","ping_status":"closed","template":"","meta":{"_et_pb_use_builder":"on","_et_pb_old_content":"","_et_gb_content_width":"","footnotes":""},"class_list":["post-2832","page","type-page","status-publish","hentry"],"yoast_head":"<!-- This site is optimized with the Yoast SEO plugin v27.3 - https:\/\/yoast.com\/product\/yoast-seo-wordpress\/ -->\n<title>Ba\u011f\u0131\u015f ba\u015far\u0131s\u0131z oldu - Leergeld Lelystad<\/title>\n<meta name=\"description\" content=\"Ba\u011f\u0131\u015f\u0131n\u0131z bize ula\u015fmad\u0131. L\u00fctfen tekrar deneyin.\" \/>\n<meta name=\"robots\" content=\"index, follow, max-snippet:-1, max-image-preview:large, max-video-preview:-1\" \/>\n<link rel=\"canonical\" href=\"https:\/\/leergeld-lelystad.nl\/tr\/bagis-basarisiz-oldu\/\" \/>\n<meta property=\"og:locale\" content=\"tr_TR\" \/>\n<meta property=\"og:type\" content=\"article\" \/>\n<meta property=\"og:title\" content=\"Ba\u011f\u0131\u015f ba\u015far\u0131s\u0131z oldu - Leergeld Lelystad\" \/>\n<meta property=\"og:description\" content=\"Ba\u011f\u0131\u015f\u0131n\u0131z bize ula\u015fmad\u0131. L\u00fctfen tekrar deneyin.\" \/>\n<meta property=\"og:url\" content=\"https:\/\/leergeld-lelystad.nl\/tr\/bagis-basarisiz-oldu\/\" \/>\n<meta property=\"og:site_name\" content=\"Leergeld Lelystad\" \/>\n<meta property=\"article:modified_time\" content=\"2025-02-19T11:06:16+00:00\" \/>\n<meta name=\"twitter:card\" content=\"summary_large_image\" \/>\n<meta name=\"twitter:label1\" content=\"Tahmini okuma s\u00fcresi\" \/>\n\t<meta name=\"twitter:data1\" content=\"1 dakika\" \/>\n<script type=\"application\/ld+json\" class=\"yoast-schema-graph\">{\"@context\":\"https:\\\/\\\/schema.org\",\"@graph\":[{\"@type\":\"WebPage\",\"@id\":\"https:\\\/\\\/leergeld-lelystad.nl\\\/tr\\\/bagis-basarisiz-oldu\\\/\",\"url\":\"https:\\\/\\\/leergeld-lelystad.nl\\\/tr\\\/bagis-basarisiz-oldu\\\/\",\"name\":\"Ba\u011f\u0131\u015f ba\u015far\u0131s\u0131z oldu - Leergeld Lelystad\",\"isPartOf\":{\"@id\":\"https:\\\/\\\/leergeld-lelystad.nl\\\/tr\\\/#website\"},\"datePublished\":\"2023-06-26T09:14:53+00:00\",\"dateModified\":\"2025-02-19T11:06:16+00:00\",\"description\":\"Ba\u011f\u0131\u015f\u0131n\u0131z bize ula\u015fmad\u0131. L\u00fctfen tekrar deneyin.\",\"breadcrumb\":{\"@id\":\"https:\\\/\\\/leergeld-lelystad.nl\\\/tr\\\/bagis-basarisiz-oldu\\\/#breadcrumb\"},\"inLanguage\":\"tr\",\"potentialAction\":[{\"@type\":\"ReadAction\",\"target\":[\"https:\\\/\\\/leergeld-lelystad.nl\\\/tr\\\/bagis-basarisiz-oldu\\\/\"]}]},{\"@type\":\"BreadcrumbList\",\"@id\":\"https:\\\/\\\/leergeld-lelystad.nl\\\/tr\\\/bagis-basarisiz-oldu\\\/#breadcrumb\",\"itemListElement\":[{\"@type\":\"ListItem\",\"position\":1,\"name\":\"Home\",\"item\":\"https:\\\/\\\/leergeld-lelystad.nl\\\/tr\\\/\"},{\"@type\":\"ListItem\",\"position\":2,\"name\":\"Ba\u011f\u0131\u015f ba\u015far\u0131s\u0131z oldu\"}]},{\"@type\":\"WebSite\",\"@id\":\"https:\\\/\\\/leergeld-lelystad.nl\\\/tr\\\/#website\",\"url\":\"https:\\\/\\\/leergeld-lelystad.nl\\\/tr\\\/\",\"name\":\"Leergeld Lelystad\",\"description\":\"Nu meedoen is straks meetellen\",\"publisher\":{\"@id\":\"https:\\\/\\\/leergeld-lelystad.nl\\\/tr\\\/#organization\"},\"potentialAction\":[{\"@type\":\"SearchAction\",\"target\":{\"@type\":\"EntryPoint\",\"urlTemplate\":\"https:\\\/\\\/leergeld-lelystad.nl\\\/tr\\\/?s={search_term_string}\"},\"query-input\":{\"@type\":\"PropertyValueSpecification\",\"valueRequired\":true,\"valueName\":\"search_term_string\"}}],\"inLanguage\":\"tr\"},{\"@type\":\"Organization\",\"@id\":\"https:\\\/\\\/leergeld-lelystad.nl\\\/tr\\\/#organization\",\"name\":\"Stichting Leergeld Lelystad\",\"url\":\"https:\\\/\\\/leergeld-lelystad.nl\\\/tr\\\/\",\"logo\":{\"@type\":\"ImageObject\",\"inLanguage\":\"tr\",\"@id\":\"https:\\\/\\\/leergeld-lelystad.nl\\\/tr\\\/#\\\/schema\\\/logo\\\/image\\\/\",\"url\":\"http:\\\/\\\/leergeld-lelystad.nl\\\/wp-content\\\/uploads\\\/2022\\\/11\\\/Leergeld-Lelystad-logo.png\",\"contentUrl\":\"http:\\\/\\\/leergeld-lelystad.nl\\\/wp-content\\\/uploads\\\/2022\\\/11\\\/Leergeld-Lelystad-logo.png\",\"width\":300,\"height\":300,\"caption\":\"Stichting Leergeld Lelystad\"},\"image\":{\"@id\":\"https:\\\/\\\/leergeld-lelystad.nl\\\/tr\\\/#\\\/schema\\\/logo\\\/image\\\/\"}}]}<\/script>\n<!-- \/ Yoast SEO plugin. -->","yoast_head_json":{"title":"Ba\u011f\u0131\u015f ba\u015far\u0131s\u0131z oldu - Leergeld Lelystad","description":"Ba\u011f\u0131\u015f\u0131n\u0131z bize ula\u015fmad\u0131. L\u00fctfen tekrar deneyin.","robots":{"index":"index","follow":"follow","max-snippet":"max-snippet:-1","max-image-preview":"max-image-preview:large","max-video-preview":"max-video-preview:-1"},"canonical":"https:\/\/leergeld-lelystad.nl\/tr\/bagis-basarisiz-oldu\/","og_locale":"tr_TR","og_type":"article","og_title":"Ba\u011f\u0131\u015f ba\u015far\u0131s\u0131z oldu - Leergeld Lelystad","og_description":"Ba\u011f\u0131\u015f\u0131n\u0131z bize ula\u015fmad\u0131. L\u00fctfen tekrar deneyin.","og_url":"https:\/\/leergeld-lelystad.nl\/tr\/bagis-basarisiz-oldu\/","og_site_name":"Leergeld Lelystad","article_modified_time":"2025-02-19T11:06:16+00:00","twitter_card":"summary_large_image","twitter_misc":{"Tahmini okuma s\u00fcresi":"1 dakika"},"schema":{"@context":"https:\/\/schema.org","@graph":[{"@type":"WebPage","@id":"https:\/\/leergeld-lelystad.nl\/tr\/bagis-basarisiz-oldu\/","url":"https:\/\/leergeld-lelystad.nl\/tr\/bagis-basarisiz-oldu\/","name":"Ba\u011f\u0131\u015f ba\u015far\u0131s\u0131z oldu - Leergeld Lelystad","isPartOf":{"@id":"https:\/\/leergeld-lelystad.nl\/tr\/#website"},"datePublished":"2023-06-26T09:14:53+00:00","dateModified":"2025-02-19T11:06:16+00:00","description":"Ba\u011f\u0131\u015f\u0131n\u0131z bize ula\u015fmad\u0131. L\u00fctfen tekrar deneyin.","breadcrumb":{"@id":"https:\/\/leergeld-lelystad.nl\/tr\/bagis-basarisiz-oldu\/#breadcrumb"},"inLanguage":"tr","potentialAction":[{"@type":"ReadAction","target":["https:\/\/leergeld-lelystad.nl\/tr\/bagis-basarisiz-oldu\/"]}]},{"@type":"BreadcrumbList","@id":"https:\/\/leergeld-lelystad.nl\/tr\/bagis-basarisiz-oldu\/#breadcrumb","itemListElement":[{"@type":"ListItem","position":1,"name":"Home","item":"https:\/\/leergeld-lelystad.nl\/tr\/"},{"@type":"ListItem","position":2,"name":"Ba\u011f\u0131\u015f ba\u015far\u0131s\u0131z oldu"}]},{"@type":"WebSite","@id":"https:\/\/leergeld-lelystad.nl\/tr\/#website","url":"https:\/\/leergeld-lelystad.nl\/tr\/","name":"Leergeld Lelystad","description":"Nu meedoen is straks meetellen","publisher":{"@id":"https:\/\/leergeld-lelystad.nl\/tr\/#organization"},"potentialAction":[{"@type":"SearchAction","target":{"@type":"EntryPoint","urlTemplate":"https:\/\/leergeld-lelystad.nl\/tr\/?s={search_term_string}"},"query-input":{"@type":"PropertyValueSpecification","valueRequired":true,"valueName":"search_term_string"}}],"inLanguage":"tr"},{"@type":"Organization","@id":"https:\/\/leergeld-lelystad.nl\/tr\/#organization","name":"Stichting Leergeld Lelystad","url":"https:\/\/leergeld-lelystad.nl\/tr\/","logo":{"@type":"ImageObject","inLanguage":"tr","@id":"https:\/\/leergeld-lelystad.nl\/tr\/#\/schema\/logo\/image\/","url":"http:\/\/leergeld-lelystad.nl\/wp-content\/uploads\/2022\/11\/Leergeld-Lelystad-logo.png","contentUrl":"http:\/\/leergeld-lelystad.nl\/wp-content\/uploads\/2022\/11\/Leergeld-Lelystad-logo.png","width":300,"height":300,"caption":"Stichting Leergeld Lelystad"},"image":{"@id":"https:\/\/leergeld-lelystad.nl\/tr\/#\/schema\/logo\/image\/"}}]}},"_links":{"self":[{"href":"https:\/\/leergeld-lelystad.nl\/tr\/wp-json\/wp\/v2\/pages\/2832","targetHints":{"allow":["GET"]}}],"collection":[{"href":"https:\/\/leergeld-lelystad.nl\/tr\/wp-json\/wp\/v2\/pages"}],"about":[{"href":"https:\/\/leergeld-lelystad.nl\/tr\/wp-json\/wp\/v2\/types\/page"}],"author":[{"embeddable":true,"href":"https:\/\/leergeld-lelystad.nl\/tr\/wp-json\/wp\/v2\/users\/2"}],"replies":[{"embeddable":true,"href":"https:\/\/leergeld-lelystad.nl\/tr\/wp-json\/wp\/v2\/comments?post=2832"}],"version-history":[{"count":2,"href":"https:\/\/leergeld-lelystad.nl\/tr\/wp-json\/wp\/v2\/pages\/2832\/revisions"}],"predecessor-version":[{"id":2839,"href":"https:\/\/leergeld-lelystad.nl\/tr\/wp-json\/wp\/v2\/pages\/2832\/revisions\/2839"}],"wp:attachment":[{"href":"https:\/\/leergeld-lelystad.nl\/tr\/wp-json\/wp\/v2\/media?parent=2832"}],"curies":[{"name":"wp","href":"https:\/\/api.w.org\/{rel}","templated":true}]}}