{"id":4708,"date":"2022-12-01T09:53:49","date_gmt":"2022-12-01T09:53:49","guid":{"rendered":"https:\/\/leergeld-lelystad.nl\/compensatii-financiare\/"},"modified":"2026-01-12T10:40:06","modified_gmt":"2026-01-12T10:40:06","slug":"compensatii-financiare","status":"publish","type":"page","link":"https:\/\/leergeld-lelystad.nl\/ro\/compensatii-financiare\/","title":{"rendered":"Compensa\u021bii financiare"},"content":{"rendered":"<p>[et_pb_section fb_built=&#8221;1&#8243; _builder_version=&#8221;4.19.1&#8243; _module_preset=&#8221;default&#8221; global_colors_info=&#8221;{}&#8221;][et_pb_row column_structure=&#8221;1_4,3_4&#8243; _builder_version=&#8221;4.19.2&#8243; _module_preset=&#8221;default&#8221; custom_margin=&#8221;||||false|false&#8221; custom_padding=&#8221;31px|||||&#8221; global_colors_info=&#8221;{}&#8221;][et_pb_column type=&#8221;1_4&#8243; _builder_version=&#8221;4.19.1&#8243; _module_preset=&#8221;default&#8221; global_colors_info=&#8221;{}&#8221;][et_pb_image src=&#8221;https:\/\/leergeld-lelystad.nl\/wp-content\/uploads\/2022\/12\/leergeld-financieel.png&#8221; title_text=&#8221;leergeld-financiar&#8221; _builder_version=&#8221;4.19.2&#8243; _module_preset=&#8221;default&#8221; custom_padding=&#8221;0px|||||&#8221; global_colors_info=&#8221;{}&#8221;][\/et_pb_image][\/et_pb_column][et_pb_column type=&#8221;3_4&#8243; _builder_version=&#8221;4.19.2&#8243; _module_preset=&#8221;default&#8221; global_colors_info=&#8221;{}&#8221;][et_pb_text _builder_version=&#8221;4.19.2&#8243; _module_preset=&#8221;default&#8221; custom_margin=&#8221;||2px|||&#8221; global_colors_info=&#8221;{}&#8221;]<\/p>\n<h1>Compensa\u021bii financiare<\/h1>\n<p>[\/et_pb_text][et_pb_divider color=&#8221;#7CDA24&#8243; divider_weight=&#8221;10px&#8221; _builder_version=&#8221;4.19.2&#8243; _module_preset=&#8221;default&#8221; width=&#8221;30%&#8221; custom_margin=&#8221;||2px|||&#8221; global_colors_info=&#8221;{}&#8221;][\/et_pb_divider][et_pb_text _builder_version=&#8221;4.24.0&#8243; _module_preset=&#8221;default&#8221; text_line_height=&#8221;1.9em&#8221; global_colors_info=&#8221;{}&#8221;]<\/p>\n<p>Leergeld Lelystad sprijin\u0103 copiii \u0219i tinerii cu v\u00e2rste cuprinse \u00eentre 4 \u0219i 18 ani, care locuiesc \u00een municipalitatea Lelystad \u0219i ai c\u0103ror p\u0103rin\u021bi au un venit limitat, p\u00e2n\u0103 la un maxim de 150% din standardul de asisten\u021b\u0103 social\u0103.<\/p>\n<p>Familiile ajutate cu restructurarea datoriilor \u0219i victimele afacerii cu aloca\u021bia pentru \u00eengrijirea copilului pot, de asemenea, s\u0103 se adreseze nou\u0103.<span class=\"Apple-converted-space\"><br \/><\/span><\/p>\n<p><strong>Excursie \u0219colar\u0103\/ tab\u0103r\u0103\/excursie<\/strong><br \/>Leergeld ramburseaz\u0103 costurile pentru excursii \u0219colare, tabere \u0219i excursii organizate de \u0219coal\u0103. Costurile sunt rambursate direct \u0219colii. <\/p>\n<p>Pentru a face acest lucru, completa\u021bi formularul de cerere de mai jos. V\u0103 rug\u0103m s\u0103 indica\u021bi \u00een formular:<br \/>&#8211; Numele \u0219i num\u0103rul de cont al \u0219colii<br \/>&#8211; Numele \u0219i grupa copilului pentru care se face solicitarea<br \/>&#8211; Suma \u0219i referin\u021ba de plat\u0103, dac\u0103 este cazul <\/p>\n<p><strong>Pachet de \u00eenceput pentru \u0219coala secundar\u0103<\/strong><br \/>Leergeld ofer\u0103 un pachet de \u00eenceput pentru \u0219coala secundar\u0103 pentru copiii din grupa 8. Acest pachet const\u0103 \u00eentr-un rucsac plin cu rechizite \u0219colare practice.<br \/>Pachetul de ini\u021biere poate fi solicitat o singur\u0103 dat\u0103 pentru fiecare copil, la trecerea de la \u0219coala primar\u0103 la \u0219coala secundar\u0103. <\/p>\n<p>Completa\u021bi formularul de cerere \u00een acest scop.<\/p>\n<p><span class=\"Apple-converted-space\"> <\/span><\/p>\n<p>[\/et_pb_text][et_pb_button button_url=&#8221;https:\/\/leergeld-lelystad.nl\/aanvraagformulier\/&#8221; button_text=&#8221;Accesa\u021bi aici formularul de cerere&#8221; button_alignment=&#8221;center&#8221; _builder_version=&#8221;4.19.5&#8243; _module_preset=&#8221;default&#8221; custom_button=&#8221;on&#8221; button_text_color=&#8221;#FFFFFF&#8221; button_bg_color=&#8221;#e28736&#8243; button_border_width=&#8221;0px&#8221; button_border_radius=&#8221;6px&#8221; background_layout=&#8221;dark&#8221; custom_margin=&#8221;||24px||false|false&#8221; custom_padding=&#8221;||||false|false&#8221; box_shadow_style=&#8221;preset3&#8243; global_colors_info=&#8221;{}&#8221; transform_styles__hover_enabled=&#8221;on|hover&#8221; transform_scale__hover_enabled=&#8221;on|hover&#8221; transform_translate__hover_enabled=&#8221;on|desktop&#8221; transform_rotate__hover_enabled=&#8221;on|desktop&#8221; transform_skew__hover_enabled=&#8221;on|desktop&#8221; transform_origin__hover_enabled=&#8221;on|desktop&#8221; transform_scale__hover=&#8221;110%|110%&#8221;][\/et_pb_button][\/et_pb_column][\/et_pb_row][et_pb_row column_structure=&#8221;1_4,1_2,1_4&#8243; _builder_version=&#8221;4.19.2&#8243; _module_preset=&#8221;default&#8221; custom_margin=&#8221;-22px|auto||auto||&#8221; custom_padding=&#8221;6px|||||&#8221; global_colors_info=&#8221;{}&#8221;][et_pb_column type=&#8221;1_4&#8243; _builder_version=&#8221;4.19.2&#8243; _module_preset=&#8221;default&#8221; background_color=&#8221;RGBA(255,255,255,0)&#8221; custom_padding=&#8221;20px|10px|20px|10px|true|true&#8221; global_colors_info=&#8221;{}&#8221;][\/et_pb_column][et_pb_column type=&#8221;1_2&#8243; _builder_version=&#8221;4.19.2&#8243; _module_preset=&#8221;default&#8221; background_color=&#8221;rgba(227,22,34,0.18)&#8221; custom_padding=&#8221;20px|10px|20px|10px|true|true&#8221; border_radii=&#8221;on|10px|10px|10px|10px&#8221; global_colors_info=&#8221;{}&#8221;][et_pb_text _builder_version=&#8221;4.19.2&#8243; _module_preset=&#8221;default&#8221; global_colors_info=&#8221;{}&#8221;]<\/p>\n<h2 style=\"text-align: center;\">Care costuri NU sunt rambursate?<\/h2>\n<p>[\/et_pb_text][et_pb_blurb use_icon=&#8221;on&#8221; font_icon=&#8221;&#xe051;||divi||400&#8243; icon_color=&#8221;#E31622&#8243; icon_placement=&#8221;left&#8221; _builder_version=&#8221;4.19.3&#8243; _module_preset=&#8221;default&#8221; body_text_align=&#8221;left&#8221; body_font_size=&#8221;21px&#8221; global_colors_info=&#8221;{}&#8221;]<\/p>\n<p>Costuri de deplasare de la domiciliu la \u0219coal\u0103<\/p>\n<p>[\/et_pb_blurb][et_pb_blurb use_icon=&#8221;on&#8221; font_icon=&#8221;&#xe051;||divi||400&#8243; icon_color=&#8221;#E31622&#8243; icon_placement=&#8221;left&#8221; _builder_version=&#8221;4.19.2&#8243; _module_preset=&#8221;default&#8221; body_text_align=&#8221;left&#8221; body_font_size=&#8221;20px&#8221; global_colors_info=&#8221;{}&#8221;]<\/p>\n<p>Acuza\u021bii legate de un crez religios<\/p>\n<p>[\/et_pb_blurb][et_pb_blurb use_icon=&#8221;on&#8221; font_icon=&#8221;&#xe051;||divi||400&#8243; icon_color=&#8221;#E31622&#8243; icon_placement=&#8221;left&#8221; _builder_version=&#8221;4.19.2&#8243; _module_preset=&#8221;default&#8221; body_text_align=&#8221;left&#8221; body_font_size=&#8221;20px&#8221; global_colors_info=&#8221;{}&#8221;]<\/p>\n<p>Contribu\u021bie voluntar\u0103 a p\u0103rin\u021bilor, lapte \u0219colar, fotografii \u0219colare, depozit<\/p>\n<p>[\/et_pb_blurb][et_pb_blurb use_icon=&#8221;on&#8221; font_icon=&#8221;&#xe051;||divi||400&#8243; icon_color=&#8221;#E31622&#8243; icon_placement=&#8221;left&#8221; _builder_version=&#8221;4.19.2&#8243; _module_preset=&#8221;default&#8221; body_text_align=&#8221;left&#8221; body_font_size=&#8221;20px&#8221; global_colors_info=&#8221;{}&#8221;]<\/p>\n<p>Pl\u0103\u021bi \u00eent\u00e2rziate, taxe de executor judec\u0103toresc, costuri de colectare<\/p>\n<p>[\/et_pb_blurb][et_pb_blurb use_icon=&#8221;on&#8221; font_icon=&#8221;&#xe051;||divi||400&#8243; icon_color=&#8221;#E31622&#8243; icon_placement=&#8221;left&#8221; _builder_version=&#8221;4.19.2&#8243; _module_preset=&#8221;default&#8221; body_text_align=&#8221;left&#8221; body_font_size=&#8221;20px&#8221; global_colors_info=&#8221;{}&#8221;]<\/p>\n<p>Haine de sport \u0219i c\u0103r\u021bi \u0219colare<\/p>\n<p>[\/et_pb_blurb][et_pb_blurb use_icon=&#8221;on&#8221; font_icon=&#8221;&#xe051;||divi||400&#8243; icon_color=&#8221;#E31622&#8243; icon_placement=&#8221;left&#8221; _builder_version=&#8221;4.19.2&#8243; _module_preset=&#8221;default&#8221; body_text_align=&#8221;left&#8221; body_font_size=&#8221;20px&#8221; global_colors_info=&#8221;{}&#8221;]<\/p>\n<p>Excursii \u0219colare exclusive<\/p>\n<p>[\/et_pb_blurb][et_pb_blurb use_icon=&#8221;on&#8221; font_icon=&#8221;&#xe051;||divi||400&#8243; icon_color=&#8221;#E31622&#8243; icon_placement=&#8221;left&#8221; _builder_version=&#8221;4.19.2&#8243; _module_preset=&#8221;default&#8221; body_text_align=&#8221;left&#8221; body_font_size=&#8221;20px&#8221; global_colors_info=&#8221;{}&#8221;]<\/p>\n<p>Vacan\u021be regulate cu familia sau rudele<\/p>\n<p>[\/et_pb_blurb][et_pb_blurb use_icon=&#8221;on&#8221; font_icon=&#8221;&#xe051;||divi||400&#8243; icon_color=&#8221;#E31622&#8243; icon_placement=&#8221;left&#8221; _builder_version=&#8221;4.19.2&#8243; _module_preset=&#8221;default&#8221; body_text_align=&#8221;left&#8221; body_font_size=&#8221;20px&#8221; global_colors_info=&#8221;{}&#8221;]<\/p>\n<p>Cadouri personale \u0219i articole legate de via\u021ba privat\u0103<\/p>\n<p>[\/et_pb_blurb][et_pb_blurb use_icon=&#8221;on&#8221; font_icon=&#8221;&#xe051;||divi||400&#8243; icon_color=&#8221;#E31622&#8243; icon_placement=&#8221;left&#8221; _builder_version=&#8221;4.19.2&#8243; _module_preset=&#8221;default&#8221; body_text_align=&#8221;left&#8221; body_font_size=&#8221;20px&#8221; global_colors_info=&#8221;{}&#8221;]<\/p>\n<p>\u00cembr\u0103c\u0103minte sport \u0219i pantofi sport<\/p>\n<p>[\/et_pb_blurb][et_pb_blurb use_icon=&#8221;on&#8221; font_icon=&#8221;&#xe051;||divi||400&#8243; icon_color=&#8221;#E31622&#8243; icon_placement=&#8221;left&#8221; _builder_version=&#8221;4.27.5&#8243; _module_preset=&#8221;default&#8221; body_text_align=&#8221;left&#8221; body_font_size=&#8221;20px&#8221; hover_enabled=&#8221;0&#8243; global_colors_info=&#8221;{}&#8221; sticky_enabled=&#8221;0&#8243;]<\/p>\n<p>Biciclete pentru copii p\u00e2n\u0103 la 6 ani<\/p>\n<p>[\/et_pb_blurb][\/et_pb_column][et_pb_column type=&#8221;1_4&#8243; _builder_version=&#8221;4.19.2&#8243; _module_preset=&#8221;default&#8221; background_color=&#8221;RGBA(255,255,255,0)&#8221; custom_padding=&#8221;20px|10px|20px|10px|true|true&#8221; global_colors_info=&#8221;{}&#8221;][\/et_pb_column][\/et_pb_row][\/et_pb_section]<\/p>\n","protected":false},"excerpt":{"rendered":"<p>Compensa\u021bii financiareLeergeld Lelystad sprijin\u0103 copiii \u0219i tinerii cu v\u00e2rste cuprinse \u00eentre 4 \u0219i 18 ani, care locuiesc \u00een municipalitatea Lelystad \u0219i ai c\u0103ror p\u0103rin\u021bi au un venit limitat, p\u00e2n\u0103 la un maxim de 150% din standardul de asisten\u021b\u0103 social\u0103. Familiile ajutate cu restructurarea datoriilor \u0219i victimele afacerii cu aloca\u021bia pentru \u00eengrijirea copilului pot, de asemenea, [&hellip;]<\/p>\n","protected":false},"author":1,"featured_media":0,"parent":0,"menu_order":0,"comment_status":"closed","ping_status":"closed","template":"","meta":{"_et_pb_use_builder":"on","_et_pb_old_content":"","_et_gb_content_width":"","footnotes":""},"class_list":["post-4708","page","type-page","status-publish","hentry"],"yoast_head":"<!-- This site is optimized with the Yoast SEO plugin v27.4 - https:\/\/yoast.com\/product\/yoast-seo-wordpress\/ -->\n<title>Compensa\u021bii financiare - Leergeld Lelystad<\/title>\n<meta name=\"description\" content=\"Asisten\u021b\u0103 financiar\u0103 din partea Leergeld Lelystad. Leergeld ramburseaz\u0103 costurile pentru excursiile \u0219colare, taberele \u0219i excursiile organizate de \u0219coal\u0103. Costurile sunt rambursate direct \u0219colii.\" \/>\n<meta name=\"robots\" content=\"index, follow, max-snippet:-1, max-image-preview:large, max-video-preview:-1\" \/>\n<link rel=\"canonical\" href=\"https:\/\/leergeld-lelystad.nl\/ro\/compensatii-financiare\/\" \/>\n<meta property=\"og:locale\" content=\"ro_RO\" \/>\n<meta property=\"og:type\" content=\"article\" \/>\n<meta property=\"og:title\" content=\"Compensa\u021bii financiare - Leergeld Lelystad\" \/>\n<meta property=\"og:description\" content=\"Asisten\u021b\u0103 financiar\u0103 din partea Leergeld Lelystad. Leergeld ramburseaz\u0103 costurile pentru excursiile \u0219colare, taberele \u0219i excursiile organizate de \u0219coal\u0103. Costurile sunt rambursate direct \u0219colii.\" \/>\n<meta property=\"og:url\" content=\"https:\/\/leergeld-lelystad.nl\/ro\/compensatii-financiare\/\" \/>\n<meta property=\"og:site_name\" content=\"Leergeld Lelystad\" \/>\n<meta property=\"article:modified_time\" content=\"2026-01-12T10:40:06+00:00\" \/>\n<meta name=\"twitter:card\" content=\"summary_large_image\" \/>\n<meta name=\"twitter:label1\" content=\"Timp estimat pentru citire\" \/>\n\t<meta name=\"twitter:data1\" content=\"5 minute\" \/>\n<script type=\"application\/ld+json\" class=\"yoast-schema-graph\">{\"@context\":\"https:\\\/\\\/schema.org\",\"@graph\":[{\"@type\":\"WebPage\",\"@id\":\"https:\\\/\\\/leergeld-lelystad.nl\\\/ro\\\/compensatii-financiare\\\/\",\"url\":\"https:\\\/\\\/leergeld-lelystad.nl\\\/ro\\\/compensatii-financiare\\\/\",\"name\":\"Compensa\u021bii financiare - Leergeld Lelystad\",\"isPartOf\":{\"@id\":\"https:\\\/\\\/leergeld-lelystad.nl\\\/ro\\\/#website\"},\"datePublished\":\"2022-12-01T09:53:49+00:00\",\"dateModified\":\"2026-01-12T10:40:06+00:00\",\"description\":\"Asisten\u021b\u0103 financiar\u0103 din partea Leergeld Lelystad. Leergeld ramburseaz\u0103 costurile pentru excursiile \u0219colare, taberele \u0219i excursiile organizate de \u0219coal\u0103. Costurile sunt rambursate direct \u0219colii.\",\"breadcrumb\":{\"@id\":\"https:\\\/\\\/leergeld-lelystad.nl\\\/ro\\\/compensatii-financiare\\\/#breadcrumb\"},\"inLanguage\":\"ro-RO\",\"potentialAction\":[{\"@type\":\"ReadAction\",\"target\":[\"https:\\\/\\\/leergeld-lelystad.nl\\\/ro\\\/compensatii-financiare\\\/\"]}]},{\"@type\":\"BreadcrumbList\",\"@id\":\"https:\\\/\\\/leergeld-lelystad.nl\\\/ro\\\/compensatii-financiare\\\/#breadcrumb\",\"itemListElement\":[{\"@type\":\"ListItem\",\"position\":1,\"name\":\"Home\",\"item\":\"https:\\\/\\\/leergeld-lelystad.nl\\\/ro\\\/\"},{\"@type\":\"ListItem\",\"position\":2,\"name\":\"Compensa\u021bii financiare\"}]},{\"@type\":\"WebSite\",\"@id\":\"https:\\\/\\\/leergeld-lelystad.nl\\\/ro\\\/#website\",\"url\":\"https:\\\/\\\/leergeld-lelystad.nl\\\/ro\\\/\",\"name\":\"Leergeld Lelystad\",\"description\":\"Nu meedoen is straks meetellen\",\"publisher\":{\"@id\":\"https:\\\/\\\/leergeld-lelystad.nl\\\/ro\\\/#organization\"},\"potentialAction\":[{\"@type\":\"SearchAction\",\"target\":{\"@type\":\"EntryPoint\",\"urlTemplate\":\"https:\\\/\\\/leergeld-lelystad.nl\\\/ro\\\/?s={search_term_string}\"},\"query-input\":{\"@type\":\"PropertyValueSpecification\",\"valueRequired\":true,\"valueName\":\"search_term_string\"}}],\"inLanguage\":\"ro-RO\"},{\"@type\":\"Organization\",\"@id\":\"https:\\\/\\\/leergeld-lelystad.nl\\\/ro\\\/#organization\",\"name\":\"Stichting Leergeld Lelystad\",\"url\":\"https:\\\/\\\/leergeld-lelystad.nl\\\/ro\\\/\",\"logo\":{\"@type\":\"ImageObject\",\"inLanguage\":\"ro-RO\",\"@id\":\"https:\\\/\\\/leergeld-lelystad.nl\\\/ro\\\/#\\\/schema\\\/logo\\\/image\\\/\",\"url\":\"http:\\\/\\\/leergeld-lelystad.nl\\\/wp-content\\\/uploads\\\/2022\\\/11\\\/Leergeld-Lelystad-logo.png\",\"contentUrl\":\"http:\\\/\\\/leergeld-lelystad.nl\\\/wp-content\\\/uploads\\\/2022\\\/11\\\/Leergeld-Lelystad-logo.png\",\"width\":300,\"height\":300,\"caption\":\"Stichting Leergeld Lelystad\"},\"image\":{\"@id\":\"https:\\\/\\\/leergeld-lelystad.nl\\\/ro\\\/#\\\/schema\\\/logo\\\/image\\\/\"}}]}<\/script>\n<!-- \/ Yoast SEO plugin. -->","yoast_head_json":{"title":"Compensa\u021bii financiare - Leergeld Lelystad","description":"Asisten\u021b\u0103 financiar\u0103 din partea Leergeld Lelystad. Leergeld ramburseaz\u0103 costurile pentru excursiile \u0219colare, taberele \u0219i excursiile organizate de \u0219coal\u0103. Costurile sunt rambursate direct \u0219colii.","robots":{"index":"index","follow":"follow","max-snippet":"max-snippet:-1","max-image-preview":"max-image-preview:large","max-video-preview":"max-video-preview:-1"},"canonical":"https:\/\/leergeld-lelystad.nl\/ro\/compensatii-financiare\/","og_locale":"ro_RO","og_type":"article","og_title":"Compensa\u021bii financiare - Leergeld Lelystad","og_description":"Asisten\u021b\u0103 financiar\u0103 din partea Leergeld Lelystad. Leergeld ramburseaz\u0103 costurile pentru excursiile \u0219colare, taberele \u0219i excursiile organizate de \u0219coal\u0103. Costurile sunt rambursate direct \u0219colii.","og_url":"https:\/\/leergeld-lelystad.nl\/ro\/compensatii-financiare\/","og_site_name":"Leergeld Lelystad","article_modified_time":"2026-01-12T10:40:06+00:00","twitter_card":"summary_large_image","twitter_misc":{"Timp estimat pentru citire":"5 minute"},"schema":{"@context":"https:\/\/schema.org","@graph":[{"@type":"WebPage","@id":"https:\/\/leergeld-lelystad.nl\/ro\/compensatii-financiare\/","url":"https:\/\/leergeld-lelystad.nl\/ro\/compensatii-financiare\/","name":"Compensa\u021bii financiare - Leergeld Lelystad","isPartOf":{"@id":"https:\/\/leergeld-lelystad.nl\/ro\/#website"},"datePublished":"2022-12-01T09:53:49+00:00","dateModified":"2026-01-12T10:40:06+00:00","description":"Asisten\u021b\u0103 financiar\u0103 din partea Leergeld Lelystad. Leergeld ramburseaz\u0103 costurile pentru excursiile \u0219colare, taberele \u0219i excursiile organizate de \u0219coal\u0103. Costurile sunt rambursate direct \u0219colii.","breadcrumb":{"@id":"https:\/\/leergeld-lelystad.nl\/ro\/compensatii-financiare\/#breadcrumb"},"inLanguage":"ro-RO","potentialAction":[{"@type":"ReadAction","target":["https:\/\/leergeld-lelystad.nl\/ro\/compensatii-financiare\/"]}]},{"@type":"BreadcrumbList","@id":"https:\/\/leergeld-lelystad.nl\/ro\/compensatii-financiare\/#breadcrumb","itemListElement":[{"@type":"ListItem","position":1,"name":"Home","item":"https:\/\/leergeld-lelystad.nl\/ro\/"},{"@type":"ListItem","position":2,"name":"Compensa\u021bii financiare"}]},{"@type":"WebSite","@id":"https:\/\/leergeld-lelystad.nl\/ro\/#website","url":"https:\/\/leergeld-lelystad.nl\/ro\/","name":"Leergeld Lelystad","description":"Nu meedoen is straks meetellen","publisher":{"@id":"https:\/\/leergeld-lelystad.nl\/ro\/#organization"},"potentialAction":[{"@type":"SearchAction","target":{"@type":"EntryPoint","urlTemplate":"https:\/\/leergeld-lelystad.nl\/ro\/?s={search_term_string}"},"query-input":{"@type":"PropertyValueSpecification","valueRequired":true,"valueName":"search_term_string"}}],"inLanguage":"ro-RO"},{"@type":"Organization","@id":"https:\/\/leergeld-lelystad.nl\/ro\/#organization","name":"Stichting Leergeld Lelystad","url":"https:\/\/leergeld-lelystad.nl\/ro\/","logo":{"@type":"ImageObject","inLanguage":"ro-RO","@id":"https:\/\/leergeld-lelystad.nl\/ro\/#\/schema\/logo\/image\/","url":"http:\/\/leergeld-lelystad.nl\/wp-content\/uploads\/2022\/11\/Leergeld-Lelystad-logo.png","contentUrl":"http:\/\/leergeld-lelystad.nl\/wp-content\/uploads\/2022\/11\/Leergeld-Lelystad-logo.png","width":300,"height":300,"caption":"Stichting Leergeld Lelystad"},"image":{"@id":"https:\/\/leergeld-lelystad.nl\/ro\/#\/schema\/logo\/image\/"}}]}},"_links":{"self":[{"href":"https:\/\/leergeld-lelystad.nl\/ro\/wp-json\/wp\/v2\/pages\/4708","targetHints":{"allow":["GET"]}}],"collection":[{"href":"https:\/\/leergeld-lelystad.nl\/ro\/wp-json\/wp\/v2\/pages"}],"about":[{"href":"https:\/\/leergeld-lelystad.nl\/ro\/wp-json\/wp\/v2\/types\/page"}],"author":[{"embeddable":true,"href":"https:\/\/leergeld-lelystad.nl\/ro\/wp-json\/wp\/v2\/users\/1"}],"replies":[{"embeddable":true,"href":"https:\/\/leergeld-lelystad.nl\/ro\/wp-json\/wp\/v2\/comments?post=4708"}],"version-history":[{"count":7,"href":"https:\/\/leergeld-lelystad.nl\/ro\/wp-json\/wp\/v2\/pages\/4708\/revisions"}],"predecessor-version":[{"id":4909,"href":"https:\/\/leergeld-lelystad.nl\/ro\/wp-json\/wp\/v2\/pages\/4708\/revisions\/4909"}],"wp:attachment":[{"href":"https:\/\/leergeld-lelystad.nl\/ro\/wp-json\/wp\/v2\/media?parent=4708"}],"curies":[{"name":"wp","href":"https:\/\/api.w.org\/{rel}","templated":true}]}}