{"id":4704,"date":"2022-11-30T11:53:07","date_gmt":"2022-11-30T11:53:07","guid":{"rendered":"https:\/\/leergeld-lelystad.nl\/eficacitate\/"},"modified":"2025-11-19T16:53:13","modified_gmt":"2025-11-19T16:53:13","slug":"eficacitate","status":"publish","type":"page","link":"https:\/\/leergeld-lelystad.nl\/ro\/eficacitate\/","title":{"rendered":"Eficacitate"},"content":{"rendered":"\n[et_pb_section fb_built=&#8221;1&#8243; _builder_version=&#8221;4.19.1&#8243; _module_preset=&#8221;default&#8221; global_colors_info=&#8221;{}&#8221;][et_pb_row _builder_version=&#8221;4.19.2&#8243; _module_preset=&#8221;default&#8221; custom_margin=&#8221;||||false|false&#8221; custom_padding=&#8221;57px||3px|||&#8221; global_colors_info=&#8221;{}&#8221;][et_pb_column type=&#8221;4_4&#8243; _builder_version=&#8221;4.19.1&#8243; _module_preset=&#8221;default&#8221; global_colors_info=&#8221;{}&#8221;][et_pb_text _builder_version=&#8221;4.19.2&#8243; _module_preset=&#8221;default&#8221; global_colors_info=&#8221;{}&#8221;]<h1>EFICIEN\u021a\u0102<\/h1>[\/et_pb_text][et_pb_divider color=&#8221;#11A0C4&#8243; divider_weight=&#8221;10px&#8221; _builder_version=&#8221;4.19.2&#8243; _module_preset=&#8221;default&#8221; width=&#8221;30%&#8221; custom_margin=&#8221;||2px|||&#8221; global_colors_info=&#8221;{}&#8221;][\/et_pb_divider][\/et_pb_column][\/et_pb_row][et_pb_row column_structure=&#8221;2_3,1_3&#8243; _builder_version=&#8221;4.19.2&#8243; _module_preset=&#8221;default&#8221; custom_margin=&#8221;||||false|false&#8221; global_colors_info=&#8221;{}&#8221; custom_padding=&#8221;0px|||||&#8221;][et_pb_column type=&#8221;2_3&#8243; _builder_version=&#8221;4.19.1&#8243; _module_preset=&#8221;default&#8221; global_colors_info=&#8221;{}&#8221;][et_pb_text _builder_version=&#8221;4.19.2&#8243; _module_preset=&#8221;default&#8221; text_line_height=&#8221;1.9em&#8221; global_colors_info=&#8221;{}&#8221;]<p>Leergeld dore\u0219te s\u0103 investeasc\u0103 \u00eentr-un mod durabil \u00een participarea \u0219i dezvoltarea copiilor, care, f\u0103r\u0103 sprijin suplimentar, risc\u0103 s\u0103 ajung\u0103 pe marginea societ\u0103\u021bii. Misiunea Leergeld este de a preveni excluderea social\u0103 a copiilor din familii cu resurse financiare minime. <\/p>\n<p>Leergeld ofer\u0103 copiilor cu v\u00e2rste cuprinse \u00eentre 4 \u0219i 18 ani posibilitatea de a participa la activit\u0103\u021bi interne \u0219i extracurriculare. Acest lucru le permite acestor copii s\u0103 \u00ee\u0219i dezvolte abilit\u0103\u021bile sociale \u0219i cuno\u0219tin\u021bele \u00een cel mai bun mod posibil, astfel \u00eenc\u00e2t mai t\u00e2rziu s\u0103 poat\u0103 participa pe deplin \u00een societate ca adul\u021bi. <\/p>\n<p>Neexcluderea acestor copii va \u00eempiedica societatea s\u0103 pl\u0103teasc\u0103 mai t\u00e2rziu &#8222;taxe de \u00eenv\u0103\u021bare&#8221; costisitoare pentru ei.<\/p>\n<p>Motto-ul Leergeld este: &#8222;To\u021bi copiii pot participa, deoarece participarea acum conteaz\u0103 mai t\u00e2rziu&#8221;.<\/p>\n<p>Ambi\u021bia pe termen lung a Leergeld este ca to\u021bi copiii s\u0103 poat\u0103 participa.<\/p>[\/et_pb_text][\/et_pb_column][et_pb_column type=&#8221;1_3&#8243; _builder_version=&#8221;4.19.1&#8243; _module_preset=&#8221;default&#8221; global_colors_info=&#8221;{}&#8221;][et_pb_image src=&#8221;http:\/\/leergeld-lelystad.nl\/wp-content\/uploads\/2022\/11\/jeugd-met-fiets.jpg&#8221; alt=&#8221;T\u00e2n\u0103r cu biciclet\u0103&#8221; title_text=&#8221;tineri-cu-bicicleta&#8221; module_class=&#8221;circular&#8221; _builder_version=&#8221;4.19.2&#8243; _module_preset=&#8221;default&#8221; global_colors_info=&#8221;{}&#8221;][\/et_pb_image][\/et_pb_column][\/et_pb_row][\/et_pb_section]\n","protected":false},"excerpt":{"rendered":"<p>EFICIEN\u021a\u0102Leergeld dore\u0219te s\u0103 investeasc\u0103 \u00eentr-un mod durabil \u00een participarea \u0219i dezvoltarea copiilor, care, f\u0103r\u0103 sprijin suplimentar, risc\u0103 s\u0103 ajung\u0103 pe marginea societ\u0103\u021bii. Misiunea Leergeld este de a preveni excluderea social\u0103 a copiilor din familii cu resurse financiare minime. Leergeld ofer\u0103 copiilor cu v\u00e2rste cuprinse \u00eentre 4 \u0219i 18 ani posibilitatea de a participa la activit\u0103\u021bi [&hellip;]<\/p>\n","protected":false},"author":1,"featured_media":0,"parent":0,"menu_order":0,"comment_status":"closed","ping_status":"closed","template":"","meta":{"_et_pb_use_builder":"on","_et_pb_old_content":"","_et_gb_content_width":"","footnotes":""},"class_list":["post-4704","page","type-page","status-publish","hentry"],"yoast_head":"<!-- This site is optimized with the Yoast SEO plugin v27.4 - https:\/\/yoast.com\/product\/yoast-seo-wordpress\/ -->\n<title>Eficacitate - Leergeld Lelystad<\/title>\n<meta name=\"description\" content=\"Eficacitate. Leergeld Lelystad dore\u0219te s\u0103 investeasc\u0103 \u00eentr-un mod durabil \u00een participarea \u0219i dezvoltarea copiilor care, f\u0103r\u0103 sprijin suplimentar, risc\u0103 s\u0103 ajung\u0103 pe marginea societ\u0103\u021bii.\" \/>\n<meta name=\"robots\" content=\"index, follow, max-snippet:-1, max-image-preview:large, max-video-preview:-1\" \/>\n<link rel=\"canonical\" href=\"https:\/\/leergeld-lelystad.nl\/ro\/eficacitate\/\" \/>\n<meta property=\"og:locale\" content=\"ro_RO\" \/>\n<meta property=\"og:type\" content=\"article\" \/>\n<meta property=\"og:title\" content=\"Eficacitate - Leergeld Lelystad\" \/>\n<meta property=\"og:description\" content=\"Eficacitate. Leergeld Lelystad dore\u0219te s\u0103 investeasc\u0103 \u00eentr-un mod durabil \u00een participarea \u0219i dezvoltarea copiilor care, f\u0103r\u0103 sprijin suplimentar, risc\u0103 s\u0103 ajung\u0103 pe marginea societ\u0103\u021bii.\" \/>\n<meta property=\"og:url\" content=\"https:\/\/leergeld-lelystad.nl\/ro\/eficacitate\/\" \/>\n<meta property=\"og:site_name\" content=\"Leergeld Lelystad\" \/>\n<meta property=\"article:modified_time\" content=\"2025-11-19T16:53:13+00:00\" \/>\n<meta name=\"twitter:card\" content=\"summary_large_image\" \/>\n<meta name=\"twitter:label1\" content=\"Timp estimat pentru citire\" \/>\n\t<meta name=\"twitter:data1\" content=\"2 minute\" \/>\n<script type=\"application\/ld+json\" class=\"yoast-schema-graph\">{\"@context\":\"https:\\\/\\\/schema.org\",\"@graph\":[{\"@type\":\"WebPage\",\"@id\":\"https:\\\/\\\/leergeld-lelystad.nl\\\/ro\\\/eficacitate\\\/\",\"url\":\"https:\\\/\\\/leergeld-lelystad.nl\\\/ro\\\/eficacitate\\\/\",\"name\":\"Eficacitate - Leergeld Lelystad\",\"isPartOf\":{\"@id\":\"https:\\\/\\\/leergeld-lelystad.nl\\\/ro\\\/#website\"},\"datePublished\":\"2022-11-30T11:53:07+00:00\",\"dateModified\":\"2025-11-19T16:53:13+00:00\",\"description\":\"Eficacitate. Leergeld Lelystad dore\u0219te s\u0103 investeasc\u0103 \u00eentr-un mod durabil \u00een participarea \u0219i dezvoltarea copiilor care, f\u0103r\u0103 sprijin suplimentar, risc\u0103 s\u0103 ajung\u0103 pe marginea societ\u0103\u021bii.\",\"breadcrumb\":{\"@id\":\"https:\\\/\\\/leergeld-lelystad.nl\\\/ro\\\/eficacitate\\\/#breadcrumb\"},\"inLanguage\":\"ro-RO\",\"potentialAction\":[{\"@type\":\"ReadAction\",\"target\":[\"https:\\\/\\\/leergeld-lelystad.nl\\\/ro\\\/eficacitate\\\/\"]}]},{\"@type\":\"BreadcrumbList\",\"@id\":\"https:\\\/\\\/leergeld-lelystad.nl\\\/ro\\\/eficacitate\\\/#breadcrumb\",\"itemListElement\":[{\"@type\":\"ListItem\",\"position\":1,\"name\":\"Home\",\"item\":\"https:\\\/\\\/leergeld-lelystad.nl\\\/ro\\\/\"},{\"@type\":\"ListItem\",\"position\":2,\"name\":\"Eficacitate\"}]},{\"@type\":\"WebSite\",\"@id\":\"https:\\\/\\\/leergeld-lelystad.nl\\\/ro\\\/#website\",\"url\":\"https:\\\/\\\/leergeld-lelystad.nl\\\/ro\\\/\",\"name\":\"Leergeld Lelystad\",\"description\":\"Nu meedoen is straks meetellen\",\"publisher\":{\"@id\":\"https:\\\/\\\/leergeld-lelystad.nl\\\/ro\\\/#organization\"},\"potentialAction\":[{\"@type\":\"SearchAction\",\"target\":{\"@type\":\"EntryPoint\",\"urlTemplate\":\"https:\\\/\\\/leergeld-lelystad.nl\\\/ro\\\/?s={search_term_string}\"},\"query-input\":{\"@type\":\"PropertyValueSpecification\",\"valueRequired\":true,\"valueName\":\"search_term_string\"}}],\"inLanguage\":\"ro-RO\"},{\"@type\":\"Organization\",\"@id\":\"https:\\\/\\\/leergeld-lelystad.nl\\\/ro\\\/#organization\",\"name\":\"Stichting Leergeld Lelystad\",\"url\":\"https:\\\/\\\/leergeld-lelystad.nl\\\/ro\\\/\",\"logo\":{\"@type\":\"ImageObject\",\"inLanguage\":\"ro-RO\",\"@id\":\"https:\\\/\\\/leergeld-lelystad.nl\\\/ro\\\/#\\\/schema\\\/logo\\\/image\\\/\",\"url\":\"http:\\\/\\\/leergeld-lelystad.nl\\\/wp-content\\\/uploads\\\/2022\\\/11\\\/Leergeld-Lelystad-logo.png\",\"contentUrl\":\"http:\\\/\\\/leergeld-lelystad.nl\\\/wp-content\\\/uploads\\\/2022\\\/11\\\/Leergeld-Lelystad-logo.png\",\"width\":300,\"height\":300,\"caption\":\"Stichting Leergeld Lelystad\"},\"image\":{\"@id\":\"https:\\\/\\\/leergeld-lelystad.nl\\\/ro\\\/#\\\/schema\\\/logo\\\/image\\\/\"}}]}<\/script>\n<!-- \/ Yoast SEO plugin. -->","yoast_head_json":{"title":"Eficacitate - Leergeld Lelystad","description":"Eficacitate. Leergeld Lelystad dore\u0219te s\u0103 investeasc\u0103 \u00eentr-un mod durabil \u00een participarea \u0219i dezvoltarea copiilor care, f\u0103r\u0103 sprijin suplimentar, risc\u0103 s\u0103 ajung\u0103 pe marginea societ\u0103\u021bii.","robots":{"index":"index","follow":"follow","max-snippet":"max-snippet:-1","max-image-preview":"max-image-preview:large","max-video-preview":"max-video-preview:-1"},"canonical":"https:\/\/leergeld-lelystad.nl\/ro\/eficacitate\/","og_locale":"ro_RO","og_type":"article","og_title":"Eficacitate - Leergeld Lelystad","og_description":"Eficacitate. Leergeld Lelystad dore\u0219te s\u0103 investeasc\u0103 \u00eentr-un mod durabil \u00een participarea \u0219i dezvoltarea copiilor care, f\u0103r\u0103 sprijin suplimentar, risc\u0103 s\u0103 ajung\u0103 pe marginea societ\u0103\u021bii.","og_url":"https:\/\/leergeld-lelystad.nl\/ro\/eficacitate\/","og_site_name":"Leergeld Lelystad","article_modified_time":"2025-11-19T16:53:13+00:00","twitter_card":"summary_large_image","twitter_misc":{"Timp estimat pentru citire":"2 minute"},"schema":{"@context":"https:\/\/schema.org","@graph":[{"@type":"WebPage","@id":"https:\/\/leergeld-lelystad.nl\/ro\/eficacitate\/","url":"https:\/\/leergeld-lelystad.nl\/ro\/eficacitate\/","name":"Eficacitate - Leergeld Lelystad","isPartOf":{"@id":"https:\/\/leergeld-lelystad.nl\/ro\/#website"},"datePublished":"2022-11-30T11:53:07+00:00","dateModified":"2025-11-19T16:53:13+00:00","description":"Eficacitate. Leergeld Lelystad dore\u0219te s\u0103 investeasc\u0103 \u00eentr-un mod durabil \u00een participarea \u0219i dezvoltarea copiilor care, f\u0103r\u0103 sprijin suplimentar, risc\u0103 s\u0103 ajung\u0103 pe marginea societ\u0103\u021bii.","breadcrumb":{"@id":"https:\/\/leergeld-lelystad.nl\/ro\/eficacitate\/#breadcrumb"},"inLanguage":"ro-RO","potentialAction":[{"@type":"ReadAction","target":["https:\/\/leergeld-lelystad.nl\/ro\/eficacitate\/"]}]},{"@type":"BreadcrumbList","@id":"https:\/\/leergeld-lelystad.nl\/ro\/eficacitate\/#breadcrumb","itemListElement":[{"@type":"ListItem","position":1,"name":"Home","item":"https:\/\/leergeld-lelystad.nl\/ro\/"},{"@type":"ListItem","position":2,"name":"Eficacitate"}]},{"@type":"WebSite","@id":"https:\/\/leergeld-lelystad.nl\/ro\/#website","url":"https:\/\/leergeld-lelystad.nl\/ro\/","name":"Leergeld Lelystad","description":"Nu meedoen is straks meetellen","publisher":{"@id":"https:\/\/leergeld-lelystad.nl\/ro\/#organization"},"potentialAction":[{"@type":"SearchAction","target":{"@type":"EntryPoint","urlTemplate":"https:\/\/leergeld-lelystad.nl\/ro\/?s={search_term_string}"},"query-input":{"@type":"PropertyValueSpecification","valueRequired":true,"valueName":"search_term_string"}}],"inLanguage":"ro-RO"},{"@type":"Organization","@id":"https:\/\/leergeld-lelystad.nl\/ro\/#organization","name":"Stichting Leergeld Lelystad","url":"https:\/\/leergeld-lelystad.nl\/ro\/","logo":{"@type":"ImageObject","inLanguage":"ro-RO","@id":"https:\/\/leergeld-lelystad.nl\/ro\/#\/schema\/logo\/image\/","url":"http:\/\/leergeld-lelystad.nl\/wp-content\/uploads\/2022\/11\/Leergeld-Lelystad-logo.png","contentUrl":"http:\/\/leergeld-lelystad.nl\/wp-content\/uploads\/2022\/11\/Leergeld-Lelystad-logo.png","width":300,"height":300,"caption":"Stichting Leergeld Lelystad"},"image":{"@id":"https:\/\/leergeld-lelystad.nl\/ro\/#\/schema\/logo\/image\/"}}]}},"_links":{"self":[{"href":"https:\/\/leergeld-lelystad.nl\/ro\/wp-json\/wp\/v2\/pages\/4704","targetHints":{"allow":["GET"]}}],"collection":[{"href":"https:\/\/leergeld-lelystad.nl\/ro\/wp-json\/wp\/v2\/pages"}],"about":[{"href":"https:\/\/leergeld-lelystad.nl\/ro\/wp-json\/wp\/v2\/types\/page"}],"author":[{"embeddable":true,"href":"https:\/\/leergeld-lelystad.nl\/ro\/wp-json\/wp\/v2\/users\/1"}],"replies":[{"embeddable":true,"href":"https:\/\/leergeld-lelystad.nl\/ro\/wp-json\/wp\/v2\/comments?post=4704"}],"version-history":[{"count":3,"href":"https:\/\/leergeld-lelystad.nl\/ro\/wp-json\/wp\/v2\/pages\/4704\/revisions"}],"predecessor-version":[{"id":4724,"href":"https:\/\/leergeld-lelystad.nl\/ro\/wp-json\/wp\/v2\/pages\/4704\/revisions\/4724"}],"wp:attachment":[{"href":"https:\/\/leergeld-lelystad.nl\/ro\/wp-json\/wp\/v2\/media?parent=4704"}],"curies":[{"name":"wp","href":"https:\/\/api.w.org\/{rel}","templated":true}]}}