{"id":4694,"date":"2022-11-30T12:13:26","date_gmt":"2022-11-30T12:13:26","guid":{"rendered":"https:\/\/leergeld-lelystad.nl\/pentru-cine\/"},"modified":"2025-11-19T16:53:01","modified_gmt":"2025-11-19T16:53:01","slug":"pentru-cine","status":"publish","type":"page","link":"https:\/\/leergeld-lelystad.nl\/ro\/pentru-cine\/","title":{"rendered":"Pentru cine."},"content":{"rendered":"<p>[et_pb_section fb_built=&#8221;1&#8243; _builder_version=&#8221;4.19.1&#8243; _module_preset=&#8221;default&#8221; global_colors_info=&#8221;{}&#8221;][et_pb_row _builder_version=&#8221;4.19.2&#8243; _module_preset=&#8221;default&#8221; custom_padding=&#8221;31px||3px|||&#8221; global_colors_info=&#8221;{}&#8221;][et_pb_column type=&#8221;4_4&#8243; _builder_version=&#8221;4.19.2&#8243; _module_preset=&#8221;default&#8221; global_colors_info=&#8221;{}&#8221;][et_pb_text _builder_version=&#8221;4.19.2&#8243; _module_preset=&#8221;default&#8221; global_colors_info=&#8221;{}&#8221;]<\/p>\n<h1>Pentru cine.<\/h1>\n<p>[\/et_pb_text][et_pb_divider color=&#8221;#7CDA24&#8243; divider_weight=&#8221;10px&#8221; _builder_version=&#8221;4.19.2&#8243; _module_preset=&#8221;default&#8221; width=&#8221;30%&#8221; custom_margin=&#8221;||2px|||&#8221; global_colors_info=&#8221;{}&#8221;][\/et_pb_divider][\/et_pb_column][\/et_pb_row][et_pb_row column_structure=&#8221;2_3,1_3&#8243; _builder_version=&#8221;4.19.2&#8243; _module_preset=&#8221;default&#8221; custom_margin=&#8221;||||false|false&#8221; custom_padding=&#8221;0px|||||&#8221; global_colors_info=&#8221;{}&#8221;][et_pb_column type=&#8221;2_3&#8243; _builder_version=&#8221;4.19.1&#8243; _module_preset=&#8221;default&#8221; global_colors_info=&#8221;{}&#8221;][et_pb_text _builder_version=&#8221;4.24.2&#8243; _module_preset=&#8221;default&#8221; text_line_height=&#8221;1.9em&#8221; global_colors_info=&#8221;{}&#8221;]<\/p>\n<p>Sprijinul acordat de Leergeld Lelystad este destinat copiilor cu v\u00e2rste cuprinse \u00eentre 4 \u0219i 18 ani, care locuiesc \u00een municipalitatea Lelystad \u0219i ai c\u0103ror p\u0103rin\u021bi au un venit limitat.<br \/>Standardul utilizat de Leergeld Lelystad \u00een acest scop este de <strong>150% din standardul de asisten\u021b\u0103 social\u0103:<\/strong> <br \/>&#8211; venitul maxim al unei persoane singure: 1925 EUR, <br \/>&#8211; sau c\u0103s\u0103torit\/coabitant: 2751 EUR.<\/p>\n<p>P\u0103rin\u021bii copiilor, care sunt ajuta\u021bi cu restructurarea datoriilor sau care sunt victime ale afacerii cu aloca\u021biile pentru copii, pot, de asemenea, s\u0103 apeleze la noi.<\/p>\n<p>Pentru ce, printre altele, pute\u021bi aplica?<\/p>\n<ul>\n<li>biciclet\u0103 bun\u0103 la m\u00e2na a doua pentru copii cu v\u00e2rsta de peste 6 ani<\/li>\n<li>calculator recondi\u021bionat pentru copiii cu v\u00e2rsta de peste 11 ani<\/li>\n<li>excursii \u0219colare, tabere \u0219i excursii<\/li>\n<li>costuri specifice pentru formarea MBO: \u00eembr\u0103c\u0103minte\/instrumente obligatorii<\/li>\n<\/ul>\n<p>Scopul cererii trebuie s\u0103 fie clar. Ce se dore\u0219te s\u0103 se primeasc\u0103? Care sunt costurile? Este nevoie de mai mult pentru al\u021bi copii din familie? Toate aceste \u00eentreb\u0103ri vor fi abordate \u00een timpul vizitei la domiciliu.<br \/>Este util dac\u0103 a\u021bi colectat deja aceste informa\u021bii atunci c\u00e2nd intermediarul viziteaz\u0103 domiciliul. Sprijinul financiar oferit de Leergeld se deconteaz\u0103 direct cu furnizorul produsului.<br \/>Cererile aprobate \u00eentr-o familie nu v\u0103 dau dreptul la un premiu \u00een alte cazuri.     <strong><\/strong><\/p>\n<p><strong><br \/>C\u00e2t de mare poate fi venitul net?<\/strong><br \/>Cuantumul venitului sau al presta\u021biei depinde de v\u00e2rsta dumneavoastr\u0103 \u0219i de situa\u021bia \u00een care tr\u0103i\u021bi.<\/p>\n<p>\u00cen fiecare an, la 1 ianuarie \u0219i 1 iulie, standardele de asisten\u021b\u0103 sunt resetate. Pentru a fi eligibil pentru sprijin din partea Leergeld Lelystad, venitul net nu poate dep\u0103\u0219i 150% din standardul de asisten\u021b\u0103 social\u0103.<br \/>Nivelul de venit (suma standard, inclusiv aloca\u021bia de vacan\u021b\u0103), care se aplic\u0103 la Leergeld Lelystad pentru a fi eligibil pentru sprijin poate fi g\u0103sit prin intermediul site-ului web al <a href=\"https:\/\/www.rijksoverheid.nl\/onderwerpen\/bijstand\/vraag-en-antwoord\/hoe-hoog-is-mijn-bijstandsuitkering\" target=\"_blank\" rel=\"noopener\"><em><strong>guvernului na\u021bional.<\/strong><\/em><\/a> <\/p>\n<p>[\/et_pb_text][\/et_pb_column][et_pb_column type=&#8221;1_3&#8243; _builder_version=&#8221;4.19.1&#8243; _module_preset=&#8221;default&#8221; global_colors_info=&#8221;{}&#8221;][et_pb_image src=&#8221;https:\/\/leergeld-lelystad.nl\/wp-content\/uploads\/2022\/11\/Wie-komt-in-aanmerking-voor-Leergeld.jpg&#8221; alt=&#8221;T\u00e2n\u0103r cu biciclet\u0103&#8221; title_text=&#8221;Cine-este-eligibil-pentru-\u00eemprumuturi&#8221; module_class=&#8221;circular&#8221; _builder_version=&#8221;4.19.2&#8243; _module_preset=&#8221;default&#8221; global_colors_info=&#8221;{}&#8221;][\/et_pb_image][\/et_pb_column][\/et_pb_row][et_pb_row column_structure=&#8221;1_2,1_2&#8243; make_equal=&#8221;on&#8221; _builder_version=&#8221;4.19.2&#8243; _module_preset=&#8221;default&#8221; custom_margin=&#8221;106px|auto||auto||&#8221; custom_padding=&#8221;6px|||||&#8221; border_radii=&#8221;on|10px|10px|10px|10px&#8221; global_colors_info=&#8221;{}&#8221;][et_pb_column type=&#8221;1_2&#8243; _builder_version=&#8221;4.19.2&#8243; _module_preset=&#8221;default&#8221; background_color=&#8221;rgba(135,186,37,0.25)&#8221; custom_padding=&#8221;20px|10px|20px|10px|true|true&#8221; border_radii=&#8221;on|10px|10px|10px|10px&#8221; global_colors_info=&#8221;{}&#8221;][et_pb_text _builder_version=&#8221;4.19.2&#8243; _module_preset=&#8221;default&#8221; global_colors_info=&#8221;{}&#8221;]<\/p>\n<h2 style=\"text-align: center;\">Care sunt costurile rambursate?<\/h2>\n<p>[\/et_pb_text][et_pb_blurb use_icon=&#8221;on&#8221; font_icon=&#8221;&#x4e;||divi||400&#8243; icon_color=&#8221;#87BA25&#8243; icon_placement=&#8221;left&#8221; _builder_version=&#8221;4.24.2&#8243; _module_preset=&#8221;default&#8221; body_text_align=&#8221;left&#8221; body_font_size=&#8221;20px&#8221; hover_enabled=&#8221;0&#8243; global_colors_info=&#8221;{}&#8221; sticky_enabled=&#8221;0&#8243;]<\/p>\n<p>Biciclet\u0103 pentru copii cu v\u00e2rsta de peste 6 ani<\/p>\n<p>[\/et_pb_blurb][et_pb_blurb use_icon=&#8221;on&#8221; font_icon=&#8221;&#x4e;||divi||400&#8243; icon_color=&#8221;#87BA25&#8243; icon_placement=&#8221;left&#8221; _builder_version=&#8221;4.19.2&#8243; _module_preset=&#8221;default&#8221; body_text_align=&#8221;left&#8221; body_font_size=&#8221;20px&#8221; custom_margin=&#8221;-19px|||||&#8221; global_colors_info=&#8221;{}&#8221;]<\/p>\n<p>Laptopuri pentru copiii cu v\u00e2rsta de peste 11 ani<\/p>\n<p>[\/et_pb_blurb][et_pb_blurb use_icon=&#8221;on&#8221; font_icon=&#8221;&#x4e;||divi||400&#8243; icon_color=&#8221;#87BA25&#8243; icon_placement=&#8221;left&#8221; _builder_version=&#8221;4.19.4&#8243; _module_preset=&#8221;default&#8221; body_text_align=&#8221;left&#8221; body_font_size=&#8221;20px&#8221; custom_margin=&#8221;-19px|||||&#8221; global_colors_info=&#8221;{}&#8221;]<\/p>\n<p>Furnizarea de pachete de \u00eenceput de \u0219coal\u0103 pentru elevii din primul an de liceu<\/p>\n<p>[\/et_pb_blurb][et_pb_blurb use_icon=&#8221;on&#8221; font_icon=&#8221;&#x4e;||divi||400&#8243; icon_color=&#8221;#87BA25&#8243; icon_placement=&#8221;left&#8221; _builder_version=&#8221;4.19.4&#8243; _module_preset=&#8221;default&#8221; body_text_align=&#8221;left&#8221; body_font_size=&#8221;20px&#8221; custom_margin=&#8221;-19px|||||&#8221; global_colors_info=&#8221;{}&#8221;]<\/p>\n<p>Asisten\u021b\u0103 financiar\u0103 pentru acoperirea costurilor pentru: excursii \u0219i excursii \u0219colare.<\/p>\n<p>[\/et_pb_blurb][\/et_pb_column][et_pb_column type=&#8221;1_2&#8243; _builder_version=&#8221;4.19.2&#8243; _module_preset=&#8221;default&#8221; background_color=&#8221;rgba(227,22,34,0.18)&#8221; custom_padding=&#8221;20px|10px|20px|10px|true|true&#8221; border_radii=&#8221;on|10px|10px|10px|10px&#8221; global_colors_info=&#8221;{}&#8221;][et_pb_text _builder_version=&#8221;4.19.2&#8243; _module_preset=&#8221;default&#8221; global_colors_info=&#8221;{}&#8221;]<\/p>\n<h2 style=\"text-align: center;\">Care costuri NU sunt rambursate?<\/h2>\n<p>[\/et_pb_text][et_pb_blurb use_icon=&#8221;on&#8221; font_icon=&#8221;&#xe051;||divi||400&#8243; icon_color=&#8221;#E31622&#8243; icon_placement=&#8221;left&#8221; _builder_version=&#8221;4.19.2&#8243; _module_preset=&#8221;default&#8221; body_text_align=&#8221;left&#8221; body_font_size=&#8221;21px&#8221; global_colors_info=&#8221;{}&#8221;]<\/p>\n<p>Costuri de deplasare de la domiciliu la \u0219coal\u0103<\/p>\n<p>[\/et_pb_blurb][et_pb_blurb use_icon=&#8221;on&#8221; font_icon=&#8221;&#xe051;||divi||400&#8243; icon_color=&#8221;#E31622&#8243; icon_placement=&#8221;left&#8221; _builder_version=&#8221;4.19.2&#8243; _module_preset=&#8221;default&#8221; body_text_align=&#8221;left&#8221; body_font_size=&#8221;20px&#8221; global_colors_info=&#8221;{}&#8221;]<\/p>\n<p>Acuza\u021bii legate de un crez religios<\/p>\n<p>[\/et_pb_blurb][et_pb_blurb use_icon=&#8221;on&#8221; font_icon=&#8221;&#xe051;||divi||400&#8243; icon_color=&#8221;#E31622&#8243; icon_placement=&#8221;left&#8221; _builder_version=&#8221;4.19.2&#8243; _module_preset=&#8221;default&#8221; body_text_align=&#8221;left&#8221; body_font_size=&#8221;20px&#8221; global_colors_info=&#8221;{}&#8221;]<\/p>\n<p>Contribu\u021bie voluntar\u0103 a p\u0103rin\u021bilor, lapte \u0219colar, fotografii \u0219colare, depozit<\/p>\n<p>[\/et_pb_blurb][et_pb_blurb use_icon=&#8221;on&#8221; font_icon=&#8221;&#xe051;||divi||400&#8243; icon_color=&#8221;#E31622&#8243; icon_placement=&#8221;left&#8221; _builder_version=&#8221;4.19.2&#8243; _module_preset=&#8221;default&#8221; body_text_align=&#8221;left&#8221; body_font_size=&#8221;20px&#8221; global_colors_info=&#8221;{}&#8221;]<\/p>\n<p>Haine de sport \u0219i c\u0103r\u021bi \u0219colare<\/p>\n<p>[\/et_pb_blurb][et_pb_blurb use_icon=&#8221;on&#8221; font_icon=&#8221;&#xe051;||divi||400&#8243; icon_color=&#8221;#E31622&#8243; icon_placement=&#8221;left&#8221; _builder_version=&#8221;4.19.2&#8243; _module_preset=&#8221;default&#8221; body_text_align=&#8221;left&#8221; body_font_size=&#8221;20px&#8221; global_colors_info=&#8221;{}&#8221;]<\/p>\n<p>Pl\u0103\u021bi \u00eent\u00e2rziate, taxe de executor judec\u0103toresc, costuri de colectare<\/p>\n<p>[\/et_pb_blurb][et_pb_blurb use_icon=&#8221;on&#8221; font_icon=&#8221;&#xe051;||divi||400&#8243; icon_color=&#8221;#E31622&#8243; icon_placement=&#8221;left&#8221; _builder_version=&#8221;4.19.2&#8243; _module_preset=&#8221;default&#8221; body_text_align=&#8221;left&#8221; body_font_size=&#8221;20px&#8221; global_colors_info=&#8221;{}&#8221;]<\/p>\n<p>Vacan\u021be regulate cu familia sau rudele<\/p>\n<p>[\/et_pb_blurb][et_pb_blurb use_icon=&#8221;on&#8221; font_icon=&#8221;&#xe051;||divi||400&#8243; icon_color=&#8221;#E31622&#8243; icon_placement=&#8221;left&#8221; _builder_version=&#8221;4.19.2&#8243; _module_preset=&#8221;default&#8221; body_text_align=&#8221;left&#8221; body_font_size=&#8221;20px&#8221; global_colors_info=&#8221;{}&#8221;]<\/p>\n<p>Excursii \u0219colare exclusive<\/p>\n<p>[\/et_pb_blurb][et_pb_blurb use_icon=&#8221;on&#8221; font_icon=&#8221;&#xe051;||divi||400&#8243; icon_color=&#8221;#E31622&#8243; icon_placement=&#8221;left&#8221; _builder_version=&#8221;4.19.2&#8243; _module_preset=&#8221;default&#8221; body_text_align=&#8221;left&#8221; body_font_size=&#8221;20px&#8221; global_colors_info=&#8221;{}&#8221;]<\/p>\n<p>Cadouri personale \u0219i articole legate de via\u021ba privat\u0103<\/p>\n<p>[\/et_pb_blurb][et_pb_blurb use_icon=&#8221;on&#8221; font_icon=&#8221;&#xe051;||divi||400&#8243; icon_color=&#8221;#E31622&#8243; icon_placement=&#8221;left&#8221; _builder_version=&#8221;4.19.2&#8243; _module_preset=&#8221;default&#8221; body_text_align=&#8221;left&#8221; body_font_size=&#8221;20px&#8221; global_colors_info=&#8221;{}&#8221;]<\/p>\n<p>\u00cembr\u0103c\u0103minte sport \u0219i pantofi sport<\/p>\n<p>[\/et_pb_blurb][et_pb_blurb use_icon=&#8221;on&#8221; font_icon=&#8221;&#xe051;||divi||400&#8243; icon_color=&#8221;#E31622&#8243; icon_placement=&#8221;left&#8221; _builder_version=&#8221;4.24.2&#8243; _module_preset=&#8221;default&#8221; body_text_align=&#8221;left&#8221; body_font_size=&#8221;20px&#8221; hover_enabled=&#8221;0&#8243; global_colors_info=&#8221;{}&#8221; sticky_enabled=&#8221;0&#8243;]<\/p>\n<p>Biciclete pentru copii p\u00e2n\u0103 la 6 ani<\/p>\n<p>[\/et_pb_blurb][\/et_pb_column][\/et_pb_row][\/et_pb_section]<\/p>\n","protected":false},"excerpt":{"rendered":"<p>Pentru cine.Sprijinul acordat de Leergeld Lelystad este destinat copiilor cu v\u00e2rste cuprinse \u00eentre 4 \u0219i 18 ani, care locuiesc \u00een municipalitatea Lelystad \u0219i ai c\u0103ror p\u0103rin\u021bi au un venit limitat.Standardul utilizat de Leergeld Lelystad \u00een acest scop este de 150% din standardul de asisten\u021b\u0103 social\u0103: &#8211; venitul maxim al unei persoane singure: 1925 EUR, &#8211; [&hellip;]<\/p>\n","protected":false},"author":1,"featured_media":0,"parent":0,"menu_order":0,"comment_status":"closed","ping_status":"closed","template":"","meta":{"_et_pb_use_builder":"on","_et_pb_old_content":"","_et_gb_content_width":"","footnotes":""},"class_list":["post-4694","page","type-page","status-publish","hentry"],"yoast_head":"<!-- This site is optimized with the Yoast SEO plugin v27.4 - https:\/\/yoast.com\/product\/yoast-seo-wordpress\/ -->\n<title>Pentru cine. - Leergeld Lelystad<\/title>\n<meta name=\"description\" content=\"Cui se adreseaz\u0103 leergeld Lelystad. Sprijinul acordat de Leergeld Lelystad este destinat copiilor cu v\u00e2rste cuprinse \u00eentre 4 \u0219i 18 ani, care locuiesc \u00een municipalitatea Lelystad \u0219i ai c\u0103ror p\u0103rin\u021bi au un venit limitat.\" \/>\n<meta name=\"robots\" content=\"index, follow, max-snippet:-1, max-image-preview:large, max-video-preview:-1\" \/>\n<link rel=\"canonical\" href=\"https:\/\/leergeld-lelystad.nl\/ro\/pentru-cine\/\" \/>\n<meta property=\"og:locale\" content=\"ro_RO\" \/>\n<meta property=\"og:type\" content=\"article\" \/>\n<meta property=\"og:title\" content=\"Pentru cine. - Leergeld Lelystad\" \/>\n<meta property=\"og:description\" content=\"Cui se adreseaz\u0103 leergeld Lelystad. Sprijinul acordat de Leergeld Lelystad este destinat copiilor cu v\u00e2rste cuprinse \u00eentre 4 \u0219i 18 ani, care locuiesc \u00een municipalitatea Lelystad \u0219i ai c\u0103ror p\u0103rin\u021bi au un venit limitat.\" \/>\n<meta property=\"og:url\" content=\"https:\/\/leergeld-lelystad.nl\/ro\/pentru-cine\/\" \/>\n<meta property=\"og:site_name\" content=\"Leergeld Lelystad\" \/>\n<meta property=\"article:modified_time\" content=\"2025-11-19T16:53:01+00:00\" \/>\n<meta name=\"twitter:card\" content=\"summary_large_image\" \/>\n<meta name=\"twitter:label1\" content=\"Timp estimat pentru citire\" \/>\n\t<meta name=\"twitter:data1\" content=\"6 minute\" \/>\n<script type=\"application\/ld+json\" class=\"yoast-schema-graph\">{\"@context\":\"https:\\\/\\\/schema.org\",\"@graph\":[{\"@type\":\"WebPage\",\"@id\":\"https:\\\/\\\/leergeld-lelystad.nl\\\/ro\\\/pentru-cine\\\/\",\"url\":\"https:\\\/\\\/leergeld-lelystad.nl\\\/ro\\\/pentru-cine\\\/\",\"name\":\"Pentru cine. - Leergeld Lelystad\",\"isPartOf\":{\"@id\":\"https:\\\/\\\/leergeld-lelystad.nl\\\/ro\\\/#website\"},\"datePublished\":\"2022-11-30T12:13:26+00:00\",\"dateModified\":\"2025-11-19T16:53:01+00:00\",\"description\":\"Cui se adreseaz\u0103 leergeld Lelystad. Sprijinul acordat de Leergeld Lelystad este destinat copiilor cu v\u00e2rste cuprinse \u00eentre 4 \u0219i 18 ani, care locuiesc \u00een municipalitatea Lelystad \u0219i ai c\u0103ror p\u0103rin\u021bi au un venit limitat.\",\"breadcrumb\":{\"@id\":\"https:\\\/\\\/leergeld-lelystad.nl\\\/ro\\\/pentru-cine\\\/#breadcrumb\"},\"inLanguage\":\"ro-RO\",\"potentialAction\":[{\"@type\":\"ReadAction\",\"target\":[\"https:\\\/\\\/leergeld-lelystad.nl\\\/ro\\\/pentru-cine\\\/\"]}]},{\"@type\":\"BreadcrumbList\",\"@id\":\"https:\\\/\\\/leergeld-lelystad.nl\\\/ro\\\/pentru-cine\\\/#breadcrumb\",\"itemListElement\":[{\"@type\":\"ListItem\",\"position\":1,\"name\":\"Home\",\"item\":\"https:\\\/\\\/leergeld-lelystad.nl\\\/ro\\\/\"},{\"@type\":\"ListItem\",\"position\":2,\"name\":\"Pentru cine.\"}]},{\"@type\":\"WebSite\",\"@id\":\"https:\\\/\\\/leergeld-lelystad.nl\\\/ro\\\/#website\",\"url\":\"https:\\\/\\\/leergeld-lelystad.nl\\\/ro\\\/\",\"name\":\"Leergeld Lelystad\",\"description\":\"Nu meedoen is straks meetellen\",\"publisher\":{\"@id\":\"https:\\\/\\\/leergeld-lelystad.nl\\\/ro\\\/#organization\"},\"potentialAction\":[{\"@type\":\"SearchAction\",\"target\":{\"@type\":\"EntryPoint\",\"urlTemplate\":\"https:\\\/\\\/leergeld-lelystad.nl\\\/ro\\\/?s={search_term_string}\"},\"query-input\":{\"@type\":\"PropertyValueSpecification\",\"valueRequired\":true,\"valueName\":\"search_term_string\"}}],\"inLanguage\":\"ro-RO\"},{\"@type\":\"Organization\",\"@id\":\"https:\\\/\\\/leergeld-lelystad.nl\\\/ro\\\/#organization\",\"name\":\"Stichting Leergeld Lelystad\",\"url\":\"https:\\\/\\\/leergeld-lelystad.nl\\\/ro\\\/\",\"logo\":{\"@type\":\"ImageObject\",\"inLanguage\":\"ro-RO\",\"@id\":\"https:\\\/\\\/leergeld-lelystad.nl\\\/ro\\\/#\\\/schema\\\/logo\\\/image\\\/\",\"url\":\"http:\\\/\\\/leergeld-lelystad.nl\\\/wp-content\\\/uploads\\\/2022\\\/11\\\/Leergeld-Lelystad-logo.png\",\"contentUrl\":\"http:\\\/\\\/leergeld-lelystad.nl\\\/wp-content\\\/uploads\\\/2022\\\/11\\\/Leergeld-Lelystad-logo.png\",\"width\":300,\"height\":300,\"caption\":\"Stichting Leergeld Lelystad\"},\"image\":{\"@id\":\"https:\\\/\\\/leergeld-lelystad.nl\\\/ro\\\/#\\\/schema\\\/logo\\\/image\\\/\"}}]}<\/script>\n<!-- \/ Yoast SEO plugin. -->","yoast_head_json":{"title":"Pentru cine. - Leergeld Lelystad","description":"Cui se adreseaz\u0103 leergeld Lelystad. Sprijinul acordat de Leergeld Lelystad este destinat copiilor cu v\u00e2rste cuprinse \u00eentre 4 \u0219i 18 ani, care locuiesc \u00een municipalitatea Lelystad \u0219i ai c\u0103ror p\u0103rin\u021bi au un venit limitat.","robots":{"index":"index","follow":"follow","max-snippet":"max-snippet:-1","max-image-preview":"max-image-preview:large","max-video-preview":"max-video-preview:-1"},"canonical":"https:\/\/leergeld-lelystad.nl\/ro\/pentru-cine\/","og_locale":"ro_RO","og_type":"article","og_title":"Pentru cine. - Leergeld Lelystad","og_description":"Cui se adreseaz\u0103 leergeld Lelystad. Sprijinul acordat de Leergeld Lelystad este destinat copiilor cu v\u00e2rste cuprinse \u00eentre 4 \u0219i 18 ani, care locuiesc \u00een municipalitatea Lelystad \u0219i ai c\u0103ror p\u0103rin\u021bi au un venit limitat.","og_url":"https:\/\/leergeld-lelystad.nl\/ro\/pentru-cine\/","og_site_name":"Leergeld Lelystad","article_modified_time":"2025-11-19T16:53:01+00:00","twitter_card":"summary_large_image","twitter_misc":{"Timp estimat pentru citire":"6 minute"},"schema":{"@context":"https:\/\/schema.org","@graph":[{"@type":"WebPage","@id":"https:\/\/leergeld-lelystad.nl\/ro\/pentru-cine\/","url":"https:\/\/leergeld-lelystad.nl\/ro\/pentru-cine\/","name":"Pentru cine. - Leergeld Lelystad","isPartOf":{"@id":"https:\/\/leergeld-lelystad.nl\/ro\/#website"},"datePublished":"2022-11-30T12:13:26+00:00","dateModified":"2025-11-19T16:53:01+00:00","description":"Cui se adreseaz\u0103 leergeld Lelystad. Sprijinul acordat de Leergeld Lelystad este destinat copiilor cu v\u00e2rste cuprinse \u00eentre 4 \u0219i 18 ani, care locuiesc \u00een municipalitatea Lelystad \u0219i ai c\u0103ror p\u0103rin\u021bi au un venit limitat.","breadcrumb":{"@id":"https:\/\/leergeld-lelystad.nl\/ro\/pentru-cine\/#breadcrumb"},"inLanguage":"ro-RO","potentialAction":[{"@type":"ReadAction","target":["https:\/\/leergeld-lelystad.nl\/ro\/pentru-cine\/"]}]},{"@type":"BreadcrumbList","@id":"https:\/\/leergeld-lelystad.nl\/ro\/pentru-cine\/#breadcrumb","itemListElement":[{"@type":"ListItem","position":1,"name":"Home","item":"https:\/\/leergeld-lelystad.nl\/ro\/"},{"@type":"ListItem","position":2,"name":"Pentru cine."}]},{"@type":"WebSite","@id":"https:\/\/leergeld-lelystad.nl\/ro\/#website","url":"https:\/\/leergeld-lelystad.nl\/ro\/","name":"Leergeld Lelystad","description":"Nu meedoen is straks meetellen","publisher":{"@id":"https:\/\/leergeld-lelystad.nl\/ro\/#organization"},"potentialAction":[{"@type":"SearchAction","target":{"@type":"EntryPoint","urlTemplate":"https:\/\/leergeld-lelystad.nl\/ro\/?s={search_term_string}"},"query-input":{"@type":"PropertyValueSpecification","valueRequired":true,"valueName":"search_term_string"}}],"inLanguage":"ro-RO"},{"@type":"Organization","@id":"https:\/\/leergeld-lelystad.nl\/ro\/#organization","name":"Stichting Leergeld Lelystad","url":"https:\/\/leergeld-lelystad.nl\/ro\/","logo":{"@type":"ImageObject","inLanguage":"ro-RO","@id":"https:\/\/leergeld-lelystad.nl\/ro\/#\/schema\/logo\/image\/","url":"http:\/\/leergeld-lelystad.nl\/wp-content\/uploads\/2022\/11\/Leergeld-Lelystad-logo.png","contentUrl":"http:\/\/leergeld-lelystad.nl\/wp-content\/uploads\/2022\/11\/Leergeld-Lelystad-logo.png","width":300,"height":300,"caption":"Stichting Leergeld Lelystad"},"image":{"@id":"https:\/\/leergeld-lelystad.nl\/ro\/#\/schema\/logo\/image\/"}}]}},"_links":{"self":[{"href":"https:\/\/leergeld-lelystad.nl\/ro\/wp-json\/wp\/v2\/pages\/4694","targetHints":{"allow":["GET"]}}],"collection":[{"href":"https:\/\/leergeld-lelystad.nl\/ro\/wp-json\/wp\/v2\/pages"}],"about":[{"href":"https:\/\/leergeld-lelystad.nl\/ro\/wp-json\/wp\/v2\/types\/page"}],"author":[{"embeddable":true,"href":"https:\/\/leergeld-lelystad.nl\/ro\/wp-json\/wp\/v2\/users\/1"}],"replies":[{"embeddable":true,"href":"https:\/\/leergeld-lelystad.nl\/ro\/wp-json\/wp\/v2\/comments?post=4694"}],"version-history":[{"count":5,"href":"https:\/\/leergeld-lelystad.nl\/ro\/wp-json\/wp\/v2\/pages\/4694\/revisions"}],"predecessor-version":[{"id":4699,"href":"https:\/\/leergeld-lelystad.nl\/ro\/wp-json\/wp\/v2\/pages\/4694\/revisions\/4699"}],"wp:attachment":[{"href":"https:\/\/leergeld-lelystad.nl\/ro\/wp-json\/wp\/v2\/media?parent=4694"}],"curies":[{"name":"wp","href":"https:\/\/api.w.org\/{rel}","templated":true}]}}