{"id":4688,"date":"2022-12-05T14:13:34","date_gmt":"2022-12-05T14:13:34","guid":{"rendered":"https:\/\/leergeld-lelystad.nl\/reglementari-privind-confidentialitatea\/"},"modified":"2025-11-19T16:52:57","modified_gmt":"2025-11-19T16:52:57","slug":"reglementari-privind-confidentialitatea","status":"publish","type":"page","link":"https:\/\/leergeld-lelystad.nl\/ro\/reglementari-privind-confidentialitatea\/","title":{"rendered":"Reglement\u0103ri privind confiden\u021bialitatea"},"content":{"rendered":"<p>[et_pb_section fb_built=&#8221;1&#8243; _builder_version=&#8221;4.19.1&#8243; _module_preset=&#8221;default&#8221; global_colors_info=&#8221;{}&#8221;][et_pb_row _builder_version=&#8221;4.19.2&#8243; _module_preset=&#8221;default&#8221; custom_margin=&#8221;||||false|false&#8221; custom_padding=&#8221;57px|||||&#8221; global_colors_info=&#8221;{}&#8221;][et_pb_column type=&#8221;4_4&#8243; _builder_version=&#8221;4.19.1&#8243; _module_preset=&#8221;default&#8221; global_colors_info=&#8221;{}&#8221;][et_pb_divider color=&#8221;#E31622&#8243; divider_weight=&#8221;10px&#8221; _builder_version=&#8221;4.19.2&#8243; _module_preset=&#8221;default&#8221; width=&#8221;30%&#8221; custom_margin=&#8221;||2px|||&#8221; global_colors_info=&#8221;{}&#8221;][\/et_pb_divider][et_pb_text _builder_version=&#8221;4.19.2&#8243; _module_preset=&#8221;default&#8221; global_colors_info=&#8221;{}&#8221;]<\/p>\n<h1>REGLEMENT\u0102RI PRIVIND CONFIDEN\u021aIALITATEA<\/h1>\n<p>[\/et_pb_text][\/et_pb_column][\/et_pb_row][et_pb_row column_structure=&#8221;2_3,1_3&#8243; _builder_version=&#8221;4.19.2&#8243; _module_preset=&#8221;default&#8221; custom_margin=&#8221;||||false|false&#8221; global_colors_info=&#8221;{}&#8221;][et_pb_column type=&#8221;2_3&#8243; _builder_version=&#8221;4.19.1&#8243; _module_preset=&#8221;default&#8221; global_colors_info=&#8221;{}&#8221;][et_pb_text _builder_version=&#8221;4.19.4&#8243; _module_preset=&#8221;default&#8221; text_line_height=&#8221;1.9em&#8221; global_colors_info=&#8221;{}&#8221;]<\/p>\n<p>Stichting Leergeld Lelystad, situat PO Box 587, 8200 AN Lelystad, este responsabil pentru<br \/>prelucrarea datelor cu caracter personal, astfel cum se reflect\u0103 \u00een aceast\u0103 declara\u021bie de confiden\u021bialitate.<\/p>\n<p><strong>Date de contact:<\/strong><br \/>Website: https:\/\/leergeld-lelystad.nl<br \/>e-mail: <a href=\"mailto:info@leergeld-lelystad.nl\">info@leergeld-lelystad.nl<\/a><\/p>\n<p><strong>Datele cu caracter personal pe care le prelucr\u0103m:<\/strong><br \/>Stichting Leergeld Lelystad prelucreaz\u0103 datele dvs. cu caracter personal pentru c\u0103 utiliza\u021bi serviciile noastre \u0219i pentru c\u0103 ne furniza\u021bi personal aceste date. Datele cu caracter personal pe care le prelucr\u0103m se refer\u0103 la:<br \/>&#8211; Ini\u021bialele, numele, adresa, codul po\u0219tal, ora\u0219ul, telefonul, telefonul mobil, adresa de e-mail, venitul net pe lun\u0103, data na\u0219terii. <\/p>\n<p><strong>Date cu caracter personal speciale \u0219i\/sau sensibile pe care le prelucr\u0103m:<\/strong><br \/>Site-ul \u0219i\/sau serviciul nostru nu inten\u021bioneaz\u0103 s\u0103 colecteze date privind vizitatorii site-ului care au v\u00e2rsta sub 16 ani. Cu excep\u021bia cazului \u00een care ace\u0219tia au permisiunea p\u0103rin\u021bilor sau tutorilor. Cu toate acestea, nu putem verifica dac\u0103 un vizitator are mai mult de 16 ani. Prin urmare, sf\u0103tuim p\u0103rin\u021bii s\u0103 se implice \u00een activit\u0103\u021bile online ale copiilor lor pentru a evita colectarea de date despre copii f\u0103r\u0103 acordul p\u0103rin\u021bilor. Dac\u0103 sunte\u021bi convins c\u0103 am colectat date personale despre un minor f\u0103r\u0103 un astfel de consim\u021b\u0103m\u00e2nt, v\u0103 rug\u0103m s\u0103 ne contacta\u021bi la info@leergeld-lelystad.nl \u0219i vom \u0219terge aceste informa\u021bii.    <\/p>\n<p><strong>\u00cen ce scop \u0219i pe ce baz\u0103 prelucr\u0103m datele cu caracter personal:<\/strong><br \/>Stichting Leergeld Lelystad prelucreaz\u0103 datele dvs. cu caracter personal \u00een urm\u0103toarele scopuri:<br \/>&#8211; Pentru a v\u0103 putea trimite e-mailuri, dac\u0103 acest lucru este necesar pentru a ne desf\u0103\u0219ura serviciile;<\/p>\n<p><strong>Procesul decizional automatizat:<\/strong><br \/>Stichting Leergeld Lelystad nu ia decizii cu privire la chestiuni care ar putea afecta (\u00een mod semnificativ) persoanele pe baza prelucr\u0103rii automatizate. Acestea sunt decizii luate de programe sau sisteme informatice, f\u0103r\u0103 a fi implicat\u0103 nicio fiin\u021b\u0103 uman\u0103 (de exemplu, un angajat al Stichting Leergeld Lelystad). <\/p>\n<p><strong>C\u00e2t timp p\u0103str\u0103m datele cu caracter personal:<\/strong><br \/>Stichting Leergeld Lelystad p\u0103streaz\u0103 datele solicitantului p\u00e2n\u0103 c\u00e2nd cel mai mic copil din familie \u00eempline\u0219te 18 ani.<br \/>Ini\u021bialele, numele, adresa, codul po\u0219tal, ora\u0219ul, telefonul, telefonul mobil, adresa de e-mail, venitul net pe lun\u0103, data na\u0219terii.<\/p>\n<p><strong>Schimbul de date cu caracter personal cu ter\u021bi:<\/strong><br \/>Stichting Leergeld Lelystad furnizeaz\u0103 date numai ter\u021bilor \u0219i numai atunci c\u00e2nd este necesar pentru executarea acordului nostru cu dvs. sau pentru respectarea unei obliga\u021bii legale.<\/p>\n<p><strong>Cookie-uri sau tehnici similare pe care le utiliz\u0103m:<\/strong><br \/>Stichting Leergeld Lelystad nu utilizeaz\u0103 cookie-uri sau tehnici similare.<\/p>\n<p><strong>Cum securiz\u0103m datele cu caracter personal:<\/strong><br \/>Stichting Leergeld Lelystad ia \u00een serios protec\u021bia datelor dvs. \u0219i ia m\u0103suri adecvate pentru a preveni abuzul, pierderea, accesul neautorizat, divulgarea nedorit\u0103 \u0219i modificarea neautorizat\u0103. Dac\u0103 considera\u021bi c\u0103 datele dvs. nu sunt securizate \u00een mod corespunz\u0103tor sau exist\u0103 indicii de utilizare abuziv\u0103, v\u0103 rug\u0103m s\u0103 contacta\u021bi <a href=\"mailto:info@leergeld-lelystad.nl\">info@leergeld-lelystad.nl.<\/a> <\/p>\n<p>[\/et_pb_text][\/et_pb_column][et_pb_column type=&#8221;1_3&#8243; _builder_version=&#8221;4.19.1&#8243; _module_preset=&#8221;default&#8221; global_colors_info=&#8221;{}&#8221;][et_pb_image src=&#8221;https:\/\/leergeld-lelystad.nl\/wp-content\/uploads\/2022\/11\/jeugd-met-fiets.jpg&#8221; alt=&#8221;T\u00e2n\u0103r cu biciclet\u0103&#8221; title_text=&#8221;tineri-cu-bicicleta&#8221; module_class=&#8221;circular&#8221; _builder_version=&#8221;4.19.2&#8243; _module_preset=&#8221;default&#8221; global_colors_info=&#8221;{}&#8221;][\/et_pb_image][\/et_pb_column][\/et_pb_row][\/et_pb_section]<\/p>\n","protected":false},"excerpt":{"rendered":"<p>REGLEMENT\u0102RI PRIVIND CONFIDEN\u021aIALITATEAStichting Leergeld Lelystad, situat PO Box 587, 8200 AN Lelystad, este responsabil pentruprelucrarea datelor cu caracter personal, astfel cum se reflect\u0103 \u00een aceast\u0103 declara\u021bie de confiden\u021bialitate. Date de contact:Website: https:\/\/leergeld-lelystad.nle-mail: info@leergeld-lelystad.nl Datele cu caracter personal pe care le prelucr\u0103m:Stichting Leergeld Lelystad prelucreaz\u0103 datele dvs. cu caracter personal pentru c\u0103 utiliza\u021bi serviciile noastre \u0219i [&hellip;]<\/p>\n","protected":false},"author":1,"featured_media":0,"parent":0,"menu_order":0,"comment_status":"closed","ping_status":"closed","template":"","meta":{"_et_pb_use_builder":"on","_et_pb_old_content":"","_et_gb_content_width":"","footnotes":""},"class_list":["post-4688","page","type-page","status-publish","hentry"],"yoast_head":"<!-- This site is optimized with the Yoast SEO plugin v27.3 - https:\/\/yoast.com\/product\/yoast-seo-wordpress\/ -->\n<title>Reglement\u0103ri privind confiden\u021bialitatea - Leergeld Lelystad<\/title>\n<meta name=\"description\" content=\"Regulamentul de confiden\u021bialitate. Stichting Leergeld Lelystad, cu sediul \u00een PO Box 587, 8200 AN Lelystad, este responsabil\u0103 pentru prelucrarea datelor cu caracter personal, astfel cum se reflect\u0103 \u00een prezenta declara\u021bie de confiden\u021bialitate.\" \/>\n<meta name=\"robots\" content=\"index, follow, max-snippet:-1, max-image-preview:large, max-video-preview:-1\" \/>\n<link rel=\"canonical\" href=\"https:\/\/leergeld-lelystad.nl\/ro\/reglementari-privind-confidentialitatea\/\" \/>\n<meta property=\"og:locale\" content=\"ro_RO\" \/>\n<meta property=\"og:type\" content=\"article\" \/>\n<meta property=\"og:title\" content=\"Reglement\u0103ri privind confiden\u021bialitatea - Leergeld Lelystad\" \/>\n<meta property=\"og:description\" content=\"Regulamentul de confiden\u021bialitate. Stichting Leergeld Lelystad, cu sediul \u00een PO Box 587, 8200 AN Lelystad, este responsabil\u0103 pentru prelucrarea datelor cu caracter personal, astfel cum se reflect\u0103 \u00een prezenta declara\u021bie de confiden\u021bialitate.\" \/>\n<meta property=\"og:url\" content=\"https:\/\/leergeld-lelystad.nl\/ro\/reglementari-privind-confidentialitatea\/\" \/>\n<meta property=\"og:site_name\" content=\"Leergeld Lelystad\" \/>\n<meta property=\"article:modified_time\" content=\"2025-11-19T16:52:57+00:00\" \/>\n<meta name=\"twitter:card\" content=\"summary_large_image\" \/>\n<meta name=\"twitter:label1\" content=\"Timp estimat pentru citire\" \/>\n\t<meta name=\"twitter:data1\" content=\"3 minute\" \/>\n<script type=\"application\/ld+json\" class=\"yoast-schema-graph\">{\"@context\":\"https:\\\/\\\/schema.org\",\"@graph\":[{\"@type\":\"WebPage\",\"@id\":\"https:\\\/\\\/leergeld-lelystad.nl\\\/ro\\\/reglementari-privind-confidentialitatea\\\/\",\"url\":\"https:\\\/\\\/leergeld-lelystad.nl\\\/ro\\\/reglementari-privind-confidentialitatea\\\/\",\"name\":\"Reglement\u0103ri privind confiden\u021bialitatea - Leergeld Lelystad\",\"isPartOf\":{\"@id\":\"https:\\\/\\\/leergeld-lelystad.nl\\\/ro\\\/#website\"},\"datePublished\":\"2022-12-05T14:13:34+00:00\",\"dateModified\":\"2025-11-19T16:52:57+00:00\",\"description\":\"Regulamentul de confiden\u021bialitate. Stichting Leergeld Lelystad, cu sediul \u00een PO Box 587, 8200 AN Lelystad, este responsabil\u0103 pentru prelucrarea datelor cu caracter personal, astfel cum se reflect\u0103 \u00een prezenta declara\u021bie de confiden\u021bialitate.\",\"breadcrumb\":{\"@id\":\"https:\\\/\\\/leergeld-lelystad.nl\\\/ro\\\/reglementari-privind-confidentialitatea\\\/#breadcrumb\"},\"inLanguage\":\"ro-RO\",\"potentialAction\":[{\"@type\":\"ReadAction\",\"target\":[\"https:\\\/\\\/leergeld-lelystad.nl\\\/ro\\\/reglementari-privind-confidentialitatea\\\/\"]}]},{\"@type\":\"BreadcrumbList\",\"@id\":\"https:\\\/\\\/leergeld-lelystad.nl\\\/ro\\\/reglementari-privind-confidentialitatea\\\/#breadcrumb\",\"itemListElement\":[{\"@type\":\"ListItem\",\"position\":1,\"name\":\"Home\",\"item\":\"https:\\\/\\\/leergeld-lelystad.nl\\\/ro\\\/\"},{\"@type\":\"ListItem\",\"position\":2,\"name\":\"Reglement\u0103ri privind confiden\u021bialitatea\"}]},{\"@type\":\"WebSite\",\"@id\":\"https:\\\/\\\/leergeld-lelystad.nl\\\/ro\\\/#website\",\"url\":\"https:\\\/\\\/leergeld-lelystad.nl\\\/ro\\\/\",\"name\":\"Leergeld Lelystad\",\"description\":\"Nu meedoen is straks meetellen\",\"publisher\":{\"@id\":\"https:\\\/\\\/leergeld-lelystad.nl\\\/ro\\\/#organization\"},\"potentialAction\":[{\"@type\":\"SearchAction\",\"target\":{\"@type\":\"EntryPoint\",\"urlTemplate\":\"https:\\\/\\\/leergeld-lelystad.nl\\\/ro\\\/?s={search_term_string}\"},\"query-input\":{\"@type\":\"PropertyValueSpecification\",\"valueRequired\":true,\"valueName\":\"search_term_string\"}}],\"inLanguage\":\"ro-RO\"},{\"@type\":\"Organization\",\"@id\":\"https:\\\/\\\/leergeld-lelystad.nl\\\/ro\\\/#organization\",\"name\":\"Stichting Leergeld Lelystad\",\"url\":\"https:\\\/\\\/leergeld-lelystad.nl\\\/ro\\\/\",\"logo\":{\"@type\":\"ImageObject\",\"inLanguage\":\"ro-RO\",\"@id\":\"https:\\\/\\\/leergeld-lelystad.nl\\\/ro\\\/#\\\/schema\\\/logo\\\/image\\\/\",\"url\":\"http:\\\/\\\/leergeld-lelystad.nl\\\/wp-content\\\/uploads\\\/2022\\\/11\\\/Leergeld-Lelystad-logo.png\",\"contentUrl\":\"http:\\\/\\\/leergeld-lelystad.nl\\\/wp-content\\\/uploads\\\/2022\\\/11\\\/Leergeld-Lelystad-logo.png\",\"width\":300,\"height\":300,\"caption\":\"Stichting Leergeld Lelystad\"},\"image\":{\"@id\":\"https:\\\/\\\/leergeld-lelystad.nl\\\/ro\\\/#\\\/schema\\\/logo\\\/image\\\/\"}}]}<\/script>\n<!-- \/ Yoast SEO plugin. -->","yoast_head_json":{"title":"Reglement\u0103ri privind confiden\u021bialitatea - Leergeld Lelystad","description":"Regulamentul de confiden\u021bialitate. Stichting Leergeld Lelystad, cu sediul \u00een PO Box 587, 8200 AN Lelystad, este responsabil\u0103 pentru prelucrarea datelor cu caracter personal, astfel cum se reflect\u0103 \u00een prezenta declara\u021bie de confiden\u021bialitate.","robots":{"index":"index","follow":"follow","max-snippet":"max-snippet:-1","max-image-preview":"max-image-preview:large","max-video-preview":"max-video-preview:-1"},"canonical":"https:\/\/leergeld-lelystad.nl\/ro\/reglementari-privind-confidentialitatea\/","og_locale":"ro_RO","og_type":"article","og_title":"Reglement\u0103ri privind confiden\u021bialitatea - Leergeld Lelystad","og_description":"Regulamentul de confiden\u021bialitate. Stichting Leergeld Lelystad, cu sediul \u00een PO Box 587, 8200 AN Lelystad, este responsabil\u0103 pentru prelucrarea datelor cu caracter personal, astfel cum se reflect\u0103 \u00een prezenta declara\u021bie de confiden\u021bialitate.","og_url":"https:\/\/leergeld-lelystad.nl\/ro\/reglementari-privind-confidentialitatea\/","og_site_name":"Leergeld Lelystad","article_modified_time":"2025-11-19T16:52:57+00:00","twitter_card":"summary_large_image","twitter_misc":{"Timp estimat pentru citire":"3 minute"},"schema":{"@context":"https:\/\/schema.org","@graph":[{"@type":"WebPage","@id":"https:\/\/leergeld-lelystad.nl\/ro\/reglementari-privind-confidentialitatea\/","url":"https:\/\/leergeld-lelystad.nl\/ro\/reglementari-privind-confidentialitatea\/","name":"Reglement\u0103ri privind confiden\u021bialitatea - Leergeld Lelystad","isPartOf":{"@id":"https:\/\/leergeld-lelystad.nl\/ro\/#website"},"datePublished":"2022-12-05T14:13:34+00:00","dateModified":"2025-11-19T16:52:57+00:00","description":"Regulamentul de confiden\u021bialitate. Stichting Leergeld Lelystad, cu sediul \u00een PO Box 587, 8200 AN Lelystad, este responsabil\u0103 pentru prelucrarea datelor cu caracter personal, astfel cum se reflect\u0103 \u00een prezenta declara\u021bie de confiden\u021bialitate.","breadcrumb":{"@id":"https:\/\/leergeld-lelystad.nl\/ro\/reglementari-privind-confidentialitatea\/#breadcrumb"},"inLanguage":"ro-RO","potentialAction":[{"@type":"ReadAction","target":["https:\/\/leergeld-lelystad.nl\/ro\/reglementari-privind-confidentialitatea\/"]}]},{"@type":"BreadcrumbList","@id":"https:\/\/leergeld-lelystad.nl\/ro\/reglementari-privind-confidentialitatea\/#breadcrumb","itemListElement":[{"@type":"ListItem","position":1,"name":"Home","item":"https:\/\/leergeld-lelystad.nl\/ro\/"},{"@type":"ListItem","position":2,"name":"Reglement\u0103ri privind confiden\u021bialitatea"}]},{"@type":"WebSite","@id":"https:\/\/leergeld-lelystad.nl\/ro\/#website","url":"https:\/\/leergeld-lelystad.nl\/ro\/","name":"Leergeld Lelystad","description":"Nu meedoen is straks meetellen","publisher":{"@id":"https:\/\/leergeld-lelystad.nl\/ro\/#organization"},"potentialAction":[{"@type":"SearchAction","target":{"@type":"EntryPoint","urlTemplate":"https:\/\/leergeld-lelystad.nl\/ro\/?s={search_term_string}"},"query-input":{"@type":"PropertyValueSpecification","valueRequired":true,"valueName":"search_term_string"}}],"inLanguage":"ro-RO"},{"@type":"Organization","@id":"https:\/\/leergeld-lelystad.nl\/ro\/#organization","name":"Stichting Leergeld Lelystad","url":"https:\/\/leergeld-lelystad.nl\/ro\/","logo":{"@type":"ImageObject","inLanguage":"ro-RO","@id":"https:\/\/leergeld-lelystad.nl\/ro\/#\/schema\/logo\/image\/","url":"http:\/\/leergeld-lelystad.nl\/wp-content\/uploads\/2022\/11\/Leergeld-Lelystad-logo.png","contentUrl":"http:\/\/leergeld-lelystad.nl\/wp-content\/uploads\/2022\/11\/Leergeld-Lelystad-logo.png","width":300,"height":300,"caption":"Stichting Leergeld Lelystad"},"image":{"@id":"https:\/\/leergeld-lelystad.nl\/ro\/#\/schema\/logo\/image\/"}}]}},"_links":{"self":[{"href":"https:\/\/leergeld-lelystad.nl\/ro\/wp-json\/wp\/v2\/pages\/4688","targetHints":{"allow":["GET"]}}],"collection":[{"href":"https:\/\/leergeld-lelystad.nl\/ro\/wp-json\/wp\/v2\/pages"}],"about":[{"href":"https:\/\/leergeld-lelystad.nl\/ro\/wp-json\/wp\/v2\/types\/page"}],"author":[{"embeddable":true,"href":"https:\/\/leergeld-lelystad.nl\/ro\/wp-json\/wp\/v2\/users\/1"}],"replies":[{"embeddable":true,"href":"https:\/\/leergeld-lelystad.nl\/ro\/wp-json\/wp\/v2\/comments?post=4688"}],"version-history":[{"count":2,"href":"https:\/\/leergeld-lelystad.nl\/ro\/wp-json\/wp\/v2\/pages\/4688\/revisions"}],"predecessor-version":[{"id":4691,"href":"https:\/\/leergeld-lelystad.nl\/ro\/wp-json\/wp\/v2\/pages\/4688\/revisions\/4691"}],"wp:attachment":[{"href":"https:\/\/leergeld-lelystad.nl\/ro\/wp-json\/wp\/v2\/media?parent=4688"}],"curies":[{"name":"wp","href":"https:\/\/api.w.org\/{rel}","templated":true}]}}