{"id":4669,"date":"2023-01-11T14:30:52","date_gmt":"2023-01-11T14:30:52","guid":{"rendered":"https:\/\/leergeld-lelystad.nl\/disclaimer\/"},"modified":"2025-11-19T16:45:16","modified_gmt":"2025-11-19T16:45:16","slug":"disclaimer","status":"publish","type":"page","link":"https:\/\/leergeld-lelystad.nl\/ro\/disclaimer\/","title":{"rendered":"Disclaimer"},"content":{"rendered":"<p>[et_pb_section fb_built=&#8221;1&#8243; _builder_version=&#8221;4.19.1&#8243; _module_preset=&#8221;default&#8221; global_colors_info=&#8221;{}&#8221;][et_pb_row _builder_version=&#8221;4.19.2&#8243; _module_preset=&#8221;default&#8221; custom_margin=&#8221;||||false|false&#8221; custom_padding=&#8221;57px|||||&#8221; global_colors_info=&#8221;{}&#8221;][et_pb_column type=&#8221;4_4&#8243; _builder_version=&#8221;4.19.1&#8243; _module_preset=&#8221;default&#8221; global_colors_info=&#8221;{}&#8221;][et_pb_divider color=&#8221;#E31622&#8243; divider_weight=&#8221;10px&#8221; _builder_version=&#8221;4.19.2&#8243; _module_preset=&#8221;default&#8221; width=&#8221;30%&#8221; custom_margin=&#8221;||2px|||&#8221; global_colors_info=&#8221;{}&#8221;][\/et_pb_divider][et_pb_text _builder_version=&#8221;4.19.4&#8243; _module_preset=&#8221;default&#8221; global_colors_info=&#8221;{}&#8221;]<\/p>\n<h1>EXONERARE DE R\u0102SPUNDERE<\/h1>\n<p>[\/et_pb_text][\/et_pb_column][\/et_pb_row][et_pb_row column_structure=&#8221;2_3,1_3&#8243; _builder_version=&#8221;4.19.2&#8243; _module_preset=&#8221;default&#8221; custom_margin=&#8221;||||false|false&#8221; global_colors_info=&#8221;{}&#8221;][et_pb_column type=&#8221;2_3&#8243; _builder_version=&#8221;4.19.1&#8243; _module_preset=&#8221;default&#8221; global_colors_info=&#8221;{}&#8221;][et_pb_text _builder_version=&#8221;4.19.4&#8243; _module_preset=&#8221;default&#8221; text_line_height=&#8221;1.9em&#8221; global_colors_info=&#8221;{}&#8221;]<\/p>\n<p>Urm\u0103toarele condi\u021bii se aplic\u0103 site-ului web al site-ului stichting Leergeld Lelystad. Prin vizualizarea acestui site \u0219i utilizarea informa\u021biilor furnizate pe acesta, sunte\u021bi de acord cu ace\u0219ti termeni \u0219i condi\u021bii. <\/p>\n<p>Datele de pe acest site internet sunt destinate inform\u0103rii generale. Aceste date se pot modifica f\u0103r\u0103 notificare prealabil\u0103. Stichting Leergeld Lelystad a avut grij\u0103 la compilarea \u0219i actualizarea site-ului \u0219i a utilizat surse considerate de \u00eencredere. Cu toate acestea, Stichting Leergeld Lelystad nu garanteaz\u0103 acurate\u021bea, exhaustivitatea \u0219i actualitatea informa\u021biilor furnizate. Stichting Leergeld Lelystad nu accept\u0103 nicio obliga\u021bie de a actualiza informa\u021biile furnizate sau de a corecta eventualele erori. Stichting Leergeld Lelystad \u00ee\u0219i declin\u0103 \u00een mod expres orice r\u0103spundere \u00een aceast\u0103 privin\u021b\u0103. Nu pute\u021bi deriva niciun drept din informa\u021biile furnizate.      <\/p>\n<p>De asemenea, Stichting Leergeld Lelystad nu garanteaz\u0103 c\u0103 site-ul func\u021bioneaz\u0103 f\u0103r\u0103 erori sau \u00eentreruperi.<\/p>\n<p>Pe site, prin intermediul hiperlinkurilor sau nu, se face trimitere la informa\u021bii furnizate de ter\u021bi. Aceste informa\u021bii nu au fost evaluate de Stichting Leergeld Lelystad \u00een ceea ce prive\u0219te caracterul rezonabil, acurate\u021bea, exhaustivitatea sau actualitatea lor. Stichting Leergeld Lelystad declin\u0103 \u00een mod expres orice r\u0103spundere \u00een aceast\u0103 privin\u021b\u0103.  <\/p>\n<p>Informa\u021biile furnizate nu sunt destinate s\u0103 \u00eenlocuiasc\u0103 consultan\u021ba unui expert. Dac\u0103 utiliza\u021bi informa\u021biile furnizate f\u0103r\u0103 verificare sau consiliere suplimentar\u0103, o face\u021bi pe propria cheltuial\u0103 \u0219i risc. <\/p>\n<p>Stichting Leergeld Lelystad, respectiv solicitantul de drept, p\u0103streaz\u0103 toate drepturile (inclusiv drepturile de autor, drepturile asupra m\u0103rcilor comerciale, brevetele) \u00een leg\u0103tur\u0103 cu informa\u021biile (inclusiv textele, materialul grafic \u0219i logo-urile) prezentate pe site-ul web Stichting Leergeld Lelystad. Nu dob\u00e2ndi\u021bi nicio form\u0103 de licen\u021b\u0103 cu privire la informa\u021biile respective, cu excep\u021bia m\u0103surii strict necesare pentru vizualizarea online a site-ului Stichting Leergeld Lelystad. \u00cen special, nu este permis, f\u0103r\u0103 permisiunea scris\u0103 expres\u0103 a Stichting Leergeld Lelystad, s\u0103 copia\u021bi, s\u0103 reproduce\u021bi sau s\u0103 pune\u021bi la dispozi\u021bia unei ter\u021be p\u0103r\u021bi, \u00een orice mod, con\u021binutul site-ului.  <\/p>\n<p>Site-ul web al Stichting Leergeld Lelystad \u0219i ace\u0219ti Termeni \u0219i condi\u021bii &amp; Disclaimer sunt reglementate de legisla\u021bia olandez\u0103.<\/p>\n<p>[\/et_pb_text][\/et_pb_column][et_pb_column type=&#8221;1_3&#8243; _builder_version=&#8221;4.19.1&#8243; _module_preset=&#8221;default&#8221; global_colors_info=&#8221;{}&#8221;][et_pb_image src=&#8221;http:\/\/leergeld-lelystad.nl\/wp-content\/uploads\/2022\/11\/schoolbord-sq.jpg&#8221; alt=&#8221;T\u00e2n\u0103r cu biciclet\u0103&#8221; title_text=&#8221;tabl\u0103-sq&#8221; module_class=&#8221;circular&#8221; _builder_version=&#8221;4.19.4&#8243; _module_preset=&#8221;default&#8221; global_colors_info=&#8221;{}&#8221;][\/et_pb_image][\/et_pb_column][\/et_pb_row][\/et_pb_section]<\/p>\n","protected":false},"excerpt":{"rendered":"<p>EXONERARE DE R\u0102SPUNDEREUrm\u0103toarele condi\u021bii se aplic\u0103 site-ului web al site-ului stichting Leergeld Lelystad. Prin vizualizarea acestui site \u0219i utilizarea informa\u021biilor furnizate pe acesta, sunte\u021bi de acord cu ace\u0219ti termeni \u0219i condi\u021bii. Datele de pe acest site internet sunt destinate inform\u0103rii generale. Aceste date se pot modifica f\u0103r\u0103 notificare prealabil\u0103. Stichting Leergeld Lelystad a avut grij\u0103 [&hellip;]<\/p>\n","protected":false},"author":1,"featured_media":0,"parent":0,"menu_order":0,"comment_status":"closed","ping_status":"closed","template":"","meta":{"_et_pb_use_builder":"on","_et_pb_old_content":"","_et_gb_content_width":"","footnotes":""},"class_list":["post-4669","page","type-page","status-publish","hentry"],"yoast_head":"<!-- This site is optimized with the Yoast SEO plugin v27.4 - https:\/\/yoast.com\/product\/yoast-seo-wordpress\/ -->\n<title>Disclaimer - Leergeld Lelystad<\/title>\n<meta name=\"description\" content=\"Disclaimer. Funda\u021bia Leergeld Lelystad, situat\u0103 la PO Box 587, 8200 AN Lelystad.\" \/>\n<meta name=\"robots\" content=\"index, follow, max-snippet:-1, max-image-preview:large, max-video-preview:-1\" \/>\n<link rel=\"canonical\" href=\"https:\/\/leergeld-lelystad.nl\/ro\/disclaimer\/\" \/>\n<meta property=\"og:locale\" content=\"ro_RO\" \/>\n<meta property=\"og:type\" content=\"article\" \/>\n<meta property=\"og:title\" content=\"Disclaimer - Leergeld Lelystad\" \/>\n<meta property=\"og:description\" content=\"Disclaimer. Funda\u021bia Leergeld Lelystad, situat\u0103 la PO Box 587, 8200 AN Lelystad.\" \/>\n<meta property=\"og:url\" content=\"https:\/\/leergeld-lelystad.nl\/ro\/disclaimer\/\" \/>\n<meta property=\"og:site_name\" content=\"Leergeld Lelystad\" \/>\n<meta property=\"article:modified_time\" content=\"2025-11-19T16:45:16+00:00\" \/>\n<meta name=\"twitter:card\" content=\"summary_large_image\" \/>\n<meta name=\"twitter:label1\" content=\"Timp estimat pentru citire\" \/>\n\t<meta name=\"twitter:data1\" content=\"3 minute\" \/>\n<script type=\"application\/ld+json\" class=\"yoast-schema-graph\">{\"@context\":\"https:\\\/\\\/schema.org\",\"@graph\":[{\"@type\":\"WebPage\",\"@id\":\"https:\\\/\\\/leergeld-lelystad.nl\\\/ro\\\/disclaimer\\\/\",\"url\":\"https:\\\/\\\/leergeld-lelystad.nl\\\/ro\\\/disclaimer\\\/\",\"name\":\"Disclaimer - Leergeld Lelystad\",\"isPartOf\":{\"@id\":\"https:\\\/\\\/leergeld-lelystad.nl\\\/ro\\\/#website\"},\"datePublished\":\"2023-01-11T14:30:52+00:00\",\"dateModified\":\"2025-11-19T16:45:16+00:00\",\"description\":\"Disclaimer. Funda\u021bia Leergeld Lelystad, situat\u0103 la PO Box 587, 8200 AN Lelystad.\",\"breadcrumb\":{\"@id\":\"https:\\\/\\\/leergeld-lelystad.nl\\\/ro\\\/disclaimer\\\/#breadcrumb\"},\"inLanguage\":\"ro-RO\",\"potentialAction\":[{\"@type\":\"ReadAction\",\"target\":[\"https:\\\/\\\/leergeld-lelystad.nl\\\/ro\\\/disclaimer\\\/\"]}]},{\"@type\":\"BreadcrumbList\",\"@id\":\"https:\\\/\\\/leergeld-lelystad.nl\\\/ro\\\/disclaimer\\\/#breadcrumb\",\"itemListElement\":[{\"@type\":\"ListItem\",\"position\":1,\"name\":\"Home\",\"item\":\"https:\\\/\\\/leergeld-lelystad.nl\\\/ro\\\/\"},{\"@type\":\"ListItem\",\"position\":2,\"name\":\"Disclaimer\"}]},{\"@type\":\"WebSite\",\"@id\":\"https:\\\/\\\/leergeld-lelystad.nl\\\/ro\\\/#website\",\"url\":\"https:\\\/\\\/leergeld-lelystad.nl\\\/ro\\\/\",\"name\":\"Leergeld Lelystad\",\"description\":\"Nu meedoen is straks meetellen\",\"publisher\":{\"@id\":\"https:\\\/\\\/leergeld-lelystad.nl\\\/ro\\\/#organization\"},\"potentialAction\":[{\"@type\":\"SearchAction\",\"target\":{\"@type\":\"EntryPoint\",\"urlTemplate\":\"https:\\\/\\\/leergeld-lelystad.nl\\\/ro\\\/?s={search_term_string}\"},\"query-input\":{\"@type\":\"PropertyValueSpecification\",\"valueRequired\":true,\"valueName\":\"search_term_string\"}}],\"inLanguage\":\"ro-RO\"},{\"@type\":\"Organization\",\"@id\":\"https:\\\/\\\/leergeld-lelystad.nl\\\/ro\\\/#organization\",\"name\":\"Stichting Leergeld Lelystad\",\"url\":\"https:\\\/\\\/leergeld-lelystad.nl\\\/ro\\\/\",\"logo\":{\"@type\":\"ImageObject\",\"inLanguage\":\"ro-RO\",\"@id\":\"https:\\\/\\\/leergeld-lelystad.nl\\\/ro\\\/#\\\/schema\\\/logo\\\/image\\\/\",\"url\":\"http:\\\/\\\/leergeld-lelystad.nl\\\/wp-content\\\/uploads\\\/2022\\\/11\\\/Leergeld-Lelystad-logo.png\",\"contentUrl\":\"http:\\\/\\\/leergeld-lelystad.nl\\\/wp-content\\\/uploads\\\/2022\\\/11\\\/Leergeld-Lelystad-logo.png\",\"width\":300,\"height\":300,\"caption\":\"Stichting Leergeld Lelystad\"},\"image\":{\"@id\":\"https:\\\/\\\/leergeld-lelystad.nl\\\/ro\\\/#\\\/schema\\\/logo\\\/image\\\/\"}}]}<\/script>\n<!-- \/ Yoast SEO plugin. -->","yoast_head_json":{"title":"Disclaimer - Leergeld Lelystad","description":"Disclaimer. Funda\u021bia Leergeld Lelystad, situat\u0103 la PO Box 587, 8200 AN Lelystad.","robots":{"index":"index","follow":"follow","max-snippet":"max-snippet:-1","max-image-preview":"max-image-preview:large","max-video-preview":"max-video-preview:-1"},"canonical":"https:\/\/leergeld-lelystad.nl\/ro\/disclaimer\/","og_locale":"ro_RO","og_type":"article","og_title":"Disclaimer - Leergeld Lelystad","og_description":"Disclaimer. Funda\u021bia Leergeld Lelystad, situat\u0103 la PO Box 587, 8200 AN Lelystad.","og_url":"https:\/\/leergeld-lelystad.nl\/ro\/disclaimer\/","og_site_name":"Leergeld Lelystad","article_modified_time":"2025-11-19T16:45:16+00:00","twitter_card":"summary_large_image","twitter_misc":{"Timp estimat pentru citire":"3 minute"},"schema":{"@context":"https:\/\/schema.org","@graph":[{"@type":"WebPage","@id":"https:\/\/leergeld-lelystad.nl\/ro\/disclaimer\/","url":"https:\/\/leergeld-lelystad.nl\/ro\/disclaimer\/","name":"Disclaimer - Leergeld Lelystad","isPartOf":{"@id":"https:\/\/leergeld-lelystad.nl\/ro\/#website"},"datePublished":"2023-01-11T14:30:52+00:00","dateModified":"2025-11-19T16:45:16+00:00","description":"Disclaimer. Funda\u021bia Leergeld Lelystad, situat\u0103 la PO Box 587, 8200 AN Lelystad.","breadcrumb":{"@id":"https:\/\/leergeld-lelystad.nl\/ro\/disclaimer\/#breadcrumb"},"inLanguage":"ro-RO","potentialAction":[{"@type":"ReadAction","target":["https:\/\/leergeld-lelystad.nl\/ro\/disclaimer\/"]}]},{"@type":"BreadcrumbList","@id":"https:\/\/leergeld-lelystad.nl\/ro\/disclaimer\/#breadcrumb","itemListElement":[{"@type":"ListItem","position":1,"name":"Home","item":"https:\/\/leergeld-lelystad.nl\/ro\/"},{"@type":"ListItem","position":2,"name":"Disclaimer"}]},{"@type":"WebSite","@id":"https:\/\/leergeld-lelystad.nl\/ro\/#website","url":"https:\/\/leergeld-lelystad.nl\/ro\/","name":"Leergeld Lelystad","description":"Nu meedoen is straks meetellen","publisher":{"@id":"https:\/\/leergeld-lelystad.nl\/ro\/#organization"},"potentialAction":[{"@type":"SearchAction","target":{"@type":"EntryPoint","urlTemplate":"https:\/\/leergeld-lelystad.nl\/ro\/?s={search_term_string}"},"query-input":{"@type":"PropertyValueSpecification","valueRequired":true,"valueName":"search_term_string"}}],"inLanguage":"ro-RO"},{"@type":"Organization","@id":"https:\/\/leergeld-lelystad.nl\/ro\/#organization","name":"Stichting Leergeld Lelystad","url":"https:\/\/leergeld-lelystad.nl\/ro\/","logo":{"@type":"ImageObject","inLanguage":"ro-RO","@id":"https:\/\/leergeld-lelystad.nl\/ro\/#\/schema\/logo\/image\/","url":"http:\/\/leergeld-lelystad.nl\/wp-content\/uploads\/2022\/11\/Leergeld-Lelystad-logo.png","contentUrl":"http:\/\/leergeld-lelystad.nl\/wp-content\/uploads\/2022\/11\/Leergeld-Lelystad-logo.png","width":300,"height":300,"caption":"Stichting Leergeld Lelystad"},"image":{"@id":"https:\/\/leergeld-lelystad.nl\/ro\/#\/schema\/logo\/image\/"}}]}},"_links":{"self":[{"href":"https:\/\/leergeld-lelystad.nl\/ro\/wp-json\/wp\/v2\/pages\/4669","targetHints":{"allow":["GET"]}}],"collection":[{"href":"https:\/\/leergeld-lelystad.nl\/ro\/wp-json\/wp\/v2\/pages"}],"about":[{"href":"https:\/\/leergeld-lelystad.nl\/ro\/wp-json\/wp\/v2\/types\/page"}],"author":[{"embeddable":true,"href":"https:\/\/leergeld-lelystad.nl\/ro\/wp-json\/wp\/v2\/users\/1"}],"replies":[{"embeddable":true,"href":"https:\/\/leergeld-lelystad.nl\/ro\/wp-json\/wp\/v2\/comments?post=4669"}],"version-history":[{"count":5,"href":"https:\/\/leergeld-lelystad.nl\/ro\/wp-json\/wp\/v2\/pages\/4669\/revisions"}],"predecessor-version":[{"id":4684,"href":"https:\/\/leergeld-lelystad.nl\/ro\/wp-json\/wp\/v2\/pages\/4669\/revisions\/4684"}],"wp:attachment":[{"href":"https:\/\/leergeld-lelystad.nl\/ro\/wp-json\/wp\/v2\/media?parent=4669"}],"curies":[{"name":"wp","href":"https:\/\/api.w.org\/{rel}","templated":true}]}}