{"id":3517,"date":"2023-01-04T08:56:26","date_gmt":"2023-01-04T08:56:26","guid":{"rendered":"https:\/\/leergeld-lelystad.nl\/wplyw\/"},"modified":"2023-01-04T08:56:26","modified_gmt":"2023-01-04T08:56:26","slug":"wplyw","status":"publish","type":"page","link":"https:\/\/leergeld-lelystad.nl\/pl\/wplyw\/","title":{"rendered":"Wp\u0142yw"},"content":{"rendered":"","protected":false},"excerpt":{"rendered":"","protected":false},"author":1,"featured_media":0,"parent":0,"menu_order":0,"comment_status":"closed","ping_status":"closed","template":"","meta":{"_et_pb_use_builder":"on","_et_pb_old_content":"","_et_gb_content_width":"","footnotes":""},"class_list":["post-3517","page","type-page","status-publish","hentry"],"yoast_head":"<!-- This site is optimized with the Yoast SEO plugin v27.4 - https:\/\/yoast.com\/product\/yoast-seo-wordpress\/ -->\n<title>Wp\u0142yw - Leergeld Lelystad<\/title>\n<meta name=\"description\" content=\"Wp\u0142yw Leergeld Lelystad. Praca Leergeld ma nie tylko bezpo\u015bredni wp\u0142yw na dzieci, ale tak\u017ce zapewnia dodatkow\u0105 warto\u015b\u0107 spo\u0142eczn\u0105 (wp\u0142yw). Badanie spo\u0142ecznego zwrotu z inwestycji (SROI) wykaza\u0142o, \u017ce ka\u017cde euro zainwestowane w Leergeld przynosi spo\u0142ecze\u0144stwu od 2,00 do 8,00 euro.\" \/>\n<meta name=\"robots\" content=\"index, follow, max-snippet:-1, max-image-preview:large, max-video-preview:-1\" \/>\n<link rel=\"canonical\" href=\"https:\/\/leergeld-lelystad.nl\/pl\/wplyw\/\" \/>\n<meta property=\"og:locale\" content=\"pl_PL\" \/>\n<meta property=\"og:type\" content=\"article\" \/>\n<meta property=\"og:title\" content=\"Wp\u0142yw - Leergeld Lelystad\" \/>\n<meta property=\"og:description\" content=\"Wp\u0142yw Leergeld Lelystad. Praca Leergeld ma nie tylko bezpo\u015bredni wp\u0142yw na dzieci, ale tak\u017ce zapewnia dodatkow\u0105 warto\u015b\u0107 spo\u0142eczn\u0105 (wp\u0142yw). Badanie spo\u0142ecznego zwrotu z inwestycji (SROI) wykaza\u0142o, \u017ce ka\u017cde euro zainwestowane w Leergeld przynosi spo\u0142ecze\u0144stwu od 2,00 do 8,00 euro.\" \/>\n<meta property=\"og:url\" content=\"https:\/\/leergeld-lelystad.nl\/pl\/wplyw\/\" \/>\n<meta property=\"og:site_name\" content=\"Leergeld Lelystad\" \/>\n<meta name=\"twitter:card\" content=\"summary_large_image\" \/>\n<script type=\"application\/ld+json\" class=\"yoast-schema-graph\">{\"@context\":\"https:\\\/\\\/schema.org\",\"@graph\":[{\"@type\":\"WebPage\",\"@id\":\"https:\\\/\\\/leergeld-lelystad.nl\\\/pl\\\/wplyw\\\/\",\"url\":\"https:\\\/\\\/leergeld-lelystad.nl\\\/pl\\\/wplyw\\\/\",\"name\":\"Wp\u0142yw - Leergeld Lelystad\",\"isPartOf\":{\"@id\":\"https:\\\/\\\/leergeld-lelystad.nl\\\/pl\\\/#website\"},\"datePublished\":\"2023-01-04T08:56:26+00:00\",\"description\":\"Wp\u0142yw Leergeld Lelystad. Praca Leergeld ma nie tylko bezpo\u015bredni wp\u0142yw na dzieci, ale tak\u017ce zapewnia dodatkow\u0105 warto\u015b\u0107 spo\u0142eczn\u0105 (wp\u0142yw). Badanie spo\u0142ecznego zwrotu z inwestycji (SROI) wykaza\u0142o, \u017ce ka\u017cde euro zainwestowane w Leergeld przynosi spo\u0142ecze\u0144stwu od 2,00 do 8,00 euro.\",\"breadcrumb\":{\"@id\":\"https:\\\/\\\/leergeld-lelystad.nl\\\/pl\\\/wplyw\\\/#breadcrumb\"},\"inLanguage\":\"pl-PL\",\"potentialAction\":[{\"@type\":\"ReadAction\",\"target\":[\"https:\\\/\\\/leergeld-lelystad.nl\\\/pl\\\/wplyw\\\/\"]}]},{\"@type\":\"BreadcrumbList\",\"@id\":\"https:\\\/\\\/leergeld-lelystad.nl\\\/pl\\\/wplyw\\\/#breadcrumb\",\"itemListElement\":[{\"@type\":\"ListItem\",\"position\":1,\"name\":\"Home\",\"item\":\"https:\\\/\\\/leergeld-lelystad.nl\\\/pl\\\/\"},{\"@type\":\"ListItem\",\"position\":2,\"name\":\"Wp\u0142yw\"}]},{\"@type\":\"WebSite\",\"@id\":\"https:\\\/\\\/leergeld-lelystad.nl\\\/pl\\\/#website\",\"url\":\"https:\\\/\\\/leergeld-lelystad.nl\\\/pl\\\/\",\"name\":\"Leergeld Lelystad\",\"description\":\"Nu meedoen is straks meetellen\",\"publisher\":{\"@id\":\"https:\\\/\\\/leergeld-lelystad.nl\\\/pl\\\/#organization\"},\"potentialAction\":[{\"@type\":\"SearchAction\",\"target\":{\"@type\":\"EntryPoint\",\"urlTemplate\":\"https:\\\/\\\/leergeld-lelystad.nl\\\/pl\\\/?s={search_term_string}\"},\"query-input\":{\"@type\":\"PropertyValueSpecification\",\"valueRequired\":true,\"valueName\":\"search_term_string\"}}],\"inLanguage\":\"pl-PL\"},{\"@type\":\"Organization\",\"@id\":\"https:\\\/\\\/leergeld-lelystad.nl\\\/pl\\\/#organization\",\"name\":\"Stichting Leergeld Lelystad\",\"url\":\"https:\\\/\\\/leergeld-lelystad.nl\\\/pl\\\/\",\"logo\":{\"@type\":\"ImageObject\",\"inLanguage\":\"pl-PL\",\"@id\":\"https:\\\/\\\/leergeld-lelystad.nl\\\/pl\\\/#\\\/schema\\\/logo\\\/image\\\/\",\"url\":\"http:\\\/\\\/leergeld-lelystad.nl\\\/wp-content\\\/uploads\\\/2022\\\/11\\\/Leergeld-Lelystad-logo.png\",\"contentUrl\":\"http:\\\/\\\/leergeld-lelystad.nl\\\/wp-content\\\/uploads\\\/2022\\\/11\\\/Leergeld-Lelystad-logo.png\",\"width\":300,\"height\":300,\"caption\":\"Stichting Leergeld Lelystad\"},\"image\":{\"@id\":\"https:\\\/\\\/leergeld-lelystad.nl\\\/pl\\\/#\\\/schema\\\/logo\\\/image\\\/\"}}]}<\/script>\n<!-- \/ Yoast SEO plugin. -->","yoast_head_json":{"title":"Wp\u0142yw - Leergeld Lelystad","description":"Wp\u0142yw Leergeld Lelystad. Praca Leergeld ma nie tylko bezpo\u015bredni wp\u0142yw na dzieci, ale tak\u017ce zapewnia dodatkow\u0105 warto\u015b\u0107 spo\u0142eczn\u0105 (wp\u0142yw). Badanie spo\u0142ecznego zwrotu z inwestycji (SROI) wykaza\u0142o, \u017ce ka\u017cde euro zainwestowane w Leergeld przynosi spo\u0142ecze\u0144stwu od 2,00 do 8,00 euro.","robots":{"index":"index","follow":"follow","max-snippet":"max-snippet:-1","max-image-preview":"max-image-preview:large","max-video-preview":"max-video-preview:-1"},"canonical":"https:\/\/leergeld-lelystad.nl\/pl\/wplyw\/","og_locale":"pl_PL","og_type":"article","og_title":"Wp\u0142yw - Leergeld Lelystad","og_description":"Wp\u0142yw Leergeld Lelystad. Praca Leergeld ma nie tylko bezpo\u015bredni wp\u0142yw na dzieci, ale tak\u017ce zapewnia dodatkow\u0105 warto\u015b\u0107 spo\u0142eczn\u0105 (wp\u0142yw). Badanie spo\u0142ecznego zwrotu z inwestycji (SROI) wykaza\u0142o, \u017ce ka\u017cde euro zainwestowane w Leergeld przynosi spo\u0142ecze\u0144stwu od 2,00 do 8,00 euro.","og_url":"https:\/\/leergeld-lelystad.nl\/pl\/wplyw\/","og_site_name":"Leergeld Lelystad","twitter_card":"summary_large_image","schema":{"@context":"https:\/\/schema.org","@graph":[{"@type":"WebPage","@id":"https:\/\/leergeld-lelystad.nl\/pl\/wplyw\/","url":"https:\/\/leergeld-lelystad.nl\/pl\/wplyw\/","name":"Wp\u0142yw - Leergeld Lelystad","isPartOf":{"@id":"https:\/\/leergeld-lelystad.nl\/pl\/#website"},"datePublished":"2023-01-04T08:56:26+00:00","description":"Wp\u0142yw Leergeld Lelystad. Praca Leergeld ma nie tylko bezpo\u015bredni wp\u0142yw na dzieci, ale tak\u017ce zapewnia dodatkow\u0105 warto\u015b\u0107 spo\u0142eczn\u0105 (wp\u0142yw). Badanie spo\u0142ecznego zwrotu z inwestycji (SROI) wykaza\u0142o, \u017ce ka\u017cde euro zainwestowane w Leergeld przynosi spo\u0142ecze\u0144stwu od 2,00 do 8,00 euro.","breadcrumb":{"@id":"https:\/\/leergeld-lelystad.nl\/pl\/wplyw\/#breadcrumb"},"inLanguage":"pl-PL","potentialAction":[{"@type":"ReadAction","target":["https:\/\/leergeld-lelystad.nl\/pl\/wplyw\/"]}]},{"@type":"BreadcrumbList","@id":"https:\/\/leergeld-lelystad.nl\/pl\/wplyw\/#breadcrumb","itemListElement":[{"@type":"ListItem","position":1,"name":"Home","item":"https:\/\/leergeld-lelystad.nl\/pl\/"},{"@type":"ListItem","position":2,"name":"Wp\u0142yw"}]},{"@type":"WebSite","@id":"https:\/\/leergeld-lelystad.nl\/pl\/#website","url":"https:\/\/leergeld-lelystad.nl\/pl\/","name":"Leergeld Lelystad","description":"Nu meedoen is straks meetellen","publisher":{"@id":"https:\/\/leergeld-lelystad.nl\/pl\/#organization"},"potentialAction":[{"@type":"SearchAction","target":{"@type":"EntryPoint","urlTemplate":"https:\/\/leergeld-lelystad.nl\/pl\/?s={search_term_string}"},"query-input":{"@type":"PropertyValueSpecification","valueRequired":true,"valueName":"search_term_string"}}],"inLanguage":"pl-PL"},{"@type":"Organization","@id":"https:\/\/leergeld-lelystad.nl\/pl\/#organization","name":"Stichting Leergeld Lelystad","url":"https:\/\/leergeld-lelystad.nl\/pl\/","logo":{"@type":"ImageObject","inLanguage":"pl-PL","@id":"https:\/\/leergeld-lelystad.nl\/pl\/#\/schema\/logo\/image\/","url":"http:\/\/leergeld-lelystad.nl\/wp-content\/uploads\/2022\/11\/Leergeld-Lelystad-logo.png","contentUrl":"http:\/\/leergeld-lelystad.nl\/wp-content\/uploads\/2022\/11\/Leergeld-Lelystad-logo.png","width":300,"height":300,"caption":"Stichting Leergeld Lelystad"},"image":{"@id":"https:\/\/leergeld-lelystad.nl\/pl\/#\/schema\/logo\/image\/"}}]}},"_links":{"self":[{"href":"https:\/\/leergeld-lelystad.nl\/pl\/wp-json\/wp\/v2\/pages\/3517","targetHints":{"allow":["GET"]}}],"collection":[{"href":"https:\/\/leergeld-lelystad.nl\/pl\/wp-json\/wp\/v2\/pages"}],"about":[{"href":"https:\/\/leergeld-lelystad.nl\/pl\/wp-json\/wp\/v2\/types\/page"}],"author":[{"embeddable":true,"href":"https:\/\/leergeld-lelystad.nl\/pl\/wp-json\/wp\/v2\/users\/1"}],"replies":[{"embeddable":true,"href":"https:\/\/leergeld-lelystad.nl\/pl\/wp-json\/wp\/v2\/comments?post=3517"}],"version-history":[{"count":0,"href":"https:\/\/leergeld-lelystad.nl\/pl\/wp-json\/wp\/v2\/pages\/3517\/revisions"}],"wp:attachment":[{"href":"https:\/\/leergeld-lelystad.nl\/pl\/wp-json\/wp\/v2\/media?parent=3517"}],"curies":[{"name":"wp","href":"https:\/\/api.w.org\/{rel}","templated":true}]}}