{"id":3471,"date":"2022-12-08T10:35:34","date_gmt":"2022-12-08T10:35:34","guid":{"rendered":"https:\/\/leergeld-lelystad.nl\/wolontariusz\/"},"modified":"2025-02-19T11:11:00","modified_gmt":"2025-02-19T11:11:00","slug":"wolontariusz","status":"publish","type":"page","link":"https:\/\/leergeld-lelystad.nl\/pl\/wolontariusz\/","title":{"rendered":"Wolontariusz"},"content":{"rendered":"<p>[et_pb_section fb_built=&#8221;1&#8243; _builder_version=&#8221;4.19.1&#8243; _module_preset=&#8221;default&#8221; global_colors_info=&#8221;{}&#8221;][et_pb_row column_structure=&#8221;1_4,3_4&#8243; _builder_version=&#8221;4.19.2&#8243; _module_preset=&#8221;default&#8221; custom_margin=&#8221;||||false|false&#8221; custom_padding=&#8221;29px|||||&#8221; global_colors_info=&#8221;{}&#8221;][et_pb_column type=&#8221;1_4&#8243; _builder_version=&#8221;4.19.1&#8243; _module_preset=&#8221;default&#8221; global_colors_info=&#8221;{}&#8221;][et_pb_image src=&#8221;https:\/\/leergeld-lelystad.nl\/wp-content\/uploads\/2022\/12\/vrijwilliger-icon.png&#8221; title_text=&#8221;ikona wolontariusza&#8221; _builder_version=&#8221;4.19.4&#8243; _module_preset=&#8221;default&#8221; custom_padding=&#8221;0px|||||&#8221; global_colors_info=&#8221;{}&#8221;][\/et_pb_image][\/et_pb_column][et_pb_column type=&#8221;3_4&#8243; _builder_version=&#8221;4.19.1&#8243; _module_preset=&#8221;default&#8221; global_colors_info=&#8221;{}&#8221;][et_pb_text _builder_version=&#8221;4.19.2&#8243; _module_preset=&#8221;default&#8221; custom_margin=&#8221;||1px|||&#8221; custom_padding=&#8221;6px|||||&#8221; global_colors_info=&#8221;{}&#8221;]<\/p>\n<h1>Wolontariusz<\/h1>\n<p>[\/et_pb_text][et_pb_divider color=&#8221;#11A0C4&#8243; divider_weight=&#8221;10px&#8221; _builder_version=&#8221;4.19.2&#8243; _module_preset=&#8221;default&#8221; width=&#8221;30%&#8221; custom_margin=&#8221;||2px|||&#8221; global_colors_info=&#8221;{}&#8221;][\/et_pb_divider][et_pb_text _builder_version=&#8221;4.24.0&#8243; _module_preset=&#8221;default&#8221; text_line_height=&#8221;1.9em&#8221; hover_enabled=&#8221;0&#8243; global_colors_info=&#8221;{}&#8221; sticky_enabled=&#8221;0&#8243;]<strong>Zosta\u0107 wsp\u00f3\u0142pracownikiem lub wolontariuszem?<\/strong><br \/>\nJe\u015bli zgadzasz si\u0119, \u017ce brak pieni\u0119dzy nigdy nie powinien by\u0107 powodem do wykluczenia dzieci z zaj\u0119\u0107, to Leergeld jest w\u0142a\u015bciwym miejscem dla Ciebie! Z nami mo\u017cesz mie\u0107 pewno\u015b\u0107, \u017ce dzieci b\u0119d\u0105 uczestniczy\u0107 w zaj\u0119ciach!<br \/>\nMo\u017cesz zaanga\u017cowa\u0107 si\u0119 w Leergeld na r\u00f3\u017cne sposoby.<\/p>\n<p><strong><\/strong>Zainteresowane strony mog\u0105 wys\u0142a\u0107 komentarz: <a href=\"mailto:info@leergeld-lelystad.nl\"><em><strong>info@leergeld-lelystad.nl<\/strong><\/em><\/a>[\/et_pb_text][\/et_pb_column][\/et_pb_row][\/et_pb_section]<\/p>\n","protected":false},"excerpt":{"rendered":"<p>WolontariuszZosta\u0107 wsp\u00f3\u0142pracownikiem lub wolontariuszem? Je\u015bli zgadzasz si\u0119, \u017ce brak pieni\u0119dzy nigdy nie powinien by\u0107 powodem do wykluczenia dzieci z zaj\u0119\u0107, to Leergeld jest w\u0142a\u015bciwym miejscem dla Ciebie! Z nami mo\u017cesz mie\u0107 pewno\u015b\u0107, \u017ce dzieci b\u0119d\u0105 uczestniczy\u0107 w zaj\u0119ciach! Mo\u017cesz zaanga\u017cowa\u0107 si\u0119 w Leergeld na r\u00f3\u017cne sposoby. Zainteresowane strony mog\u0105 wys\u0142a\u0107 komentarz: info@leergeld-lelystad.nl<\/p>\n","protected":false},"author":1,"featured_media":0,"parent":0,"menu_order":0,"comment_status":"closed","ping_status":"closed","template":"","meta":{"_et_pb_use_builder":"on","_et_pb_old_content":"","_et_gb_content_width":"","footnotes":""},"class_list":["post-3471","page","type-page","status-publish","hentry"],"yoast_head":"<!-- This site is optimized with the Yoast SEO plugin v27.4 - https:\/\/yoast.com\/product\/yoast-seo-wordpress\/ -->\n<title>Wolontariusz - Leergeld Lelystad<\/title>\n<meta name=\"description\" content=\"Zosta\u0144 r\u00f3wnie\u017c wolontariuszem w Leergeld Lelystad.\" \/>\n<meta name=\"robots\" content=\"index, follow, max-snippet:-1, max-image-preview:large, max-video-preview:-1\" \/>\n<link rel=\"canonical\" href=\"https:\/\/leergeld-lelystad.nl\/pl\/wolontariusz\/\" \/>\n<meta property=\"og:locale\" content=\"pl_PL\" \/>\n<meta property=\"og:type\" content=\"article\" \/>\n<meta property=\"og:title\" content=\"Wolontariusz - Leergeld Lelystad\" \/>\n<meta property=\"og:description\" content=\"Zosta\u0144 r\u00f3wnie\u017c wolontariuszem w Leergeld Lelystad.\" \/>\n<meta property=\"og:url\" content=\"https:\/\/leergeld-lelystad.nl\/pl\/wolontariusz\/\" \/>\n<meta property=\"og:site_name\" content=\"Leergeld Lelystad\" \/>\n<meta property=\"article:modified_time\" content=\"2025-02-19T11:11:00+00:00\" \/>\n<meta name=\"twitter:card\" content=\"summary_large_image\" \/>\n<meta name=\"twitter:label1\" content=\"Szacowany czas czytania\" \/>\n\t<meta name=\"twitter:data1\" content=\"1 minuta\" \/>\n<script type=\"application\/ld+json\" class=\"yoast-schema-graph\">{\"@context\":\"https:\\\/\\\/schema.org\",\"@graph\":[{\"@type\":\"WebPage\",\"@id\":\"https:\\\/\\\/leergeld-lelystad.nl\\\/pl\\\/wolontariusz\\\/\",\"url\":\"https:\\\/\\\/leergeld-lelystad.nl\\\/pl\\\/wolontariusz\\\/\",\"name\":\"Wolontariusz - Leergeld Lelystad\",\"isPartOf\":{\"@id\":\"https:\\\/\\\/leergeld-lelystad.nl\\\/pl\\\/#website\"},\"datePublished\":\"2022-12-08T10:35:34+00:00\",\"dateModified\":\"2025-02-19T11:11:00+00:00\",\"description\":\"Zosta\u0144 r\u00f3wnie\u017c wolontariuszem w Leergeld Lelystad.\",\"breadcrumb\":{\"@id\":\"https:\\\/\\\/leergeld-lelystad.nl\\\/pl\\\/wolontariusz\\\/#breadcrumb\"},\"inLanguage\":\"pl-PL\",\"potentialAction\":[{\"@type\":\"ReadAction\",\"target\":[\"https:\\\/\\\/leergeld-lelystad.nl\\\/pl\\\/wolontariusz\\\/\"]}]},{\"@type\":\"BreadcrumbList\",\"@id\":\"https:\\\/\\\/leergeld-lelystad.nl\\\/pl\\\/wolontariusz\\\/#breadcrumb\",\"itemListElement\":[{\"@type\":\"ListItem\",\"position\":1,\"name\":\"Home\",\"item\":\"https:\\\/\\\/leergeld-lelystad.nl\\\/pl\\\/\"},{\"@type\":\"ListItem\",\"position\":2,\"name\":\"Wolontariusz\"}]},{\"@type\":\"WebSite\",\"@id\":\"https:\\\/\\\/leergeld-lelystad.nl\\\/pl\\\/#website\",\"url\":\"https:\\\/\\\/leergeld-lelystad.nl\\\/pl\\\/\",\"name\":\"Leergeld Lelystad\",\"description\":\"Nu meedoen is straks meetellen\",\"publisher\":{\"@id\":\"https:\\\/\\\/leergeld-lelystad.nl\\\/pl\\\/#organization\"},\"potentialAction\":[{\"@type\":\"SearchAction\",\"target\":{\"@type\":\"EntryPoint\",\"urlTemplate\":\"https:\\\/\\\/leergeld-lelystad.nl\\\/pl\\\/?s={search_term_string}\"},\"query-input\":{\"@type\":\"PropertyValueSpecification\",\"valueRequired\":true,\"valueName\":\"search_term_string\"}}],\"inLanguage\":\"pl-PL\"},{\"@type\":\"Organization\",\"@id\":\"https:\\\/\\\/leergeld-lelystad.nl\\\/pl\\\/#organization\",\"name\":\"Stichting Leergeld Lelystad\",\"url\":\"https:\\\/\\\/leergeld-lelystad.nl\\\/pl\\\/\",\"logo\":{\"@type\":\"ImageObject\",\"inLanguage\":\"pl-PL\",\"@id\":\"https:\\\/\\\/leergeld-lelystad.nl\\\/pl\\\/#\\\/schema\\\/logo\\\/image\\\/\",\"url\":\"http:\\\/\\\/leergeld-lelystad.nl\\\/wp-content\\\/uploads\\\/2022\\\/11\\\/Leergeld-Lelystad-logo.png\",\"contentUrl\":\"http:\\\/\\\/leergeld-lelystad.nl\\\/wp-content\\\/uploads\\\/2022\\\/11\\\/Leergeld-Lelystad-logo.png\",\"width\":300,\"height\":300,\"caption\":\"Stichting Leergeld Lelystad\"},\"image\":{\"@id\":\"https:\\\/\\\/leergeld-lelystad.nl\\\/pl\\\/#\\\/schema\\\/logo\\\/image\\\/\"}}]}<\/script>\n<!-- \/ Yoast SEO plugin. -->","yoast_head_json":{"title":"Wolontariusz - Leergeld Lelystad","description":"Zosta\u0144 r\u00f3wnie\u017c wolontariuszem w Leergeld Lelystad.","robots":{"index":"index","follow":"follow","max-snippet":"max-snippet:-1","max-image-preview":"max-image-preview:large","max-video-preview":"max-video-preview:-1"},"canonical":"https:\/\/leergeld-lelystad.nl\/pl\/wolontariusz\/","og_locale":"pl_PL","og_type":"article","og_title":"Wolontariusz - Leergeld Lelystad","og_description":"Zosta\u0144 r\u00f3wnie\u017c wolontariuszem w Leergeld Lelystad.","og_url":"https:\/\/leergeld-lelystad.nl\/pl\/wolontariusz\/","og_site_name":"Leergeld Lelystad","article_modified_time":"2025-02-19T11:11:00+00:00","twitter_card":"summary_large_image","twitter_misc":{"Szacowany czas czytania":"1 minuta"},"schema":{"@context":"https:\/\/schema.org","@graph":[{"@type":"WebPage","@id":"https:\/\/leergeld-lelystad.nl\/pl\/wolontariusz\/","url":"https:\/\/leergeld-lelystad.nl\/pl\/wolontariusz\/","name":"Wolontariusz - Leergeld Lelystad","isPartOf":{"@id":"https:\/\/leergeld-lelystad.nl\/pl\/#website"},"datePublished":"2022-12-08T10:35:34+00:00","dateModified":"2025-02-19T11:11:00+00:00","description":"Zosta\u0144 r\u00f3wnie\u017c wolontariuszem w Leergeld Lelystad.","breadcrumb":{"@id":"https:\/\/leergeld-lelystad.nl\/pl\/wolontariusz\/#breadcrumb"},"inLanguage":"pl-PL","potentialAction":[{"@type":"ReadAction","target":["https:\/\/leergeld-lelystad.nl\/pl\/wolontariusz\/"]}]},{"@type":"BreadcrumbList","@id":"https:\/\/leergeld-lelystad.nl\/pl\/wolontariusz\/#breadcrumb","itemListElement":[{"@type":"ListItem","position":1,"name":"Home","item":"https:\/\/leergeld-lelystad.nl\/pl\/"},{"@type":"ListItem","position":2,"name":"Wolontariusz"}]},{"@type":"WebSite","@id":"https:\/\/leergeld-lelystad.nl\/pl\/#website","url":"https:\/\/leergeld-lelystad.nl\/pl\/","name":"Leergeld Lelystad","description":"Nu meedoen is straks meetellen","publisher":{"@id":"https:\/\/leergeld-lelystad.nl\/pl\/#organization"},"potentialAction":[{"@type":"SearchAction","target":{"@type":"EntryPoint","urlTemplate":"https:\/\/leergeld-lelystad.nl\/pl\/?s={search_term_string}"},"query-input":{"@type":"PropertyValueSpecification","valueRequired":true,"valueName":"search_term_string"}}],"inLanguage":"pl-PL"},{"@type":"Organization","@id":"https:\/\/leergeld-lelystad.nl\/pl\/#organization","name":"Stichting Leergeld Lelystad","url":"https:\/\/leergeld-lelystad.nl\/pl\/","logo":{"@type":"ImageObject","inLanguage":"pl-PL","@id":"https:\/\/leergeld-lelystad.nl\/pl\/#\/schema\/logo\/image\/","url":"http:\/\/leergeld-lelystad.nl\/wp-content\/uploads\/2022\/11\/Leergeld-Lelystad-logo.png","contentUrl":"http:\/\/leergeld-lelystad.nl\/wp-content\/uploads\/2022\/11\/Leergeld-Lelystad-logo.png","width":300,"height":300,"caption":"Stichting Leergeld Lelystad"},"image":{"@id":"https:\/\/leergeld-lelystad.nl\/pl\/#\/schema\/logo\/image\/"}}]}},"_links":{"self":[{"href":"https:\/\/leergeld-lelystad.nl\/pl\/wp-json\/wp\/v2\/pages\/3471","targetHints":{"allow":["GET"]}}],"collection":[{"href":"https:\/\/leergeld-lelystad.nl\/pl\/wp-json\/wp\/v2\/pages"}],"about":[{"href":"https:\/\/leergeld-lelystad.nl\/pl\/wp-json\/wp\/v2\/types\/page"}],"author":[{"embeddable":true,"href":"https:\/\/leergeld-lelystad.nl\/pl\/wp-json\/wp\/v2\/users\/1"}],"replies":[{"embeddable":true,"href":"https:\/\/leergeld-lelystad.nl\/pl\/wp-json\/wp\/v2\/comments?post=3471"}],"version-history":[{"count":4,"href":"https:\/\/leergeld-lelystad.nl\/pl\/wp-json\/wp\/v2\/pages\/3471\/revisions"}],"predecessor-version":[{"id":3498,"href":"https:\/\/leergeld-lelystad.nl\/pl\/wp-json\/wp\/v2\/pages\/3471\/revisions\/3498"}],"wp:attachment":[{"href":"https:\/\/leergeld-lelystad.nl\/pl\/wp-json\/wp\/v2\/media?parent=3471"}],"curies":[{"name":"wp","href":"https:\/\/api.w.org\/{rel}","templated":true}]}}