{"id":3316,"date":"2022-12-05T14:13:34","date_gmt":"2022-12-05T14:13:34","guid":{"rendered":"https:\/\/leergeld-lelystad.nl\/przepisy-dotyczace-prywatnosci\/"},"modified":"2025-02-19T11:09:59","modified_gmt":"2025-02-19T11:09:59","slug":"przepisy-dotyczace-prywatnosci","status":"publish","type":"page","link":"https:\/\/leergeld-lelystad.nl\/pl\/przepisy-dotyczace-prywatnosci\/","title":{"rendered":"Przepisy dotycz\u0105ce prywatno\u015bci"},"content":{"rendered":"<p>[et_pb_section fb_built=&#8221;1&#8243; _builder_version=&#8221;4.19.1&#8243; _module_preset=&#8221;default&#8221; global_colors_info=&#8221;{}&#8221;][et_pb_row _builder_version=&#8221;4.19.2&#8243; _module_preset=&#8221;default&#8221; custom_margin=&#8221;||||false|false&#8221; custom_padding=&#8221;57px|||||&#8221; global_colors_info=&#8221;{}&#8221;][et_pb_column type=&#8221;4_4&#8243; _builder_version=&#8221;4.19.1&#8243; _module_preset=&#8221;default&#8221; global_colors_info=&#8221;{}&#8221;][et_pb_divider color=&#8221;#E31622&#8243; divider_weight=&#8221;10px&#8221; _builder_version=&#8221;4.19.2&#8243; _module_preset=&#8221;default&#8221; width=&#8221;30%&#8221; custom_margin=&#8221;||2px|||&#8221; global_colors_info=&#8221;{}&#8221;][\/et_pb_divider][et_pb_text _builder_version=&#8221;4.19.2&#8243; _module_preset=&#8221;default&#8221; global_colors_info=&#8221;{}&#8221;]<\/p>\n<h1>PRZEPISY DOTYCZ\u0104CE PRYWATNO\u015aCI<\/h1>\n<p>[\/et_pb_text][\/et_pb_column][\/et_pb_row][et_pb_row column_structure=&#8221;2_3,1_3&#8243; _builder_version=&#8221;4.19.2&#8243; _module_preset=&#8221;default&#8221; custom_margin=&#8221;||||false|false&#8221; global_colors_info=&#8221;{}&#8221;][et_pb_column type=&#8221;2_3&#8243; _builder_version=&#8221;4.19.1&#8243; _module_preset=&#8221;default&#8221; global_colors_info=&#8221;{}&#8221;][et_pb_text _builder_version=&#8221;4.19.4&#8243; _module_preset=&#8221;default&#8221; text_line_height=&#8221;1.9em&#8221; global_colors_info=&#8221;{}&#8221;]<\/p>\n<p>Stichting Leergeld Lelystad, z siedzib\u0105 pod adresem PO Box 587, 8200 AN Lelystad, jest odpowiedzialna za przetwarzanie danych osobowych<br \/>zgodnie z niniejszym o\u015bwiadczeniem o ochronie prywatno\u015bci.<\/p>\n<p><strong>Dane kontaktowe:<\/strong><br \/>Strona internetowa: https:\/\/leergeld-lelystad.nl<br \/>e-mail: <a href=\"mailto:info@leergeld-lelystad.nl\">info@leergeld-lelystad.nl<\/a><\/p>\n<p><strong>Przetwarzane przez nas dane osobowe:<\/strong><br \/>Stichting Leergeld Lelystad przetwarza Twoje dane osobowe, poniewa\u017c korzystasz z naszych us\u0142ug i sam przekazujesz nam te dane. Przetwarzane przez nas dane osobowe obejmuj\u0105:<br \/>&#8211; Inicja\u0142y, imi\u0119 i nazwisko, adres, kod pocztowy, miasto, telefon, telefon kom\u00f3rkowy, adres e-mail, miesi\u0119czny doch\u00f3d netto, data urodzenia.<\/p>\n<p><strong>Przetwarzane przez nas szczeg\u00f3lne i\/lub wra\u017cliwe dane osobowe:<\/strong><br \/>Nasza witryna i\/lub us\u0142uga nie ma na celu gromadzenia danych os\u00f3b odwiedzaj\u0105cych witryn\u0119, kt\u00f3re nie uko\u0144czy\u0142y 16 roku \u017cycia. Chyba \u017ce maj\u0105 pozwolenie rodzic\u00f3w lub opiekun\u00f3w. Nie mo\u017cemy jednak sprawdzi\u0107, czy odwiedzaj\u0105cy ma wi\u0119cej ni\u017c 16 lat. Dlatego radzimy rodzicom, aby byli zaanga\u017cowani w dzia\u0142ania online swoich dzieci, aby unikn\u0105\u0107 gromadzenia danych o dzieciach bez zgody rodzic\u00f3w. Je\u015bli jeste\u015b przekonany, \u017ce zebrali\u015bmy dane osobowe osoby niepe\u0142noletniej bez takiej zgody, skontaktuj si\u0119 z nami pod adresem info@leergeld-lelystad.nl, a my usuniemy te informacje.<\/p>\n<p><strong>W jakim celu i na jakiej podstawie przetwarzamy dane osobowe:<\/strong><br \/>Stichting Leergeld Lelystad przetwarza Twoje dane osobowe w nast\u0119puj\u0105cych celach:<br \/>&#8211; Aby m\u00f3c wysy\u0142a\u0107 Ci wiadomo\u015bci e-mail, je\u015bli jest to konieczne do \u015bwiadczenia naszych us\u0142ug;<\/p>\n<p><strong>Zautomatyzowane podejmowanie decyzji:<\/strong><br \/>Stichting Leergeld Lelystad nie podejmuje decyzji w sprawach, kt\u00f3re mog\u0142yby (znacz\u0105co) wp\u0142yn\u0105\u0107 na osoby fizyczne na podstawie zautomatyzowanego przetwarzania. S\u0105 to decyzje podejmowane przez programy lub systemy komputerowe, bez udzia\u0142u cz\u0142owieka (np. pracownika Stichting Leergeld Lelystad).<\/p>\n<p><strong>Jak d\u0142ugo przechowujemy dane osobowe:<\/strong><br \/>Stichting Leergeld Lelystad przechowuje dane wnioskodawcy do momentu uko\u0144czenia przez najm\u0142odsze dziecko w rodzinie 18 lat.<br \/>Inicja\u0142y, imi\u0119 i nazwisko, adres, kod pocztowy, miasto, telefon, telefon kom\u00f3rkowy, adres e-mail, miesi\u0119czny doch\u00f3d netto, data urodzenia.<\/p>\n<p><strong>Udost\u0119pnianie danych osobowych stronom trzecim:<\/strong><br \/>Stichting Leergeld Lelystad udost\u0119pnia dane stronom trzecim tylko wtedy, gdy jest to konieczne do wykonania naszej umowy z u\u017cytkownikiem lub do spe\u0142nienia obowi\u0105zku prawnego.<\/p>\n<p><strong>Pliki cookie lub podobne techniki, kt\u00f3rych u\u017cywamy:<\/strong><br \/>Stichting Leergeld Lelystad nie u\u017cywa plik\u00f3w cookie ani podobnych technik.<\/p>\n<p><strong>W jaki spos\u00f3b zabezpieczamy dane osobowe:<\/strong><br \/>Stichting Leergeld Lelystad powa\u017cnie traktuje ochron\u0119 danych osobowych i podejmuje odpowiednie \u015brodki w celu zapobiegania ich niew\u0142a\u015bciwemu wykorzystaniu, utracie, nieuprawnionemu dost\u0119powi, niepo\u017c\u0105danemu ujawnieniu i nieuprawnionej modyfikacji. Je\u015bli mimo to uwa\u017casz, \u017ce Twoje dane nie s\u0105 odpowiednio zabezpieczone lub istniej\u0105 oznaki niew\u0142a\u015bciwego wykorzystania, skontaktuj si\u0119 z <a href=\"mailto:info@leergeld-lelystad.nl\">info@leergeld-lelystad.nl.<\/a><\/p>\n<p>[\/et_pb_text][\/et_pb_column][et_pb_column type=&#8221;1_3&#8243; _builder_version=&#8221;4.19.1&#8243; _module_preset=&#8221;default&#8221; global_colors_info=&#8221;{}&#8221;][et_pb_image src=&#8221;https:\/\/leergeld-lelystad.nl\/wp-content\/uploads\/2022\/11\/jeugd-met-fiets.jpg&#8221; alt=&#8221;M\u0142odzie\u017c z rowerem&#8221; title_text=&#8221;m\u0142odzie\u017c z rowerem&#8221; module_class=&#8221;circular&#8221; _builder_version=&#8221;4.19.2&#8243; _module_preset=&#8221;default&#8221; global_colors_info=&#8221;{}&#8221;][\/et_pb_image][\/et_pb_column][\/et_pb_row][\/et_pb_section]<\/p>\n","protected":false},"excerpt":{"rendered":"<p>PRZEPISY DOTYCZ\u0104CE PRYWATNO\u015aCIStichting Leergeld Lelystad, z siedzib\u0105 pod adresem PO Box 587, 8200 AN Lelystad, jest odpowiedzialna za przetwarzanie danych osobowychzgodnie z niniejszym o\u015bwiadczeniem o ochronie prywatno\u015bci. Dane kontaktowe:Strona internetowa: https:\/\/leergeld-lelystad.nle-mail: info@leergeld-lelystad.nl Przetwarzane przez nas dane osobowe:Stichting Leergeld Lelystad przetwarza Twoje dane osobowe, poniewa\u017c korzystasz z naszych us\u0142ug i sam przekazujesz nam te dane. Przetwarzane [&hellip;]<\/p>\n","protected":false},"author":1,"featured_media":0,"parent":0,"menu_order":0,"comment_status":"closed","ping_status":"closed","template":"","meta":{"_et_pb_use_builder":"on","_et_pb_old_content":"","_et_gb_content_width":"","footnotes":""},"class_list":["post-3316","page","type-page","status-publish","hentry"],"yoast_head":"<!-- This site is optimized with the Yoast SEO plugin v27.4 - https:\/\/yoast.com\/product\/yoast-seo-wordpress\/ -->\n<title>Przepisy dotycz\u0105ce prywatno\u015bci - Leergeld Lelystad<\/title>\n<meta name=\"description\" content=\"Przepisy dotycz\u0105ce prywatno\u015bci. Stichting Leergeld Lelystad, z siedzib\u0105 PO Box 587, 8200 AN Lelystad, jest odpowiedzialna za przetwarzanie danych osobowych zgodnie z niniejszym o\u015bwiadczeniem o ochronie prywatno\u015bci.\" \/>\n<meta name=\"robots\" content=\"index, follow, max-snippet:-1, max-image-preview:large, max-video-preview:-1\" \/>\n<link rel=\"canonical\" href=\"https:\/\/leergeld-lelystad.nl\/pl\/przepisy-dotyczace-prywatnosci\/\" \/>\n<meta property=\"og:locale\" content=\"pl_PL\" \/>\n<meta property=\"og:type\" content=\"article\" \/>\n<meta property=\"og:title\" content=\"Przepisy dotycz\u0105ce prywatno\u015bci - Leergeld Lelystad\" \/>\n<meta property=\"og:description\" content=\"Przepisy dotycz\u0105ce prywatno\u015bci. Stichting Leergeld Lelystad, z siedzib\u0105 PO Box 587, 8200 AN Lelystad, jest odpowiedzialna za przetwarzanie danych osobowych zgodnie z niniejszym o\u015bwiadczeniem o ochronie prywatno\u015bci.\" \/>\n<meta property=\"og:url\" content=\"https:\/\/leergeld-lelystad.nl\/pl\/przepisy-dotyczace-prywatnosci\/\" \/>\n<meta property=\"og:site_name\" content=\"Leergeld Lelystad\" \/>\n<meta property=\"article:modified_time\" content=\"2025-02-19T11:09:59+00:00\" \/>\n<meta name=\"twitter:card\" content=\"summary_large_image\" \/>\n<meta name=\"twitter:label1\" content=\"Szacowany czas czytania\" \/>\n\t<meta name=\"twitter:data1\" content=\"3 minuty\" \/>\n<script type=\"application\/ld+json\" class=\"yoast-schema-graph\">{\"@context\":\"https:\\\/\\\/schema.org\",\"@graph\":[{\"@type\":\"WebPage\",\"@id\":\"https:\\\/\\\/leergeld-lelystad.nl\\\/pl\\\/przepisy-dotyczace-prywatnosci\\\/\",\"url\":\"https:\\\/\\\/leergeld-lelystad.nl\\\/pl\\\/przepisy-dotyczace-prywatnosci\\\/\",\"name\":\"Przepisy dotycz\u0105ce prywatno\u015bci - Leergeld Lelystad\",\"isPartOf\":{\"@id\":\"https:\\\/\\\/leergeld-lelystad.nl\\\/pl\\\/#website\"},\"datePublished\":\"2022-12-05T14:13:34+00:00\",\"dateModified\":\"2025-02-19T11:09:59+00:00\",\"description\":\"Przepisy dotycz\u0105ce prywatno\u015bci. Stichting Leergeld Lelystad, z siedzib\u0105 PO Box 587, 8200 AN Lelystad, jest odpowiedzialna za przetwarzanie danych osobowych zgodnie z niniejszym o\u015bwiadczeniem o ochronie prywatno\u015bci.\",\"breadcrumb\":{\"@id\":\"https:\\\/\\\/leergeld-lelystad.nl\\\/pl\\\/przepisy-dotyczace-prywatnosci\\\/#breadcrumb\"},\"inLanguage\":\"pl-PL\",\"potentialAction\":[{\"@type\":\"ReadAction\",\"target\":[\"https:\\\/\\\/leergeld-lelystad.nl\\\/pl\\\/przepisy-dotyczace-prywatnosci\\\/\"]}]},{\"@type\":\"BreadcrumbList\",\"@id\":\"https:\\\/\\\/leergeld-lelystad.nl\\\/pl\\\/przepisy-dotyczace-prywatnosci\\\/#breadcrumb\",\"itemListElement\":[{\"@type\":\"ListItem\",\"position\":1,\"name\":\"Home\",\"item\":\"https:\\\/\\\/leergeld-lelystad.nl\\\/pl\\\/\"},{\"@type\":\"ListItem\",\"position\":2,\"name\":\"Przepisy dotycz\u0105ce prywatno\u015bci\"}]},{\"@type\":\"WebSite\",\"@id\":\"https:\\\/\\\/leergeld-lelystad.nl\\\/pl\\\/#website\",\"url\":\"https:\\\/\\\/leergeld-lelystad.nl\\\/pl\\\/\",\"name\":\"Leergeld Lelystad\",\"description\":\"Nu meedoen is straks meetellen\",\"publisher\":{\"@id\":\"https:\\\/\\\/leergeld-lelystad.nl\\\/pl\\\/#organization\"},\"potentialAction\":[{\"@type\":\"SearchAction\",\"target\":{\"@type\":\"EntryPoint\",\"urlTemplate\":\"https:\\\/\\\/leergeld-lelystad.nl\\\/pl\\\/?s={search_term_string}\"},\"query-input\":{\"@type\":\"PropertyValueSpecification\",\"valueRequired\":true,\"valueName\":\"search_term_string\"}}],\"inLanguage\":\"pl-PL\"},{\"@type\":\"Organization\",\"@id\":\"https:\\\/\\\/leergeld-lelystad.nl\\\/pl\\\/#organization\",\"name\":\"Stichting Leergeld Lelystad\",\"url\":\"https:\\\/\\\/leergeld-lelystad.nl\\\/pl\\\/\",\"logo\":{\"@type\":\"ImageObject\",\"inLanguage\":\"pl-PL\",\"@id\":\"https:\\\/\\\/leergeld-lelystad.nl\\\/pl\\\/#\\\/schema\\\/logo\\\/image\\\/\",\"url\":\"http:\\\/\\\/leergeld-lelystad.nl\\\/wp-content\\\/uploads\\\/2022\\\/11\\\/Leergeld-Lelystad-logo.png\",\"contentUrl\":\"http:\\\/\\\/leergeld-lelystad.nl\\\/wp-content\\\/uploads\\\/2022\\\/11\\\/Leergeld-Lelystad-logo.png\",\"width\":300,\"height\":300,\"caption\":\"Stichting Leergeld Lelystad\"},\"image\":{\"@id\":\"https:\\\/\\\/leergeld-lelystad.nl\\\/pl\\\/#\\\/schema\\\/logo\\\/image\\\/\"}}]}<\/script>\n<!-- \/ Yoast SEO plugin. -->","yoast_head_json":{"title":"Przepisy dotycz\u0105ce prywatno\u015bci - Leergeld Lelystad","description":"Przepisy dotycz\u0105ce prywatno\u015bci. Stichting Leergeld Lelystad, z siedzib\u0105 PO Box 587, 8200 AN Lelystad, jest odpowiedzialna za przetwarzanie danych osobowych zgodnie z niniejszym o\u015bwiadczeniem o ochronie prywatno\u015bci.","robots":{"index":"index","follow":"follow","max-snippet":"max-snippet:-1","max-image-preview":"max-image-preview:large","max-video-preview":"max-video-preview:-1"},"canonical":"https:\/\/leergeld-lelystad.nl\/pl\/przepisy-dotyczace-prywatnosci\/","og_locale":"pl_PL","og_type":"article","og_title":"Przepisy dotycz\u0105ce prywatno\u015bci - Leergeld Lelystad","og_description":"Przepisy dotycz\u0105ce prywatno\u015bci. Stichting Leergeld Lelystad, z siedzib\u0105 PO Box 587, 8200 AN Lelystad, jest odpowiedzialna za przetwarzanie danych osobowych zgodnie z niniejszym o\u015bwiadczeniem o ochronie prywatno\u015bci.","og_url":"https:\/\/leergeld-lelystad.nl\/pl\/przepisy-dotyczace-prywatnosci\/","og_site_name":"Leergeld Lelystad","article_modified_time":"2025-02-19T11:09:59+00:00","twitter_card":"summary_large_image","twitter_misc":{"Szacowany czas czytania":"3 minuty"},"schema":{"@context":"https:\/\/schema.org","@graph":[{"@type":"WebPage","@id":"https:\/\/leergeld-lelystad.nl\/pl\/przepisy-dotyczace-prywatnosci\/","url":"https:\/\/leergeld-lelystad.nl\/pl\/przepisy-dotyczace-prywatnosci\/","name":"Przepisy dotycz\u0105ce prywatno\u015bci - Leergeld Lelystad","isPartOf":{"@id":"https:\/\/leergeld-lelystad.nl\/pl\/#website"},"datePublished":"2022-12-05T14:13:34+00:00","dateModified":"2025-02-19T11:09:59+00:00","description":"Przepisy dotycz\u0105ce prywatno\u015bci. Stichting Leergeld Lelystad, z siedzib\u0105 PO Box 587, 8200 AN Lelystad, jest odpowiedzialna za przetwarzanie danych osobowych zgodnie z niniejszym o\u015bwiadczeniem o ochronie prywatno\u015bci.","breadcrumb":{"@id":"https:\/\/leergeld-lelystad.nl\/pl\/przepisy-dotyczace-prywatnosci\/#breadcrumb"},"inLanguage":"pl-PL","potentialAction":[{"@type":"ReadAction","target":["https:\/\/leergeld-lelystad.nl\/pl\/przepisy-dotyczace-prywatnosci\/"]}]},{"@type":"BreadcrumbList","@id":"https:\/\/leergeld-lelystad.nl\/pl\/przepisy-dotyczace-prywatnosci\/#breadcrumb","itemListElement":[{"@type":"ListItem","position":1,"name":"Home","item":"https:\/\/leergeld-lelystad.nl\/pl\/"},{"@type":"ListItem","position":2,"name":"Przepisy dotycz\u0105ce prywatno\u015bci"}]},{"@type":"WebSite","@id":"https:\/\/leergeld-lelystad.nl\/pl\/#website","url":"https:\/\/leergeld-lelystad.nl\/pl\/","name":"Leergeld Lelystad","description":"Nu meedoen is straks meetellen","publisher":{"@id":"https:\/\/leergeld-lelystad.nl\/pl\/#organization"},"potentialAction":[{"@type":"SearchAction","target":{"@type":"EntryPoint","urlTemplate":"https:\/\/leergeld-lelystad.nl\/pl\/?s={search_term_string}"},"query-input":{"@type":"PropertyValueSpecification","valueRequired":true,"valueName":"search_term_string"}}],"inLanguage":"pl-PL"},{"@type":"Organization","@id":"https:\/\/leergeld-lelystad.nl\/pl\/#organization","name":"Stichting Leergeld Lelystad","url":"https:\/\/leergeld-lelystad.nl\/pl\/","logo":{"@type":"ImageObject","inLanguage":"pl-PL","@id":"https:\/\/leergeld-lelystad.nl\/pl\/#\/schema\/logo\/image\/","url":"http:\/\/leergeld-lelystad.nl\/wp-content\/uploads\/2022\/11\/Leergeld-Lelystad-logo.png","contentUrl":"http:\/\/leergeld-lelystad.nl\/wp-content\/uploads\/2022\/11\/Leergeld-Lelystad-logo.png","width":300,"height":300,"caption":"Stichting Leergeld Lelystad"},"image":{"@id":"https:\/\/leergeld-lelystad.nl\/pl\/#\/schema\/logo\/image\/"}}]}},"_links":{"self":[{"href":"https:\/\/leergeld-lelystad.nl\/pl\/wp-json\/wp\/v2\/pages\/3316","targetHints":{"allow":["GET"]}}],"collection":[{"href":"https:\/\/leergeld-lelystad.nl\/pl\/wp-json\/wp\/v2\/pages"}],"about":[{"href":"https:\/\/leergeld-lelystad.nl\/pl\/wp-json\/wp\/v2\/types\/page"}],"author":[{"embeddable":true,"href":"https:\/\/leergeld-lelystad.nl\/pl\/wp-json\/wp\/v2\/users\/1"}],"replies":[{"embeddable":true,"href":"https:\/\/leergeld-lelystad.nl\/pl\/wp-json\/wp\/v2\/comments?post=3316"}],"version-history":[{"count":1,"href":"https:\/\/leergeld-lelystad.nl\/pl\/wp-json\/wp\/v2\/pages\/3316\/revisions"}],"predecessor-version":[{"id":3323,"href":"https:\/\/leergeld-lelystad.nl\/pl\/wp-json\/wp\/v2\/pages\/3316\/revisions\/3323"}],"wp:attachment":[{"href":"https:\/\/leergeld-lelystad.nl\/pl\/wp-json\/wp\/v2\/media?parent=3316"}],"curies":[{"name":"wp","href":"https:\/\/api.w.org\/{rel}","templated":true}]}}