{"id":3254,"date":"2022-12-01T09:53:49","date_gmt":"2022-12-01T09:53:49","guid":{"rendered":"https:\/\/leergeld-lelystad.nl\/rekompensata-finansowa\/"},"modified":"2026-01-12T10:40:34","modified_gmt":"2026-01-12T10:40:34","slug":"rekompensata-finansowa","status":"publish","type":"page","link":"https:\/\/leergeld-lelystad.nl\/pl\/rekompensata-finansowa\/","title":{"rendered":"Rekompensata finansowa"},"content":{"rendered":"<p>[et_pb_section fb_built=&#8221;1&#8243; _builder_version=&#8221;4.19.1&#8243; _module_preset=&#8221;default&#8221; global_colors_info=&#8221;{}&#8221;][et_pb_row column_structure=&#8221;1_4,3_4&#8243; _builder_version=&#8221;4.19.2&#8243; _module_preset=&#8221;default&#8221; custom_margin=&#8221;||||false|false&#8221; custom_padding=&#8221;31px|||||&#8221; global_colors_info=&#8221;{}&#8221;][et_pb_column type=&#8221;1_4&#8243; _builder_version=&#8221;4.19.1&#8243; _module_preset=&#8221;default&#8221; global_colors_info=&#8221;{}&#8221;][et_pb_image src=&#8221;https:\/\/leergeld-lelystad.nl\/wp-content\/uploads\/2022\/12\/leergeld-financieel.png&#8221; title_text=&#8221;leergeld-financial&#8221; _builder_version=&#8221;4.19.2&#8243; _module_preset=&#8221;default&#8221; custom_padding=&#8221;0px|||||&#8221; global_colors_info=&#8221;{}&#8221;][\/et_pb_image][\/et_pb_column][et_pb_column type=&#8221;3_4&#8243; _builder_version=&#8221;4.19.2&#8243; _module_preset=&#8221;default&#8221; global_colors_info=&#8221;{}&#8221;][et_pb_text _builder_version=&#8221;4.19.2&#8243; _module_preset=&#8221;default&#8221; custom_margin=&#8221;||2px|||&#8221; global_colors_info=&#8221;{}&#8221;]<\/p>\n<h1>Rekompensata finansowa<\/h1>\n<p>[\/et_pb_text][et_pb_divider color=&#8221;#7CDA24&#8243; divider_weight=&#8221;10px&#8221; _builder_version=&#8221;4.19.2&#8243; _module_preset=&#8221;default&#8221; width=&#8221;30%&#8221; custom_margin=&#8221;||2px|||&#8221; global_colors_info=&#8221;{}&#8221;][\/et_pb_divider][et_pb_text _builder_version=&#8221;4.24.0&#8243; _module_preset=&#8221;default&#8221; text_line_height=&#8221;1.9em&#8221; global_colors_info=&#8221;{}&#8221;]<\/p>\n<p>Leergeld Lelystad wspiera dzieci i m\u0142odzie\u017c w wieku od 4 do 18 lat, kt\u00f3re mieszkaj\u0105 w gminie Lelystad i kt\u00f3rych rodzice maj\u0105 ograniczone dochody, maksymalnie do 150% standardu pomocy spo\u0142ecznej.<\/p>\n<p>Rodziny korzystaj\u0105ce z pomocy w restrukturyzacji zad\u0142u\u017cenia i ofiary afery zwi\u0105zanej z zasi\u0142kiem na opiek\u0119 nad dzie\u0107mi r\u00f3wnie\u017c mog\u0105 si\u0119 do nas zg\u0142osi\u0107.<span class=\"Apple-converted-space\"><br \/><\/span><\/p>\n<p><strong>Wycieczka szkolna\/ob\u00f3z\/wycieczka<\/strong><br \/>Leergeld zwraca koszty wycieczek szkolnych, oboz\u00f3w i wycieczek organizowanych przez szko\u0142\u0119. Koszty s\u0105 zwracane bezpo\u015brednio szkole. <\/p>\n<p>W tym celu nale\u017cy wype\u0142ni\u0107 poni\u017cszy formularz. W formularzu nale\u017cy poda\u0107:<br \/>&#8211; Nazw\u0119 i numer konta szko\u0142y<br \/>&#8211; Imi\u0119 i nazwisko oraz grup\u0119 dziecka, kt\u00f3rego dotyczy wniosek<br \/>&#8211; Kwot\u0119 i ewentualny numer referencyjny p\u0142atno\u015bci <\/p>\n<p>Pakiet startowy do <strong>szko\u0142y \u015bredniej<\/strong><br \/>Leergeld zapewnia pakiet startowy do szko\u0142y \u015bredniej dla dzieci z grupy 8. Pakiet ten sk\u0142ada si\u0119 z plecaka wype\u0142nionego praktycznymi przyborami szkolnymi.<br \/>Pakiet startowy mo\u017cna zam\u00f3wi\u0107 raz na dziecko, przy przej\u015bciu ze szko\u0142y podstawowej do szko\u0142y \u015bredniej. <\/p>\n<p>W tym celu nale\u017cy wype\u0142ni\u0107 formularz zg\u0142oszeniowy.<\/p>\n<p><span class=\"Apple-converted-space\"> <\/span><\/p>\n<p>[\/et_pb_text][et_pb_button button_url=&#8221;https:\/\/leergeld-lelystad.nl\/aanvraagformulier\/&#8221; button_text=&#8221;Przejd\u017a tutaj do formularza zg\u0142oszeniowego&#8221; button_alignment=&#8221;center&#8221; _builder_version=&#8221;4.19.5&#8243; _module_preset=&#8221;default&#8221; custom_button=&#8221;on&#8221; button_text_color=&#8221;#FFFFFF&#8221; button_bg_color=&#8221;#e28736&#8243; button_border_width=&#8221;0px&#8221; button_border_radius=&#8221;6px&#8221; background_layout=&#8221;dark&#8221; custom_margin=&#8221;||24px||false|false&#8221; custom_padding=&#8221;||||false|false&#8221; box_shadow_style=&#8221;preset3&#8243; global_colors_info=&#8221;{}&#8221; transform_styles__hover_enabled=&#8221;on|hover&#8221; transform_scale__hover_enabled=&#8221;on|hover&#8221; transform_translate__hover_enabled=&#8221;on|desktop&#8221; transform_rotate__hover_enabled=&#8221;on|desktop&#8221; transform_skew__hover_enabled=&#8221;on|desktop&#8221; transform_origin__hover_enabled=&#8221;on|desktop&#8221; transform_scale__hover=&#8221;110%|110%&#8221;][\/et_pb_button][\/et_pb_column][\/et_pb_row][et_pb_row column_structure=&#8221;1_4,1_2,1_4&#8243; _builder_version=&#8221;4.19.2&#8243; _module_preset=&#8221;default&#8221; custom_margin=&#8221;-22px|auto||auto||&#8221; custom_padding=&#8221;6px|||||&#8221; global_colors_info=&#8221;{}&#8221;][et_pb_column type=&#8221;1_4&#8243; _builder_version=&#8221;4.19.2&#8243; _module_preset=&#8221;default&#8221; background_color=&#8221;RGBA(255,255,255,0)&#8221; custom_padding=&#8221;20px|10px|20px|10px|true|true&#8221; global_colors_info=&#8221;{}&#8221;][\/et_pb_column][et_pb_column type=&#8221;1_2&#8243; _builder_version=&#8221;4.19.2&#8243; _module_preset=&#8221;default&#8221; background_color=&#8221;rgba(227,22,34,0.18)&#8221; custom_padding=&#8221;20px|10px|20px|10px|true|true&#8221; border_radii=&#8221;on|10px|10px|10px|10px&#8221; global_colors_info=&#8221;{}&#8221;][et_pb_text _builder_version=&#8221;4.19.2&#8243; _module_preset=&#8221;default&#8221; global_colors_info=&#8221;{}&#8221;]<\/p>\n<h2 style=\"text-align: center;\">Kt\u00f3re koszty NIE s\u0105 refundowane?<\/h2>\n<p>[\/et_pb_text][et_pb_blurb use_icon=&#8221;on&#8221; font_icon=&#8221;&#xe051;||divi||400&#8243; icon_color=&#8221;#E31622&#8243; icon_placement=&#8221;left&#8221; _builder_version=&#8221;4.19.3&#8243; _module_preset=&#8221;default&#8221; body_text_align=&#8221;left&#8221; body_font_size=&#8221;21px&#8221; global_colors_info=&#8221;{}&#8221;]<\/p>\n<p>Koszty podr\u00f3\u017cy z domu do szko\u0142y<\/p>\n<p>[\/et_pb_blurb][et_pb_blurb use_icon=&#8221;on&#8221; font_icon=&#8221;&#xe051;||divi||400&#8243; icon_color=&#8221;#E31622&#8243; icon_placement=&#8221;left&#8221; _builder_version=&#8221;4.19.2&#8243; _module_preset=&#8221;default&#8221; body_text_align=&#8221;left&#8221; body_font_size=&#8221;20px&#8221; global_colors_info=&#8221;{}&#8221;]<\/p>\n<p>Zarzuty zwi\u0105zane z przekonaniami religijnymi<\/p>\n<p>[\/et_pb_blurb][et_pb_blurb use_icon=&#8221;on&#8221; font_icon=&#8221;&#xe051;||divi||400&#8243; icon_color=&#8221;#E31622&#8243; icon_placement=&#8221;left&#8221; _builder_version=&#8221;4.19.2&#8243; _module_preset=&#8221;default&#8221; body_text_align=&#8221;left&#8221; body_font_size=&#8221;20px&#8221; global_colors_info=&#8221;{}&#8221;]<\/p>\n<p>Dobrowolna sk\u0142adka rodzic\u00f3w, mleko w szkole, zdj\u0119cia szkolne, depozyt<\/p>\n<p>[\/et_pb_blurb][et_pb_blurb use_icon=&#8221;on&#8221; font_icon=&#8221;&#xe051;||divi||400&#8243; icon_color=&#8221;#E31622&#8243; icon_placement=&#8221;left&#8221; _builder_version=&#8221;4.19.2&#8243; _module_preset=&#8221;default&#8221; body_text_align=&#8221;left&#8221; body_font_size=&#8221;20px&#8221; global_colors_info=&#8221;{}&#8221;]<\/p>\n<p>Op\u00f3\u017anienia w p\u0142atno\u015bciach, op\u0142aty komornicze, koszty windykacji<\/p>\n<p>[\/et_pb_blurb][et_pb_blurb use_icon=&#8221;on&#8221; font_icon=&#8221;&#xe051;||divi||400&#8243; icon_color=&#8221;#E31622&#8243; icon_placement=&#8221;left&#8221; _builder_version=&#8221;4.19.2&#8243; _module_preset=&#8221;default&#8221; body_text_align=&#8221;left&#8221; body_font_size=&#8221;20px&#8221; global_colors_info=&#8221;{}&#8221;]<\/p>\n<p>Str\u00f3j gimnastyczny i podr\u0119czniki szkolne<\/p>\n<p>[\/et_pb_blurb][et_pb_blurb use_icon=&#8221;on&#8221; font_icon=&#8221;&#xe051;||divi||400&#8243; icon_color=&#8221;#E31622&#8243; icon_placement=&#8221;left&#8221; _builder_version=&#8221;4.19.2&#8243; _module_preset=&#8221;default&#8221; body_text_align=&#8221;left&#8221; body_font_size=&#8221;20px&#8221; global_colors_info=&#8221;{}&#8221;]<\/p>\n<p>Ekskluzywne wycieczki szkolne<\/p>\n<p>[\/et_pb_blurb][et_pb_blurb use_icon=&#8221;on&#8221; font_icon=&#8221;&#xe051;||divi||400&#8243; icon_color=&#8221;#E31622&#8243; icon_placement=&#8221;left&#8221; _builder_version=&#8221;4.19.2&#8243; _module_preset=&#8221;default&#8221; body_text_align=&#8221;left&#8221; body_font_size=&#8221;20px&#8221; global_colors_info=&#8221;{}&#8221;]<\/p>\n<p>Regularne wakacje z rodzin\u0105 lub krewnymi<\/p>\n<p>[\/et_pb_blurb][et_pb_blurb use_icon=&#8221;on&#8221; font_icon=&#8221;&#xe051;||divi||400&#8243; icon_color=&#8221;#E31622&#8243; icon_placement=&#8221;left&#8221; _builder_version=&#8221;4.19.2&#8243; _module_preset=&#8221;default&#8221; body_text_align=&#8221;left&#8221; body_font_size=&#8221;20px&#8221; global_colors_info=&#8221;{}&#8221;]<\/p>\n<p>Prezenty osobiste i przedmioty zwi\u0105zane z \u017cyciem prywatnym<\/p>\n<p>[\/et_pb_blurb][et_pb_blurb use_icon=&#8221;on&#8221; font_icon=&#8221;&#xe051;||divi||400&#8243; icon_color=&#8221;#E31622&#8243; icon_placement=&#8221;left&#8221; _builder_version=&#8221;4.19.2&#8243; _module_preset=&#8221;default&#8221; body_text_align=&#8221;left&#8221; body_font_size=&#8221;20px&#8221; global_colors_info=&#8221;{}&#8221;]<\/p>\n<p>Odzie\u017c i obuwie sportowe<\/p>\n<p>[\/et_pb_blurb][et_pb_blurb use_icon=&#8221;on&#8221; font_icon=&#8221;&#xe051;||divi||400&#8243; icon_color=&#8221;#E31622&#8243; icon_placement=&#8221;left&#8221; _builder_version=&#8221;4.27.5&#8243; _module_preset=&#8221;default&#8221; body_text_align=&#8221;left&#8221; body_font_size=&#8221;20px&#8221; hover_enabled=&#8221;0&#8243; global_colors_info=&#8221;{}&#8221; sticky_enabled=&#8221;0&#8243;]<\/p>\n<p>Rowery dzieci\u0119ce do 6 lat<\/p>\n<p>[\/et_pb_blurb][\/et_pb_column][et_pb_column type=&#8221;1_4&#8243; _builder_version=&#8221;4.19.2&#8243; _module_preset=&#8221;default&#8221; background_color=&#8221;RGBA(255,255,255,0)&#8221; custom_padding=&#8221;20px|10px|20px|10px|true|true&#8221; global_colors_info=&#8221;{}&#8221;][\/et_pb_column][\/et_pb_row][\/et_pb_section]<\/p>\n","protected":false},"excerpt":{"rendered":"<p>Rekompensata finansowaLeergeld Lelystad wspiera dzieci i m\u0142odzie\u017c w wieku od 4 do 18 lat, kt\u00f3re mieszkaj\u0105 w gminie Lelystad i kt\u00f3rych rodzice maj\u0105 ograniczone dochody, maksymalnie do 150% standardu pomocy spo\u0142ecznej. Rodziny korzystaj\u0105ce z pomocy w restrukturyzacji zad\u0142u\u017cenia i ofiary afery zwi\u0105zanej z zasi\u0142kiem na opiek\u0119 nad dzie\u0107mi r\u00f3wnie\u017c mog\u0105 si\u0119 do nas zg\u0142osi\u0107. Wycieczka [&hellip;]<\/p>\n","protected":false},"author":1,"featured_media":0,"parent":0,"menu_order":0,"comment_status":"closed","ping_status":"closed","template":"","meta":{"_et_pb_use_builder":"on","_et_pb_old_content":"","_et_gb_content_width":"","footnotes":""},"class_list":["post-3254","page","type-page","status-publish","hentry"],"yoast_head":"<!-- This site is optimized with the Yoast SEO plugin v27.4 - https:\/\/yoast.com\/product\/yoast-seo-wordpress\/ -->\n<title>Rekompensata finansowa - Leergeld Lelystad<\/title>\n<meta name=\"description\" content=\"Pomoc finansowa z Leergeld Lelystad. Leergeld zwraca koszty wycieczek szkolnych, oboz\u00f3w i wyjazd\u00f3w organizowanych przez szko\u0142\u0119. Koszty s\u0105 zwracane bezpo\u015brednio do szko\u0142y.\" \/>\n<meta name=\"robots\" content=\"index, follow, max-snippet:-1, max-image-preview:large, max-video-preview:-1\" \/>\n<link rel=\"canonical\" href=\"https:\/\/leergeld-lelystad.nl\/pl\/rekompensata-finansowa\/\" \/>\n<meta property=\"og:locale\" content=\"pl_PL\" \/>\n<meta property=\"og:type\" content=\"article\" \/>\n<meta property=\"og:title\" content=\"Rekompensata finansowa - Leergeld Lelystad\" \/>\n<meta property=\"og:description\" content=\"Pomoc finansowa z Leergeld Lelystad. Leergeld zwraca koszty wycieczek szkolnych, oboz\u00f3w i wyjazd\u00f3w organizowanych przez szko\u0142\u0119. Koszty s\u0105 zwracane bezpo\u015brednio do szko\u0142y.\" \/>\n<meta property=\"og:url\" content=\"https:\/\/leergeld-lelystad.nl\/pl\/rekompensata-finansowa\/\" \/>\n<meta property=\"og:site_name\" content=\"Leergeld Lelystad\" \/>\n<meta property=\"article:modified_time\" content=\"2026-01-12T10:40:34+00:00\" \/>\n<meta name=\"twitter:card\" content=\"summary_large_image\" \/>\n<meta name=\"twitter:label1\" content=\"Szacowany czas czytania\" \/>\n\t<meta name=\"twitter:data1\" content=\"5 minut\" \/>\n<script type=\"application\/ld+json\" class=\"yoast-schema-graph\">{\"@context\":\"https:\\\/\\\/schema.org\",\"@graph\":[{\"@type\":\"WebPage\",\"@id\":\"https:\\\/\\\/leergeld-lelystad.nl\\\/pl\\\/rekompensata-finansowa\\\/\",\"url\":\"https:\\\/\\\/leergeld-lelystad.nl\\\/pl\\\/rekompensata-finansowa\\\/\",\"name\":\"Rekompensata finansowa - Leergeld Lelystad\",\"isPartOf\":{\"@id\":\"https:\\\/\\\/leergeld-lelystad.nl\\\/pl\\\/#website\"},\"datePublished\":\"2022-12-01T09:53:49+00:00\",\"dateModified\":\"2026-01-12T10:40:34+00:00\",\"description\":\"Pomoc finansowa z Leergeld Lelystad. Leergeld zwraca koszty wycieczek szkolnych, oboz\u00f3w i wyjazd\u00f3w organizowanych przez szko\u0142\u0119. Koszty s\u0105 zwracane bezpo\u015brednio do szko\u0142y.\",\"breadcrumb\":{\"@id\":\"https:\\\/\\\/leergeld-lelystad.nl\\\/pl\\\/rekompensata-finansowa\\\/#breadcrumb\"},\"inLanguage\":\"pl-PL\",\"potentialAction\":[{\"@type\":\"ReadAction\",\"target\":[\"https:\\\/\\\/leergeld-lelystad.nl\\\/pl\\\/rekompensata-finansowa\\\/\"]}]},{\"@type\":\"BreadcrumbList\",\"@id\":\"https:\\\/\\\/leergeld-lelystad.nl\\\/pl\\\/rekompensata-finansowa\\\/#breadcrumb\",\"itemListElement\":[{\"@type\":\"ListItem\",\"position\":1,\"name\":\"Home\",\"item\":\"https:\\\/\\\/leergeld-lelystad.nl\\\/pl\\\/\"},{\"@type\":\"ListItem\",\"position\":2,\"name\":\"Rekompensata finansowa\"}]},{\"@type\":\"WebSite\",\"@id\":\"https:\\\/\\\/leergeld-lelystad.nl\\\/pl\\\/#website\",\"url\":\"https:\\\/\\\/leergeld-lelystad.nl\\\/pl\\\/\",\"name\":\"Leergeld Lelystad\",\"description\":\"Nu meedoen is straks meetellen\",\"publisher\":{\"@id\":\"https:\\\/\\\/leergeld-lelystad.nl\\\/pl\\\/#organization\"},\"potentialAction\":[{\"@type\":\"SearchAction\",\"target\":{\"@type\":\"EntryPoint\",\"urlTemplate\":\"https:\\\/\\\/leergeld-lelystad.nl\\\/pl\\\/?s={search_term_string}\"},\"query-input\":{\"@type\":\"PropertyValueSpecification\",\"valueRequired\":true,\"valueName\":\"search_term_string\"}}],\"inLanguage\":\"pl-PL\"},{\"@type\":\"Organization\",\"@id\":\"https:\\\/\\\/leergeld-lelystad.nl\\\/pl\\\/#organization\",\"name\":\"Stichting Leergeld Lelystad\",\"url\":\"https:\\\/\\\/leergeld-lelystad.nl\\\/pl\\\/\",\"logo\":{\"@type\":\"ImageObject\",\"inLanguage\":\"pl-PL\",\"@id\":\"https:\\\/\\\/leergeld-lelystad.nl\\\/pl\\\/#\\\/schema\\\/logo\\\/image\\\/\",\"url\":\"http:\\\/\\\/leergeld-lelystad.nl\\\/wp-content\\\/uploads\\\/2022\\\/11\\\/Leergeld-Lelystad-logo.png\",\"contentUrl\":\"http:\\\/\\\/leergeld-lelystad.nl\\\/wp-content\\\/uploads\\\/2022\\\/11\\\/Leergeld-Lelystad-logo.png\",\"width\":300,\"height\":300,\"caption\":\"Stichting Leergeld Lelystad\"},\"image\":{\"@id\":\"https:\\\/\\\/leergeld-lelystad.nl\\\/pl\\\/#\\\/schema\\\/logo\\\/image\\\/\"}}]}<\/script>\n<!-- \/ Yoast SEO plugin. -->","yoast_head_json":{"title":"Rekompensata finansowa - Leergeld Lelystad","description":"Pomoc finansowa z Leergeld Lelystad. Leergeld zwraca koszty wycieczek szkolnych, oboz\u00f3w i wyjazd\u00f3w organizowanych przez szko\u0142\u0119. Koszty s\u0105 zwracane bezpo\u015brednio do szko\u0142y.","robots":{"index":"index","follow":"follow","max-snippet":"max-snippet:-1","max-image-preview":"max-image-preview:large","max-video-preview":"max-video-preview:-1"},"canonical":"https:\/\/leergeld-lelystad.nl\/pl\/rekompensata-finansowa\/","og_locale":"pl_PL","og_type":"article","og_title":"Rekompensata finansowa - Leergeld Lelystad","og_description":"Pomoc finansowa z Leergeld Lelystad. Leergeld zwraca koszty wycieczek szkolnych, oboz\u00f3w i wyjazd\u00f3w organizowanych przez szko\u0142\u0119. Koszty s\u0105 zwracane bezpo\u015brednio do szko\u0142y.","og_url":"https:\/\/leergeld-lelystad.nl\/pl\/rekompensata-finansowa\/","og_site_name":"Leergeld Lelystad","article_modified_time":"2026-01-12T10:40:34+00:00","twitter_card":"summary_large_image","twitter_misc":{"Szacowany czas czytania":"5 minut"},"schema":{"@context":"https:\/\/schema.org","@graph":[{"@type":"WebPage","@id":"https:\/\/leergeld-lelystad.nl\/pl\/rekompensata-finansowa\/","url":"https:\/\/leergeld-lelystad.nl\/pl\/rekompensata-finansowa\/","name":"Rekompensata finansowa - Leergeld Lelystad","isPartOf":{"@id":"https:\/\/leergeld-lelystad.nl\/pl\/#website"},"datePublished":"2022-12-01T09:53:49+00:00","dateModified":"2026-01-12T10:40:34+00:00","description":"Pomoc finansowa z Leergeld Lelystad. Leergeld zwraca koszty wycieczek szkolnych, oboz\u00f3w i wyjazd\u00f3w organizowanych przez szko\u0142\u0119. Koszty s\u0105 zwracane bezpo\u015brednio do szko\u0142y.","breadcrumb":{"@id":"https:\/\/leergeld-lelystad.nl\/pl\/rekompensata-finansowa\/#breadcrumb"},"inLanguage":"pl-PL","potentialAction":[{"@type":"ReadAction","target":["https:\/\/leergeld-lelystad.nl\/pl\/rekompensata-finansowa\/"]}]},{"@type":"BreadcrumbList","@id":"https:\/\/leergeld-lelystad.nl\/pl\/rekompensata-finansowa\/#breadcrumb","itemListElement":[{"@type":"ListItem","position":1,"name":"Home","item":"https:\/\/leergeld-lelystad.nl\/pl\/"},{"@type":"ListItem","position":2,"name":"Rekompensata finansowa"}]},{"@type":"WebSite","@id":"https:\/\/leergeld-lelystad.nl\/pl\/#website","url":"https:\/\/leergeld-lelystad.nl\/pl\/","name":"Leergeld Lelystad","description":"Nu meedoen is straks meetellen","publisher":{"@id":"https:\/\/leergeld-lelystad.nl\/pl\/#organization"},"potentialAction":[{"@type":"SearchAction","target":{"@type":"EntryPoint","urlTemplate":"https:\/\/leergeld-lelystad.nl\/pl\/?s={search_term_string}"},"query-input":{"@type":"PropertyValueSpecification","valueRequired":true,"valueName":"search_term_string"}}],"inLanguage":"pl-PL"},{"@type":"Organization","@id":"https:\/\/leergeld-lelystad.nl\/pl\/#organization","name":"Stichting Leergeld Lelystad","url":"https:\/\/leergeld-lelystad.nl\/pl\/","logo":{"@type":"ImageObject","inLanguage":"pl-PL","@id":"https:\/\/leergeld-lelystad.nl\/pl\/#\/schema\/logo\/image\/","url":"http:\/\/leergeld-lelystad.nl\/wp-content\/uploads\/2022\/11\/Leergeld-Lelystad-logo.png","contentUrl":"http:\/\/leergeld-lelystad.nl\/wp-content\/uploads\/2022\/11\/Leergeld-Lelystad-logo.png","width":300,"height":300,"caption":"Stichting Leergeld Lelystad"},"image":{"@id":"https:\/\/leergeld-lelystad.nl\/pl\/#\/schema\/logo\/image\/"}}]}},"_links":{"self":[{"href":"https:\/\/leergeld-lelystad.nl\/pl\/wp-json\/wp\/v2\/pages\/3254","targetHints":{"allow":["GET"]}}],"collection":[{"href":"https:\/\/leergeld-lelystad.nl\/pl\/wp-json\/wp\/v2\/pages"}],"about":[{"href":"https:\/\/leergeld-lelystad.nl\/pl\/wp-json\/wp\/v2\/types\/page"}],"author":[{"embeddable":true,"href":"https:\/\/leergeld-lelystad.nl\/pl\/wp-json\/wp\/v2\/users\/1"}],"replies":[{"embeddable":true,"href":"https:\/\/leergeld-lelystad.nl\/pl\/wp-json\/wp\/v2\/comments?post=3254"}],"version-history":[{"count":9,"href":"https:\/\/leergeld-lelystad.nl\/pl\/wp-json\/wp\/v2\/pages\/3254\/revisions"}],"predecessor-version":[{"id":4972,"href":"https:\/\/leergeld-lelystad.nl\/pl\/wp-json\/wp\/v2\/pages\/3254\/revisions\/4972"}],"wp:attachment":[{"href":"https:\/\/leergeld-lelystad.nl\/pl\/wp-json\/wp\/v2\/media?parent=3254"}],"curies":[{"name":"wp","href":"https:\/\/api.w.org\/{rel}","templated":true}]}}