{"id":3086,"date":"2022-11-30T12:13:26","date_gmt":"2022-11-30T12:13:26","guid":{"rendered":"https:\/\/leergeld-lelystad.nl\/dla-kogo\/"},"modified":"2025-02-19T11:09:15","modified_gmt":"2025-02-19T11:09:15","slug":"dla-kogo","status":"publish","type":"page","link":"https:\/\/leergeld-lelystad.nl\/pl\/dla-kogo\/","title":{"rendered":"Dla kogo."},"content":{"rendered":"<p>[et_pb_section fb_built=&#8221;1&#8243; _builder_version=&#8221;4.19.1&#8243; _module_preset=&#8221;default&#8221; global_colors_info=&#8221;{}&#8221;][et_pb_row _builder_version=&#8221;4.19.2&#8243; _module_preset=&#8221;default&#8221; custom_padding=&#8221;31px||3px|||&#8221; global_colors_info=&#8221;{}&#8221;][et_pb_column type=&#8221;4_4&#8243; _builder_version=&#8221;4.19.2&#8243; _module_preset=&#8221;default&#8221; global_colors_info=&#8221;{}&#8221;][et_pb_text _builder_version=&#8221;4.19.2&#8243; _module_preset=&#8221;default&#8221; global_colors_info=&#8221;{}&#8221;]<\/p>\n<h1>Dla kogo.<\/h1>\n<p>[\/et_pb_text][et_pb_divider color=&#8221;#7CDA24&#8243; divider_weight=&#8221;10px&#8221; _builder_version=&#8221;4.19.2&#8243; _module_preset=&#8221;default&#8221; width=&#8221;30%&#8221; custom_margin=&#8221;||2px|||&#8221; global_colors_info=&#8221;{}&#8221;][\/et_pb_divider][\/et_pb_column][\/et_pb_row][et_pb_row column_structure=&#8221;2_3,1_3&#8243; _builder_version=&#8221;4.19.2&#8243; _module_preset=&#8221;default&#8221; custom_margin=&#8221;||||false|false&#8221; custom_padding=&#8221;0px|||||&#8221; global_colors_info=&#8221;{}&#8221;][et_pb_column type=&#8221;2_3&#8243; _builder_version=&#8221;4.19.1&#8243; _module_preset=&#8221;default&#8221; global_colors_info=&#8221;{}&#8221;][et_pb_text _builder_version=&#8221;4.24.2&#8243; _module_preset=&#8221;default&#8221; text_line_height=&#8221;1.9em&#8221; global_colors_info=&#8221;{}&#8221;]<\/p>\n<p>Wsparcie Leergeld Lelystad jest przeznaczone dla dzieci w wieku od 4 do 18 lat, kt\u00f3re mieszkaj\u0105 w gminie Lelystad i kt\u00f3rych rodzice maj\u0105 ograniczony doch\u00f3d.<br \/>Standard stosowany przez Leergeld Lelystad w tym celu wynosi <strong>150% standardu pomocy spo\u0142ecznej:<\/strong> <br \/>&#8211; maksymalny doch\u00f3d osoby samotnej: 1925 \u20ac, <br \/>&#8211; lub ma\u0142\u017ce\u0144stwa \/ konkubinatu: 2751 \u20ac.<\/p>\n<p>Rodzice dzieci, kt\u00f3rzy otrzymuj\u0105 pomoc w restrukturyzacji zad\u0142u\u017cenia lub s\u0105 ofiarami afery zwi\u0105zanej z zasi\u0142kiem na opiek\u0119 nad dzie\u0107mi, r\u00f3wnie\u017c mog\u0105 si\u0119 do nas zwr\u00f3ci\u0107.<\/p>\n<p>O co mi\u0119dzy innymi mo\u017cna si\u0119 ubiega\u0107?<\/p>\n<ul>\n<li>dobry u\u017cywany rower dla dzieci w wieku od 6 lat<\/li>\n<li>odnowiony komputer dla dzieci w wieku od 11 lat<\/li>\n<li>wycieczka szkolna, ob\u00f3z i wycieczki<\/li>\n<li>specyficzne koszty szkolenia MBO: obowi\u0105zkowa odzie\u017c\/narz\u0119dzia<\/li>\n<\/ul>\n<p>Cel aplikacji powinien by\u0107 jasny. Co chce si\u0119 otrzyma\u0107? Jakie s\u0105 koszty? Czy potrzeba wi\u0119cej dla innych dzieci w rodzinie? Wszystkie te pytania s\u0105 poruszane podczas wizyty domowej.<br \/>Pomocne jest, je\u015bli zebra\u0142e\u015b ju\u017c te informacje, gdy po\u015brednik przychodzi na wizyt\u0119 domow\u0105. Wsparcie finansowe zapewniane przez Leergeld jest rozliczane bezpo\u015brednio z dostawc\u0105 produktu.<br \/>Zatwierdzone wnioski w jednej rodzinie nie uprawniaj\u0105 do otrzymania nagrody w innych przypadkach.     <strong><\/strong><\/p>\n<p><strong><br \/>Jak wysoki mo\u017ce by\u0107 doch\u00f3d netto?<\/strong><br \/>Wysoko\u015b\u0107 dochodu lub \u015bwiadczenia zale\u017cy od wieku i sytuacji \u017cyciowej.<\/p>\n<p>Ka\u017cdego roku, 1 stycznia i 1 lipca, standardy pomocy s\u0105 resetowane. Aby kwalifikowa\u0107 si\u0119 do wsparcia z Leergeld Lelystad, doch\u00f3d netto nie mo\u017ce przekracza\u0107 150% standardu pomocy spo\u0142ecznej.<br \/>Poziom dochodu (standardowa kwota, w tym dodatek wakacyjny), kt\u00f3ry ma zastosowanie do Leergeld Lelystad, aby kwalifikowa\u0107 si\u0119 do wsparcia, mo\u017cna znale\u017a\u0107 na stronie internetowej rz\u0105du krajowego. <a href=\"https:\/\/www.rijksoverheid.nl\/onderwerpen\/bijstand\/vraag-en-antwoord\/hoe-hoog-is-mijn-bijstandsuitkering\" target=\"_blank\" rel=\"noopener\"><em><strong>rz\u0105du krajowego.<\/strong><\/em><\/a> <\/p>\n<p>[\/et_pb_text][\/et_pb_column][et_pb_column type=&#8221;1_3&#8243; _builder_version=&#8221;4.19.1&#8243; _module_preset=&#8221;default&#8221; global_colors_info=&#8221;{}&#8221;][et_pb_image src=&#8221;https:\/\/leergeld-lelystad.nl\/wp-content\/uploads\/2022\/11\/Wie-komt-in-aanmerking-voor-Leergeld.jpg&#8221; alt=&#8221;M\u0142odzie\u017c z rowerem&#8221; title_text=&#8221;Kto kwalifikuje si\u0119 do Leergeld&#8221; module_class=&#8221;circular&#8221; _builder_version=&#8221;4.19.2&#8243; _module_preset=&#8221;default&#8221; global_colors_info=&#8221;{}&#8221;][\/et_pb_image][\/et_pb_column][\/et_pb_row][et_pb_row column_structure=&#8221;1_2,1_2&#8243; make_equal=&#8221;on&#8221; _builder_version=&#8221;4.19.2&#8243; _module_preset=&#8221;default&#8221; custom_margin=&#8221;106px|auto||auto||&#8221; custom_padding=&#8221;6px|||||&#8221; border_radii=&#8221;on|10px|10px|10px|10px&#8221; global_colors_info=&#8221;{}&#8221;][et_pb_column type=&#8221;1_2&#8243; _builder_version=&#8221;4.19.2&#8243; _module_preset=&#8221;default&#8221; background_color=&#8221;rgba(135,186,37,0.25)&#8221; custom_padding=&#8221;20px|10px|20px|10px|true|true&#8221; border_radii=&#8221;on|10px|10px|10px|10px&#8221; global_colors_info=&#8221;{}&#8221;][et_pb_text _builder_version=&#8221;4.19.2&#8243; _module_preset=&#8221;default&#8221; global_colors_info=&#8221;{}&#8221;]<\/p>\n<h2 style=\"text-align: center;\">Kt\u00f3re koszty s\u0105 refundowane?<\/h2>\n<p>[\/et_pb_text][et_pb_blurb use_icon=&#8221;on&#8221; font_icon=&#8221;&#x4e;||divi||400&#8243; icon_color=&#8221;#87BA25&#8243; icon_placement=&#8221;left&#8221; _builder_version=&#8221;4.24.2&#8243; _module_preset=&#8221;default&#8221; body_text_align=&#8221;left&#8221; body_font_size=&#8221;20px&#8221; hover_enabled=&#8221;0&#8243; global_colors_info=&#8221;{}&#8221; sticky_enabled=&#8221;0&#8243;]<\/p>\n<p>Rower dla dzieci w wieku od 6 lat<\/p>\n<p>[\/et_pb_blurb][et_pb_blurb use_icon=&#8221;on&#8221; font_icon=&#8221;&#x4e;||divi||400&#8243; icon_color=&#8221;#87BA25&#8243; icon_placement=&#8221;left&#8221; _builder_version=&#8221;4.19.2&#8243; _module_preset=&#8221;default&#8221; body_text_align=&#8221;left&#8221; body_font_size=&#8221;20px&#8221; custom_margin=&#8221;-19px|||||&#8221; global_colors_info=&#8221;{}&#8221;]<\/p>\n<p>Laptopy dla dzieci w wieku od 11 lat<\/p>\n<p>[\/et_pb_blurb][et_pb_blurb use_icon=&#8221;on&#8221; font_icon=&#8221;&#x4e;||divi||400&#8243; icon_color=&#8221;#87BA25&#8243; icon_placement=&#8221;left&#8221; _builder_version=&#8221;4.19.4&#8243; _module_preset=&#8221;default&#8221; body_text_align=&#8221;left&#8221; body_font_size=&#8221;20px&#8221; custom_margin=&#8221;-19px|||||&#8221; global_colors_info=&#8221;{}&#8221;]<\/p>\n<p>Zapewnienie szkolnego pakietu startowego dla uczni\u00f3w pierwszej klasy szko\u0142y \u015bredniej<\/p>\n<p>[\/et_pb_blurb][et_pb_blurb use_icon=&#8221;on&#8221; font_icon=&#8221;&#x4e;||divi||400&#8243; icon_color=&#8221;#87BA25&#8243; icon_placement=&#8221;left&#8221; _builder_version=&#8221;4.19.4&#8243; _module_preset=&#8221;default&#8221; body_text_align=&#8221;left&#8221; body_font_size=&#8221;20px&#8221; custom_margin=&#8221;-19px|||||&#8221; global_colors_info=&#8221;{}&#8221;]<\/p>\n<p>Pomoc finansowa na pokrycie koszt\u00f3w: wycieczek szkolnych i wyjazd\u00f3w.<\/p>\n<p>[\/et_pb_blurb][\/et_pb_column][et_pb_column type=&#8221;1_2&#8243; _builder_version=&#8221;4.19.2&#8243; _module_preset=&#8221;default&#8221; background_color=&#8221;rgba(227,22,34,0.18)&#8221; custom_padding=&#8221;20px|10px|20px|10px|true|true&#8221; border_radii=&#8221;on|10px|10px|10px|10px&#8221; global_colors_info=&#8221;{}&#8221;][et_pb_text _builder_version=&#8221;4.19.2&#8243; _module_preset=&#8221;default&#8221; global_colors_info=&#8221;{}&#8221;]<\/p>\n<h2 style=\"text-align: center;\">Kt\u00f3re koszty NIE s\u0105 refundowane?<\/h2>\n<p>[\/et_pb_text][et_pb_blurb use_icon=&#8221;on&#8221; font_icon=&#8221;&#xe051;||divi||400&#8243; icon_color=&#8221;#E31622&#8243; icon_placement=&#8221;left&#8221; _builder_version=&#8221;4.19.2&#8243; _module_preset=&#8221;default&#8221; body_text_align=&#8221;left&#8221; body_font_size=&#8221;21px&#8221; global_colors_info=&#8221;{}&#8221;]<\/p>\n<p>Koszty podr\u00f3\u017cy z domu do szko\u0142y<\/p>\n<p>[\/et_pb_blurb][et_pb_blurb use_icon=&#8221;on&#8221; font_icon=&#8221;&#xe051;||divi||400&#8243; icon_color=&#8221;#E31622&#8243; icon_placement=&#8221;left&#8221; _builder_version=&#8221;4.19.2&#8243; _module_preset=&#8221;default&#8221; body_text_align=&#8221;left&#8221; body_font_size=&#8221;20px&#8221; global_colors_info=&#8221;{}&#8221;]<\/p>\n<p>Zarzuty zwi\u0105zane z przekonaniami religijnymi<\/p>\n<p>[\/et_pb_blurb][et_pb_blurb use_icon=&#8221;on&#8221; font_icon=&#8221;&#xe051;||divi||400&#8243; icon_color=&#8221;#E31622&#8243; icon_placement=&#8221;left&#8221; _builder_version=&#8221;4.19.2&#8243; _module_preset=&#8221;default&#8221; body_text_align=&#8221;left&#8221; body_font_size=&#8221;20px&#8221; global_colors_info=&#8221;{}&#8221;]<\/p>\n<p>Dobrowolna sk\u0142adka rodzic\u00f3w, mleko w szkole, zdj\u0119cia szkolne, depozyt<\/p>\n<p>[\/et_pb_blurb][et_pb_blurb use_icon=&#8221;on&#8221; font_icon=&#8221;&#xe051;||divi||400&#8243; icon_color=&#8221;#E31622&#8243; icon_placement=&#8221;left&#8221; _builder_version=&#8221;4.19.2&#8243; _module_preset=&#8221;default&#8221; body_text_align=&#8221;left&#8221; body_font_size=&#8221;20px&#8221; global_colors_info=&#8221;{}&#8221;]<\/p>\n<p>Str\u00f3j gimnastyczny i podr\u0119czniki szkolne<\/p>\n<p>[\/et_pb_blurb][et_pb_blurb use_icon=&#8221;on&#8221; font_icon=&#8221;&#xe051;||divi||400&#8243; icon_color=&#8221;#E31622&#8243; icon_placement=&#8221;left&#8221; _builder_version=&#8221;4.19.2&#8243; _module_preset=&#8221;default&#8221; body_text_align=&#8221;left&#8221; body_font_size=&#8221;20px&#8221; global_colors_info=&#8221;{}&#8221;]<\/p>\n<p>Op\u00f3\u017anienia w p\u0142atno\u015bciach, op\u0142aty komornicze, koszty windykacji<\/p>\n<p>[\/et_pb_blurb][et_pb_blurb use_icon=&#8221;on&#8221; font_icon=&#8221;&#xe051;||divi||400&#8243; icon_color=&#8221;#E31622&#8243; icon_placement=&#8221;left&#8221; _builder_version=&#8221;4.19.2&#8243; _module_preset=&#8221;default&#8221; body_text_align=&#8221;left&#8221; body_font_size=&#8221;20px&#8221; global_colors_info=&#8221;{}&#8221;]<\/p>\n<p>Regularne wakacje z rodzin\u0105 lub krewnymi<\/p>\n<p>[\/et_pb_blurb][et_pb_blurb use_icon=&#8221;on&#8221; font_icon=&#8221;&#xe051;||divi||400&#8243; icon_color=&#8221;#E31622&#8243; icon_placement=&#8221;left&#8221; _builder_version=&#8221;4.19.2&#8243; _module_preset=&#8221;default&#8221; body_text_align=&#8221;left&#8221; body_font_size=&#8221;20px&#8221; global_colors_info=&#8221;{}&#8221;]<\/p>\n<p>Ekskluzywne wycieczki szkolne<\/p>\n<p>[\/et_pb_blurb][et_pb_blurb use_icon=&#8221;on&#8221; font_icon=&#8221;&#xe051;||divi||400&#8243; icon_color=&#8221;#E31622&#8243; icon_placement=&#8221;left&#8221; _builder_version=&#8221;4.19.2&#8243; _module_preset=&#8221;default&#8221; body_text_align=&#8221;left&#8221; body_font_size=&#8221;20px&#8221; global_colors_info=&#8221;{}&#8221;]<\/p>\n<p>Prezenty osobiste i przedmioty zwi\u0105zane z \u017cyciem prywatnym<\/p>\n<p>[\/et_pb_blurb][et_pb_blurb use_icon=&#8221;on&#8221; font_icon=&#8221;&#xe051;||divi||400&#8243; icon_color=&#8221;#E31622&#8243; icon_placement=&#8221;left&#8221; _builder_version=&#8221;4.19.2&#8243; _module_preset=&#8221;default&#8221; body_text_align=&#8221;left&#8221; body_font_size=&#8221;20px&#8221; global_colors_info=&#8221;{}&#8221;]<\/p>\n<p>Odzie\u017c i obuwie sportowe<\/p>\n<p>[\/et_pb_blurb][et_pb_blurb use_icon=&#8221;on&#8221; font_icon=&#8221;&#xe051;||divi||400&#8243; icon_color=&#8221;#E31622&#8243; icon_placement=&#8221;left&#8221; _builder_version=&#8221;4.24.2&#8243; _module_preset=&#8221;default&#8221; body_text_align=&#8221;left&#8221; body_font_size=&#8221;20px&#8221; hover_enabled=&#8221;0&#8243; global_colors_info=&#8221;{}&#8221; sticky_enabled=&#8221;0&#8243;]<\/p>\n<p>Rowery dzieci\u0119ce do 6 lat<\/p>\n<p>[\/et_pb_blurb][\/et_pb_column][\/et_pb_row][\/et_pb_section]<\/p>\n","protected":false},"excerpt":{"rendered":"<p>Dla kogo.Wsparcie Leergeld Lelystad jest przeznaczone dla dzieci w wieku od 4 do 18 lat, kt\u00f3re mieszkaj\u0105 w gminie Lelystad i kt\u00f3rych rodzice maj\u0105 ograniczony doch\u00f3d.Standard stosowany przez Leergeld Lelystad w tym celu wynosi 150% standardu pomocy spo\u0142ecznej: &#8211; maksymalny doch\u00f3d osoby samotnej: 1925 \u20ac, &#8211; lub ma\u0142\u017ce\u0144stwa \/ konkubinatu: 2751 \u20ac. Rodzice dzieci, kt\u00f3rzy [&hellip;]<\/p>\n","protected":false},"author":1,"featured_media":0,"parent":0,"menu_order":0,"comment_status":"closed","ping_status":"closed","template":"","meta":{"_et_pb_use_builder":"on","_et_pb_old_content":"","_et_gb_content_width":"","footnotes":""},"class_list":["post-3086","page","type-page","status-publish","hentry"],"yoast_head":"<!-- This site is optimized with the Yoast SEO plugin v27.4 - https:\/\/yoast.com\/product\/yoast-seo-wordpress\/ -->\n<title>Dla kogo. - Leergeld Lelystad<\/title>\n<meta name=\"description\" content=\"Dla kogo przeznaczony jest program Leergeld Lelystad. Wsparcie z Leergeld Lelystad jest przeznaczone dla dzieci w wieku od 4 do 18 lat, kt\u00f3re mieszkaj\u0105 w gminie Lelystad i kt\u00f3rych rodzice maj\u0105 ograniczone dochody.\" \/>\n<meta name=\"robots\" content=\"index, follow, max-snippet:-1, max-image-preview:large, max-video-preview:-1\" \/>\n<link rel=\"canonical\" href=\"https:\/\/leergeld-lelystad.nl\/pl\/dla-kogo\/\" \/>\n<meta property=\"og:locale\" content=\"pl_PL\" \/>\n<meta property=\"og:type\" content=\"article\" \/>\n<meta property=\"og:title\" content=\"Dla kogo. - Leergeld Lelystad\" \/>\n<meta property=\"og:description\" content=\"Dla kogo przeznaczony jest program Leergeld Lelystad. Wsparcie z Leergeld Lelystad jest przeznaczone dla dzieci w wieku od 4 do 18 lat, kt\u00f3re mieszkaj\u0105 w gminie Lelystad i kt\u00f3rych rodzice maj\u0105 ograniczone dochody.\" \/>\n<meta property=\"og:url\" content=\"https:\/\/leergeld-lelystad.nl\/pl\/dla-kogo\/\" \/>\n<meta property=\"og:site_name\" content=\"Leergeld Lelystad\" \/>\n<meta property=\"article:modified_time\" content=\"2025-02-19T11:09:15+00:00\" \/>\n<meta name=\"twitter:card\" content=\"summary_large_image\" \/>\n<meta name=\"twitter:label1\" content=\"Szacowany czas czytania\" \/>\n\t<meta name=\"twitter:data1\" content=\"6 minut\" \/>\n<script type=\"application\/ld+json\" class=\"yoast-schema-graph\">{\"@context\":\"https:\\\/\\\/schema.org\",\"@graph\":[{\"@type\":\"WebPage\",\"@id\":\"https:\\\/\\\/leergeld-lelystad.nl\\\/pl\\\/dla-kogo\\\/\",\"url\":\"https:\\\/\\\/leergeld-lelystad.nl\\\/pl\\\/dla-kogo\\\/\",\"name\":\"Dla kogo. - Leergeld Lelystad\",\"isPartOf\":{\"@id\":\"https:\\\/\\\/leergeld-lelystad.nl\\\/pl\\\/#website\"},\"datePublished\":\"2022-11-30T12:13:26+00:00\",\"dateModified\":\"2025-02-19T11:09:15+00:00\",\"description\":\"Dla kogo przeznaczony jest program Leergeld Lelystad. Wsparcie z Leergeld Lelystad jest przeznaczone dla dzieci w wieku od 4 do 18 lat, kt\u00f3re mieszkaj\u0105 w gminie Lelystad i kt\u00f3rych rodzice maj\u0105 ograniczone dochody.\",\"breadcrumb\":{\"@id\":\"https:\\\/\\\/leergeld-lelystad.nl\\\/pl\\\/dla-kogo\\\/#breadcrumb\"},\"inLanguage\":\"pl-PL\",\"potentialAction\":[{\"@type\":\"ReadAction\",\"target\":[\"https:\\\/\\\/leergeld-lelystad.nl\\\/pl\\\/dla-kogo\\\/\"]}]},{\"@type\":\"BreadcrumbList\",\"@id\":\"https:\\\/\\\/leergeld-lelystad.nl\\\/pl\\\/dla-kogo\\\/#breadcrumb\",\"itemListElement\":[{\"@type\":\"ListItem\",\"position\":1,\"name\":\"Home\",\"item\":\"https:\\\/\\\/leergeld-lelystad.nl\\\/pl\\\/\"},{\"@type\":\"ListItem\",\"position\":2,\"name\":\"Dla kogo.\"}]},{\"@type\":\"WebSite\",\"@id\":\"https:\\\/\\\/leergeld-lelystad.nl\\\/pl\\\/#website\",\"url\":\"https:\\\/\\\/leergeld-lelystad.nl\\\/pl\\\/\",\"name\":\"Leergeld Lelystad\",\"description\":\"Nu meedoen is straks meetellen\",\"publisher\":{\"@id\":\"https:\\\/\\\/leergeld-lelystad.nl\\\/pl\\\/#organization\"},\"potentialAction\":[{\"@type\":\"SearchAction\",\"target\":{\"@type\":\"EntryPoint\",\"urlTemplate\":\"https:\\\/\\\/leergeld-lelystad.nl\\\/pl\\\/?s={search_term_string}\"},\"query-input\":{\"@type\":\"PropertyValueSpecification\",\"valueRequired\":true,\"valueName\":\"search_term_string\"}}],\"inLanguage\":\"pl-PL\"},{\"@type\":\"Organization\",\"@id\":\"https:\\\/\\\/leergeld-lelystad.nl\\\/pl\\\/#organization\",\"name\":\"Stichting Leergeld Lelystad\",\"url\":\"https:\\\/\\\/leergeld-lelystad.nl\\\/pl\\\/\",\"logo\":{\"@type\":\"ImageObject\",\"inLanguage\":\"pl-PL\",\"@id\":\"https:\\\/\\\/leergeld-lelystad.nl\\\/pl\\\/#\\\/schema\\\/logo\\\/image\\\/\",\"url\":\"http:\\\/\\\/leergeld-lelystad.nl\\\/wp-content\\\/uploads\\\/2022\\\/11\\\/Leergeld-Lelystad-logo.png\",\"contentUrl\":\"http:\\\/\\\/leergeld-lelystad.nl\\\/wp-content\\\/uploads\\\/2022\\\/11\\\/Leergeld-Lelystad-logo.png\",\"width\":300,\"height\":300,\"caption\":\"Stichting Leergeld Lelystad\"},\"image\":{\"@id\":\"https:\\\/\\\/leergeld-lelystad.nl\\\/pl\\\/#\\\/schema\\\/logo\\\/image\\\/\"}}]}<\/script>\n<!-- \/ Yoast SEO plugin. -->","yoast_head_json":{"title":"Dla kogo. - Leergeld Lelystad","description":"Dla kogo przeznaczony jest program Leergeld Lelystad. Wsparcie z Leergeld Lelystad jest przeznaczone dla dzieci w wieku od 4 do 18 lat, kt\u00f3re mieszkaj\u0105 w gminie Lelystad i kt\u00f3rych rodzice maj\u0105 ograniczone dochody.","robots":{"index":"index","follow":"follow","max-snippet":"max-snippet:-1","max-image-preview":"max-image-preview:large","max-video-preview":"max-video-preview:-1"},"canonical":"https:\/\/leergeld-lelystad.nl\/pl\/dla-kogo\/","og_locale":"pl_PL","og_type":"article","og_title":"Dla kogo. - Leergeld Lelystad","og_description":"Dla kogo przeznaczony jest program Leergeld Lelystad. Wsparcie z Leergeld Lelystad jest przeznaczone dla dzieci w wieku od 4 do 18 lat, kt\u00f3re mieszkaj\u0105 w gminie Lelystad i kt\u00f3rych rodzice maj\u0105 ograniczone dochody.","og_url":"https:\/\/leergeld-lelystad.nl\/pl\/dla-kogo\/","og_site_name":"Leergeld Lelystad","article_modified_time":"2025-02-19T11:09:15+00:00","twitter_card":"summary_large_image","twitter_misc":{"Szacowany czas czytania":"6 minut"},"schema":{"@context":"https:\/\/schema.org","@graph":[{"@type":"WebPage","@id":"https:\/\/leergeld-lelystad.nl\/pl\/dla-kogo\/","url":"https:\/\/leergeld-lelystad.nl\/pl\/dla-kogo\/","name":"Dla kogo. - Leergeld Lelystad","isPartOf":{"@id":"https:\/\/leergeld-lelystad.nl\/pl\/#website"},"datePublished":"2022-11-30T12:13:26+00:00","dateModified":"2025-02-19T11:09:15+00:00","description":"Dla kogo przeznaczony jest program Leergeld Lelystad. Wsparcie z Leergeld Lelystad jest przeznaczone dla dzieci w wieku od 4 do 18 lat, kt\u00f3re mieszkaj\u0105 w gminie Lelystad i kt\u00f3rych rodzice maj\u0105 ograniczone dochody.","breadcrumb":{"@id":"https:\/\/leergeld-lelystad.nl\/pl\/dla-kogo\/#breadcrumb"},"inLanguage":"pl-PL","potentialAction":[{"@type":"ReadAction","target":["https:\/\/leergeld-lelystad.nl\/pl\/dla-kogo\/"]}]},{"@type":"BreadcrumbList","@id":"https:\/\/leergeld-lelystad.nl\/pl\/dla-kogo\/#breadcrumb","itemListElement":[{"@type":"ListItem","position":1,"name":"Home","item":"https:\/\/leergeld-lelystad.nl\/pl\/"},{"@type":"ListItem","position":2,"name":"Dla kogo."}]},{"@type":"WebSite","@id":"https:\/\/leergeld-lelystad.nl\/pl\/#website","url":"https:\/\/leergeld-lelystad.nl\/pl\/","name":"Leergeld Lelystad","description":"Nu meedoen is straks meetellen","publisher":{"@id":"https:\/\/leergeld-lelystad.nl\/pl\/#organization"},"potentialAction":[{"@type":"SearchAction","target":{"@type":"EntryPoint","urlTemplate":"https:\/\/leergeld-lelystad.nl\/pl\/?s={search_term_string}"},"query-input":{"@type":"PropertyValueSpecification","valueRequired":true,"valueName":"search_term_string"}}],"inLanguage":"pl-PL"},{"@type":"Organization","@id":"https:\/\/leergeld-lelystad.nl\/pl\/#organization","name":"Stichting Leergeld Lelystad","url":"https:\/\/leergeld-lelystad.nl\/pl\/","logo":{"@type":"ImageObject","inLanguage":"pl-PL","@id":"https:\/\/leergeld-lelystad.nl\/pl\/#\/schema\/logo\/image\/","url":"http:\/\/leergeld-lelystad.nl\/wp-content\/uploads\/2022\/11\/Leergeld-Lelystad-logo.png","contentUrl":"http:\/\/leergeld-lelystad.nl\/wp-content\/uploads\/2022\/11\/Leergeld-Lelystad-logo.png","width":300,"height":300,"caption":"Stichting Leergeld Lelystad"},"image":{"@id":"https:\/\/leergeld-lelystad.nl\/pl\/#\/schema\/logo\/image\/"}}]}},"_links":{"self":[{"href":"https:\/\/leergeld-lelystad.nl\/pl\/wp-json\/wp\/v2\/pages\/3086","targetHints":{"allow":["GET"]}}],"collection":[{"href":"https:\/\/leergeld-lelystad.nl\/pl\/wp-json\/wp\/v2\/pages"}],"about":[{"href":"https:\/\/leergeld-lelystad.nl\/pl\/wp-json\/wp\/v2\/types\/page"}],"author":[{"embeddable":true,"href":"https:\/\/leergeld-lelystad.nl\/pl\/wp-json\/wp\/v2\/users\/1"}],"replies":[{"embeddable":true,"href":"https:\/\/leergeld-lelystad.nl\/pl\/wp-json\/wp\/v2\/comments?post=3086"}],"version-history":[{"count":1,"href":"https:\/\/leergeld-lelystad.nl\/pl\/wp-json\/wp\/v2\/pages\/3086\/revisions"}],"predecessor-version":[{"id":3087,"href":"https:\/\/leergeld-lelystad.nl\/pl\/wp-json\/wp\/v2\/pages\/3086\/revisions\/3087"}],"wp:attachment":[{"href":"https:\/\/leergeld-lelystad.nl\/pl\/wp-json\/wp\/v2\/media?parent=3086"}],"curies":[{"name":"wp","href":"https:\/\/api.w.org\/{rel}","templated":true}]}}