{"id":3072,"date":"2022-11-30T11:53:07","date_gmt":"2022-11-30T11:53:07","guid":{"rendered":"https:\/\/leergeld-lelystad.nl\/skutecznosc\/"},"modified":"2025-02-19T11:09:12","modified_gmt":"2025-02-19T11:09:12","slug":"skutecznosc","status":"publish","type":"page","link":"https:\/\/leergeld-lelystad.nl\/pl\/skutecznosc\/","title":{"rendered":"Skuteczno\u015b\u0107"},"content":{"rendered":"\n[et_pb_section fb_built=&#8221;1&#8243; _builder_version=&#8221;4.19.1&#8243; _module_preset=&#8221;default&#8221; global_colors_info=&#8221;{}&#8221;][et_pb_row _builder_version=&#8221;4.19.2&#8243; _module_preset=&#8221;default&#8221; custom_margin=&#8221;||||false|false&#8221; custom_padding=&#8221;57px||3px|||&#8221; global_colors_info=&#8221;{}&#8221;][et_pb_column type=&#8221;4_4&#8243; _builder_version=&#8221;4.19.1&#8243; _module_preset=&#8221;default&#8221; global_colors_info=&#8221;{}&#8221;][et_pb_text _builder_version=&#8221;4.19.2&#8243; _module_preset=&#8221;default&#8221; global_colors_info=&#8221;{}&#8221;]<h1>SKUTECZNO\u015a\u0106<\/h1>[\/et_pb_text][et_pb_divider color=&#8221;#11A0C4&#8243; divider_weight=&#8221;10px&#8221; _builder_version=&#8221;4.19.2&#8243; _module_preset=&#8221;default&#8221; width=&#8221;30%&#8221; custom_margin=&#8221;||2px|||&#8221; global_colors_info=&#8221;{}&#8221;][\/et_pb_divider][\/et_pb_column][\/et_pb_row][et_pb_row column_structure=&#8221;2_3,1_3&#8243; _builder_version=&#8221;4.19.2&#8243; _module_preset=&#8221;default&#8221; custom_margin=&#8221;||||false|false&#8221; global_colors_info=&#8221;{}&#8221; custom_padding=&#8221;0px|||||&#8221;][et_pb_column type=&#8221;2_3&#8243; _builder_version=&#8221;4.19.1&#8243; _module_preset=&#8221;default&#8221; global_colors_info=&#8221;{}&#8221;][et_pb_text _builder_version=&#8221;4.19.2&#8243; _module_preset=&#8221;default&#8221; text_line_height=&#8221;1.9em&#8221; global_colors_info=&#8221;{}&#8221;]<p>Leergeld chce inwestowa\u0107 w zr\u00f3wnowa\u017cony spos\u00f3b w uczestnictwo i rozw\u00f3j dzieci, kt\u00f3re bez dodatkowego wsparcia mog\u0105 znale\u017a\u0107 si\u0119 na marginesie spo\u0142ecze\u0144stwa. Misj\u0105 Leergeld jest zapobieganie wykluczeniu spo\u0142ecznemu dzieci z rodzin o minimalnych zasobach finansowych. <\/p>\n<p>Leergeld zapewnia dzieciom w wieku od 4 do 18 lat mo\u017cliwo\u015b\u0107 uczestniczenia w zaj\u0119ciach w domu i zaj\u0119ciach pozalekcyjnych. Dzi\u0119ki temu dzieci te mog\u0105 rozwija\u0107 swoje umiej\u0119tno\u015bci spo\u0142eczne i wiedz\u0119 w najszerszym mo\u017cliwym zakresie, tak aby mog\u0142y p\u00f3\u017aniej w pe\u0142ni uczestniczy\u0107 w \u017cyciu spo\u0142ecznym jako doro\u015bli. <\/p>\n<p>Niewykluczanie tych dzieci zapobiegnie p\u00f3\u017aniejszemu p\u0142aceniu przez spo\u0142ecze\u0144stwo drogich &#8222;op\u0142at za nauk\u0119&#8221;.<\/p>\n<p>Motto Leergeld brzmi: &#8222;Wszystkie dzieci mog\u0105 uczestniczy\u0107, poniewa\u017c uczestnictwo teraz liczy si\u0119 p\u00f3\u017aniej&#8221;.<\/p>\n<p>D\u0142ugoterminow\u0105 ambicj\u0105 Leergeld jest umo\u017cliwienie udzia\u0142u wszystkim dzieciom.<\/p>[\/et_pb_text][\/et_pb_column][et_pb_column type=&#8221;1_3&#8243; _builder_version=&#8221;4.19.1&#8243; _module_preset=&#8221;default&#8221; global_colors_info=&#8221;{}&#8221;][et_pb_image src=&#8221;http:\/\/leergeld-lelystad.nl\/wp-content\/uploads\/2022\/11\/jeugd-met-fiets.jpg&#8221; alt=&#8221;M\u0142odzie\u017c z rowerem&#8221; title_text=&#8221;m\u0142odzie\u017c z rowerem&#8221; module_class=&#8221;circular&#8221; _builder_version=&#8221;4.19.2&#8243; _module_preset=&#8221;default&#8221; global_colors_info=&#8221;{}&#8221;][\/et_pb_image][\/et_pb_column][\/et_pb_row][\/et_pb_section]\n","protected":false},"excerpt":{"rendered":"<p>SKUTECZNO\u015a\u0106Leergeld chce inwestowa\u0107 w zr\u00f3wnowa\u017cony spos\u00f3b w uczestnictwo i rozw\u00f3j dzieci, kt\u00f3re bez dodatkowego wsparcia mog\u0105 znale\u017a\u0107 si\u0119 na marginesie spo\u0142ecze\u0144stwa. Misj\u0105 Leergeld jest zapobieganie wykluczeniu spo\u0142ecznemu dzieci z rodzin o minimalnych zasobach finansowych. Leergeld zapewnia dzieciom w wieku od 4 do 18 lat mo\u017cliwo\u015b\u0107 uczestniczenia w zaj\u0119ciach w domu i zaj\u0119ciach pozalekcyjnych. Dzi\u0119ki temu [&hellip;]<\/p>\n","protected":false},"author":1,"featured_media":0,"parent":0,"menu_order":0,"comment_status":"closed","ping_status":"closed","template":"","meta":{"_et_pb_use_builder":"on","_et_pb_old_content":"","_et_gb_content_width":"","footnotes":""},"class_list":["post-3072","page","type-page","status-publish","hentry"],"yoast_head":"<!-- This site is optimized with the Yoast SEO plugin v27.4 - https:\/\/yoast.com\/product\/yoast-seo-wordpress\/ -->\n<title>Skuteczno\u015b\u0107 - Leergeld Lelystad<\/title>\n<meta name=\"description\" content=\"Skuteczno\u015b\u0107. Leergeld Lelystad chce inwestowa\u0107 w zr\u00f3wnowa\u017cony spos\u00f3b w uczestnictwo i rozw\u00f3j dzieci, kt\u00f3re bez dodatkowego wsparcia mog\u0105 znale\u017a\u0107 si\u0119 na marginesie spo\u0142ecze\u0144stwa.\" \/>\n<meta name=\"robots\" content=\"index, follow, max-snippet:-1, max-image-preview:large, max-video-preview:-1\" \/>\n<link rel=\"canonical\" href=\"https:\/\/leergeld-lelystad.nl\/pl\/skutecznosc\/\" \/>\n<meta property=\"og:locale\" content=\"pl_PL\" \/>\n<meta property=\"og:type\" content=\"article\" \/>\n<meta property=\"og:title\" content=\"Skuteczno\u015b\u0107 - Leergeld Lelystad\" \/>\n<meta property=\"og:description\" content=\"Skuteczno\u015b\u0107. Leergeld Lelystad chce inwestowa\u0107 w zr\u00f3wnowa\u017cony spos\u00f3b w uczestnictwo i rozw\u00f3j dzieci, kt\u00f3re bez dodatkowego wsparcia mog\u0105 znale\u017a\u0107 si\u0119 na marginesie spo\u0142ecze\u0144stwa.\" \/>\n<meta property=\"og:url\" content=\"https:\/\/leergeld-lelystad.nl\/pl\/skutecznosc\/\" \/>\n<meta property=\"og:site_name\" content=\"Leergeld Lelystad\" \/>\n<meta property=\"article:modified_time\" content=\"2025-02-19T11:09:12+00:00\" \/>\n<meta name=\"twitter:card\" content=\"summary_large_image\" \/>\n<meta name=\"twitter:label1\" content=\"Szacowany czas czytania\" \/>\n\t<meta name=\"twitter:data1\" content=\"2 minuty\" \/>\n<script type=\"application\/ld+json\" class=\"yoast-schema-graph\">{\"@context\":\"https:\\\/\\\/schema.org\",\"@graph\":[{\"@type\":\"WebPage\",\"@id\":\"https:\\\/\\\/leergeld-lelystad.nl\\\/pl\\\/skutecznosc\\\/\",\"url\":\"https:\\\/\\\/leergeld-lelystad.nl\\\/pl\\\/skutecznosc\\\/\",\"name\":\"Skuteczno\u015b\u0107 - Leergeld Lelystad\",\"isPartOf\":{\"@id\":\"https:\\\/\\\/leergeld-lelystad.nl\\\/pl\\\/#website\"},\"datePublished\":\"2022-11-30T11:53:07+00:00\",\"dateModified\":\"2025-02-19T11:09:12+00:00\",\"description\":\"Skuteczno\u015b\u0107. Leergeld Lelystad chce inwestowa\u0107 w zr\u00f3wnowa\u017cony spos\u00f3b w uczestnictwo i rozw\u00f3j dzieci, kt\u00f3re bez dodatkowego wsparcia mog\u0105 znale\u017a\u0107 si\u0119 na marginesie spo\u0142ecze\u0144stwa.\",\"breadcrumb\":{\"@id\":\"https:\\\/\\\/leergeld-lelystad.nl\\\/pl\\\/skutecznosc\\\/#breadcrumb\"},\"inLanguage\":\"pl-PL\",\"potentialAction\":[{\"@type\":\"ReadAction\",\"target\":[\"https:\\\/\\\/leergeld-lelystad.nl\\\/pl\\\/skutecznosc\\\/\"]}]},{\"@type\":\"BreadcrumbList\",\"@id\":\"https:\\\/\\\/leergeld-lelystad.nl\\\/pl\\\/skutecznosc\\\/#breadcrumb\",\"itemListElement\":[{\"@type\":\"ListItem\",\"position\":1,\"name\":\"Home\",\"item\":\"https:\\\/\\\/leergeld-lelystad.nl\\\/pl\\\/\"},{\"@type\":\"ListItem\",\"position\":2,\"name\":\"Skuteczno\u015b\u0107\"}]},{\"@type\":\"WebSite\",\"@id\":\"https:\\\/\\\/leergeld-lelystad.nl\\\/pl\\\/#website\",\"url\":\"https:\\\/\\\/leergeld-lelystad.nl\\\/pl\\\/\",\"name\":\"Leergeld Lelystad\",\"description\":\"Nu meedoen is straks meetellen\",\"publisher\":{\"@id\":\"https:\\\/\\\/leergeld-lelystad.nl\\\/pl\\\/#organization\"},\"potentialAction\":[{\"@type\":\"SearchAction\",\"target\":{\"@type\":\"EntryPoint\",\"urlTemplate\":\"https:\\\/\\\/leergeld-lelystad.nl\\\/pl\\\/?s={search_term_string}\"},\"query-input\":{\"@type\":\"PropertyValueSpecification\",\"valueRequired\":true,\"valueName\":\"search_term_string\"}}],\"inLanguage\":\"pl-PL\"},{\"@type\":\"Organization\",\"@id\":\"https:\\\/\\\/leergeld-lelystad.nl\\\/pl\\\/#organization\",\"name\":\"Stichting Leergeld Lelystad\",\"url\":\"https:\\\/\\\/leergeld-lelystad.nl\\\/pl\\\/\",\"logo\":{\"@type\":\"ImageObject\",\"inLanguage\":\"pl-PL\",\"@id\":\"https:\\\/\\\/leergeld-lelystad.nl\\\/pl\\\/#\\\/schema\\\/logo\\\/image\\\/\",\"url\":\"http:\\\/\\\/leergeld-lelystad.nl\\\/wp-content\\\/uploads\\\/2022\\\/11\\\/Leergeld-Lelystad-logo.png\",\"contentUrl\":\"http:\\\/\\\/leergeld-lelystad.nl\\\/wp-content\\\/uploads\\\/2022\\\/11\\\/Leergeld-Lelystad-logo.png\",\"width\":300,\"height\":300,\"caption\":\"Stichting Leergeld Lelystad\"},\"image\":{\"@id\":\"https:\\\/\\\/leergeld-lelystad.nl\\\/pl\\\/#\\\/schema\\\/logo\\\/image\\\/\"}}]}<\/script>\n<!-- \/ Yoast SEO plugin. -->","yoast_head_json":{"title":"Skuteczno\u015b\u0107 - Leergeld Lelystad","description":"Skuteczno\u015b\u0107. Leergeld Lelystad chce inwestowa\u0107 w zr\u00f3wnowa\u017cony spos\u00f3b w uczestnictwo i rozw\u00f3j dzieci, kt\u00f3re bez dodatkowego wsparcia mog\u0105 znale\u017a\u0107 si\u0119 na marginesie spo\u0142ecze\u0144stwa.","robots":{"index":"index","follow":"follow","max-snippet":"max-snippet:-1","max-image-preview":"max-image-preview:large","max-video-preview":"max-video-preview:-1"},"canonical":"https:\/\/leergeld-lelystad.nl\/pl\/skutecznosc\/","og_locale":"pl_PL","og_type":"article","og_title":"Skuteczno\u015b\u0107 - Leergeld Lelystad","og_description":"Skuteczno\u015b\u0107. Leergeld Lelystad chce inwestowa\u0107 w zr\u00f3wnowa\u017cony spos\u00f3b w uczestnictwo i rozw\u00f3j dzieci, kt\u00f3re bez dodatkowego wsparcia mog\u0105 znale\u017a\u0107 si\u0119 na marginesie spo\u0142ecze\u0144stwa.","og_url":"https:\/\/leergeld-lelystad.nl\/pl\/skutecznosc\/","og_site_name":"Leergeld Lelystad","article_modified_time":"2025-02-19T11:09:12+00:00","twitter_card":"summary_large_image","twitter_misc":{"Szacowany czas czytania":"2 minuty"},"schema":{"@context":"https:\/\/schema.org","@graph":[{"@type":"WebPage","@id":"https:\/\/leergeld-lelystad.nl\/pl\/skutecznosc\/","url":"https:\/\/leergeld-lelystad.nl\/pl\/skutecznosc\/","name":"Skuteczno\u015b\u0107 - Leergeld Lelystad","isPartOf":{"@id":"https:\/\/leergeld-lelystad.nl\/pl\/#website"},"datePublished":"2022-11-30T11:53:07+00:00","dateModified":"2025-02-19T11:09:12+00:00","description":"Skuteczno\u015b\u0107. Leergeld Lelystad chce inwestowa\u0107 w zr\u00f3wnowa\u017cony spos\u00f3b w uczestnictwo i rozw\u00f3j dzieci, kt\u00f3re bez dodatkowego wsparcia mog\u0105 znale\u017a\u0107 si\u0119 na marginesie spo\u0142ecze\u0144stwa.","breadcrumb":{"@id":"https:\/\/leergeld-lelystad.nl\/pl\/skutecznosc\/#breadcrumb"},"inLanguage":"pl-PL","potentialAction":[{"@type":"ReadAction","target":["https:\/\/leergeld-lelystad.nl\/pl\/skutecznosc\/"]}]},{"@type":"BreadcrumbList","@id":"https:\/\/leergeld-lelystad.nl\/pl\/skutecznosc\/#breadcrumb","itemListElement":[{"@type":"ListItem","position":1,"name":"Home","item":"https:\/\/leergeld-lelystad.nl\/pl\/"},{"@type":"ListItem","position":2,"name":"Skuteczno\u015b\u0107"}]},{"@type":"WebSite","@id":"https:\/\/leergeld-lelystad.nl\/pl\/#website","url":"https:\/\/leergeld-lelystad.nl\/pl\/","name":"Leergeld Lelystad","description":"Nu meedoen is straks meetellen","publisher":{"@id":"https:\/\/leergeld-lelystad.nl\/pl\/#organization"},"potentialAction":[{"@type":"SearchAction","target":{"@type":"EntryPoint","urlTemplate":"https:\/\/leergeld-lelystad.nl\/pl\/?s={search_term_string}"},"query-input":{"@type":"PropertyValueSpecification","valueRequired":true,"valueName":"search_term_string"}}],"inLanguage":"pl-PL"},{"@type":"Organization","@id":"https:\/\/leergeld-lelystad.nl\/pl\/#organization","name":"Stichting Leergeld Lelystad","url":"https:\/\/leergeld-lelystad.nl\/pl\/","logo":{"@type":"ImageObject","inLanguage":"pl-PL","@id":"https:\/\/leergeld-lelystad.nl\/pl\/#\/schema\/logo\/image\/","url":"http:\/\/leergeld-lelystad.nl\/wp-content\/uploads\/2022\/11\/Leergeld-Lelystad-logo.png","contentUrl":"http:\/\/leergeld-lelystad.nl\/wp-content\/uploads\/2022\/11\/Leergeld-Lelystad-logo.png","width":300,"height":300,"caption":"Stichting Leergeld Lelystad"},"image":{"@id":"https:\/\/leergeld-lelystad.nl\/pl\/#\/schema\/logo\/image\/"}}]}},"_links":{"self":[{"href":"https:\/\/leergeld-lelystad.nl\/pl\/wp-json\/wp\/v2\/pages\/3072","targetHints":{"allow":["GET"]}}],"collection":[{"href":"https:\/\/leergeld-lelystad.nl\/pl\/wp-json\/wp\/v2\/pages"}],"about":[{"href":"https:\/\/leergeld-lelystad.nl\/pl\/wp-json\/wp\/v2\/types\/page"}],"author":[{"embeddable":true,"href":"https:\/\/leergeld-lelystad.nl\/pl\/wp-json\/wp\/v2\/users\/1"}],"replies":[{"embeddable":true,"href":"https:\/\/leergeld-lelystad.nl\/pl\/wp-json\/wp\/v2\/comments?post=3072"}],"version-history":[{"count":1,"href":"https:\/\/leergeld-lelystad.nl\/pl\/wp-json\/wp\/v2\/pages\/3072\/revisions"}],"predecessor-version":[{"id":3074,"href":"https:\/\/leergeld-lelystad.nl\/pl\/wp-json\/wp\/v2\/pages\/3072\/revisions\/3074"}],"wp:attachment":[{"href":"https:\/\/leergeld-lelystad.nl\/pl\/wp-json\/wp\/v2\/media?parent=3072"}],"curies":[{"name":"wp","href":"https:\/\/api.w.org\/{rel}","templated":true}]}}