{"id":2988,"date":"2022-11-29T12:37:58","date_gmt":"2022-11-29T12:37:58","guid":{"rendered":"https:\/\/leergeld-lelystad.nl\/metodologia\/"},"modified":"2025-02-19T11:08:57","modified_gmt":"2025-02-19T11:08:57","slug":"metodologia","status":"publish","type":"page","link":"https:\/\/leergeld-lelystad.nl\/pl\/metodologia\/","title":{"rendered":"Metodologia"},"content":{"rendered":"\n[et_pb_section fb_built=&#8221;1&#8243; _builder_version=&#8221;4.19.1&#8243; _module_preset=&#8221;default&#8221; global_colors_info=&#8221;{}&#8221;][et_pb_row _builder_version=&#8221;4.19.2&#8243; _module_preset=&#8221;default&#8221; custom_padding=&#8221;30px||4px|||&#8221; global_colors_info=&#8221;{}&#8221;][et_pb_column type=&#8221;4_4&#8243; _builder_version=&#8221;4.19.2&#8243; _module_preset=&#8221;default&#8221; global_colors_info=&#8221;{}&#8221;][et_pb_text _builder_version=&#8221;4.19.2&#8243; _module_preset=&#8221;default&#8221; custom_margin=&#8221;||28px|||&#8221; global_colors_info=&#8221;{}&#8221;]<h1>FORMU\u0141A SK\u00d3RZANYCH PIENI\u0118DZY<\/h1>[\/et_pb_text][et_pb_divider color=&#8221;#7CDA24&#8243; divider_weight=&#8221;10px&#8221; _builder_version=&#8221;4.19.2&#8243; _module_preset=&#8221;default&#8221; width=&#8221;30%&#8221; custom_margin=&#8221;||2px|||&#8221; global_colors_info=&#8221;{}&#8221;][\/et_pb_divider][\/et_pb_column][\/et_pb_row][et_pb_row column_structure=&#8221;2_3,1_3&#8243; _builder_version=&#8221;4.19.2&#8243; _module_preset=&#8221;default&#8221; custom_margin=&#8221;||||false|false&#8221; custom_padding=&#8221;3px|||||&#8221; global_colors_info=&#8221;{}&#8221;][et_pb_column type=&#8221;2_3&#8243; _builder_version=&#8221;4.19.1&#8243; _module_preset=&#8221;default&#8221; global_colors_info=&#8221;{}&#8221;][et_pb_text _builder_version=&#8221;4.19.2&#8243; _module_preset=&#8221;default&#8221; text_line_height=&#8221;1.9em&#8221; global_colors_info=&#8221;{}&#8221;]<p>Aby umo\u017cliwi\u0107 dzieciom udzia\u0142 w zaj\u0119ciach z r\u00f3wie\u015bnikami, Leergeld stosuje specjaln\u0105 metod\u0119 pracy: formu\u0142\u0119 Leergeld. Formu\u0142a Leergeld jest wa\u017cn\u0105 cz\u0119\u015bci\u0105 naszego sposobu pracy i sk\u0142ada si\u0119 z nast\u0119puj\u0105cych krok\u00f3w: <\/p>[\/et_pb_text][\/et_pb_column][et_pb_column type=&#8221;1_3&#8243; _builder_version=&#8221;4.19.1&#8243; _module_preset=&#8221;default&#8221; global_colors_info=&#8221;{}&#8221;][\/et_pb_column][\/et_pb_row][et_pb_row _builder_version=&#8221;4.19.2&#8243; _module_preset=&#8221;default&#8221; custom_margin=&#8221;||||false|false&#8221; global_colors_info=&#8221;{}&#8221;][et_pb_column type=&#8221;4_4&#8243; _builder_version=&#8221;4.19.1&#8243; _module_preset=&#8221;default&#8221; global_colors_info=&#8221;{}&#8221;][et_pb_text _builder_version=&#8221;4.19.1&#8243; _module_preset=&#8221;default&#8221; global_colors_info=&#8221;{}&#8221;]<h1>3 Kroki<\/h1>[\/et_pb_text][\/et_pb_column][\/et_pb_row][et_pb_row column_structure=&#8221;1_3,1_3,1_3&#8243; make_equal=&#8221;on&#8221; _builder_version=&#8221;4.19.2&#8243; _module_preset=&#8221;default&#8221; custom_margin=&#8221;||||false|true&#8221; custom_padding=&#8221;10px|10px|10px|10px|true|true&#8221; global_colors_info=&#8221;{}&#8221;][et_pb_column type=&#8221;1_3&#8243; _builder_version=&#8221;4.19.2&#8243; _module_preset=&#8221;default&#8221; background_color=&#8221;RGBA(255,255,255,0)&#8221; custom_padding=&#8221;10px||||false|false&#8221; border_width_all=&#8221;1px&#8221; global_colors_info=&#8221;{}&#8221;][et_pb_blurb title=&#8221;1. Wizyta domowa&#8221; image=&#8221;http:\/\/leergeld-lelystad.nl\/wp-content\/uploads\/2023\/01\/huisbezoek-icon.png&#8221; _builder_version=&#8221;4.19.3&#8243; _module_preset=&#8221;default&#8221; header_level=&#8221;h1&#8243; header_text_align=&#8221;center&#8221; background_color=&#8221;#f6f6f6&#8243; width=&#8221;90%&#8221; module_alignment=&#8221;center&#8221; custom_margin=&#8221;||||false|false&#8221; custom_padding=&#8221;|10px|20px|10px|false|false&#8221; hover_enabled=&#8221;0&#8243; border_radii=&#8221;on|6px|6px|6px|6px&#8221; global_colors_info=&#8221;{}&#8221; title_text=&#8221;huisbezoek-icon&#8221; sticky_enabled=&#8221;0&#8243;]<p style=\"text-align: left;\">Rodziny, kt\u00f3re zwracaj\u0105 si\u0119 do Leergeld o pomoc, s\u0105 odwiedzane w domu przez po\u015brednika po z\u0142o\u017ceniu wst\u0119pnego wniosku. Podczas osobistej rozmowy inwentaryzowana jest potrzeba pomocy oraz oceniana jest sytuacja dochodowa i (ewentualne) zad\u0142u\u017cenie. <\/p>[\/et_pb_blurb][\/et_pb_column][et_pb_column type=&#8221;1_3&#8243; _builder_version=&#8221;4.19.2&#8243; _module_preset=&#8221;default&#8221; background_color=&#8221;RGBA(255,255,255,0)&#8221; custom_padding=&#8221;10px||10px||true|false&#8221; border_width_all=&#8221;1px&#8221; global_colors_info=&#8221;{}&#8221;][et_pb_blurb title=&#8221;2. Mediacja&#8221; image=&#8221;http:\/\/leergeld-lelystad.nl\/wp-content\/uploads\/2023\/01\/bemiddeling-icon.png&#8221; _builder_version=&#8221;4.19.3&#8243; _module_preset=&#8221;default&#8221; header_level=&#8221;h1&#8243; header_text_align=&#8221;center&#8221; background_color=&#8221;#f6f6f6&#8243; width=&#8221;90%&#8221; module_alignment=&#8221;center&#8221; custom_margin=&#8221;||||false|false&#8221; custom_padding=&#8221;|10px|67px|10px|false|false&#8221; hover_enabled=&#8221;0&#8243; border_radii=&#8221;on|6px|6px|6px|6px&#8221; global_colors_info=&#8221;{}&#8221; title_text=&#8221;bemiddeling-icon&#8221; sticky_enabled=&#8221;0&#8243;]<p style=\"text-align: left;\">Opcje s\u0105 omawiane z rodzicami lub opiekunami na podstawie istniej\u0105cych\/obecnych udogodnie\u0144 zapewnianych przez inne podmioty, takie jak gminy lub inne agencje\/organizacje.<\/p>[\/et_pb_blurb][\/et_pb_column][et_pb_column type=&#8221;1_3&#8243; _builder_version=&#8221;4.19.2&#8243; _module_preset=&#8221;default&#8221; background_color=&#8221;RGBA(255,255,255,0)&#8221; custom_padding=&#8221;10px||10px||true|false&#8221; border_width_all=&#8221;1px&#8221; global_colors_info=&#8221;{}&#8221;][et_pb_blurb title=&#8221;3. Dzia\u0142ania nast\u0119pcze&#8221; image=&#8221;http:\/\/leergeld-lelystad.nl\/wp-content\/uploads\/2023\/01\/follow-up-icon.png&#8221; _builder_version=&#8221;4.19.3&#8243; _module_preset=&#8221;default&#8221; header_level=&#8221;h1&#8243; header_text_align=&#8221;center&#8221; background_color=&#8221;#f6f6f6&#8243; width=&#8221;90%&#8221; module_alignment=&#8221;center&#8221; custom_margin=&#8221;||||false|false&#8221; custom_padding=&#8221;|10px|44px|10px|false|false&#8221; hover_enabled=&#8221;0&#8243; border_radii=&#8221;on|6px|6px|6px|6px&#8221; global_colors_info=&#8221;{}&#8221; title_text=&#8221;follow-up-icon&#8221; sticky_enabled=&#8221;0&#8243;]<p>Po rozpatrzeniu wniosk\u00f3w otrzymanych przez Leergeld, kontakt z zainteresowanymi rodzinami jest zazwyczaj kontynuowany. Nowy wniosek mo\u017cna z\u0142o\u017cy\u0107 za po\u015brednictwem wiadomo\u015bci e-mail lub formularza zg\u0142oszeniowego. <\/p>[\/et_pb_blurb][\/et_pb_column][\/et_pb_row][et_pb_row column_structure=&#8221;2_3,1_3&#8243; _builder_version=&#8221;4.19.2&#8243; _module_preset=&#8221;default&#8221; custom_margin=&#8221;||||false|false&#8221; custom_padding=&#8221;56px|||||&#8221; global_colors_info=&#8221;{}&#8221;][et_pb_column type=&#8221;2_3&#8243; _builder_version=&#8221;4.19.1&#8243; _module_preset=&#8221;default&#8221; global_colors_info=&#8221;{}&#8221;][et_pb_text _builder_version=&#8221;4.19.3&#8243; _module_preset=&#8221;default&#8221; global_colors_info=&#8221;{}&#8221;]<h1>Dobrze wiedzie\u0107<\/h1>[\/et_pb_text][et_pb_text _builder_version=&#8221;4.19.3&#8243; _module_preset=&#8221;default&#8221; global_colors_info=&#8221;{}&#8221;]<ul>\n<li>Czas oczekiwania na wst\u0119pn\u0105 aplikacj\u0119 wynosi od 3 do 5 tygodni, w zale\u017cno\u015bci od nat\u0119\u017cenia pracy.  <\/li>\n<li>Szczeg\u00f3\u0142y wymagane do z\u0142o\u017cenia wniosku mo\u017cna znale\u017a\u0107 w formularzu wniosku.  <\/li>\n<li>Rozpatrywane b\u0119d\u0105 wy\u0142\u0105cznie w pe\u0142ni wype\u0142nione formularze zg\u0142oszeniowe.<\/li>\n<\/ul>[\/et_pb_text][\/et_pb_column][et_pb_column type=&#8221;1_3&#8243; _builder_version=&#8221;4.19.1&#8243; _module_preset=&#8221;default&#8221; global_colors_info=&#8221;{}&#8221;][\/et_pb_column][\/et_pb_row][et_pb_row column_structure=&#8221;1_4,1_2,1_4&#8243; _builder_version=&#8221;4.19.2&#8243; _module_preset=&#8221;default&#8221; custom_padding=&#8221;8px|||||&#8221; global_colors_info=&#8221;{}&#8221;][et_pb_column type=&#8221;1_4&#8243; _builder_version=&#8221;4.19.2&#8243; _module_preset=&#8221;default&#8221; global_colors_info=&#8221;{}&#8221;][\/et_pb_column][et_pb_column type=&#8221;1_2&#8243; _builder_version=&#8221;4.19.2&#8243; _module_preset=&#8221;default&#8221; global_colors_info=&#8221;{}&#8221;][et_pb_button button_url=&#8221;http:\/\/leergeld-lelystad.nl\/aanvraagformulier\/&#8221; button_text=&#8221;Przejd\u017a tutaj do formularza zg\u0142oszeniowego&#8221; button_alignment=&#8221;center&#8221; _builder_version=&#8221;4.19.3&#8243; _module_preset=&#8221;default&#8221; custom_button=&#8221;on&#8221; button_text_color=&#8221;#000000&#8243; button_bg_color=&#8221;#FBBB16&#8243; button_border_width=&#8221;1px&#8221; button_border_color=&#8221;#FFFFFF&#8221; button_border_radius=&#8221;10px&#8221; button_icon=&#8221;&#x24;||divi||400&#8243; box_shadow_style=&#8221;preset3&#8243; global_colors_info=&#8221;{}&#8221;][\/et_pb_button][\/et_pb_column][et_pb_column type=&#8221;1_4&#8243; _builder_version=&#8221;4.19.2&#8243; _module_preset=&#8221;default&#8221; global_colors_info=&#8221;{}&#8221;][\/et_pb_column][\/et_pb_row][\/et_pb_section]\n","protected":false},"excerpt":{"rendered":"<p>FORMU\u0141A SK\u00d3RZANYCH PIENI\u0118DZYAby umo\u017cliwi\u0107 dzieciom udzia\u0142 w zaj\u0119ciach z r\u00f3wie\u015bnikami, Leergeld stosuje specjaln\u0105 metod\u0119 pracy: formu\u0142\u0119 Leergeld. Formu\u0142a Leergeld jest wa\u017cn\u0105 cz\u0119\u015bci\u0105 naszego sposobu pracy i sk\u0142ada si\u0119 z nast\u0119puj\u0105cych krok\u00f3w: 3 KrokiRodziny, kt\u00f3re zwracaj\u0105 si\u0119 do Leergeld o pomoc, s\u0105 odwiedzane w domu przez po\u015brednika po z\u0142o\u017ceniu wst\u0119pnego wniosku. Podczas osobistej rozmowy inwentaryzowana jest [&hellip;]<\/p>\n","protected":false},"author":1,"featured_media":0,"parent":0,"menu_order":0,"comment_status":"closed","ping_status":"closed","template":"","meta":{"_et_pb_use_builder":"on","_et_pb_old_content":"","_et_gb_content_width":"","footnotes":""},"class_list":["post-2988","page","type-page","status-publish","hentry"],"yoast_head":"<!-- This site is optimized with the Yoast SEO plugin v27.4 - https:\/\/yoast.com\/product\/yoast-seo-wordpress\/ -->\n<title>Metodologia - Leergeld Lelystad<\/title>\n<meta name=\"description\" content=\"Metoda pracy - formu\u0142a Leergeld. Aby umo\u017cliwi\u0107 dzieciom ponowne uczestnictwo w zaj\u0119ciach z r\u00f3wie\u015bnikami, Leergeld stosuje specjaln\u0105 metod\u0119 pracy: formu\u0142\u0119 Leergeld.\" \/>\n<meta name=\"robots\" content=\"index, follow, max-snippet:-1, max-image-preview:large, max-video-preview:-1\" \/>\n<link rel=\"canonical\" href=\"https:\/\/leergeld-lelystad.nl\/pl\/metodologia\/\" \/>\n<meta property=\"og:locale\" content=\"pl_PL\" \/>\n<meta property=\"og:type\" content=\"article\" \/>\n<meta property=\"og:title\" content=\"Metodologia - Leergeld Lelystad\" \/>\n<meta property=\"og:description\" content=\"Metoda pracy - formu\u0142a Leergeld. Aby umo\u017cliwi\u0107 dzieciom ponowne uczestnictwo w zaj\u0119ciach z r\u00f3wie\u015bnikami, Leergeld stosuje specjaln\u0105 metod\u0119 pracy: formu\u0142\u0119 Leergeld.\" \/>\n<meta property=\"og:url\" content=\"https:\/\/leergeld-lelystad.nl\/pl\/metodologia\/\" \/>\n<meta property=\"og:site_name\" content=\"Leergeld Lelystad\" \/>\n<meta property=\"article:modified_time\" content=\"2025-02-19T11:08:57+00:00\" \/>\n<meta name=\"twitter:card\" content=\"summary_large_image\" \/>\n<meta name=\"twitter:label1\" content=\"Szacowany czas czytania\" \/>\n\t<meta name=\"twitter:data1\" content=\"5 minut\" \/>\n<script type=\"application\/ld+json\" class=\"yoast-schema-graph\">{\"@context\":\"https:\\\/\\\/schema.org\",\"@graph\":[{\"@type\":\"WebPage\",\"@id\":\"https:\\\/\\\/leergeld-lelystad.nl\\\/pl\\\/metodologia\\\/\",\"url\":\"https:\\\/\\\/leergeld-lelystad.nl\\\/pl\\\/metodologia\\\/\",\"name\":\"Metodologia - Leergeld Lelystad\",\"isPartOf\":{\"@id\":\"https:\\\/\\\/leergeld-lelystad.nl\\\/pl\\\/#website\"},\"datePublished\":\"2022-11-29T12:37:58+00:00\",\"dateModified\":\"2025-02-19T11:08:57+00:00\",\"description\":\"Metoda pracy - formu\u0142a Leergeld. Aby umo\u017cliwi\u0107 dzieciom ponowne uczestnictwo w zaj\u0119ciach z r\u00f3wie\u015bnikami, Leergeld stosuje specjaln\u0105 metod\u0119 pracy: formu\u0142\u0119 Leergeld.\",\"breadcrumb\":{\"@id\":\"https:\\\/\\\/leergeld-lelystad.nl\\\/pl\\\/metodologia\\\/#breadcrumb\"},\"inLanguage\":\"pl-PL\",\"potentialAction\":[{\"@type\":\"ReadAction\",\"target\":[\"https:\\\/\\\/leergeld-lelystad.nl\\\/pl\\\/metodologia\\\/\"]}]},{\"@type\":\"BreadcrumbList\",\"@id\":\"https:\\\/\\\/leergeld-lelystad.nl\\\/pl\\\/metodologia\\\/#breadcrumb\",\"itemListElement\":[{\"@type\":\"ListItem\",\"position\":1,\"name\":\"Home\",\"item\":\"https:\\\/\\\/leergeld-lelystad.nl\\\/pl\\\/\"},{\"@type\":\"ListItem\",\"position\":2,\"name\":\"Metodologia\"}]},{\"@type\":\"WebSite\",\"@id\":\"https:\\\/\\\/leergeld-lelystad.nl\\\/pl\\\/#website\",\"url\":\"https:\\\/\\\/leergeld-lelystad.nl\\\/pl\\\/\",\"name\":\"Leergeld Lelystad\",\"description\":\"Nu meedoen is straks meetellen\",\"publisher\":{\"@id\":\"https:\\\/\\\/leergeld-lelystad.nl\\\/pl\\\/#organization\"},\"potentialAction\":[{\"@type\":\"SearchAction\",\"target\":{\"@type\":\"EntryPoint\",\"urlTemplate\":\"https:\\\/\\\/leergeld-lelystad.nl\\\/pl\\\/?s={search_term_string}\"},\"query-input\":{\"@type\":\"PropertyValueSpecification\",\"valueRequired\":true,\"valueName\":\"search_term_string\"}}],\"inLanguage\":\"pl-PL\"},{\"@type\":\"Organization\",\"@id\":\"https:\\\/\\\/leergeld-lelystad.nl\\\/pl\\\/#organization\",\"name\":\"Stichting Leergeld Lelystad\",\"url\":\"https:\\\/\\\/leergeld-lelystad.nl\\\/pl\\\/\",\"logo\":{\"@type\":\"ImageObject\",\"inLanguage\":\"pl-PL\",\"@id\":\"https:\\\/\\\/leergeld-lelystad.nl\\\/pl\\\/#\\\/schema\\\/logo\\\/image\\\/\",\"url\":\"http:\\\/\\\/leergeld-lelystad.nl\\\/wp-content\\\/uploads\\\/2022\\\/11\\\/Leergeld-Lelystad-logo.png\",\"contentUrl\":\"http:\\\/\\\/leergeld-lelystad.nl\\\/wp-content\\\/uploads\\\/2022\\\/11\\\/Leergeld-Lelystad-logo.png\",\"width\":300,\"height\":300,\"caption\":\"Stichting Leergeld Lelystad\"},\"image\":{\"@id\":\"https:\\\/\\\/leergeld-lelystad.nl\\\/pl\\\/#\\\/schema\\\/logo\\\/image\\\/\"}}]}<\/script>\n<!-- \/ Yoast SEO plugin. -->","yoast_head_json":{"title":"Metodologia - Leergeld Lelystad","description":"Metoda pracy - formu\u0142a Leergeld. Aby umo\u017cliwi\u0107 dzieciom ponowne uczestnictwo w zaj\u0119ciach z r\u00f3wie\u015bnikami, Leergeld stosuje specjaln\u0105 metod\u0119 pracy: formu\u0142\u0119 Leergeld.","robots":{"index":"index","follow":"follow","max-snippet":"max-snippet:-1","max-image-preview":"max-image-preview:large","max-video-preview":"max-video-preview:-1"},"canonical":"https:\/\/leergeld-lelystad.nl\/pl\/metodologia\/","og_locale":"pl_PL","og_type":"article","og_title":"Metodologia - Leergeld Lelystad","og_description":"Metoda pracy - formu\u0142a Leergeld. Aby umo\u017cliwi\u0107 dzieciom ponowne uczestnictwo w zaj\u0119ciach z r\u00f3wie\u015bnikami, Leergeld stosuje specjaln\u0105 metod\u0119 pracy: formu\u0142\u0119 Leergeld.","og_url":"https:\/\/leergeld-lelystad.nl\/pl\/metodologia\/","og_site_name":"Leergeld Lelystad","article_modified_time":"2025-02-19T11:08:57+00:00","twitter_card":"summary_large_image","twitter_misc":{"Szacowany czas czytania":"5 minut"},"schema":{"@context":"https:\/\/schema.org","@graph":[{"@type":"WebPage","@id":"https:\/\/leergeld-lelystad.nl\/pl\/metodologia\/","url":"https:\/\/leergeld-lelystad.nl\/pl\/metodologia\/","name":"Metodologia - Leergeld Lelystad","isPartOf":{"@id":"https:\/\/leergeld-lelystad.nl\/pl\/#website"},"datePublished":"2022-11-29T12:37:58+00:00","dateModified":"2025-02-19T11:08:57+00:00","description":"Metoda pracy - formu\u0142a Leergeld. Aby umo\u017cliwi\u0107 dzieciom ponowne uczestnictwo w zaj\u0119ciach z r\u00f3wie\u015bnikami, Leergeld stosuje specjaln\u0105 metod\u0119 pracy: formu\u0142\u0119 Leergeld.","breadcrumb":{"@id":"https:\/\/leergeld-lelystad.nl\/pl\/metodologia\/#breadcrumb"},"inLanguage":"pl-PL","potentialAction":[{"@type":"ReadAction","target":["https:\/\/leergeld-lelystad.nl\/pl\/metodologia\/"]}]},{"@type":"BreadcrumbList","@id":"https:\/\/leergeld-lelystad.nl\/pl\/metodologia\/#breadcrumb","itemListElement":[{"@type":"ListItem","position":1,"name":"Home","item":"https:\/\/leergeld-lelystad.nl\/pl\/"},{"@type":"ListItem","position":2,"name":"Metodologia"}]},{"@type":"WebSite","@id":"https:\/\/leergeld-lelystad.nl\/pl\/#website","url":"https:\/\/leergeld-lelystad.nl\/pl\/","name":"Leergeld Lelystad","description":"Nu meedoen is straks meetellen","publisher":{"@id":"https:\/\/leergeld-lelystad.nl\/pl\/#organization"},"potentialAction":[{"@type":"SearchAction","target":{"@type":"EntryPoint","urlTemplate":"https:\/\/leergeld-lelystad.nl\/pl\/?s={search_term_string}"},"query-input":{"@type":"PropertyValueSpecification","valueRequired":true,"valueName":"search_term_string"}}],"inLanguage":"pl-PL"},{"@type":"Organization","@id":"https:\/\/leergeld-lelystad.nl\/pl\/#organization","name":"Stichting Leergeld Lelystad","url":"https:\/\/leergeld-lelystad.nl\/pl\/","logo":{"@type":"ImageObject","inLanguage":"pl-PL","@id":"https:\/\/leergeld-lelystad.nl\/pl\/#\/schema\/logo\/image\/","url":"http:\/\/leergeld-lelystad.nl\/wp-content\/uploads\/2022\/11\/Leergeld-Lelystad-logo.png","contentUrl":"http:\/\/leergeld-lelystad.nl\/wp-content\/uploads\/2022\/11\/Leergeld-Lelystad-logo.png","width":300,"height":300,"caption":"Stichting Leergeld Lelystad"},"image":{"@id":"https:\/\/leergeld-lelystad.nl\/pl\/#\/schema\/logo\/image\/"}}]}},"_links":{"self":[{"href":"https:\/\/leergeld-lelystad.nl\/pl\/wp-json\/wp\/v2\/pages\/2988","targetHints":{"allow":["GET"]}}],"collection":[{"href":"https:\/\/leergeld-lelystad.nl\/pl\/wp-json\/wp\/v2\/pages"}],"about":[{"href":"https:\/\/leergeld-lelystad.nl\/pl\/wp-json\/wp\/v2\/types\/page"}],"author":[{"embeddable":true,"href":"https:\/\/leergeld-lelystad.nl\/pl\/wp-json\/wp\/v2\/users\/1"}],"replies":[{"embeddable":true,"href":"https:\/\/leergeld-lelystad.nl\/pl\/wp-json\/wp\/v2\/comments?post=2988"}],"version-history":[{"count":1,"href":"https:\/\/leergeld-lelystad.nl\/pl\/wp-json\/wp\/v2\/pages\/2988\/revisions"}],"predecessor-version":[{"id":2990,"href":"https:\/\/leergeld-lelystad.nl\/pl\/wp-json\/wp\/v2\/pages\/2988\/revisions\/2990"}],"wp:attachment":[{"href":"https:\/\/leergeld-lelystad.nl\/pl\/wp-json\/wp\/v2\/media?parent=2988"}],"curies":[{"name":"wp","href":"https:\/\/api.w.org\/{rel}","templated":true}]}}