{"id":2884,"date":"2023-01-11T14:30:52","date_gmt":"2023-01-11T14:30:52","guid":{"rendered":"https:\/\/leergeld-lelystad.nl\/zastrzezenie\/"},"modified":"2025-02-19T11:06:25","modified_gmt":"2025-02-19T11:06:25","slug":"zastrzezenie","status":"publish","type":"page","link":"https:\/\/leergeld-lelystad.nl\/pl\/zastrzezenie\/","title":{"rendered":"Zastrze\u017cenie"},"content":{"rendered":"<p>[et_pb_section fb_built=&#8221;1&#8243; _builder_version=&#8221;4.19.1&#8243; _module_preset=&#8221;default&#8221; global_colors_info=&#8221;{}&#8221;][et_pb_row _builder_version=&#8221;4.19.2&#8243; _module_preset=&#8221;default&#8221; custom_margin=&#8221;||||false|false&#8221; custom_padding=&#8221;57px|||||&#8221; global_colors_info=&#8221;{}&#8221;][et_pb_column type=&#8221;4_4&#8243; _builder_version=&#8221;4.19.1&#8243; _module_preset=&#8221;default&#8221; global_colors_info=&#8221;{}&#8221;][et_pb_divider color=&#8221;#E31622&#8243; divider_weight=&#8221;10px&#8221; _builder_version=&#8221;4.19.2&#8243; _module_preset=&#8221;default&#8221; width=&#8221;30%&#8221; custom_margin=&#8221;||2px|||&#8221; global_colors_info=&#8221;{}&#8221;][\/et_pb_divider][et_pb_text _builder_version=&#8221;4.19.4&#8243; _module_preset=&#8221;default&#8221; global_colors_info=&#8221;{}&#8221;]<\/p>\n<h1>ZASTRZE\u017bENIE ODPOWIEDZIALNO\u015aCI<\/h1>\n<p>[\/et_pb_text][\/et_pb_column][\/et_pb_row][et_pb_row column_structure=&#8221;2_3,1_3&#8243; _builder_version=&#8221;4.19.2&#8243; _module_preset=&#8221;default&#8221; custom_margin=&#8221;||||false|false&#8221; global_colors_info=&#8221;{}&#8221;][et_pb_column type=&#8221;2_3&#8243; _builder_version=&#8221;4.19.1&#8243; _module_preset=&#8221;default&#8221; global_colors_info=&#8221;{}&#8221;][et_pb_text _builder_version=&#8221;4.19.4&#8243; _module_preset=&#8221;default&#8221; text_line_height=&#8221;1.9em&#8221; global_colors_info=&#8221;{}&#8221;]<\/p>\n<p>Poni\u017csze warunki maj\u0105 zastosowanie do strony internetowej fundacji Leergeld Lelystad. Przegl\u0105daj\u0105c t\u0119 witryn\u0119 i korzystaj\u0105c z zamieszczonych na niej informacji, u\u017cytkownik wyra\u017ca zgod\u0119 na niniejsze warunki.<\/p>\n<p>Dane na tej stronie internetowej maj\u0105 charakter og\u00f3lny. Dane te mog\u0105 ulec zmianie bez powiadomienia. Stichting Leergeld Lelystad do\u0142o\u017cy\u0142o wszelkich stara\u0144 przy tworzeniu i utrzymywaniu strony internetowej, korzystaj\u0105c ze \u017ar\u00f3de\u0142 uznanych za wiarygodne. Stichting Leergeld Lelystad nie gwarantuje jednak dok\u0142adno\u015bci, kompletno\u015bci i aktualno\u015bci podanych informacji. Stichting Leergeld Lelystad nie zobowi\u0105zuje si\u0119 do aktualizowania podanych informacji ani do poprawiania jakichkolwiek b\u0142\u0119d\u00f3w. Stichting Leergeld Lelystad wyra\u017anie zrzeka si\u0119 wszelkiej odpowiedzialno\u015bci w tym zakresie. U\u017cytkownik nie mo\u017ce wywodzi\u0107 \u017cadnych praw z dostarczonych informacji.<\/p>\n<p>Stichting Leergeld Lelystad nie gwarantuje r\u00f3wnie\u017c, \u017ce strona internetowa dzia\u0142a bez b\u0142\u0119d\u00f3w lub przerw.<\/p>\n<p>Strona internetowa odnosi si\u0119, za pomoc\u0105 hiper\u0142\u0105czy lub w inny spos\u00f3b, do informacji dostarczanych przez osoby trzecie. Takie informacje nie zosta\u0142y poddane dalszej ocenie przez Leergeld Lelystad Foundation pod k\u0105tem zasadno\u015bci, dok\u0142adno\u015bci, kompletno\u015bci lub aktualno\u015bci. Stichting Leergeld Lelystad wyra\u017anie zrzeka si\u0119 wszelkiej odpowiedzialno\u015bci w tym zakresie.<\/p>\n<p>Podane informacje nie maj\u0105 na celu zast\u0105pienia porady eksperta. Je\u015bli u\u017cytkownik korzysta z dostarczonych informacji bez weryfikacji lub dalszej porady, robi to na w\u0142asny koszt i ryzyko.<\/p>\n<p>Stichting Leergeld Lelystad lub odpowiednio uprawniony pow\u00f3d zachowuje wszelkie prawa (w tym prawa autorskie, prawa do znak\u00f3w towarowych, patent\u00f3w) w odniesieniu do informacji prezentowanych na stronie internetowej Stichting Leergeld Lelystad (w tym tekst\u00f3w, materia\u0142\u00f3w graficznych i logo). U\u017cytkownik nie nabywa \u017cadnej formy licencji w odniesieniu do tych informacji, z wyj\u0105tkiem zakresu \u015bci\u015ble niezb\u0119dnego do przegl\u0105dania strony internetowej Stichting Leergeld Lelystad online. W szczeg\u00f3lno\u015bci niedozwolone jest, bez dalszej wyra\u017anej pisemnej zgody Stichting Leergeld Lelystad, kopiowanie, powielanie lub w jakikolwiek inny spos\u00f3b udost\u0119pnianie osobom trzecim zawarto\u015bci strony internetowej.<\/p>\n<p>Strona internetowa Stichting Leergeld Lelystad oraz niniejsze Warunki i Zastrze\u017cenia podlegaj\u0105 prawu holenderskiemu.<\/p>\n<p>[\/et_pb_text][\/et_pb_column][et_pb_column type=&#8221;1_3&#8243; _builder_version=&#8221;4.19.1&#8243; _module_preset=&#8221;default&#8221; global_colors_info=&#8221;{}&#8221;][et_pb_image src=&#8221;http:\/\/leergeld-lelystad.nl\/wp-content\/uploads\/2022\/11\/schoolbord-sq.jpg&#8221; alt=&#8221;M\u0142odzie\u017c z rowerem&#8221; title_text=&#8221;tablica-sq&#8221; module_class=&#8221;circular&#8221; _builder_version=&#8221;4.19.4&#8243; _module_preset=&#8221;default&#8221; global_colors_info=&#8221;{}&#8221;][\/et_pb_image][\/et_pb_column][\/et_pb_row][\/et_pb_section]<\/p>\n","protected":false},"excerpt":{"rendered":"<p>ZASTRZE\u017bENIE ODPOWIEDZIALNO\u015aCIPoni\u017csze warunki maj\u0105 zastosowanie do strony internetowej fundacji Leergeld Lelystad. Przegl\u0105daj\u0105c t\u0119 witryn\u0119 i korzystaj\u0105c z zamieszczonych na niej informacji, u\u017cytkownik wyra\u017ca zgod\u0119 na niniejsze warunki. Dane na tej stronie internetowej maj\u0105 charakter og\u00f3lny. Dane te mog\u0105 ulec zmianie bez powiadomienia. Stichting Leergeld Lelystad do\u0142o\u017cy\u0142o wszelkich stara\u0144 przy tworzeniu i utrzymywaniu strony internetowej, korzystaj\u0105c [&hellip;]<\/p>\n","protected":false},"author":1,"featured_media":0,"parent":0,"menu_order":0,"comment_status":"closed","ping_status":"closed","template":"","meta":{"_et_pb_use_builder":"on","_et_pb_old_content":"","_et_gb_content_width":"","footnotes":""},"class_list":["post-2884","page","type-page","status-publish","hentry"],"yoast_head":"<!-- This site is optimized with the Yoast SEO plugin v27.4 - https:\/\/yoast.com\/product\/yoast-seo-wordpress\/ -->\n<title>Zastrze\u017cenie - Leergeld Lelystad<\/title>\n<meta name=\"description\" content=\"Zastrze\u017cenie. Fundacja Leergeld Lelystad, z siedzib\u0105 PO Box 587, 8200 AN Lelystad.\" \/>\n<meta name=\"robots\" content=\"index, follow, max-snippet:-1, max-image-preview:large, max-video-preview:-1\" \/>\n<link rel=\"canonical\" href=\"https:\/\/leergeld-lelystad.nl\/pl\/zastrzezenie\/\" \/>\n<meta property=\"og:locale\" content=\"pl_PL\" \/>\n<meta property=\"og:type\" content=\"article\" \/>\n<meta property=\"og:title\" content=\"Zastrze\u017cenie - Leergeld Lelystad\" \/>\n<meta property=\"og:description\" content=\"Zastrze\u017cenie. Fundacja Leergeld Lelystad, z siedzib\u0105 PO Box 587, 8200 AN Lelystad.\" \/>\n<meta property=\"og:url\" content=\"https:\/\/leergeld-lelystad.nl\/pl\/zastrzezenie\/\" \/>\n<meta property=\"og:site_name\" content=\"Leergeld Lelystad\" \/>\n<meta property=\"article:modified_time\" content=\"2025-02-19T11:06:25+00:00\" \/>\n<meta name=\"twitter:card\" content=\"summary_large_image\" \/>\n<meta name=\"twitter:label1\" content=\"Szacowany czas czytania\" \/>\n\t<meta name=\"twitter:data1\" content=\"3 minuty\" \/>\n<script type=\"application\/ld+json\" class=\"yoast-schema-graph\">{\"@context\":\"https:\\\/\\\/schema.org\",\"@graph\":[{\"@type\":\"WebPage\",\"@id\":\"https:\\\/\\\/leergeld-lelystad.nl\\\/pl\\\/zastrzezenie\\\/\",\"url\":\"https:\\\/\\\/leergeld-lelystad.nl\\\/pl\\\/zastrzezenie\\\/\",\"name\":\"Zastrze\u017cenie - Leergeld Lelystad\",\"isPartOf\":{\"@id\":\"https:\\\/\\\/leergeld-lelystad.nl\\\/pl\\\/#website\"},\"datePublished\":\"2023-01-11T14:30:52+00:00\",\"dateModified\":\"2025-02-19T11:06:25+00:00\",\"description\":\"Zastrze\u017cenie. Fundacja Leergeld Lelystad, z siedzib\u0105 PO Box 587, 8200 AN Lelystad.\",\"breadcrumb\":{\"@id\":\"https:\\\/\\\/leergeld-lelystad.nl\\\/pl\\\/zastrzezenie\\\/#breadcrumb\"},\"inLanguage\":\"pl-PL\",\"potentialAction\":[{\"@type\":\"ReadAction\",\"target\":[\"https:\\\/\\\/leergeld-lelystad.nl\\\/pl\\\/zastrzezenie\\\/\"]}]},{\"@type\":\"BreadcrumbList\",\"@id\":\"https:\\\/\\\/leergeld-lelystad.nl\\\/pl\\\/zastrzezenie\\\/#breadcrumb\",\"itemListElement\":[{\"@type\":\"ListItem\",\"position\":1,\"name\":\"Home\",\"item\":\"https:\\\/\\\/leergeld-lelystad.nl\\\/pl\\\/\"},{\"@type\":\"ListItem\",\"position\":2,\"name\":\"Zastrze\u017cenie\"}]},{\"@type\":\"WebSite\",\"@id\":\"https:\\\/\\\/leergeld-lelystad.nl\\\/pl\\\/#website\",\"url\":\"https:\\\/\\\/leergeld-lelystad.nl\\\/pl\\\/\",\"name\":\"Leergeld Lelystad\",\"description\":\"Nu meedoen is straks meetellen\",\"publisher\":{\"@id\":\"https:\\\/\\\/leergeld-lelystad.nl\\\/pl\\\/#organization\"},\"potentialAction\":[{\"@type\":\"SearchAction\",\"target\":{\"@type\":\"EntryPoint\",\"urlTemplate\":\"https:\\\/\\\/leergeld-lelystad.nl\\\/pl\\\/?s={search_term_string}\"},\"query-input\":{\"@type\":\"PropertyValueSpecification\",\"valueRequired\":true,\"valueName\":\"search_term_string\"}}],\"inLanguage\":\"pl-PL\"},{\"@type\":\"Organization\",\"@id\":\"https:\\\/\\\/leergeld-lelystad.nl\\\/pl\\\/#organization\",\"name\":\"Stichting Leergeld Lelystad\",\"url\":\"https:\\\/\\\/leergeld-lelystad.nl\\\/pl\\\/\",\"logo\":{\"@type\":\"ImageObject\",\"inLanguage\":\"pl-PL\",\"@id\":\"https:\\\/\\\/leergeld-lelystad.nl\\\/pl\\\/#\\\/schema\\\/logo\\\/image\\\/\",\"url\":\"http:\\\/\\\/leergeld-lelystad.nl\\\/wp-content\\\/uploads\\\/2022\\\/11\\\/Leergeld-Lelystad-logo.png\",\"contentUrl\":\"http:\\\/\\\/leergeld-lelystad.nl\\\/wp-content\\\/uploads\\\/2022\\\/11\\\/Leergeld-Lelystad-logo.png\",\"width\":300,\"height\":300,\"caption\":\"Stichting Leergeld Lelystad\"},\"image\":{\"@id\":\"https:\\\/\\\/leergeld-lelystad.nl\\\/pl\\\/#\\\/schema\\\/logo\\\/image\\\/\"}}]}<\/script>\n<!-- \/ Yoast SEO plugin. -->","yoast_head_json":{"title":"Zastrze\u017cenie - Leergeld Lelystad","description":"Zastrze\u017cenie. Fundacja Leergeld Lelystad, z siedzib\u0105 PO Box 587, 8200 AN Lelystad.","robots":{"index":"index","follow":"follow","max-snippet":"max-snippet:-1","max-image-preview":"max-image-preview:large","max-video-preview":"max-video-preview:-1"},"canonical":"https:\/\/leergeld-lelystad.nl\/pl\/zastrzezenie\/","og_locale":"pl_PL","og_type":"article","og_title":"Zastrze\u017cenie - Leergeld Lelystad","og_description":"Zastrze\u017cenie. Fundacja Leergeld Lelystad, z siedzib\u0105 PO Box 587, 8200 AN Lelystad.","og_url":"https:\/\/leergeld-lelystad.nl\/pl\/zastrzezenie\/","og_site_name":"Leergeld Lelystad","article_modified_time":"2025-02-19T11:06:25+00:00","twitter_card":"summary_large_image","twitter_misc":{"Szacowany czas czytania":"3 minuty"},"schema":{"@context":"https:\/\/schema.org","@graph":[{"@type":"WebPage","@id":"https:\/\/leergeld-lelystad.nl\/pl\/zastrzezenie\/","url":"https:\/\/leergeld-lelystad.nl\/pl\/zastrzezenie\/","name":"Zastrze\u017cenie - Leergeld Lelystad","isPartOf":{"@id":"https:\/\/leergeld-lelystad.nl\/pl\/#website"},"datePublished":"2023-01-11T14:30:52+00:00","dateModified":"2025-02-19T11:06:25+00:00","description":"Zastrze\u017cenie. Fundacja Leergeld Lelystad, z siedzib\u0105 PO Box 587, 8200 AN Lelystad.","breadcrumb":{"@id":"https:\/\/leergeld-lelystad.nl\/pl\/zastrzezenie\/#breadcrumb"},"inLanguage":"pl-PL","potentialAction":[{"@type":"ReadAction","target":["https:\/\/leergeld-lelystad.nl\/pl\/zastrzezenie\/"]}]},{"@type":"BreadcrumbList","@id":"https:\/\/leergeld-lelystad.nl\/pl\/zastrzezenie\/#breadcrumb","itemListElement":[{"@type":"ListItem","position":1,"name":"Home","item":"https:\/\/leergeld-lelystad.nl\/pl\/"},{"@type":"ListItem","position":2,"name":"Zastrze\u017cenie"}]},{"@type":"WebSite","@id":"https:\/\/leergeld-lelystad.nl\/pl\/#website","url":"https:\/\/leergeld-lelystad.nl\/pl\/","name":"Leergeld Lelystad","description":"Nu meedoen is straks meetellen","publisher":{"@id":"https:\/\/leergeld-lelystad.nl\/pl\/#organization"},"potentialAction":[{"@type":"SearchAction","target":{"@type":"EntryPoint","urlTemplate":"https:\/\/leergeld-lelystad.nl\/pl\/?s={search_term_string}"},"query-input":{"@type":"PropertyValueSpecification","valueRequired":true,"valueName":"search_term_string"}}],"inLanguage":"pl-PL"},{"@type":"Organization","@id":"https:\/\/leergeld-lelystad.nl\/pl\/#organization","name":"Stichting Leergeld Lelystad","url":"https:\/\/leergeld-lelystad.nl\/pl\/","logo":{"@type":"ImageObject","inLanguage":"pl-PL","@id":"https:\/\/leergeld-lelystad.nl\/pl\/#\/schema\/logo\/image\/","url":"http:\/\/leergeld-lelystad.nl\/wp-content\/uploads\/2022\/11\/Leergeld-Lelystad-logo.png","contentUrl":"http:\/\/leergeld-lelystad.nl\/wp-content\/uploads\/2022\/11\/Leergeld-Lelystad-logo.png","width":300,"height":300,"caption":"Stichting Leergeld Lelystad"},"image":{"@id":"https:\/\/leergeld-lelystad.nl\/pl\/#\/schema\/logo\/image\/"}}]}},"_links":{"self":[{"href":"https:\/\/leergeld-lelystad.nl\/pl\/wp-json\/wp\/v2\/pages\/2884","targetHints":{"allow":["GET"]}}],"collection":[{"href":"https:\/\/leergeld-lelystad.nl\/pl\/wp-json\/wp\/v2\/pages"}],"about":[{"href":"https:\/\/leergeld-lelystad.nl\/pl\/wp-json\/wp\/v2\/types\/page"}],"author":[{"embeddable":true,"href":"https:\/\/leergeld-lelystad.nl\/pl\/wp-json\/wp\/v2\/users\/1"}],"replies":[{"embeddable":true,"href":"https:\/\/leergeld-lelystad.nl\/pl\/wp-json\/wp\/v2\/comments?post=2884"}],"version-history":[{"count":2,"href":"https:\/\/leergeld-lelystad.nl\/pl\/wp-json\/wp\/v2\/pages\/2884\/revisions"}],"predecessor-version":[{"id":2887,"href":"https:\/\/leergeld-lelystad.nl\/pl\/wp-json\/wp\/v2\/pages\/2884\/revisions\/2887"}],"wp:attachment":[{"href":"https:\/\/leergeld-lelystad.nl\/pl\/wp-json\/wp\/v2\/media?parent=2884"}],"curies":[{"name":"wp","href":"https:\/\/api.w.org\/{rel}","templated":true}]}}