{"id":2831,"date":"2023-06-26T09:14:53","date_gmt":"2023-06-26T09:14:53","guid":{"rendered":"https:\/\/leergeld-lelystad.nl\/darowizna-nie-powiodla-sie\/"},"modified":"2025-02-19T11:06:16","modified_gmt":"2025-02-19T11:06:16","slug":"darowizna-nie-powiodla-sie","status":"publish","type":"page","link":"https:\/\/leergeld-lelystad.nl\/pl\/darowizna-nie-powiodla-sie\/","title":{"rendered":"Darowizna nie powiod\u0142a si\u0119"},"content":{"rendered":"<p>[et_pb_section fb_built=&#8221;1&#8243; _builder_version=&#8221;4.19.1&#8243; _module_preset=&#8221;default&#8221; global_colors_info=&#8221;{}&#8221;][et_pb_row _builder_version=&#8221;4.19.2&#8243; _module_preset=&#8221;default&#8221; custom_margin=&#8221;||||false|false&#8221; custom_padding=&#8221;||3px|||&#8221; global_colors_info=&#8221;{}&#8221;][et_pb_column type=&#8221;4_4&#8243; _builder_version=&#8221;4.19.1&#8243; _module_preset=&#8221;default&#8221; global_colors_info=&#8221;{}&#8221;][et_pb_text _builder_version=&#8221;4.21.0&#8243; _module_preset=&#8221;default&#8221; hover_enabled=&#8221;0&#8243; global_colors_info=&#8221;{}&#8221; sticky_enabled=&#8221;0&#8243;]<\/p>\n<h1>Niestety, darowizna nie powiod\u0142a si\u0119<\/h1>\n<p>[\/et_pb_text][et_pb_divider color=&#8221;#E09900&#8243; divider_weight=&#8221;10px&#8221; _builder_version=&#8221;4.19.2&#8243; _module_preset=&#8221;default&#8221; width=&#8221;30%&#8221; custom_margin=&#8221;||2px|||&#8221; global_colors_info=&#8221;{}&#8221;][\/et_pb_divider][\/et_pb_column][\/et_pb_row][et_pb_row column_structure=&#8221;2_3,1_3&#8243; _builder_version=&#8221;4.19.2&#8243; _module_preset=&#8221;default&#8221; custom_margin=&#8221;||||false|false&#8221; custom_padding=&#8221;3px|||||&#8221; global_colors_info=&#8221;{}&#8221;][et_pb_column type=&#8221;2_3&#8243; _builder_version=&#8221;4.19.1&#8243; _module_preset=&#8221;default&#8221; global_colors_info=&#8221;{}&#8221;][et_pb_text _builder_version=&#8221;4.21.0&#8243; _module_preset=&#8221;default&#8221; text_line_height=&#8221;1.9em&#8221; hover_enabled=&#8221;0&#8243; global_colors_info=&#8221;{}&#8221; sticky_enabled=&#8221;0&#8243;]<\/p>\n<p>Co\u015b posz\u0142o nie tak. Nie otrzymali\u015bmy jeszcze Twojej darowizny!<br \/>Czy chcesz spr\u00f3bowa\u0107 ponownie?<\/p>\n<p>&nbsp;<\/p>\n<p>[\/et_pb_text][\/et_pb_column][et_pb_column type=&#8221;1_3&#8243; _builder_version=&#8221;4.19.1&#8243; _module_preset=&#8221;default&#8221; global_colors_info=&#8221;{}&#8221;][\/et_pb_column][\/et_pb_row][\/et_pb_section]<\/p>\n","protected":false},"excerpt":{"rendered":"<p>Niestety, darowizna nie powiod\u0142a si\u0119Co\u015b posz\u0142o nie tak. Nie otrzymali\u015bmy jeszcze Twojej darowizny!Czy chcesz spr\u00f3bowa\u0107 ponownie? &nbsp;<\/p>\n","protected":false},"author":2,"featured_media":0,"parent":0,"menu_order":0,"comment_status":"closed","ping_status":"closed","template":"","meta":{"_et_pb_use_builder":"on","_et_pb_old_content":"","_et_gb_content_width":"","footnotes":""},"class_list":["post-2831","page","type-page","status-publish","hentry"],"yoast_head":"<!-- This site is optimized with the Yoast SEO plugin v27.3 - https:\/\/yoast.com\/product\/yoast-seo-wordpress\/ -->\n<title>Darowizna nie powiod\u0142a si\u0119 - Leergeld Lelystad<\/title>\n<meta name=\"description\" content=\"Nie otrzymali\u015bmy Twojej darowizny. Spr\u00f3buj ponownie.\" \/>\n<meta name=\"robots\" content=\"index, follow, max-snippet:-1, max-image-preview:large, max-video-preview:-1\" \/>\n<link rel=\"canonical\" href=\"https:\/\/leergeld-lelystad.nl\/pl\/darowizna-nie-powiodla-sie\/\" \/>\n<meta property=\"og:locale\" content=\"pl_PL\" \/>\n<meta property=\"og:type\" content=\"article\" \/>\n<meta property=\"og:title\" content=\"Darowizna nie powiod\u0142a si\u0119 - Leergeld Lelystad\" \/>\n<meta property=\"og:description\" content=\"Nie otrzymali\u015bmy Twojej darowizny. Spr\u00f3buj ponownie.\" \/>\n<meta property=\"og:url\" content=\"https:\/\/leergeld-lelystad.nl\/pl\/darowizna-nie-powiodla-sie\/\" \/>\n<meta property=\"og:site_name\" content=\"Leergeld Lelystad\" \/>\n<meta property=\"article:modified_time\" content=\"2025-02-19T11:06:16+00:00\" \/>\n<meta name=\"twitter:card\" content=\"summary_large_image\" \/>\n<meta name=\"twitter:label1\" content=\"Szacowany czas czytania\" \/>\n\t<meta name=\"twitter:data1\" content=\"1 minuta\" \/>\n<script type=\"application\/ld+json\" class=\"yoast-schema-graph\">{\"@context\":\"https:\\\/\\\/schema.org\",\"@graph\":[{\"@type\":\"WebPage\",\"@id\":\"https:\\\/\\\/leergeld-lelystad.nl\\\/pl\\\/darowizna-nie-powiodla-sie\\\/\",\"url\":\"https:\\\/\\\/leergeld-lelystad.nl\\\/pl\\\/darowizna-nie-powiodla-sie\\\/\",\"name\":\"Darowizna nie powiod\u0142a si\u0119 - Leergeld Lelystad\",\"isPartOf\":{\"@id\":\"https:\\\/\\\/leergeld-lelystad.nl\\\/pl\\\/#website\"},\"datePublished\":\"2023-06-26T09:14:53+00:00\",\"dateModified\":\"2025-02-19T11:06:16+00:00\",\"description\":\"Nie otrzymali\u015bmy Twojej darowizny. Spr\u00f3buj ponownie.\",\"breadcrumb\":{\"@id\":\"https:\\\/\\\/leergeld-lelystad.nl\\\/pl\\\/darowizna-nie-powiodla-sie\\\/#breadcrumb\"},\"inLanguage\":\"pl-PL\",\"potentialAction\":[{\"@type\":\"ReadAction\",\"target\":[\"https:\\\/\\\/leergeld-lelystad.nl\\\/pl\\\/darowizna-nie-powiodla-sie\\\/\"]}]},{\"@type\":\"BreadcrumbList\",\"@id\":\"https:\\\/\\\/leergeld-lelystad.nl\\\/pl\\\/darowizna-nie-powiodla-sie\\\/#breadcrumb\",\"itemListElement\":[{\"@type\":\"ListItem\",\"position\":1,\"name\":\"Home\",\"item\":\"https:\\\/\\\/leergeld-lelystad.nl\\\/pl\\\/\"},{\"@type\":\"ListItem\",\"position\":2,\"name\":\"Darowizna nie powiod\u0142a si\u0119\"}]},{\"@type\":\"WebSite\",\"@id\":\"https:\\\/\\\/leergeld-lelystad.nl\\\/pl\\\/#website\",\"url\":\"https:\\\/\\\/leergeld-lelystad.nl\\\/pl\\\/\",\"name\":\"Leergeld Lelystad\",\"description\":\"Nu meedoen is straks meetellen\",\"publisher\":{\"@id\":\"https:\\\/\\\/leergeld-lelystad.nl\\\/pl\\\/#organization\"},\"potentialAction\":[{\"@type\":\"SearchAction\",\"target\":{\"@type\":\"EntryPoint\",\"urlTemplate\":\"https:\\\/\\\/leergeld-lelystad.nl\\\/pl\\\/?s={search_term_string}\"},\"query-input\":{\"@type\":\"PropertyValueSpecification\",\"valueRequired\":true,\"valueName\":\"search_term_string\"}}],\"inLanguage\":\"pl-PL\"},{\"@type\":\"Organization\",\"@id\":\"https:\\\/\\\/leergeld-lelystad.nl\\\/pl\\\/#organization\",\"name\":\"Stichting Leergeld Lelystad\",\"url\":\"https:\\\/\\\/leergeld-lelystad.nl\\\/pl\\\/\",\"logo\":{\"@type\":\"ImageObject\",\"inLanguage\":\"pl-PL\",\"@id\":\"https:\\\/\\\/leergeld-lelystad.nl\\\/pl\\\/#\\\/schema\\\/logo\\\/image\\\/\",\"url\":\"http:\\\/\\\/leergeld-lelystad.nl\\\/wp-content\\\/uploads\\\/2022\\\/11\\\/Leergeld-Lelystad-logo.png\",\"contentUrl\":\"http:\\\/\\\/leergeld-lelystad.nl\\\/wp-content\\\/uploads\\\/2022\\\/11\\\/Leergeld-Lelystad-logo.png\",\"width\":300,\"height\":300,\"caption\":\"Stichting Leergeld Lelystad\"},\"image\":{\"@id\":\"https:\\\/\\\/leergeld-lelystad.nl\\\/pl\\\/#\\\/schema\\\/logo\\\/image\\\/\"}}]}<\/script>\n<!-- \/ Yoast SEO plugin. -->","yoast_head_json":{"title":"Darowizna nie powiod\u0142a si\u0119 - Leergeld Lelystad","description":"Nie otrzymali\u015bmy Twojej darowizny. Spr\u00f3buj ponownie.","robots":{"index":"index","follow":"follow","max-snippet":"max-snippet:-1","max-image-preview":"max-image-preview:large","max-video-preview":"max-video-preview:-1"},"canonical":"https:\/\/leergeld-lelystad.nl\/pl\/darowizna-nie-powiodla-sie\/","og_locale":"pl_PL","og_type":"article","og_title":"Darowizna nie powiod\u0142a si\u0119 - Leergeld Lelystad","og_description":"Nie otrzymali\u015bmy Twojej darowizny. Spr\u00f3buj ponownie.","og_url":"https:\/\/leergeld-lelystad.nl\/pl\/darowizna-nie-powiodla-sie\/","og_site_name":"Leergeld Lelystad","article_modified_time":"2025-02-19T11:06:16+00:00","twitter_card":"summary_large_image","twitter_misc":{"Szacowany czas czytania":"1 minuta"},"schema":{"@context":"https:\/\/schema.org","@graph":[{"@type":"WebPage","@id":"https:\/\/leergeld-lelystad.nl\/pl\/darowizna-nie-powiodla-sie\/","url":"https:\/\/leergeld-lelystad.nl\/pl\/darowizna-nie-powiodla-sie\/","name":"Darowizna nie powiod\u0142a si\u0119 - Leergeld Lelystad","isPartOf":{"@id":"https:\/\/leergeld-lelystad.nl\/pl\/#website"},"datePublished":"2023-06-26T09:14:53+00:00","dateModified":"2025-02-19T11:06:16+00:00","description":"Nie otrzymali\u015bmy Twojej darowizny. Spr\u00f3buj ponownie.","breadcrumb":{"@id":"https:\/\/leergeld-lelystad.nl\/pl\/darowizna-nie-powiodla-sie\/#breadcrumb"},"inLanguage":"pl-PL","potentialAction":[{"@type":"ReadAction","target":["https:\/\/leergeld-lelystad.nl\/pl\/darowizna-nie-powiodla-sie\/"]}]},{"@type":"BreadcrumbList","@id":"https:\/\/leergeld-lelystad.nl\/pl\/darowizna-nie-powiodla-sie\/#breadcrumb","itemListElement":[{"@type":"ListItem","position":1,"name":"Home","item":"https:\/\/leergeld-lelystad.nl\/pl\/"},{"@type":"ListItem","position":2,"name":"Darowizna nie powiod\u0142a si\u0119"}]},{"@type":"WebSite","@id":"https:\/\/leergeld-lelystad.nl\/pl\/#website","url":"https:\/\/leergeld-lelystad.nl\/pl\/","name":"Leergeld Lelystad","description":"Nu meedoen is straks meetellen","publisher":{"@id":"https:\/\/leergeld-lelystad.nl\/pl\/#organization"},"potentialAction":[{"@type":"SearchAction","target":{"@type":"EntryPoint","urlTemplate":"https:\/\/leergeld-lelystad.nl\/pl\/?s={search_term_string}"},"query-input":{"@type":"PropertyValueSpecification","valueRequired":true,"valueName":"search_term_string"}}],"inLanguage":"pl-PL"},{"@type":"Organization","@id":"https:\/\/leergeld-lelystad.nl\/pl\/#organization","name":"Stichting Leergeld Lelystad","url":"https:\/\/leergeld-lelystad.nl\/pl\/","logo":{"@type":"ImageObject","inLanguage":"pl-PL","@id":"https:\/\/leergeld-lelystad.nl\/pl\/#\/schema\/logo\/image\/","url":"http:\/\/leergeld-lelystad.nl\/wp-content\/uploads\/2022\/11\/Leergeld-Lelystad-logo.png","contentUrl":"http:\/\/leergeld-lelystad.nl\/wp-content\/uploads\/2022\/11\/Leergeld-Lelystad-logo.png","width":300,"height":300,"caption":"Stichting Leergeld Lelystad"},"image":{"@id":"https:\/\/leergeld-lelystad.nl\/pl\/#\/schema\/logo\/image\/"}}]}},"_links":{"self":[{"href":"https:\/\/leergeld-lelystad.nl\/pl\/wp-json\/wp\/v2\/pages\/2831","targetHints":{"allow":["GET"]}}],"collection":[{"href":"https:\/\/leergeld-lelystad.nl\/pl\/wp-json\/wp\/v2\/pages"}],"about":[{"href":"https:\/\/leergeld-lelystad.nl\/pl\/wp-json\/wp\/v2\/types\/page"}],"author":[{"embeddable":true,"href":"https:\/\/leergeld-lelystad.nl\/pl\/wp-json\/wp\/v2\/users\/2"}],"replies":[{"embeddable":true,"href":"https:\/\/leergeld-lelystad.nl\/pl\/wp-json\/wp\/v2\/comments?post=2831"}],"version-history":[{"count":2,"href":"https:\/\/leergeld-lelystad.nl\/pl\/wp-json\/wp\/v2\/pages\/2831\/revisions"}],"predecessor-version":[{"id":2838,"href":"https:\/\/leergeld-lelystad.nl\/pl\/wp-json\/wp\/v2\/pages\/2831\/revisions\/2838"}],"wp:attachment":[{"href":"https:\/\/leergeld-lelystad.nl\/pl\/wp-json\/wp\/v2\/media?parent=2831"}],"curies":[{"name":"wp","href":"https:\/\/api.w.org\/{rel}","templated":true}]}}