{"id":3338,"date":"2022-12-05T14:13:34","date_gmt":"2022-12-05T14:13:34","guid":{"rendered":"https:\/\/leergeld-lelystad.nl\/reglement-sur-la-protection-de-la-vie-privee\/"},"modified":"2025-02-19T11:10:13","modified_gmt":"2025-02-19T11:10:13","slug":"reglement-sur-la-protection-de-la-vie-privee","status":"publish","type":"page","link":"https:\/\/leergeld-lelystad.nl\/fr\/reglement-sur-la-protection-de-la-vie-privee\/","title":{"rendered":"R\u00e8glement sur la protection de la vie priv\u00e9e"},"content":{"rendered":"<p>[et_pb_section fb_built=\u00a0\u00bb1&Prime; _builder_version=\u00a0\u00bb4.19.1&Prime; _module_preset=\u00a0\u00bbdefault\u00a0\u00bb global_colors_info=\u00a0\u00bb{}\u00a0\u00bb][et_pb_row _builder_version=\u00a0\u00bb4.19.2&Prime; _module_preset=\u00a0\u00bbdefault\u00a0\u00bb custom_margin=\u00a0\u00bb||||false|false\u00a0\u00bb custom_padding=\u00a0\u00bb57px|||||\u00a0\u00bb global_colors_info=\u00a0\u00bb{}\u00a0\u00bb][et_pb_column type=\u00a0\u00bb4_4&Prime; _builder_version=\u00a0\u00bb4.19.1&Prime; _module_preset=\u00a0\u00bbdefault\u00a0\u00bb global_colors_info=\u00a0\u00bb{}\u00a0\u00bb][et_pb_divider color=\u00a0\u00bb#E31622&Prime; divider_weight=\u00a0\u00bb10px\u00a0\u00bb _builder_version=\u00a0\u00bb4.19.2&Prime; _module_preset=\u00a0\u00bbdefault\u00a0\u00bb width=\u00a0\u00bb30%\u00a0\u00bb custom_margin=\u00a0\u00bb||2px|||\u00a0\u00bb global_colors_info=\u00a0\u00bb{}\u00a0\u00bb][\/et_pb_divider][et_pb_text _builder_version=\u00a0\u00bb4.19.2&Prime; _module_preset=\u00a0\u00bbdefault\u00a0\u00bb global_colors_info=\u00a0\u00bb{}\u00a0\u00bb]<\/p>\n<h1>R\u00c9GLEMENTATION EN MATI\u00c8RE DE PROTECTION DE LA VIE PRIV\u00c9E<\/h1>\n<p>[\/et_pb_text][\/et_pb_column][\/et_pb_row][et_pb_row column_structure=\u00a0\u00bb2_3,1_3&Prime; _builder_version=\u00a0\u00bb4.19.2&Prime; _module_preset=\u00a0\u00bbdefault\u00a0\u00bb custom_margin=\u00a0\u00bb||||false|false\u00a0\u00bb global_colors_info=\u00a0\u00bb{}\u00a0\u00bb][et_pb_column type=\u00a0\u00bb2_3&Prime; _builder_version=\u00a0\u00bb4.19.1&Prime; _module_preset=\u00a0\u00bbdefault\u00a0\u00bb global_colors_info=\u00a0\u00bb{}\u00a0\u00bb][et_pb_text _builder_version=\u00a0\u00bb4.19.4&Prime; _module_preset=\u00a0\u00bbdefault\u00a0\u00bb text_line_height=\u00a0\u00bb1.9em\u00a0\u00bb global_colors_info=\u00a0\u00bb{}\u00a0\u00bb]<\/p>\n<p>Stichting Leergeld Lelystad, situ\u00e9 PO Box 587, 8200 AN Lelystad, est responsable de<br \/>le traitement des donn\u00e9es personnelles comme indiqu\u00e9 dans cette d\u00e9claration de confidentialit\u00e9.<\/p>\n<p><strong>Coordonn\u00e9es :<\/strong><br \/>Site web : https:\/\/leergeld-lelystad.nl<br \/>e-mail : <a href=\"mailto:info@leergeld-lelystad.nl\">info@leergeld-lelystad.nl<\/a><\/p>\n<p><strong>Donn\u00e9es personnelles que nous traitons :<\/strong><br \/>Stichting Leergeld Lelystad traite vos donn\u00e9es personnelles parce que vous utilisez nos services et parce que vous nous fournissez vous-m\u00eame ces donn\u00e9es. Les donn\u00e9es personnelles que nous traitons sont les suivantes :<br \/>&#8211; Initiales, nom, adresse, code postal, ville, t\u00e9l\u00e9phone, portable, adresse \u00e9lectronique, revenu mensuel net, date de naissance.<\/p>\n<p><strong>Donn\u00e9es personnelles sp\u00e9ciales et\/ou sensibles que nous traitons :<\/strong><br \/>Notre site web et\/ou service n&rsquo;a pas l&rsquo;intention de collecter des donn\u00e9es sur les visiteurs du site web \u00e2g\u00e9s de moins de 16 ans. Sauf autorisation parentale ou du tuteur. Toutefois, nous ne pouvons pas v\u00e9rifier si un visiteur a plus de 16 ans. Nous conseillons donc aux parents de s&rsquo;impliquer dans les activit\u00e9s en ligne de leurs enfants afin d&rsquo;\u00e9viter la collecte de donn\u00e9es sur les enfants sans le consentement des parents. Si vous \u00eates convaincu que nous avons collect\u00e9 des donn\u00e9es personnelles sur un mineur sans ce consentement, veuillez nous contacter \u00e0 l&rsquo;adresse info@leergeld-lelystad.nl et nous supprimerons ces informations.<\/p>\n<p>Dans <strong>quel<\/strong> but <strong>et sur quelle base traitons-nous les donn\u00e9es personnelles :<\/strong><br \/>Stichting Leergeld Lelystad traite vos donn\u00e9es personnelles dans les buts suivants :<br \/>&#8211; Pour pouvoir vous envoyer un e-mail si cela est n\u00e9cessaire \u00e0 l&rsquo;ex\u00e9cution de nos services ;<\/p>\n<p><strong>Prise de d\u00e9cision automatis\u00e9e :<\/strong><br \/>Stichting Leergeld Lelystad ne prend pas de d\u00e9cisions sur des questions susceptibles d&rsquo;affecter (de mani\u00e8re significative) les personnes sur la base d&rsquo;un traitement automatis\u00e9. Il s&rsquo;agit de d\u00e9cisions prises par des programmes ou des syst\u00e8mes informatiques, sans qu&rsquo;un \u00eatre humain (par exemple un employ\u00e9 de Stichting Leergeld Lelystad) ne soit impliqu\u00e9.<\/p>\n<p><strong>Dur\u00e9e de conservation des donn\u00e9es personnelles :<\/strong><br \/>Stichting Leergeld Lelystad conserve les donn\u00e9es du demandeur jusqu&rsquo;\u00e0 ce que le plus jeune enfant de la famille atteigne l&rsquo;\u00e2ge de 18 ans.<br \/>Initiales, nom, adresse, code postal, ville, t\u00e9l\u00e9phone, portable, adresse \u00e9lectronique, revenu net par mois, date de naissance.<\/p>\n<p><strong>Partage des donn\u00e9es personnelles avec des tiers :<\/strong><br \/>Stichting Leergeld Lelystad ne fournit des donn\u00e9es \u00e0 des tiers que lorsque cela est n\u00e9cessaire pour l&rsquo;ex\u00e9cution de notre contrat avec vous ou pour se conformer \u00e0 une obligation l\u00e9gale.<\/p>\n<p><strong>Cookies ou techniques similaires que nous utilisons :<\/strong><br \/>Stichting Leergeld Lelystad n&rsquo;utilise pas de cookies ou de techniques similaires.<\/p>\n<p><strong>Comment nous s\u00e9curisons les donn\u00e9es personnelles :<\/strong><br \/>Stichting Leergeld Lelystad prend la protection de vos donn\u00e9es au s\u00e9rieux et prend des mesures appropri\u00e9es pour emp\u00eacher l&rsquo;abus, la perte, l&rsquo;acc\u00e8s non autoris\u00e9, la divulgation non d\u00e9sir\u00e9e et la modification non autoris\u00e9e. Si vous estimez que vos donn\u00e9es ne sont pas correctement s\u00e9curis\u00e9es ou qu&rsquo;il existe des indices d&rsquo;utilisation abusive, veuillez contacter <a href=\"mailto:info@leergeld-lelystad.nl\">info@leergeld-lelystad.nl<\/a>.<\/p>\n<p>[\/et_pb_text][\/et_pb_column][et_pb_column type=\u00a0\u00bb1_3&Prime; _builder_version=\u00a0\u00bb4.19.1&Prime; _module_preset=\u00a0\u00bbdefault\u00a0\u00bb global_colors_info=\u00a0\u00bb{}\u00a0\u00bb][et_pb_image src=\u00a0\u00bbhttps:\/\/leergeld-lelystad.nl\/wp-content\/uploads\/2022\/11\/jeugd-met-fiets.jpg\u00a0\u00bb alt=\u00a0\u00bbJeunes avec un v\u00e9lo\u00a0\u00bb title_text=\u00a0\u00bbjeunes-\u00e0-v\u00e9lo\u00a0\u00bb module_class=\u00a0\u00bbcircular\u00a0\u00bb _builder_version=\u00a0\u00bb4.19.2&Prime; _module_preset=\u00a0\u00bbdefault\u00a0\u00bb global_colors_info=\u00a0\u00bb{}\u00a0\u00bb][\/et_pb_image][\/et_pb_column][\/et_pb_row][\/et_pb_section]<\/p>\n","protected":false},"excerpt":{"rendered":"<p>R\u00c9GLEMENTATION EN MATI\u00c8RE DE PROTECTION DE LA VIE PRIV\u00c9EStichting Leergeld Lelystad, situ\u00e9 PO Box 587, 8200 AN Lelystad, est responsable dele traitement des donn\u00e9es personnelles comme indiqu\u00e9 dans cette d\u00e9claration de confidentialit\u00e9. Coordonn\u00e9es :Site web : https:\/\/leergeld-lelystad.nle-mail : info@leergeld-lelystad.nl Donn\u00e9es personnelles que nous traitons :Stichting Leergeld Lelystad traite vos donn\u00e9es personnelles parce que vous utilisez [&hellip;]<\/p>\n","protected":false},"author":1,"featured_media":0,"parent":0,"menu_order":0,"comment_status":"closed","ping_status":"closed","template":"","meta":{"_et_pb_use_builder":"on","_et_pb_old_content":"","_et_gb_content_width":"","footnotes":""},"class_list":["post-3338","page","type-page","status-publish","hentry"],"yoast_head":"<!-- This site is optimized with the Yoast SEO plugin v27.4 - https:\/\/yoast.com\/product\/yoast-seo-wordpress\/ -->\n<title>R\u00e8glement sur la protection de la vie priv\u00e9e - Leergeld Lelystad<\/title>\n<meta name=\"description\" content=\"R\u00e8glement sur la protection de la vie priv\u00e9e. Stichting Leergeld Lelystad, situ\u00e9 PO Box 587, 8200 AN Lelystad, est responsable du traitement des donn\u00e9es personnelles comme indiqu\u00e9 dans cette d\u00e9claration de confidentialit\u00e9.\" \/>\n<meta name=\"robots\" content=\"index, follow, max-snippet:-1, max-image-preview:large, max-video-preview:-1\" \/>\n<link rel=\"canonical\" href=\"https:\/\/leergeld-lelystad.nl\/fr\/reglement-sur-la-protection-de-la-vie-privee\/\" \/>\n<meta property=\"og:locale\" content=\"fr_FR\" \/>\n<meta property=\"og:type\" content=\"article\" \/>\n<meta property=\"og:title\" content=\"R\u00e8glement sur la protection de la vie priv\u00e9e - Leergeld Lelystad\" \/>\n<meta property=\"og:description\" content=\"R\u00e8glement sur la protection de la vie priv\u00e9e. Stichting Leergeld Lelystad, situ\u00e9 PO Box 587, 8200 AN Lelystad, est responsable du traitement des donn\u00e9es personnelles comme indiqu\u00e9 dans cette d\u00e9claration de confidentialit\u00e9.\" \/>\n<meta property=\"og:url\" content=\"https:\/\/leergeld-lelystad.nl\/fr\/reglement-sur-la-protection-de-la-vie-privee\/\" \/>\n<meta property=\"og:site_name\" content=\"Leergeld Lelystad\" \/>\n<meta property=\"article:modified_time\" content=\"2025-02-19T11:10:13+00:00\" \/>\n<meta name=\"twitter:card\" content=\"summary_large_image\" \/>\n<meta name=\"twitter:label1\" content=\"Dur\u00e9e de lecture estim\u00e9e\" \/>\n\t<meta name=\"twitter:data1\" content=\"4 minutes\" \/>\n<script type=\"application\/ld+json\" class=\"yoast-schema-graph\">{\"@context\":\"https:\\\/\\\/schema.org\",\"@graph\":[{\"@type\":\"WebPage\",\"@id\":\"https:\\\/\\\/leergeld-lelystad.nl\\\/fr\\\/reglement-sur-la-protection-de-la-vie-privee\\\/\",\"url\":\"https:\\\/\\\/leergeld-lelystad.nl\\\/fr\\\/reglement-sur-la-protection-de-la-vie-privee\\\/\",\"name\":\"R\u00e8glement sur la protection de la vie priv\u00e9e - Leergeld Lelystad\",\"isPartOf\":{\"@id\":\"https:\\\/\\\/leergeld-lelystad.nl\\\/fr\\\/#website\"},\"datePublished\":\"2022-12-05T14:13:34+00:00\",\"dateModified\":\"2025-02-19T11:10:13+00:00\",\"description\":\"R\u00e8glement sur la protection de la vie priv\u00e9e. Stichting Leergeld Lelystad, situ\u00e9 PO Box 587, 8200 AN Lelystad, est responsable du traitement des donn\u00e9es personnelles comme indiqu\u00e9 dans cette d\u00e9claration de confidentialit\u00e9.\",\"breadcrumb\":{\"@id\":\"https:\\\/\\\/leergeld-lelystad.nl\\\/fr\\\/reglement-sur-la-protection-de-la-vie-privee\\\/#breadcrumb\"},\"inLanguage\":\"fr-FR\",\"potentialAction\":[{\"@type\":\"ReadAction\",\"target\":[\"https:\\\/\\\/leergeld-lelystad.nl\\\/fr\\\/reglement-sur-la-protection-de-la-vie-privee\\\/\"]}]},{\"@type\":\"BreadcrumbList\",\"@id\":\"https:\\\/\\\/leergeld-lelystad.nl\\\/fr\\\/reglement-sur-la-protection-de-la-vie-privee\\\/#breadcrumb\",\"itemListElement\":[{\"@type\":\"ListItem\",\"position\":1,\"name\":\"Home\",\"item\":\"https:\\\/\\\/leergeld-lelystad.nl\\\/fr\\\/\"},{\"@type\":\"ListItem\",\"position\":2,\"name\":\"R\u00e8glement sur la protection de la vie priv\u00e9e\"}]},{\"@type\":\"WebSite\",\"@id\":\"https:\\\/\\\/leergeld-lelystad.nl\\\/fr\\\/#website\",\"url\":\"https:\\\/\\\/leergeld-lelystad.nl\\\/fr\\\/\",\"name\":\"Leergeld Lelystad\",\"description\":\"Nu meedoen is straks meetellen\",\"publisher\":{\"@id\":\"https:\\\/\\\/leergeld-lelystad.nl\\\/fr\\\/#organization\"},\"potentialAction\":[{\"@type\":\"SearchAction\",\"target\":{\"@type\":\"EntryPoint\",\"urlTemplate\":\"https:\\\/\\\/leergeld-lelystad.nl\\\/fr\\\/?s={search_term_string}\"},\"query-input\":{\"@type\":\"PropertyValueSpecification\",\"valueRequired\":true,\"valueName\":\"search_term_string\"}}],\"inLanguage\":\"fr-FR\"},{\"@type\":\"Organization\",\"@id\":\"https:\\\/\\\/leergeld-lelystad.nl\\\/fr\\\/#organization\",\"name\":\"Stichting Leergeld Lelystad\",\"url\":\"https:\\\/\\\/leergeld-lelystad.nl\\\/fr\\\/\",\"logo\":{\"@type\":\"ImageObject\",\"inLanguage\":\"fr-FR\",\"@id\":\"https:\\\/\\\/leergeld-lelystad.nl\\\/fr\\\/#\\\/schema\\\/logo\\\/image\\\/\",\"url\":\"http:\\\/\\\/leergeld-lelystad.nl\\\/wp-content\\\/uploads\\\/2022\\\/11\\\/Leergeld-Lelystad-logo.png\",\"contentUrl\":\"http:\\\/\\\/leergeld-lelystad.nl\\\/wp-content\\\/uploads\\\/2022\\\/11\\\/Leergeld-Lelystad-logo.png\",\"width\":300,\"height\":300,\"caption\":\"Stichting Leergeld Lelystad\"},\"image\":{\"@id\":\"https:\\\/\\\/leergeld-lelystad.nl\\\/fr\\\/#\\\/schema\\\/logo\\\/image\\\/\"}}]}<\/script>\n<!-- \/ Yoast SEO plugin. -->","yoast_head_json":{"title":"R\u00e8glement sur la protection de la vie priv\u00e9e - Leergeld Lelystad","description":"R\u00e8glement sur la protection de la vie priv\u00e9e. Stichting Leergeld Lelystad, situ\u00e9 PO Box 587, 8200 AN Lelystad, est responsable du traitement des donn\u00e9es personnelles comme indiqu\u00e9 dans cette d\u00e9claration de confidentialit\u00e9.","robots":{"index":"index","follow":"follow","max-snippet":"max-snippet:-1","max-image-preview":"max-image-preview:large","max-video-preview":"max-video-preview:-1"},"canonical":"https:\/\/leergeld-lelystad.nl\/fr\/reglement-sur-la-protection-de-la-vie-privee\/","og_locale":"fr_FR","og_type":"article","og_title":"R\u00e8glement sur la protection de la vie priv\u00e9e - Leergeld Lelystad","og_description":"R\u00e8glement sur la protection de la vie priv\u00e9e. Stichting Leergeld Lelystad, situ\u00e9 PO Box 587, 8200 AN Lelystad, est responsable du traitement des donn\u00e9es personnelles comme indiqu\u00e9 dans cette d\u00e9claration de confidentialit\u00e9.","og_url":"https:\/\/leergeld-lelystad.nl\/fr\/reglement-sur-la-protection-de-la-vie-privee\/","og_site_name":"Leergeld Lelystad","article_modified_time":"2025-02-19T11:10:13+00:00","twitter_card":"summary_large_image","twitter_misc":{"Dur\u00e9e de lecture estim\u00e9e":"4 minutes"},"schema":{"@context":"https:\/\/schema.org","@graph":[{"@type":"WebPage","@id":"https:\/\/leergeld-lelystad.nl\/fr\/reglement-sur-la-protection-de-la-vie-privee\/","url":"https:\/\/leergeld-lelystad.nl\/fr\/reglement-sur-la-protection-de-la-vie-privee\/","name":"R\u00e8glement sur la protection de la vie priv\u00e9e - Leergeld Lelystad","isPartOf":{"@id":"https:\/\/leergeld-lelystad.nl\/fr\/#website"},"datePublished":"2022-12-05T14:13:34+00:00","dateModified":"2025-02-19T11:10:13+00:00","description":"R\u00e8glement sur la protection de la vie priv\u00e9e. Stichting Leergeld Lelystad, situ\u00e9 PO Box 587, 8200 AN Lelystad, est responsable du traitement des donn\u00e9es personnelles comme indiqu\u00e9 dans cette d\u00e9claration de confidentialit\u00e9.","breadcrumb":{"@id":"https:\/\/leergeld-lelystad.nl\/fr\/reglement-sur-la-protection-de-la-vie-privee\/#breadcrumb"},"inLanguage":"fr-FR","potentialAction":[{"@type":"ReadAction","target":["https:\/\/leergeld-lelystad.nl\/fr\/reglement-sur-la-protection-de-la-vie-privee\/"]}]},{"@type":"BreadcrumbList","@id":"https:\/\/leergeld-lelystad.nl\/fr\/reglement-sur-la-protection-de-la-vie-privee\/#breadcrumb","itemListElement":[{"@type":"ListItem","position":1,"name":"Home","item":"https:\/\/leergeld-lelystad.nl\/fr\/"},{"@type":"ListItem","position":2,"name":"R\u00e8glement sur la protection de la vie priv\u00e9e"}]},{"@type":"WebSite","@id":"https:\/\/leergeld-lelystad.nl\/fr\/#website","url":"https:\/\/leergeld-lelystad.nl\/fr\/","name":"Leergeld Lelystad","description":"Nu meedoen is straks meetellen","publisher":{"@id":"https:\/\/leergeld-lelystad.nl\/fr\/#organization"},"potentialAction":[{"@type":"SearchAction","target":{"@type":"EntryPoint","urlTemplate":"https:\/\/leergeld-lelystad.nl\/fr\/?s={search_term_string}"},"query-input":{"@type":"PropertyValueSpecification","valueRequired":true,"valueName":"search_term_string"}}],"inLanguage":"fr-FR"},{"@type":"Organization","@id":"https:\/\/leergeld-lelystad.nl\/fr\/#organization","name":"Stichting Leergeld Lelystad","url":"https:\/\/leergeld-lelystad.nl\/fr\/","logo":{"@type":"ImageObject","inLanguage":"fr-FR","@id":"https:\/\/leergeld-lelystad.nl\/fr\/#\/schema\/logo\/image\/","url":"http:\/\/leergeld-lelystad.nl\/wp-content\/uploads\/2022\/11\/Leergeld-Lelystad-logo.png","contentUrl":"http:\/\/leergeld-lelystad.nl\/wp-content\/uploads\/2022\/11\/Leergeld-Lelystad-logo.png","width":300,"height":300,"caption":"Stichting Leergeld Lelystad"},"image":{"@id":"https:\/\/leergeld-lelystad.nl\/fr\/#\/schema\/logo\/image\/"}}]}},"_links":{"self":[{"href":"https:\/\/leergeld-lelystad.nl\/fr\/wp-json\/wp\/v2\/pages\/3338","targetHints":{"allow":["GET"]}}],"collection":[{"href":"https:\/\/leergeld-lelystad.nl\/fr\/wp-json\/wp\/v2\/pages"}],"about":[{"href":"https:\/\/leergeld-lelystad.nl\/fr\/wp-json\/wp\/v2\/types\/page"}],"author":[{"embeddable":true,"href":"https:\/\/leergeld-lelystad.nl\/fr\/wp-json\/wp\/v2\/users\/1"}],"replies":[{"embeddable":true,"href":"https:\/\/leergeld-lelystad.nl\/fr\/wp-json\/wp\/v2\/comments?post=3338"}],"version-history":[{"count":10,"href":"https:\/\/leergeld-lelystad.nl\/fr\/wp-json\/wp\/v2\/pages\/3338\/revisions"}],"predecessor-version":[{"id":3372,"href":"https:\/\/leergeld-lelystad.nl\/fr\/wp-json\/wp\/v2\/pages\/3338\/revisions\/3372"}],"wp:attachment":[{"href":"https:\/\/leergeld-lelystad.nl\/fr\/wp-json\/wp\/v2\/media?parent=3338"}],"curies":[{"name":"wp","href":"https:\/\/api.w.org\/{rel}","templated":true}]}}