{"id":3050,"date":"2022-11-30T11:42:14","date_gmt":"2022-11-30T11:42:14","guid":{"rendered":"https:\/\/leergeld-lelystad.nl\/la-mission\/"},"modified":"2025-02-19T11:09:06","modified_gmt":"2025-02-19T11:09:06","slug":"la-mission","status":"publish","type":"page","link":"https:\/\/leergeld-lelystad.nl\/fr\/la-mission\/","title":{"rendered":"La mission"},"content":{"rendered":"<p>[et_pb_section fb_built=\u00a0\u00bb1&Prime; _builder_version=\u00a0\u00bb4.19.1&Prime; _module_preset=\u00a0\u00bbdefault\u00a0\u00bb global_colors_info=\u00a0\u00bb{}\u00a0\u00bb][et_pb_row _builder_version=\u00a0\u00bb4.19.2&Prime; _module_preset=\u00a0\u00bbdefault\u00a0\u00bb custom_margin=\u00a0\u00bb||||false|false\u00a0\u00bb custom_padding=\u00a0\u00bb||3px|||\u00a0\u00bb global_colors_info=\u00a0\u00bb{}\u00a0\u00bb][et_pb_column type=\u00a0\u00bb4_4&Prime; _builder_version=\u00a0\u00bb4.19.1&Prime; _module_preset=\u00a0\u00bbdefault\u00a0\u00bb global_colors_info=\u00a0\u00bb{}\u00a0\u00bb][et_pb_text _builder_version=\u00a0\u00bb4.19.2&Prime; _module_preset=\u00a0\u00bbdefault\u00a0\u00bb global_colors_info=\u00a0\u00bb{}\u00a0\u00bb]<\/p>\n<h1>MISSION<\/h1>\n<p>[\/et_pb_text][et_pb_divider color=\u00a0\u00bb#E09900&Prime; divider_weight=\u00a0\u00bb10px\u00a0\u00bb _builder_version=\u00a0\u00bb4.19.2&Prime; _module_preset=\u00a0\u00bbdefault\u00a0\u00bb width=\u00a0\u00bb30%\u00a0\u00bb custom_margin=\u00a0\u00bb||2px|||\u00a0\u00bb global_colors_info=\u00a0\u00bb{}\u00a0\u00bb][\/et_pb_divider][\/et_pb_column][\/et_pb_row][et_pb_row column_structure=\u00a0\u00bb2_3,1_3&Prime; _builder_version=\u00a0\u00bb4.19.2&Prime; _module_preset=\u00a0\u00bbdefault\u00a0\u00bb custom_margin=\u00a0\u00bb||||false|false\u00a0\u00bb custom_padding=\u00a0\u00bb3px|||||\u00a0\u00bb global_colors_info=\u00a0\u00bb{}\u00a0\u00bb][et_pb_column type=\u00a0\u00bb2_3&Prime; _builder_version=\u00a0\u00bb4.19.1&Prime; _module_preset=\u00a0\u00bbdefault\u00a0\u00bb global_colors_info=\u00a0\u00bb{}\u00a0\u00bb][et_pb_text _builder_version=\u00a0\u00bb4.19.2&Prime; _module_preset=\u00a0\u00bbdefault\u00a0\u00bb text_line_height=\u00a0\u00bb1.9em\u00a0\u00bb global_colors_info=\u00a0\u00bb{}\u00a0\u00bb]<\/p>\n<p>Leergeld souhaite investir de mani\u00e8re durable dans la participation et le d\u00e9veloppement des enfants qui, sans soutien suppl\u00e9mentaire, risquent de se retrouver en marge de la soci\u00e9t\u00e9. La mission de Leergeld est de pr\u00e9venir l&rsquo;exclusion sociale des enfants issus de familles aux ressources financi\u00e8res minimales. <\/p>\n<p>Leergeld offre aux enfants \u00e2g\u00e9s de 4 \u00e0 18 ans la possibilit\u00e9 de participer \u00e0 des activit\u00e9s int\u00e9rieures et extrascolaires. Cela permet \u00e0 ces enfants de d\u00e9velopper au maximum leurs comp\u00e9tences sociales et leurs connaissances, afin qu&rsquo;ils puissent ensuite participer pleinement \u00e0 la soci\u00e9t\u00e9 en tant qu&rsquo;adultes. <\/p>\n<p>Ne pas exclure ces enfants \u00e9vitera \u00e0 la soci\u00e9t\u00e9 de payer plus tard des \u00ab\u00a0frais d&rsquo;apprentissage\u00a0\u00bb co\u00fbteux pour eux.<\/p>\n<p>La devise de Leergeld est la suivante : \u00ab\u00a0Tous les enfants peuvent participer, car participer maintenant, c&rsquo;est compter plus tard\u00a0\u00bb.<\/p>\n<p>L&rsquo;ambition \u00e0 long terme de Leergeld est de permettre \u00e0 tous les enfants de participer.<\/p>\n<p>[\/et_pb_text][\/et_pb_column][et_pb_column type=\u00a0\u00bb1_3&Prime; _builder_version=\u00a0\u00bb4.19.1&Prime; _module_preset=\u00a0\u00bbdefault\u00a0\u00bb global_colors_info=\u00a0\u00bb{}\u00a0\u00bb][et_pb_image src=\u00a0\u00bbhttps:\/\/leergeld-lelystad.nl\/wp-content\/uploads\/2022\/11\/schoolbord-sq.jpg\u00a0\u00bb title_text=\u00a0\u00bbtableau noir-sq\u00a0\u00bb module_class=\u00a0\u00bbcircular\u00a0\u00bb _builder_version=\u00a0\u00bb4.19.2&Prime; _module_preset=\u00a0\u00bbdefault\u00a0\u00bb global_colors_info=\u00a0\u00bb{}\u00a0\u00bb][\/et_pb_image][\/et_pb_column][\/et_pb_row][\/et_pb_section]<\/p>\n","protected":false},"excerpt":{"rendered":"<p>MISSIONLeergeld souhaite investir de mani\u00e8re durable dans la participation et le d\u00e9veloppement des enfants qui, sans soutien suppl\u00e9mentaire, risquent de se retrouver en marge de la soci\u00e9t\u00e9. La mission de Leergeld est de pr\u00e9venir l&rsquo;exclusion sociale des enfants issus de familles aux ressources financi\u00e8res minimales. Leergeld offre aux enfants \u00e2g\u00e9s de 4 \u00e0 18 ans [&hellip;]<\/p>\n","protected":false},"author":1,"featured_media":0,"parent":0,"menu_order":0,"comment_status":"closed","ping_status":"closed","template":"","meta":{"_et_pb_use_builder":"on","_et_pb_old_content":"","_et_gb_content_width":"","footnotes":""},"class_list":["post-3050","page","type-page","status-publish","hentry"],"yoast_head":"<!-- This site is optimized with the Yoast SEO plugin v27.4 - https:\/\/yoast.com\/product\/yoast-seo-wordpress\/ -->\n<title>La mission - Leergeld Lelystad<\/title>\n<meta name=\"description\" content=\"Mission de Leergeld Lelystad. Leergeld offre aux enfants \u00e2g\u00e9s de 4 \u00e0 18 ans la possibilit\u00e9 de participer \u00e0 des activit\u00e9s int\u00e9rieures et extrascolaires.\" \/>\n<meta name=\"robots\" content=\"index, follow, max-snippet:-1, max-image-preview:large, max-video-preview:-1\" \/>\n<link rel=\"canonical\" href=\"https:\/\/leergeld-lelystad.nl\/fr\/la-mission\/\" \/>\n<meta property=\"og:locale\" content=\"fr_FR\" \/>\n<meta property=\"og:type\" content=\"article\" \/>\n<meta property=\"og:title\" content=\"La mission - Leergeld Lelystad\" \/>\n<meta property=\"og:description\" content=\"Mission de Leergeld Lelystad. Leergeld offre aux enfants \u00e2g\u00e9s de 4 \u00e0 18 ans la possibilit\u00e9 de participer \u00e0 des activit\u00e9s int\u00e9rieures et extrascolaires.\" \/>\n<meta property=\"og:url\" content=\"https:\/\/leergeld-lelystad.nl\/fr\/la-mission\/\" \/>\n<meta property=\"og:site_name\" content=\"Leergeld Lelystad\" \/>\n<meta property=\"article:modified_time\" content=\"2025-02-19T11:09:06+00:00\" \/>\n<meta name=\"twitter:card\" content=\"summary_large_image\" \/>\n<meta name=\"twitter:label1\" content=\"Dur\u00e9e de lecture estim\u00e9e\" \/>\n\t<meta name=\"twitter:data1\" content=\"2 minutes\" \/>\n<script type=\"application\/ld+json\" class=\"yoast-schema-graph\">{\"@context\":\"https:\\\/\\\/schema.org\",\"@graph\":[{\"@type\":\"WebPage\",\"@id\":\"https:\\\/\\\/leergeld-lelystad.nl\\\/fr\\\/la-mission\\\/\",\"url\":\"https:\\\/\\\/leergeld-lelystad.nl\\\/fr\\\/la-mission\\\/\",\"name\":\"La mission - Leergeld Lelystad\",\"isPartOf\":{\"@id\":\"https:\\\/\\\/leergeld-lelystad.nl\\\/fr\\\/#website\"},\"datePublished\":\"2022-11-30T11:42:14+00:00\",\"dateModified\":\"2025-02-19T11:09:06+00:00\",\"description\":\"Mission de Leergeld Lelystad. Leergeld offre aux enfants \u00e2g\u00e9s de 4 \u00e0 18 ans la possibilit\u00e9 de participer \u00e0 des activit\u00e9s int\u00e9rieures et extrascolaires.\",\"breadcrumb\":{\"@id\":\"https:\\\/\\\/leergeld-lelystad.nl\\\/fr\\\/la-mission\\\/#breadcrumb\"},\"inLanguage\":\"fr-FR\",\"potentialAction\":[{\"@type\":\"ReadAction\",\"target\":[\"https:\\\/\\\/leergeld-lelystad.nl\\\/fr\\\/la-mission\\\/\"]}]},{\"@type\":\"BreadcrumbList\",\"@id\":\"https:\\\/\\\/leergeld-lelystad.nl\\\/fr\\\/la-mission\\\/#breadcrumb\",\"itemListElement\":[{\"@type\":\"ListItem\",\"position\":1,\"name\":\"Home\",\"item\":\"https:\\\/\\\/leergeld-lelystad.nl\\\/fr\\\/\"},{\"@type\":\"ListItem\",\"position\":2,\"name\":\"La mission\"}]},{\"@type\":\"WebSite\",\"@id\":\"https:\\\/\\\/leergeld-lelystad.nl\\\/fr\\\/#website\",\"url\":\"https:\\\/\\\/leergeld-lelystad.nl\\\/fr\\\/\",\"name\":\"Leergeld Lelystad\",\"description\":\"Nu meedoen is straks meetellen\",\"publisher\":{\"@id\":\"https:\\\/\\\/leergeld-lelystad.nl\\\/fr\\\/#organization\"},\"potentialAction\":[{\"@type\":\"SearchAction\",\"target\":{\"@type\":\"EntryPoint\",\"urlTemplate\":\"https:\\\/\\\/leergeld-lelystad.nl\\\/fr\\\/?s={search_term_string}\"},\"query-input\":{\"@type\":\"PropertyValueSpecification\",\"valueRequired\":true,\"valueName\":\"search_term_string\"}}],\"inLanguage\":\"fr-FR\"},{\"@type\":\"Organization\",\"@id\":\"https:\\\/\\\/leergeld-lelystad.nl\\\/fr\\\/#organization\",\"name\":\"Stichting Leergeld Lelystad\",\"url\":\"https:\\\/\\\/leergeld-lelystad.nl\\\/fr\\\/\",\"logo\":{\"@type\":\"ImageObject\",\"inLanguage\":\"fr-FR\",\"@id\":\"https:\\\/\\\/leergeld-lelystad.nl\\\/fr\\\/#\\\/schema\\\/logo\\\/image\\\/\",\"url\":\"http:\\\/\\\/leergeld-lelystad.nl\\\/wp-content\\\/uploads\\\/2022\\\/11\\\/Leergeld-Lelystad-logo.png\",\"contentUrl\":\"http:\\\/\\\/leergeld-lelystad.nl\\\/wp-content\\\/uploads\\\/2022\\\/11\\\/Leergeld-Lelystad-logo.png\",\"width\":300,\"height\":300,\"caption\":\"Stichting Leergeld Lelystad\"},\"image\":{\"@id\":\"https:\\\/\\\/leergeld-lelystad.nl\\\/fr\\\/#\\\/schema\\\/logo\\\/image\\\/\"}}]}<\/script>\n<!-- \/ Yoast SEO plugin. -->","yoast_head_json":{"title":"La mission - Leergeld Lelystad","description":"Mission de Leergeld Lelystad. Leergeld offre aux enfants \u00e2g\u00e9s de 4 \u00e0 18 ans la possibilit\u00e9 de participer \u00e0 des activit\u00e9s int\u00e9rieures et extrascolaires.","robots":{"index":"index","follow":"follow","max-snippet":"max-snippet:-1","max-image-preview":"max-image-preview:large","max-video-preview":"max-video-preview:-1"},"canonical":"https:\/\/leergeld-lelystad.nl\/fr\/la-mission\/","og_locale":"fr_FR","og_type":"article","og_title":"La mission - Leergeld Lelystad","og_description":"Mission de Leergeld Lelystad. Leergeld offre aux enfants \u00e2g\u00e9s de 4 \u00e0 18 ans la possibilit\u00e9 de participer \u00e0 des activit\u00e9s int\u00e9rieures et extrascolaires.","og_url":"https:\/\/leergeld-lelystad.nl\/fr\/la-mission\/","og_site_name":"Leergeld Lelystad","article_modified_time":"2025-02-19T11:09:06+00:00","twitter_card":"summary_large_image","twitter_misc":{"Dur\u00e9e de lecture estim\u00e9e":"2 minutes"},"schema":{"@context":"https:\/\/schema.org","@graph":[{"@type":"WebPage","@id":"https:\/\/leergeld-lelystad.nl\/fr\/la-mission\/","url":"https:\/\/leergeld-lelystad.nl\/fr\/la-mission\/","name":"La mission - Leergeld Lelystad","isPartOf":{"@id":"https:\/\/leergeld-lelystad.nl\/fr\/#website"},"datePublished":"2022-11-30T11:42:14+00:00","dateModified":"2025-02-19T11:09:06+00:00","description":"Mission de Leergeld Lelystad. Leergeld offre aux enfants \u00e2g\u00e9s de 4 \u00e0 18 ans la possibilit\u00e9 de participer \u00e0 des activit\u00e9s int\u00e9rieures et extrascolaires.","breadcrumb":{"@id":"https:\/\/leergeld-lelystad.nl\/fr\/la-mission\/#breadcrumb"},"inLanguage":"fr-FR","potentialAction":[{"@type":"ReadAction","target":["https:\/\/leergeld-lelystad.nl\/fr\/la-mission\/"]}]},{"@type":"BreadcrumbList","@id":"https:\/\/leergeld-lelystad.nl\/fr\/la-mission\/#breadcrumb","itemListElement":[{"@type":"ListItem","position":1,"name":"Home","item":"https:\/\/leergeld-lelystad.nl\/fr\/"},{"@type":"ListItem","position":2,"name":"La mission"}]},{"@type":"WebSite","@id":"https:\/\/leergeld-lelystad.nl\/fr\/#website","url":"https:\/\/leergeld-lelystad.nl\/fr\/","name":"Leergeld Lelystad","description":"Nu meedoen is straks meetellen","publisher":{"@id":"https:\/\/leergeld-lelystad.nl\/fr\/#organization"},"potentialAction":[{"@type":"SearchAction","target":{"@type":"EntryPoint","urlTemplate":"https:\/\/leergeld-lelystad.nl\/fr\/?s={search_term_string}"},"query-input":{"@type":"PropertyValueSpecification","valueRequired":true,"valueName":"search_term_string"}}],"inLanguage":"fr-FR"},{"@type":"Organization","@id":"https:\/\/leergeld-lelystad.nl\/fr\/#organization","name":"Stichting Leergeld Lelystad","url":"https:\/\/leergeld-lelystad.nl\/fr\/","logo":{"@type":"ImageObject","inLanguage":"fr-FR","@id":"https:\/\/leergeld-lelystad.nl\/fr\/#\/schema\/logo\/image\/","url":"http:\/\/leergeld-lelystad.nl\/wp-content\/uploads\/2022\/11\/Leergeld-Lelystad-logo.png","contentUrl":"http:\/\/leergeld-lelystad.nl\/wp-content\/uploads\/2022\/11\/Leergeld-Lelystad-logo.png","width":300,"height":300,"caption":"Stichting Leergeld Lelystad"},"image":{"@id":"https:\/\/leergeld-lelystad.nl\/fr\/#\/schema\/logo\/image\/"}}]}},"_links":{"self":[{"href":"https:\/\/leergeld-lelystad.nl\/fr\/wp-json\/wp\/v2\/pages\/3050","targetHints":{"allow":["GET"]}}],"collection":[{"href":"https:\/\/leergeld-lelystad.nl\/fr\/wp-json\/wp\/v2\/pages"}],"about":[{"href":"https:\/\/leergeld-lelystad.nl\/fr\/wp-json\/wp\/v2\/types\/page"}],"author":[{"embeddable":true,"href":"https:\/\/leergeld-lelystad.nl\/fr\/wp-json\/wp\/v2\/users\/1"}],"replies":[{"embeddable":true,"href":"https:\/\/leergeld-lelystad.nl\/fr\/wp-json\/wp\/v2\/comments?post=3050"}],"version-history":[{"count":2,"href":"https:\/\/leergeld-lelystad.nl\/fr\/wp-json\/wp\/v2\/pages\/3050\/revisions"}],"predecessor-version":[{"id":3067,"href":"https:\/\/leergeld-lelystad.nl\/fr\/wp-json\/wp\/v2\/pages\/3050\/revisions\/3067"}],"wp:attachment":[{"href":"https:\/\/leergeld-lelystad.nl\/fr\/wp-json\/wp\/v2\/media?parent=3050"}],"curies":[{"name":"wp","href":"https:\/\/api.w.org\/{rel}","templated":true}]}}