{"id":2866,"date":"2023-01-11T14:30:52","date_gmt":"2023-01-11T14:30:52","guid":{"rendered":"https:\/\/leergeld-lelystad.nl\/clause-de-non-responsabilite\/"},"modified":"2025-02-19T11:06:24","modified_gmt":"2025-02-19T11:06:24","slug":"clause-de-non-responsabilite","status":"publish","type":"page","link":"https:\/\/leergeld-lelystad.nl\/fr\/clause-de-non-responsabilite\/","title":{"rendered":"Clause de non-responsabilit\u00e9"},"content":{"rendered":"<p>[et_pb_section fb_built=\u00a0\u00bb1&Prime; _builder_version=\u00a0\u00bb4.19.1&Prime; _module_preset=\u00a0\u00bbdefault\u00a0\u00bb global_colors_info=\u00a0\u00bb{}\u00a0\u00bb][et_pb_row _builder_version=\u00a0\u00bb4.19.2&Prime; _module_preset=\u00a0\u00bbdefault\u00a0\u00bb custom_margin=\u00a0\u00bb||||false|false\u00a0\u00bb custom_padding=\u00a0\u00bb57px|||||\u00a0\u00bb global_colors_info=\u00a0\u00bb{}\u00a0\u00bb][et_pb_column type=\u00a0\u00bb4_4&Prime; _builder_version=\u00a0\u00bb4.19.1&Prime; _module_preset=\u00a0\u00bbdefault\u00a0\u00bb global_colors_info=\u00a0\u00bb{}\u00a0\u00bb][et_pb_divider color=\u00a0\u00bb#E31622&Prime; divider_weight=\u00a0\u00bb10px\u00a0\u00bb _builder_version=\u00a0\u00bb4.19.2&Prime; _module_preset=\u00a0\u00bbdefault\u00a0\u00bb width=\u00a0\u00bb30%\u00a0\u00bb custom_margin=\u00a0\u00bb||2px|||\u00a0\u00bb global_colors_info=\u00a0\u00bb{}\u00a0\u00bb][\/et_pb_divider][et_pb_text _builder_version=\u00a0\u00bb4.19.4&Prime; _module_preset=\u00a0\u00bbdefault\u00a0\u00bb global_colors_info=\u00a0\u00bb{}\u00a0\u00bb]<\/p>\n<h1>CLAUSE DE NON-RESPONSABILIT\u00c9<\/h1>\n<p>[\/et_pb_text][\/et_pb_column][\/et_pb_row][et_pb_row column_structure=\u00a0\u00bb2_3,1_3&Prime; _builder_version=\u00a0\u00bb4.19.2&Prime; _module_preset=\u00a0\u00bbdefault\u00a0\u00bb custom_margin=\u00a0\u00bb||||false|false\u00a0\u00bb global_colors_info=\u00a0\u00bb{}\u00a0\u00bb][et_pb_column type=\u00a0\u00bb2_3&Prime; _builder_version=\u00a0\u00bb4.19.1&Prime; _module_preset=\u00a0\u00bbdefault\u00a0\u00bb global_colors_info=\u00a0\u00bb{}\u00a0\u00bb][et_pb_text _builder_version=\u00a0\u00bb4.19.4&Prime; _module_preset=\u00a0\u00bbdefault\u00a0\u00bb text_line_height=\u00a0\u00bb1.9em\u00a0\u00bb global_colors_info=\u00a0\u00bb{}\u00a0\u00bb]<\/p>\n<p>Les conditions suivantes s&rsquo;appliquent au site web de stichting Leergeld Lelystad. En consultant ce site et en utilisant les informations qu&rsquo;il contient, vous acceptez ces conditions. <\/p>\n<p>Les donn\u00e9es figurant sur ce site Internet sont destin\u00e9es \u00e0 l&rsquo;information g\u00e9n\u00e9rale. Ces donn\u00e9es peuvent \u00eatre modifi\u00e9es sans pr\u00e9avis. Stichting Leergeld Lelystad a apport\u00e9 le plus grand soin \u00e0 l&rsquo;\u00e9laboration et \u00e0 la mise \u00e0 jour de ce site Internet et a utilis\u00e9 des sources consid\u00e9r\u00e9es comme fiables. Stichting Leergeld Lelystad ne garantit toutefois pas l&rsquo;exactitude, l&rsquo;exhaustivit\u00e9 et l&rsquo;actualit\u00e9 des informations fournies. Stichting Leergeld Lelystad n&rsquo;accepte aucune obligation de mettre \u00e0 jour les informations fournies ou de corriger d&rsquo;\u00e9ventuelles erreurs. Stichting Leergeld Lelystad d\u00e9cline express\u00e9ment toute responsabilit\u00e9 \u00e0 cet \u00e9gard. Vous ne pouvez tirer aucun droit des informations fournies.      <\/p>\n<p>Stichting Leergeld Lelystad ne garantit pas non plus que le site Web fonctionne sans erreur ni interruption.<\/p>\n<p>Sur le site web, que ce soit ou non par le biais d&rsquo;hyperliens, il est fait r\u00e9f\u00e9rence \u00e0 des informations fournies par des tiers. Ces informations n&rsquo;ont pas \u00e9t\u00e9 \u00e9valu\u00e9es par Stichting Leergeld Lelystad quant \u00e0 leur bien-fond\u00e9, leur exactitude, leur exhaustivit\u00e9 ou leur actualit\u00e9. Stichting Leergeld Lelystad d\u00e9cline express\u00e9ment toute responsabilit\u00e9 \u00e0 cet \u00e9gard.  <\/p>\n<p>Les informations fournies ne sont pas destin\u00e9es \u00e0 remplacer les conseils d&rsquo;un expert. Si vous utilisez les informations fournies sans les v\u00e9rifier ou sans obtenir d&rsquo;autres conseils, vous le faites \u00e0 vos propres frais et risques. <\/p>\n<p>Stichting Leergeld Lelystad, ou l&rsquo;ayant droit respectivement, conserve tous les droits (y compris les droits d&rsquo;auteur, les droits de marque, les brevets) relatifs \u00e0 l&rsquo;information (y compris les textes, le mat\u00e9riel graphique et les logos) pr\u00e9sent\u00e9e sur le site web de Stichting Leergeld Lelystad. Vous n&rsquo;obtenez aucune forme de licence concernant ces informations, sauf dans la mesure strictement n\u00e9cessaire \u00e0 la consultation en ligne du site web de Stichting Leergeld Lelystad. En particulier, il n&rsquo;est pas permis, sans l&rsquo;autorisation \u00e9crite expresse de Stichting Leergeld Lelystad, de copier, de reproduire ou de mettre \u00e0 la disposition d&rsquo;un tiers, de quelque mani\u00e8re que ce soit, le contenu du site web.  <\/p>\n<p>Le site web de Stichting Leergeld Lelystad et les pr\u00e9sentes conditions g\u00e9n\u00e9rales sont r\u00e9gis par le droit n\u00e9erlandais.<\/p>\n<p>[\/et_pb_text][\/et_pb_column][et_pb_column type=\u00a0\u00bb1_3&Prime; _builder_version=\u00a0\u00bb4.19.1&Prime; _module_preset=\u00a0\u00bbdefault\u00a0\u00bb global_colors_info=\u00a0\u00bb{}\u00a0\u00bb][et_pb_image src=\u00a0\u00bbhttp:\/\/leergeld-lelystad.nl\/wp-content\/uploads\/2022\/11\/schoolbord-sq.jpg\u00a0\u00bb alt=\u00a0\u00bbJeunes avec un v\u00e9lo\u00a0\u00bb title_text=\u00a0\u00bbtableau noir-sq\u00a0\u00bb module_class=\u00a0\u00bbcircular\u00a0\u00bb _builder_version=\u00a0\u00bb4.19.4&Prime; _module_preset=\u00a0\u00bbdefault\u00a0\u00bb global_colors_info=\u00a0\u00bb{}\u00a0\u00bb][\/et_pb_image][\/et_pb_column][\/et_pb_row][\/et_pb_section]<\/p>\n","protected":false},"excerpt":{"rendered":"<p>CLAUSE DE NON-RESPONSABILIT\u00c9Les conditions suivantes s&rsquo;appliquent au site web de stichting Leergeld Lelystad. En consultant ce site et en utilisant les informations qu&rsquo;il contient, vous acceptez ces conditions. Les donn\u00e9es figurant sur ce site Internet sont destin\u00e9es \u00e0 l&rsquo;information g\u00e9n\u00e9rale. Ces donn\u00e9es peuvent \u00eatre modifi\u00e9es sans pr\u00e9avis. Stichting Leergeld Lelystad a apport\u00e9 le plus grand [&hellip;]<\/p>\n","protected":false},"author":1,"featured_media":0,"parent":0,"menu_order":0,"comment_status":"closed","ping_status":"closed","template":"","meta":{"_et_pb_use_builder":"on","_et_pb_old_content":"","_et_gb_content_width":"","footnotes":""},"class_list":["post-2866","page","type-page","status-publish","hentry"],"yoast_head":"<!-- This site is optimized with the Yoast SEO plugin v27.4 - https:\/\/yoast.com\/product\/yoast-seo-wordpress\/ -->\n<title>Clause de non-responsabilit\u00e9 - Leergeld Lelystad<\/title>\n<meta name=\"description\" content=\"Clause de non-responsabilit\u00e9. Fondation Leergeld Lelystad, situ\u00e9e PO Box 587, 8200 AN Lelystad.\" \/>\n<meta name=\"robots\" content=\"index, follow, max-snippet:-1, max-image-preview:large, max-video-preview:-1\" \/>\n<link rel=\"canonical\" href=\"https:\/\/leergeld-lelystad.nl\/fr\/clause-de-non-responsabilite\/\" \/>\n<meta property=\"og:locale\" content=\"fr_FR\" \/>\n<meta property=\"og:type\" content=\"article\" \/>\n<meta property=\"og:title\" content=\"Clause de non-responsabilit\u00e9 - Leergeld Lelystad\" \/>\n<meta property=\"og:description\" content=\"Clause de non-responsabilit\u00e9. Fondation Leergeld Lelystad, situ\u00e9e PO Box 587, 8200 AN Lelystad.\" \/>\n<meta property=\"og:url\" content=\"https:\/\/leergeld-lelystad.nl\/fr\/clause-de-non-responsabilite\/\" \/>\n<meta property=\"og:site_name\" content=\"Leergeld Lelystad\" \/>\n<meta property=\"article:modified_time\" content=\"2025-02-19T11:06:24+00:00\" \/>\n<meta name=\"twitter:card\" content=\"summary_large_image\" \/>\n<meta name=\"twitter:label1\" content=\"Dur\u00e9e de lecture estim\u00e9e\" \/>\n\t<meta name=\"twitter:data1\" content=\"3 minutes\" \/>\n<script type=\"application\/ld+json\" class=\"yoast-schema-graph\">{\"@context\":\"https:\\\/\\\/schema.org\",\"@graph\":[{\"@type\":\"WebPage\",\"@id\":\"https:\\\/\\\/leergeld-lelystad.nl\\\/fr\\\/clause-de-non-responsabilite\\\/\",\"url\":\"https:\\\/\\\/leergeld-lelystad.nl\\\/fr\\\/clause-de-non-responsabilite\\\/\",\"name\":\"Clause de non-responsabilit\u00e9 - Leergeld Lelystad\",\"isPartOf\":{\"@id\":\"https:\\\/\\\/leergeld-lelystad.nl\\\/fr\\\/#website\"},\"datePublished\":\"2023-01-11T14:30:52+00:00\",\"dateModified\":\"2025-02-19T11:06:24+00:00\",\"description\":\"Clause de non-responsabilit\u00e9. Fondation Leergeld Lelystad, situ\u00e9e PO Box 587, 8200 AN Lelystad.\",\"breadcrumb\":{\"@id\":\"https:\\\/\\\/leergeld-lelystad.nl\\\/fr\\\/clause-de-non-responsabilite\\\/#breadcrumb\"},\"inLanguage\":\"fr-FR\",\"potentialAction\":[{\"@type\":\"ReadAction\",\"target\":[\"https:\\\/\\\/leergeld-lelystad.nl\\\/fr\\\/clause-de-non-responsabilite\\\/\"]}]},{\"@type\":\"BreadcrumbList\",\"@id\":\"https:\\\/\\\/leergeld-lelystad.nl\\\/fr\\\/clause-de-non-responsabilite\\\/#breadcrumb\",\"itemListElement\":[{\"@type\":\"ListItem\",\"position\":1,\"name\":\"Home\",\"item\":\"https:\\\/\\\/leergeld-lelystad.nl\\\/fr\\\/\"},{\"@type\":\"ListItem\",\"position\":2,\"name\":\"Clause de non-responsabilit\u00e9\"}]},{\"@type\":\"WebSite\",\"@id\":\"https:\\\/\\\/leergeld-lelystad.nl\\\/fr\\\/#website\",\"url\":\"https:\\\/\\\/leergeld-lelystad.nl\\\/fr\\\/\",\"name\":\"Leergeld Lelystad\",\"description\":\"Nu meedoen is straks meetellen\",\"publisher\":{\"@id\":\"https:\\\/\\\/leergeld-lelystad.nl\\\/fr\\\/#organization\"},\"potentialAction\":[{\"@type\":\"SearchAction\",\"target\":{\"@type\":\"EntryPoint\",\"urlTemplate\":\"https:\\\/\\\/leergeld-lelystad.nl\\\/fr\\\/?s={search_term_string}\"},\"query-input\":{\"@type\":\"PropertyValueSpecification\",\"valueRequired\":true,\"valueName\":\"search_term_string\"}}],\"inLanguage\":\"fr-FR\"},{\"@type\":\"Organization\",\"@id\":\"https:\\\/\\\/leergeld-lelystad.nl\\\/fr\\\/#organization\",\"name\":\"Stichting Leergeld Lelystad\",\"url\":\"https:\\\/\\\/leergeld-lelystad.nl\\\/fr\\\/\",\"logo\":{\"@type\":\"ImageObject\",\"inLanguage\":\"fr-FR\",\"@id\":\"https:\\\/\\\/leergeld-lelystad.nl\\\/fr\\\/#\\\/schema\\\/logo\\\/image\\\/\",\"url\":\"http:\\\/\\\/leergeld-lelystad.nl\\\/wp-content\\\/uploads\\\/2022\\\/11\\\/Leergeld-Lelystad-logo.png\",\"contentUrl\":\"http:\\\/\\\/leergeld-lelystad.nl\\\/wp-content\\\/uploads\\\/2022\\\/11\\\/Leergeld-Lelystad-logo.png\",\"width\":300,\"height\":300,\"caption\":\"Stichting Leergeld Lelystad\"},\"image\":{\"@id\":\"https:\\\/\\\/leergeld-lelystad.nl\\\/fr\\\/#\\\/schema\\\/logo\\\/image\\\/\"}}]}<\/script>\n<!-- \/ Yoast SEO plugin. -->","yoast_head_json":{"title":"Clause de non-responsabilit\u00e9 - Leergeld Lelystad","description":"Clause de non-responsabilit\u00e9. Fondation Leergeld Lelystad, situ\u00e9e PO Box 587, 8200 AN Lelystad.","robots":{"index":"index","follow":"follow","max-snippet":"max-snippet:-1","max-image-preview":"max-image-preview:large","max-video-preview":"max-video-preview:-1"},"canonical":"https:\/\/leergeld-lelystad.nl\/fr\/clause-de-non-responsabilite\/","og_locale":"fr_FR","og_type":"article","og_title":"Clause de non-responsabilit\u00e9 - Leergeld Lelystad","og_description":"Clause de non-responsabilit\u00e9. Fondation Leergeld Lelystad, situ\u00e9e PO Box 587, 8200 AN Lelystad.","og_url":"https:\/\/leergeld-lelystad.nl\/fr\/clause-de-non-responsabilite\/","og_site_name":"Leergeld Lelystad","article_modified_time":"2025-02-19T11:06:24+00:00","twitter_card":"summary_large_image","twitter_misc":{"Dur\u00e9e de lecture estim\u00e9e":"3 minutes"},"schema":{"@context":"https:\/\/schema.org","@graph":[{"@type":"WebPage","@id":"https:\/\/leergeld-lelystad.nl\/fr\/clause-de-non-responsabilite\/","url":"https:\/\/leergeld-lelystad.nl\/fr\/clause-de-non-responsabilite\/","name":"Clause de non-responsabilit\u00e9 - Leergeld Lelystad","isPartOf":{"@id":"https:\/\/leergeld-lelystad.nl\/fr\/#website"},"datePublished":"2023-01-11T14:30:52+00:00","dateModified":"2025-02-19T11:06:24+00:00","description":"Clause de non-responsabilit\u00e9. Fondation Leergeld Lelystad, situ\u00e9e PO Box 587, 8200 AN Lelystad.","breadcrumb":{"@id":"https:\/\/leergeld-lelystad.nl\/fr\/clause-de-non-responsabilite\/#breadcrumb"},"inLanguage":"fr-FR","potentialAction":[{"@type":"ReadAction","target":["https:\/\/leergeld-lelystad.nl\/fr\/clause-de-non-responsabilite\/"]}]},{"@type":"BreadcrumbList","@id":"https:\/\/leergeld-lelystad.nl\/fr\/clause-de-non-responsabilite\/#breadcrumb","itemListElement":[{"@type":"ListItem","position":1,"name":"Home","item":"https:\/\/leergeld-lelystad.nl\/fr\/"},{"@type":"ListItem","position":2,"name":"Clause de non-responsabilit\u00e9"}]},{"@type":"WebSite","@id":"https:\/\/leergeld-lelystad.nl\/fr\/#website","url":"https:\/\/leergeld-lelystad.nl\/fr\/","name":"Leergeld Lelystad","description":"Nu meedoen is straks meetellen","publisher":{"@id":"https:\/\/leergeld-lelystad.nl\/fr\/#organization"},"potentialAction":[{"@type":"SearchAction","target":{"@type":"EntryPoint","urlTemplate":"https:\/\/leergeld-lelystad.nl\/fr\/?s={search_term_string}"},"query-input":{"@type":"PropertyValueSpecification","valueRequired":true,"valueName":"search_term_string"}}],"inLanguage":"fr-FR"},{"@type":"Organization","@id":"https:\/\/leergeld-lelystad.nl\/fr\/#organization","name":"Stichting Leergeld Lelystad","url":"https:\/\/leergeld-lelystad.nl\/fr\/","logo":{"@type":"ImageObject","inLanguage":"fr-FR","@id":"https:\/\/leergeld-lelystad.nl\/fr\/#\/schema\/logo\/image\/","url":"http:\/\/leergeld-lelystad.nl\/wp-content\/uploads\/2022\/11\/Leergeld-Lelystad-logo.png","contentUrl":"http:\/\/leergeld-lelystad.nl\/wp-content\/uploads\/2022\/11\/Leergeld-Lelystad-logo.png","width":300,"height":300,"caption":"Stichting Leergeld Lelystad"},"image":{"@id":"https:\/\/leergeld-lelystad.nl\/fr\/#\/schema\/logo\/image\/"}}]}},"_links":{"self":[{"href":"https:\/\/leergeld-lelystad.nl\/fr\/wp-json\/wp\/v2\/pages\/2866","targetHints":{"allow":["GET"]}}],"collection":[{"href":"https:\/\/leergeld-lelystad.nl\/fr\/wp-json\/wp\/v2\/pages"}],"about":[{"href":"https:\/\/leergeld-lelystad.nl\/fr\/wp-json\/wp\/v2\/types\/page"}],"author":[{"embeddable":true,"href":"https:\/\/leergeld-lelystad.nl\/fr\/wp-json\/wp\/v2\/users\/1"}],"replies":[{"embeddable":true,"href":"https:\/\/leergeld-lelystad.nl\/fr\/wp-json\/wp\/v2\/comments?post=2866"}],"version-history":[{"count":2,"href":"https:\/\/leergeld-lelystad.nl\/fr\/wp-json\/wp\/v2\/pages\/2866\/revisions"}],"predecessor-version":[{"id":2870,"href":"https:\/\/leergeld-lelystad.nl\/fr\/wp-json\/wp\/v2\/pages\/2866\/revisions\/2870"}],"wp:attachment":[{"href":"https:\/\/leergeld-lelystad.nl\/fr\/wp-json\/wp\/v2\/media?parent=2866"}],"curies":[{"name":"wp","href":"https:\/\/api.w.org\/{rel}","templated":true}]}}